{"id":3757,"date":"2024-01-09T22:07:34","date_gmt":"2024-01-09T22:07:34","guid":{"rendered":"https:\/\/crompion.com\/?page_id=3757"},"modified":"2024-01-10T18:04:49","modified_gmt":"2024-01-10T18:04:49","slug":"acoplamiento-multidireccional-de-cuerda","status":"publish","type":"page","link":"https:\/\/crompion.com\/es\/productos-de-crompion-international\/acoplamiento-multidireccional-de-cuerda\/","title":{"rendered":"Acoplamiento Multidireccional De Cuerda"},"content":{"rendered":"[vc_row][vc_column][vc_empty_space height=\u00bb42px\u00bb][vc_row_inner css=\u00bb.vc_custom_1704908660799{border-bottom-width: 1px !important;border-bottom-color: #f2f2f2 !important;border-bottom-style: solid !important;}\u00bb][vc_column_inner width=\u00bb1\/6&#8243;][vc_single_image image=\u00bb3629&#8243; img_size=\u00bb150&#215;150&#8243; style=\u00bbvc_box_border_circle_2&#8243; border_color=\u00bborange\u00bb onclick=\u00bbcustom_link\u00bb link=\u00bbhttps:\/\/crompion.com\/es\/productos-de-crompion-international\/acoples\/\u00bb][\/vc_column_inner][vc_column_inner width=\u00bb5\/6&#8243;][vc_custom_heading text=\u00bbConozca el acoplamiento dividido\u00bb font_container=\u00bbtag:h5|text_align:left\u00bb use_theme_fonts=\u00bbyes\u00bb css=\u00bb.vc_custom_1704909845594{padding-top: 60px !important;}\u00bb link=\u00bburl:https%3A%2F%2Fcrompion.com%2Fes%2Fproductos-de-crompion-international%2Facoples%2F|||\u00bb][\/vc_column_inner][\/vc_row_inner][vc_empty_space height=\u00bb42px\u00bb][vc_row_inner][vc_column_inner width=\u00bb1\/2&#8243;][vc_column_text]\u00a1Bienvenido al futuro de las operaciones del molino! Crompion se enorgullece de presentar el revolucionario Acoplamiento Multidireccional de Cuerda (MMRC por sus siglas en ingl\u00e9s, Multi Mis-Alignment Rope Coupling), un cambio de juego en la transmisi\u00f3n de torsiones desde el engranaje hasta la parte superior del molino. Diga adi\u00f3s a los obsoletos acoplamientos cuadrados y barras de cola, y adopte un dise\u00f1o que ofrece una flexibilidad, eficiencia y mantenimiento m\u00ednimos sin igual.<\/p>\n<h3><strong>Caracter\u00edsticas Clave:<\/strong><\/h3>\n<ul>\n<li><strong>Dise\u00f1o Flexible con Eslingas de Poli\u00e9ster: <\/strong>El MMRC utiliza eslingas de poli\u00e9ster para lograr un dise\u00f1o notablemente flexible, capaz de absorber desalineaciones sustanciales entre el rodillo superior y el eje de salida del engranaje motriz.<\/li>\n<li><strong>Parejas Equilibradas para un Esfuerzo M\u00ednimo:<\/strong> El MMRC crea parejas equilibradas en un plano normal al eje de acoplamiento, eliminando los momentos de flexi\u00f3n y el empuje t\u00edpicamente generados por desalineaciones entre el engranaje y el rodillo superior.<\/li>\n<li><strong>Mejora del Rendimiento de Extracci\u00f3n: <\/strong>A diferencia de las barras de cola tradicionales, el MMRC permite el movimiento sin restricciones del Rodillo Superior del Molino, lo que contribuye a una mayor eficiencia y rendimiento del molino.<\/li>\n<li><strong>Menor Humedad Final del Bagazo:<\/strong> Cuando se instala en el \u00faltimo molino, el MMRC est\u00e1 dise\u00f1ado para contribuir a una menor humedad final del bagazo, garantizando resultados \u00f3ptimos.<\/li>\n<li><strong>Absorci\u00f3n de Desalineaciones:<\/strong> El MMRC sobresale en la absorci\u00f3n de desalineaciones entre el extremo cuadrado del eje del engranaje y el rodillo superior, mitigando el empuje lateral y los momentos de flexi\u00f3n.<\/li>\n<li><strong>Reducci\u00f3n del Par y Consumo de Energ\u00eda: <\/strong>Una bendici\u00f3n para las preocupaciones ambientales y econ\u00f3micas, el MMRC reduce significativamente el par y el consumo de energ\u00eda.<\/li>\n<li><strong>Eliminaci\u00f3n de Roturas: <\/strong>Diga adi\u00f3s al riesgo de rotura del pi\u00f1\u00f3n corona y el rodillo superior, ya que el MMRC proporciona una soluci\u00f3n resistente y duradera.<\/li>\n<li><strong>Bajo Mantenimiento:<\/strong> En la b\u00fasqueda de eficiencia operativa, el MMRC exige un mantenimiento m\u00ednimo, asegurando una experiencia libre de problemas para los operadores de molinos.<\/li>\n<\/ul>\n[\/vc_column_text][\/vc_column_inner][vc_column_inner width=\u00bb1\/2&#8243;][vc_single_image image=\u00bb3777&#8243; img_size=\u00bbfull\u00bb alignment=\u00bbcenter\u00bb css=\u00bb.vc_custom_1704835875217{padding-top: 60px !important;}\u00bb][\/vc_column_inner][\/vc_row_inner][vc_custom_heading text=\u00bbComparaci\u00f3n del Acoplamiento de Barra y el Acoplamiento de Cuerda\u00bb font_container=\u00bbtag:h3|text_align:center\u00bb use_theme_fonts=\u00bbyes\u00bb][vc_column_text]\n<table class=\"striped\">\n<thead>\n<tr>\n<td width=\"30\">\n<p style=\"text-align: center;\"><strong>N\u00b0<\/strong><\/p>\n<\/td>\n<td style=\"text-align: center;\" width=\"192\"><strong>DESCRIPCI\u00d3N<\/strong><\/td>\n<td style=\"text-align: center;\" width=\"192\"><strong>ACOPLE DE BARRA<\/strong><\/td>\n<td width=\"192\">\n<p style=\"text-align: center;\"><strong>ACOPLE DE CUERDA<\/strong><\/p>\n<\/td>\n<\/tr>\n<\/thead>\n<tbody>\n<tr>\n<td width=\"30\">1<\/td>\n<td width=\"192\">Capacidad de Desalineaci\u00f3n:<\/td>\n<td width=\"192\">Marginal<\/td>\n<td width=\"192\">Puede tomar desplazamiento axial, desalineaci\u00f3n angular y flotaci\u00f3n final simult\u00e1neamente sin romperse.<\/td>\n<\/tr>\n<tr>\n<td width=\"30\">2<\/td>\n<td width=\"192\">Relaci\u00f3n de (Momento Flector) \/ (Par de Accionamiento):<\/td>\n<td width=\"192\">100 %<\/td>\n<td width=\"192\">&lt;5%<\/td>\n<\/tr>\n<tr>\n<td width=\"30\">3<\/td>\n<td width=\"192\">Amplitud del Esfuerzo C\u00edclico de Flexi\u00f3n:<\/td>\n<td width=\"192\">105 Mpa<\/td>\n<td width=\"192\">&lt; 5 MPa<\/td>\n<\/tr>\n<tr>\n<td width=\"30\">4<\/td>\n<td width=\"192\">Rodamiento en el Lado del Engranaje y Lado del Molino:<\/td>\n<td width=\"192\">Se desgasta m\u00e1s r\u00e1pido debido al empuje final<\/td>\n<td width=\"192\">Sin empuje y sin desgaste<\/td>\n<\/tr>\n<tr>\n<td width=\"30\">5<\/td>\n<td width=\"192\">Vibraci\u00f3n en el Bloque de Plummer del Engranaje de Accionamiento:<\/td>\n<td width=\"192\">Las vibraciones son moderadas a fuertes<\/td>\n<td width=\"192\">Las vibraciones son eliminadas<\/td>\n<\/tr>\n<tr>\n<td width=\"30\">6<\/td>\n<td width=\"192\">Superficie de los Dientes del Engranaje:<\/td>\n<td width=\"192\">Muestra signos de desgaste r\u00e1pido debido a cargas de empuje<\/td>\n<td width=\"192\">Sin patrones de desgaste desiguales; mejora despu\u00e9s de la instalaci\u00f3n<\/td>\n<\/tr>\n<tr>\n<td width=\"30\">7<\/td>\n<td width=\"192\">Rendimiento de Extracci\u00f3n:<\/td>\n<td width=\"192\">Obstaculiza el movimiento libre del rodillo superior, reduciendo la extracci\u00f3n<\/td>\n<td width=\"192\">No impone un empuje restrictivo sobre el rodillo superior, mejorando la extracci\u00f3n de jugo<\/td>\n<\/tr>\n<tr>\n<td width=\"30\">8<\/td>\n<td width=\"192\">Humedad del Bagazo:<\/td>\n<td width=\"192\">Mayor debido al movimiento restringido del rodillo superior<\/td>\n<td width=\"192\">Menor debido al movimiento libre del rodillo superior<\/td>\n<\/tr>\n<tr>\n<td width=\"30\">9<\/td>\n<td width=\"192\">Par y Consumo de Energ\u00eda:<\/td>\n<td width=\"192\">Causa p\u00e9rdida de par y potencia<\/td>\n<td width=\"192\">Reduces friction losses, saving operating torque and reducing power consumption<\/td>\n<\/tr>\n<tr>\n<td width=\"30\">10<\/td>\n<td width=\"192\">Desalineaci\u00f3n Entre el Eje del Engranaje y el Eje del Molino:<\/td>\n<td width=\"192\">Causa da\u00f1os al rodillo superior, pi\u00f1\u00f3n corona y sistema de accionamiento<\/td>\n<td width=\"192\">Desalineaci\u00f3n completamente absorbida por el acoplamiento de cuerda, eliminando el desgaste anormal<\/td>\n<\/tr>\n<tr>\n<td width=\"30\">11<\/td>\n<td width=\"192\">Paradas del Molino:<\/td>\n<td width=\"192\">Obstrucciones causadas por restricciones del acoplamiento de barra<\/td>\n<td width=\"192\">Sin obstrucciones debido al rodillo superior de movimiento libre<\/td>\n<\/tr>\n<tr>\n<td width=\"30\">12<\/td>\n<td width=\"192\">Requisito de Espacio:<\/td>\n<td width=\"192\">Se requiere m\u00e1s espacio entre el eje del engranaje y el eje del molino<\/td>\n<td width=\"192\">Puede acomodarse en un espacio m\u00ednimo entre el molino y el eje del engranaje<\/td>\n<\/tr>\n<tr>\n<td width=\"30\">13<\/td>\n<td width=\"192\">Costo Inicial de Instalaci\u00f3n:<\/td>\n<td width=\"192\">Menor<\/td>\n<td width=\"192\">Mayor<\/td>\n<\/tr>\n<tr>\n<td width=\"30\">14<\/td>\n<td width=\"192\">Retorno de la inversion:<\/td>\n<td width=\"192\">&#8211;<\/td>\n<td width=\"192\">Menos de 2 zafras<\/td>\n<\/tr>\n<\/tbody>\n<\/table>\n[\/vc_column_text][vc_empty_space][vc_row_inner][vc_column_inner width=\u00bb3\/4&#8243;][vc_custom_heading text=\u00bbAplicaciones\u00bb font_container=\u00bbtag:h3|text_align:center\u00bb use_theme_fonts=\u00bbyes\u00bb][vc_column_text]El MMRC es ideal para aplicaciones en ingenios azucareros y otras industrias donde la eficiente transmisi\u00f3n de torsi\u00f3n y la absorci\u00f3n de desalineaciones son primordiales.<\/p>\n<p>Como l\u00edderes en soluciones innovadoras para operaciones de molinos, Crompion le presenta el MMRC: un acoplamiento que no solo cumple con los est\u00e1ndares de la industria, sino que los redefine. Actualice el rendimiento de su molino con el MMRC y experimente el futuro hoy mismo.[\/vc_column_text][\/vc_column_inner][vc_column_inner width=\u00bb1\/4&#8243;][vc_single_image image=\u00bb3781&#8243; img_size=\u00bbfull\u00bb alignment=\u00bbcenter\u00bb onclick=\u00bblink_image\u00bb][\/vc_column_inner][\/vc_row_inner][vc_empty_space][\/vc_column][\/vc_row][vc_row][vc_column]\n    <div class=\"text-center\">\n        <a class=\"btn btn-large   \" href=\"https:\/\/crompion.com\/es\/productos-de-crompion-international\/acoples\/\" style=\"\">Conozca el acoplamiento dividido<\/a>\n    <\/div>\n\n    [vc_empty_space][\/vc_column][\/vc_row]\n","protected":false},"excerpt":{"rendered":"<p>[vc_row][vc_column][vc_empty_space height=\u00bb42px\u00bb][vc_row_inner css=\u00bb.vc_custom_1704908660799{border-bottom-width: 1px !important;border-bottom-color: #f2f2f2 !important;border-bottom-style: solid !important;}\u00bb][vc_column_inner width=\u00bb1\/6&#8243;][vc_single_image image=\u00bb3629&#8243; img_size=\u00bb150&#215;150&#8243; style=\u00bbvc_box_border_circle_2&#8243; border_color=\u00bborange\u00bb onclick=\u00bbcustom_link\u00bb link=\u00bbhttps:\/\/crompion.com\/es\/productos-de-crompion-international\/acoples\/\u00bb][\/vc_column_inner][vc_column_inner width=\u00bb5\/6&#8243;][vc_custom_heading text=\u00bbConozca el acoplamiento dividido\u00bb font_container=\u00bbtag:h5|text_align:left\u00bb use_theme_fonts=\u00bbyes\u00bb css=\u00bb.vc_custom_1704909845594{padding-top: 60px !important;}\u00bb link=\u00bburl:https%3A%2F%2Fcrompion.com%2Fes%2Fproductos-de-crompion-international%2Facoples%2F|||\u00bb][\/vc_column_inner][\/vc_row_inner][vc_empty_space height=\u00bb42px\u00bb][vc_row_inner][vc_column_inner width=\u00bb1\/2&#8243;][vc_column_text]\u00a1Bienvenido al futuro de las operaciones del molino! Crompion se enorgullece de presentar el revolucionario Acoplamiento Multidireccional de Cuerda (MMRC por sus siglas en ingl\u00e9s, Multi Mis-Alignment [&hellip;]<\/p>\n","protected":false},"author":1,"featured_media":0,"parent":2472,"menu_order":0,"comment_status":"closed","ping_status":"closed","template":"","meta":{"_joinchat":[]},"_links":{"self":[{"href":"https:\/\/crompion.com\/es\/wp-json\/wp\/v2\/pages\/3757"}],"collection":[{"href":"https:\/\/crompion.com\/es\/wp-json\/wp\/v2\/pages"}],"about":[{"href":"https:\/\/crompion.com\/es\/wp-json\/wp\/v2\/types\/page"}],"author":[{"embeddable":true,"href":"https:\/\/crompion.com\/es\/wp-json\/wp\/v2\/users\/1"}],"replies":[{"embeddable":true,"href":"https:\/\/crompion.com\/es\/wp-json\/wp\/v2\/comments?post=3757"}],"version-history":[{"count":11,"href":"https:\/\/crompion.com\/es\/wp-json\/wp\/v2\/pages\/3757\/revisions"}],"predecessor-version":[{"id":3867,"href":"https:\/\/crompion.com\/es\/wp-json\/wp\/v2\/pages\/3757\/revisions\/3867"}],"up":[{"embeddable":true,"href":"https:\/\/crompion.com\/es\/wp-json\/wp\/v2\/pages\/2472"}],"wp:attachment":[{"href":"https:\/\/crompion.com\/es\/wp-json\/wp\/v2\/media?parent=3757"}],"curies":[{"name":"wp","href":"https:\/\/api.w.org\/{rel}","templated":true}]}}