{"id":3686,"date":"2023-11-17T15:12:40","date_gmt":"2023-11-17T15:12:40","guid":{"rendered":"https:\/\/crompion.com\/?page_id=3686"},"modified":"2023-11-20T16:18:43","modified_gmt":"2023-11-20T16:18:43","slug":"servicios-de-escaneo-3d","status":"publish","type":"page","link":"https:\/\/crompion.com\/es\/servicios-de-escaneo-3d\/","title":{"rendered":"Servicios de Escaneo 3D"},"content":{"rendered":"[vc_row css=\u00bb.vc_custom_1684971437612{padding-top: 90px !important;}\u00bb][vc_column width=\u00bb1\/2&#8243;][vc_column_text]\n<h2><strong>Piezas y Equipos de F\u00e1brica<\/strong><\/h2>\n<p>Desbloquea Precisi\u00f3n y Eficiencia con Nuestro Servicio de Escaneo 3D<\/p>\n<p>El servicio de escaneo 3D de Crompion es su entrada a la ingenier\u00eda de precisi\u00f3n sin las limitaciones de los dibujos originales del fabricante original (OEM). Ya sea que necesite replicar piezas de f\u00e1brica o crear modelos CAD 3D para componentes existentes, nuestro escaneo 3D de \u00faltima generaci\u00f3n ofrece una precisi\u00f3n y resoluci\u00f3n inigualables.<\/p>\n<p>Eleve sus operaciones al obtener la capacidad de fabricar nuevas piezas, restaurar componentes da\u00f1ados o simplemente mantener un registro digital completo de tus activos.<\/p>\n<p>\u00bfPor qu\u00e9 elegir nuestro servicio de escaneo 3D?<\/p>\n<ul>\n<li><strong>Conveniencia y Confiabilidad:<\/strong> Opciones flexibles para escaneo en el lugar o en el laboratorio.<\/li>\n<li><strong>R\u00e1pido y Asequible:<\/strong> R\u00e1pido, rentable y adaptado a tu presupuesto.<\/li>\n<li><strong>Tiempos de Respuesta Flexibles:<\/strong> Elige la velocidad que se alinee con los requisitos de tu proyecto.<\/li>\n<\/ul>\n<p>Con\u00e9ctate con nosotros hoy para explorar todo el espectro de nuestro servicio de escaneo 3D, meticulosamente dise\u00f1ado para las necesidades \u00fanicas de las f\u00e1bricas.[\/vc_column_text][\/vc_column][vc_column width=\u00bb1\/2&#8243;][vc_single_image image=\u00bb3675&#8243; img_size=\u00bbfull\u00bb][\/vc_column][\/vc_row][vc_row][vc_column width=\u00bb1\/2&#8243;][vc_single_image image=\u00bb3678&#8243; img_size=\u00bbfull\u00bb][\/vc_column][vc_column width=\u00bb1\/2&#8243;][vc_column_text]<strong>Beneficios Clave:<\/strong><\/p>\n<ul>\n<li>Modelos 3D Precisos y de Alta Resoluci\u00f3n<\/li>\n<li>Servicio Eficiente y Rentable<\/li>\n<li>Opciones de Escaneo en el Lugar o en el Laboratorio<\/li>\n<li>Tiempos de Respuesta Adaptados<\/li>\n<\/ul>\n<p>Respaldamos la calidad de nuestro servicio, ofreciendo una garant\u00eda de satisfacci\u00f3n del 100%. Si, por alguna raz\u00f3n, no est\u00e1 satisfecho con su dibujo generado en 3D, nos comprometemos a realizar un reembolso completo.[\/vc_column_text][\/vc_column][\/vc_row][vc_row css=\u00bb.vc_custom_1700497121710{padding-top: 0px !important;padding-bottom: 0px !important;background-color: #eaeaea !important;}\u00bb][vc_column][\/vc_column][\/vc_row]\n","protected":false},"excerpt":{"rendered":"<p>[vc_row css=\u00bb.vc_custom_1684971437612{padding-top: 90px !important;}\u00bb][vc_column width=\u00bb1\/2&#8243;][vc_column_text] Piezas y Equipos de F\u00e1brica Desbloquea Precisi\u00f3n y Eficiencia con Nuestro Servicio de Escaneo 3D El servicio de escaneo 3D de Crompion es su entrada a la ingenier\u00eda de precisi\u00f3n sin las limitaciones de los dibujos originales del fabricante original (OEM). Ya sea que necesite replicar piezas de f\u00e1brica o [&hellip;]<\/p>\n","protected":false},"author":1,"featured_media":0,"parent":0,"menu_order":0,"comment_status":"closed","ping_status":"closed","template":"","meta":{"_joinchat":[]},"_links":{"self":[{"href":"https:\/\/crompion.com\/es\/wp-json\/wp\/v2\/pages\/3686"}],"collection":[{"href":"https:\/\/crompion.com\/es\/wp-json\/wp\/v2\/pages"}],"about":[{"href":"https:\/\/crompion.com\/es\/wp-json\/wp\/v2\/types\/page"}],"author":[{"embeddable":true,"href":"https:\/\/crompion.com\/es\/wp-json\/wp\/v2\/users\/1"}],"replies":[{"embeddable":true,"href":"https:\/\/crompion.com\/es\/wp-json\/wp\/v2\/comments?post=3686"}],"version-history":[{"count":5,"href":"https:\/\/crompion.com\/es\/wp-json\/wp\/v2\/pages\/3686\/revisions"}],"predecessor-version":[{"id":3697,"href":"https:\/\/crompion.com\/es\/wp-json\/wp\/v2\/pages\/3686\/revisions\/3697"}],"wp:attachment":[{"href":"https:\/\/crompion.com\/es\/wp-json\/wp\/v2\/media?parent=3686"}],"curies":[{"name":"wp","href":"https:\/\/api.w.org\/{rel}","templated":true}]}}