{"id":3620,"date":"2023-11-10T16:42:47","date_gmt":"2023-11-10T16:42:47","guid":{"rendered":"https:\/\/crompion.com\/?page_id=3620"},"modified":"2024-01-10T18:02:38","modified_gmt":"2024-01-10T18:02:38","slug":"acoples","status":"publish","type":"page","link":"https:\/\/crompion.com\/es\/productos-de-crompion-international\/acoples\/","title":{"rendered":"Acoples"},"content":{"rendered":"[vc_row][vc_column][vc_empty_space height=\u00bb42px\u00bb][vc_row_inner css=\u00bb.vc_custom_1704908660799{border-bottom-width: 1px !important;border-bottom-color: #f2f2f2 !important;border-bottom-style: solid !important;}\u00bb][vc_column_inner width=\u00bb1\/6&#8243;][vc_single_image image=\u00bb3777&#8243; img_size=\u00bb150&#215;150&#8243; style=\u00bbvc_box_border_circle_2&#8243; border_color=\u00bborange\u00bb onclick=\u00bbcustom_link\u00bb link=\u00bbhttps:\/\/crompion.com\/es\/productos-de-crompion-international\/acoplamiento-multidireccional-de-cuerda\/\u00bb][\/vc_column_inner][vc_column_inner width=\u00bb5\/6&#8243;][vc_custom_heading text=\u00bbAcoplamiento Multidireccional De Cuerda\u00bb font_container=\u00bbtag:h5|text_align:left\u00bb use_theme_fonts=\u00bbyes\u00bb css=\u00bb.vc_custom_1704909666050{padding-top: 60px !important;}\u00bb link=\u00bburl:https%3A%2F%2Fcrompion.com%2Fes%2Fproductos-de-crompion-international%2Facoplamiento-multidireccional-de-cuerda%2F|||\u00bb][\/vc_column_inner][\/vc_row_inner][vc_empty_space height=\u00bb42px\u00bb][vc_column_text]<img loading=\"lazy\" class=\"alignright wp-image-3624 size-full\" src=\"https:\/\/crompion.com\/wp-content\/uploads\/2023\/11\/couplingDraw.jpg\" alt=\"Coupling Draw\" width=\"268\" height=\"338\" srcset=\"https:\/\/crompion.com\/wp-content\/uploads\/2023\/11\/couplingDraw.jpg 268w, https:\/\/crompion.com\/wp-content\/uploads\/2023\/11\/couplingDraw-238x300.jpg 238w\" sizes=\"(max-width: 268px) 100vw, 268px\" \/><\/p>\n<p>Desarrollados teniendo en cuenta los conceptos m\u00e1s actualizados de ingenier\u00eda de aplicaciones y t\u00e9cnicas de proyecto 3D altamente avanzadas, estos Acople cuentan con caracter\u00edsticas que los distinguen:<\/p>\n<ul>\n<li><strong>Transmisi\u00f3n de Par Eficiente:<\/strong> Transmiten eficientemente el par mediante la compresi\u00f3n de elementos el\u00e1sticos. Esto asegura una transmisi\u00f3n de potencia confiable en diversas aplicaciones industriales.<\/li>\n<li><strong>Absorci\u00f3n de Vibraciones e Impactos:<\/strong> Los elementos el\u00e1sticos sobresalen en la absorci\u00f3n de vibraciones e impactos tanto de la maquinaria motriz como de la conducida. Esto alarga la vida \u00fatil del equipo y estabiliza las operaciones.<\/li>\n<li><strong>Compensaci\u00f3n Vers\u00e1til de Desalineamientos:<\/strong> Compensan los desalineamientos angulares, radiales y axiales, mejorando la flexibilidad en las configuraciones industriales.<\/li>\n<li><strong>Resiliencia en Entornos Agresivos:<\/strong> Con piezas de hierro d\u00factil y elementos el\u00e1sticos de poliuretano, los Acople de Crompion resisten los entornos agresivos. Operan eficazmente en temperaturas que van desde -30\u00baC hasta 85\u00baC.<\/li>\n<li><strong>Facilidad de Instalaci\u00f3n y Mantenimiento:<\/strong> Estos Acople son conocidos por su instalaci\u00f3n y mantenimiento sencillos, lo que minimiza el tiempo de inactividad y los costos laborales.<\/li>\n<\/ul>\n<p><img loading=\"lazy\" class=\"size-medium wp-image-3628 alignleft\" src=\"https:\/\/crompion.com\/wp-content\/uploads\/2023\/11\/Radial-Mounting-300x281.jpg\" alt=\"Radial Mounting\" width=\"300\" height=\"281\" srcset=\"https:\/\/crompion.com\/wp-content\/uploads\/2023\/11\/Radial-Mounting-300x281.jpg 300w, https:\/\/crompion.com\/wp-content\/uploads\/2023\/11\/Radial-Mounting.jpg 431w\" sizes=\"(max-width: 300px) 100vw, 300px\" \/><\/p>\n<p>Crompion ofrece Acople en m\u00faltiples tama\u00f1os, que pueden acomodar di\u00e1metros de eje que van desde 25 hasta 600 mm. Cuentan con impresionantes capacidades de carga de hasta 1.417.600 Nm.<\/p>\n<p>Principales Ventajas:<\/p>\n<ul>\n<li><strong>Montaje\/Desmontaje Radial: <\/strong>Simplifica el mantenimiento con conveniencia in situ.<\/li>\n<li><strong>Mantenimiento Eficiente en Costos y Tiempo:<\/strong> Reduce el tiempo y los costos de mantenimiento.<\/li>\n<li><strong>No se Requieren Herramientas Especiales: <\/strong>Facilita el mantenimiento.<\/li>\n<li><strong>Preservaci\u00f3n de la Alineaci\u00f3n:<\/strong> Asegura que el equipo se mantenga correctamente alineado.<\/li>\n<li><strong>Libre de Lubricaci\u00f3n:<\/strong> Elimina la necesidad de lubricaci\u00f3n.<\/li>\n<li><strong>Intercambiable:<\/strong> Compatible con modelos tradicionales en el mercado.<\/li>\n<\/ul>\n<p>Para optimizar los procesos industriales y garantizar un rendimiento \u00f3ptimo, elegir a Crompion como su proveedor principal es una decisi\u00f3n estrat\u00e9gica. El Acople El\u00e1stico Dividido de Crompion ejemplifica la excelencia en ingenier\u00eda, prometiendo eficiencia, confiabilidad y longevidad.<\/p>\n<p>En un mundo donde la eficiencia operativa es fundamental, los Acoples El\u00e1sticos Divididos de Crompion son una inversi\u00f3n en el futuro de los procesos industriales.[\/vc_column_text][vc_row_inner][vc_column_inner][vc_single_image image=\u00bb3631&#8243; img_size=\u00bbfull\u00bb alignment=\u00bbcenter\u00bb][\/vc_column_inner][\/vc_row_inner][vc_empty_space][\/vc_column][\/vc_row][vc_row][vc_column]\n    <div class=\"text-center\">\n        <a class=\"btn btn-large   \" href=\"https:\/\/crompion.com\/es\/productos-de-crompion-international\/acoplamiento-multidireccional-de-cuerda\/\" style=\"\">Conozca Acoplamiento Multidireccional De Cuerda<\/a>\n    <\/div>\n\n    [vc_empty_space][\/vc_column][\/vc_row]\n","protected":false},"excerpt":{"rendered":"<p>[vc_row][vc_column][vc_empty_space height=\u00bb42px\u00bb][vc_row_inner css=\u00bb.vc_custom_1704908660799{border-bottom-width: 1px !important;border-bottom-color: #f2f2f2 !important;border-bottom-style: solid !important;}\u00bb][vc_column_inner width=\u00bb1\/6&#8243;][vc_single_image image=\u00bb3777&#8243; img_size=\u00bb150&#215;150&#8243; style=\u00bbvc_box_border_circle_2&#8243; border_color=\u00bborange\u00bb onclick=\u00bbcustom_link\u00bb link=\u00bbhttps:\/\/crompion.com\/es\/productos-de-crompion-international\/acoplamiento-multidireccional-de-cuerda\/\u00bb][\/vc_column_inner][vc_column_inner width=\u00bb5\/6&#8243;][vc_custom_heading text=\u00bbAcoplamiento Multidireccional De Cuerda\u00bb font_container=\u00bbtag:h5|text_align:left\u00bb use_theme_fonts=\u00bbyes\u00bb css=\u00bb.vc_custom_1704909666050{padding-top: 60px !important;}\u00bb link=\u00bburl:https%3A%2F%2Fcrompion.com%2Fes%2Fproductos-de-crompion-international%2Facoplamiento-multidireccional-de-cuerda%2F|||\u00bb][\/vc_column_inner][\/vc_row_inner][vc_empty_space height=\u00bb42px\u00bb][vc_column_text] Desarrollados teniendo en cuenta los conceptos m\u00e1s actualizados de ingenier\u00eda de aplicaciones y t\u00e9cnicas de proyecto 3D altamente avanzadas, estos Acople cuentan con caracter\u00edsticas que los distinguen: [&hellip;]<\/p>\n","protected":false},"author":1,"featured_media":0,"parent":2472,"menu_order":0,"comment_status":"closed","ping_status":"closed","template":"","meta":{"_joinchat":[]},"_links":{"self":[{"href":"https:\/\/crompion.com\/es\/wp-json\/wp\/v2\/pages\/3620"}],"collection":[{"href":"https:\/\/crompion.com\/es\/wp-json\/wp\/v2\/pages"}],"about":[{"href":"https:\/\/crompion.com\/es\/wp-json\/wp\/v2\/types\/page"}],"author":[{"embeddable":true,"href":"https:\/\/crompion.com\/es\/wp-json\/wp\/v2\/users\/1"}],"replies":[{"embeddable":true,"href":"https:\/\/crompion.com\/es\/wp-json\/wp\/v2\/comments?post=3620"}],"version-history":[{"count":9,"href":"https:\/\/crompion.com\/es\/wp-json\/wp\/v2\/pages\/3620\/revisions"}],"predecessor-version":[{"id":3865,"href":"https:\/\/crompion.com\/es\/wp-json\/wp\/v2\/pages\/3620\/revisions\/3865"}],"up":[{"embeddable":true,"href":"https:\/\/crompion.com\/es\/wp-json\/wp\/v2\/pages\/2472"}],"wp:attachment":[{"href":"https:\/\/crompion.com\/es\/wp-json\/wp\/v2\/media?parent=3620"}],"curies":[{"name":"wp","href":"https:\/\/api.w.org\/{rel}","templated":true}]}}