{"id":3506,"date":"2023-09-08T14:06:16","date_gmt":"2023-09-08T14:06:16","guid":{"rendered":"https:\/\/crompion.com\/?page_id=3506"},"modified":"2025-06-25T21:34:19","modified_gmt":"2025-06-25T21:34:19","slug":"productos-de-transmision-de-potencia","status":"publish","type":"page","link":"https:\/\/crompion.com\/es\/productos-de-crompion-international\/productos-de-transmision-de-potencia\/","title":{"rendered":"Productos de Transmisi\u00f3n de Potencia"},"content":{"rendered":"[vc_row][vc_column][vc_empty_space][vc_custom_heading text=\u00bbACCIONAMIENTOS PARA MOLINOS\u00bb font_container=\u00bbtag:h4|text_align:center\u00bb use_theme_fonts=\u00bbyes\u00bb css=\u00bb.vc_custom_1600890647106{margin-bottom: 40px !important;}\u00bb][vc_column_text]\n<p class=\"p1\"><strong>Especificaciones<\/strong><\/p>\n<ul>\n<li class=\"p1\">Velocidad de Entrada: 1200<\/li>\n<li class=\"p1\">Velocidad de Salida: 6<\/li>\n<li class=\"p1\">Factor de Servicio &gt; 2.35<\/li>\n<\/ul>\n<p><strong>Beneficios<\/strong><\/p>\n<ul>\n<li>Nuestro equipo t\u00e9cnico lo asistir\u00e1 en la selecci\u00f3n de la caja reductora adecuada para la transmisi\u00f3n del t\u00e1ndem de su ingenio azucarero.<\/li>\n<\/ul>\n[\/vc_column_text][vc_custom_heading text=\u00bbREDUCTORES\u00bb font_container=\u00bbtag:h4|text_align:center|color:%23ffffff\u00bb use_theme_fonts=\u00bbyes\u00bb css=\u00bb.vc_custom_1619466895572{margin-bottom: 40px !important;}\u00bb][vc_row_inner disable_element=\u00bbyes\u00bb][vc_column_inner width=\u00bb1\/2&#8243;][vc_single_image image=\u00bb2042&#8243; img_size=\u00bbfull\u00bb alignment=\u00bbcenter\u00bb][vc_column_text]\n<p class=\"p1\" style=\"text-align: center;\"><strong>TRANSMISI\u00d3N DUAL TANDEM<\/strong><\/p>\n[\/vc_column_text][\/vc_column_inner][vc_column_inner width=\u00bb1\/2&#8243;][vc_single_image image=\u00bb1979&#8243; img_size=\u00bbfull\u00bb alignment=\u00bbcenter\u00bb][vc_column_text]\n<p style=\"text-align: center;\"><strong>REDUCTOR PARA MOLINO DE RODILLOS VERTICAL<\/strong><\/p>\n[\/vc_column_text][\/vc_column_inner][\/vc_row_inner][vc_row_inner disable_element=\u00bbyes\u00bb][vc_column_inner width=\u00bb1\/2&#8243;][vc_single_image image=\u00bb2043&#8243; img_size=\u00bbfull\u00bb alignment=\u00bbcenter\u00bb][vc_column_text]\n<p style=\"text-align: center;\"><strong>REDUCTOR PLANETARIO PARA MONTAJE EN MOLINO DE AZ\u00daCAR<\/strong><\/p>\n[\/vc_column_text][\/vc_column_inner][vc_column_inner width=\u00bb1\/2&#8243;][vc_single_image image=\u00bb1735&#8243; img_size=\u00bbfull\u00bb alignment=\u00bbcenter\u00bb][vc_column_text]\n<p style=\"text-align: center;\"><strong>HELICOIDAL Y BISEL<br \/>\nREDUCTORES HELICOIDALES<\/strong><\/p>\n[\/vc_column_text][\/vc_column_inner][\/vc_row_inner][vc_custom_heading text=\u00bbACOPLES\u00bb font_container=\u00bbtag:h4|text_align:center\u00bb use_theme_fonts=\u00bbyes\u00bb css=\u00bb.vc_custom_1600890617963{margin-bottom: 40px !important;}\u00bb][vc_row_inner][vc_column_inner width=\u00bb1\/2&#8243;][vc_single_image image=\u00bb1739&#8243; img_size=\u00bbfull\u00bb alignment=\u00bbcenter\u00bb][vc_column_text]\n<p class=\"p1\" style=\"text-align: center;\"><strong>Acople Flexible de Pasador y Casquillo<\/strong><\/p>\n[\/vc_column_text][\/vc_column_inner][vc_column_inner width=\u00bb1\/2&#8243;][vc_single_image image=\u00bb1740&#8243; img_size=\u00bbfull\u00bb alignment=\u00bbcenter\u00bb][vc_column_text]\n<p class=\"p1\" style=\"text-align: center;\"><strong>Acople de Engranajes<\/strong><strong>con Manga de Nylon<\/strong><\/p>\n[\/vc_column_text][\/vc_column_inner][\/vc_row_inner][vc_row_inner][vc_column_inner width=\u00bb1\/2&#8243;][vc_single_image image=\u00bb2044&#8243; img_size=\u00bbfull\u00bb alignment=\u00bbcenter\u00bb][vc_column_text]\n<p class=\"p1\" style=\"text-align: center;\"><strong>ACOPLE DE FLUIDO<\/strong><\/p>\n[\/vc_column_text][\/vc_column_inner][vc_column_inner width=\u00bb1\/2&#8243;][vc_single_image image=\u00bb1742&#8243; img_size=\u00bbfull\u00bb alignment=\u00bbcenter\u00bb][vc_column_text]\n<p class=\"p1\" style=\"text-align: center;\"><strong>Acople Tipo Engranaje<\/strong><\/p>\n[\/vc_column_text][\/vc_column_inner][\/vc_row_inner][vc_row_inner][vc_column_inner width=\u00bb1\/2&#8243;][vc_single_image image=\u00bb1746&#8243; img_size=\u00bbfull\u00bb alignment=\u00bbcenter\u00bb][vc_column_text]\n<p style=\"text-align: center;\"><strong>ACOPLE DE REJILLA<\/strong><\/p>\n[\/vc_column_text][\/vc_column_inner][vc_column_inner width=\u00bb1\/2&#8243;][vc_single_image image=\u00bb1745&#8243; img_size=\u00bbfull\u00bb alignment=\u00bbcenter\u00bb][vc_column_text]\n<p style=\"text-align: center;\"><strong>ACOPLE MAX DYNAMIC<\/strong><\/p>\n[\/vc_column_text][\/vc_column_inner][\/vc_row_inner][vc_row_inner][vc_column_inner width=\u00bb1\/2&#8243;][vc_single_image image=\u00bb1749&#8243; img_size=\u00bbfull\u00bb alignment=\u00bbcenter\u00bb][vc_column_text]\n<p style=\"text-align: center;\"><strong>ACOPLE ELASTOM\u00c9RICO<\/strong><\/p>\n[\/vc_column_text][\/vc_column_inner][vc_column_inner width=\u00bb1\/2&#8243;][vc_single_image image=\u00bb1748&#8243; img_size=\u00bbfull\u00bb alignment=\u00bbcenter\u00bb][vc_column_text]\n<p style=\"text-align: center;\"><strong>ACOPLE DE ENGRANAJES<\/strong><\/p>\n[\/vc_column_text][\/vc_column_inner][\/vc_row_inner][vc_custom_heading text=\u00bbREDUCTORES\u00bb font_container=\u00bbtag:h4|text_align:center\u00bb use_theme_fonts=\u00bbyes\u00bb css=\u00bb.vc_custom_1600890695906{margin-bottom: 40px !important;}\u00bb][vc_row_inner disable_element=\u00bbyes\u00bb][vc_column_inner width=\u00bb1\/3&#8243;][vc_single_image image=\u00bb1752&#8243; img_size=\u00bbfull\u00bb alignment=\u00bbcenter\u00bb][vc_column_text]\n<p style=\"text-align: center;\"><strong>REDUCTORES HELICOIDALES INDUSTRIALES<\/strong><\/p>\n[\/vc_column_text][\/vc_column_inner][vc_column_inner width=\u00bb1\/3&#8243;][vc_single_image image=\u00bb2045&#8243; img_size=\u00bbfull\u00bb alignment=\u00bbcenter\u00bb][vc_column_text]\n<p style=\"text-align: center;\"><strong>HELICAL INLINE GEARED MOTOR<\/strong><\/p>\n[\/vc_column_text][\/vc_column_inner][vc_column_inner width=\u00bb1\/3&#8243;][vc_single_image image=\u00bb1753&#8243; img_size=\u00bbfull\u00bb alignment=\u00bbcenter\u00bb][vc_column_text]\n<p class=\"p1\" style=\"text-align: center;\"><strong>MONTADO EN EJE<\/strong><\/p>\n[\/vc_column_text][\/vc_column_inner][\/vc_row_inner][vc_row_inner disable_element=\u00bbyes\u00bb][vc_column_inner width=\u00bb1\/3&#8243;][vc_single_image image=\u00bb1756&#8243; img_size=\u00bbfull\u00bb alignment=\u00bbcenter\u00bb][vc_column_text]\n<p class=\"p1\" style=\"text-align: center;\"><strong>REDUCTOR PLANETARIO<\/strong><\/p>\n[\/vc_column_text][\/vc_column_inner][vc_column_inner width=\u00bb1\/3&#8243;][vc_single_image image=\u00bb1973&#8243; img_size=\u00bbfull\u00bb alignment=\u00bbcenter\u00bb][vc_column_text]\n<p class=\"p1\" style=\"text-align: center;\"><strong>MOTOREDUCTOR HELICOIDAL<\/strong><\/p>\n[\/vc_column_text][\/vc_column_inner][vc_column_inner width=\u00bb1\/3&#8243;][vc_single_image image=\u00bb1757&#8243; img_size=\u00bbfull\u00bb alignment=\u00bbcenter\u00bb][vc_column_text]\n<p class=\"p1\" style=\"text-align: center;\"><strong>ENGRANAJE DE GUSANO MEDIO<\/strong><\/p>\n[\/vc_column_text][\/vc_column_inner][\/vc_row_inner][vc_row_inner][vc_column_inner width=\u00bb1\/2&#8243;][vc_single_image image=\u00bb1977&#8243; img_size=\u00bbfull\u00bb alignment=\u00bbcenter\u00bb][vc_column_text]\n<p class=\"p1\" style=\"text-align: center;\"><strong>REDUCTOR<br \/>\n<\/strong><strong>Serie Y3000<\/strong><\/p>\n[\/vc_column_text][\/vc_column_inner][vc_column_inner width=\u00bb1\/2&#8243;][vc_single_image image=\u00bb1975&#8243; img_size=\u00bbfull\u00bb alignment=\u00bbcenter\u00bb][vc_column_text]\n<p class=\"p1\" style=\"text-align: center;\"><strong>REDUCTOR<br \/>\n<\/strong><strong>Serie Amax<\/strong><\/p>\n[\/vc_column_text][\/vc_column_inner][\/vc_row_inner][vc_row_inner][vc_column_inner width=\u00bb1\/2&#8243;][vc_single_image image=\u00bb1976&#8243; img_size=\u00bbfull\u00bb alignment=\u00bbcenter\u00bb][vc_column_text]\n<p class=\"p1\" style=\"text-align: center;\"><strong>REDUCTOR<br \/>\n<\/strong><strong>Serie Y2000<\/strong><\/p>\n[\/vc_column_text][\/vc_column_inner][vc_column_inner width=\u00bb1\/2&#8243;][vc_single_image image=\u00bb1978&#8243; img_size=\u00bbfull\u00bb alignment=\u00bbcenter\u00bb][vc_column_text]\n<p class=\"p1\" style=\"text-align: center;\"><strong>REDUCTOR<br \/>\n<\/strong><strong>Serie YBX<\/strong><\/p>\n[\/vc_column_text][\/vc_column_inner][\/vc_row_inner][vc_row_inner][vc_column_inner width=\u00bb1\/2&#8243;][vc_single_image image=\u00bb1974&#8243; img_size=\u00bbfull\u00bb alignment=\u00bbcenter\u00bb][vc_column_text]\n<p style=\"text-align: center;\"><strong>REDUCTORES HELICOIDALES INDUSTRIALES<\/strong><\/p>\n[\/vc_column_text][\/vc_column_inner][vc_column_inner width=\u00bb1\/2&#8243;][vc_single_image image=\u00bb1970&#8243; img_size=\u00bbfull\u00bb alignment=\u00bbcenter\u00bb][vc_column_text]\n<p style=\"text-align: center;\"><strong>HELICAL INLINE GEARED MOTOR<\/strong><\/p>\n[\/vc_column_text][\/vc_column_inner][\/vc_row_inner][vc_row_inner][vc_column_inner width=\u00bb1\/2&#8243;][vc_single_image image=\u00bb1769&#8243; img_size=\u00bbfull\u00bb alignment=\u00bbcenter\u00bb][vc_column_text]\n<p class=\"p1\" style=\"text-align: center;\"><strong>REDUCTOR SINFIN<\/strong><\/p>\n[\/vc_column_text][\/vc_column_inner][vc_column_inner width=\u00bb1\/2&#8243;][vc_single_image image=\u00bb1768&#8243; img_size=\u00bbfull\u00bb alignment=\u00bbcenter\u00bb][vc_column_text]\n<p class=\"p1\" style=\"text-align: center;\"><strong>REDUCTOR PLANETARIO<\/strong><\/p>\n[\/vc_column_text][\/vc_column_inner][\/vc_row_inner][vc_row_inner][vc_column_inner width=\u00bb1\/2&#8243;][vc_single_image image=\u00bb1972&#8243; img_size=\u00bbfull\u00bb alignment=\u00bbcenter\u00bb][vc_column_text]\n<p class=\"p1\" style=\"text-align: center;\"><strong>MOTOREDUCTOR HELICOIDAL<\/strong><\/p>\n[\/vc_column_text][\/vc_column_inner][vc_column_inner width=\u00bb1\/2&#8243;][vc_single_image image=\u00bb1772&#8243; img_size=\u00bbfull\u00bb alignment=\u00bbcenter\u00bb][vc_column_text]\n<p style=\"text-align: center;\"><strong>REDUCTOR SINFIN<\/strong><\/p>\n[\/vc_column_text][\/vc_column_inner][\/vc_row_inner][vc_custom_heading text=\u00bbTRANSMISIONES ABIERTAS\u00bb font_container=\u00bbtag:h4|text_align:center\u00bb use_theme_fonts=\u00bbyes\u00bb css=\u00bb.vc_custom_1600894569166{margin-bottom: 40px !important;}\u00bb][vc_row_inner][vc_column_inner][vc_single_image image=\u00bb2083&#8243; img_size=\u00bbfull\u00bb alignment=\u00bbcenter\u00bb][\/vc_column_inner][\/vc_row_inner][\/vc_column][\/vc_row]\n","protected":false},"excerpt":{"rendered":"<p>[vc_row][vc_column][vc_empty_space][vc_custom_heading text=\u00bbACCIONAMIENTOS PARA MOLINOS\u00bb font_container=\u00bbtag:h4|text_align:center\u00bb use_theme_fonts=\u00bbyes\u00bb css=\u00bb.vc_custom_1600890647106{margin-bottom: 40px !important;}\u00bb][vc_column_text] Especificaciones Velocidad de Entrada: 1200 Velocidad de Salida: 6 Factor de Servicio &gt; 2.35 Beneficios Nuestro equipo t\u00e9cnico lo asistir\u00e1 en la selecci\u00f3n de la caja reductora adecuada para la transmisi\u00f3n del t\u00e1ndem de su ingenio azucarero. [\/vc_column_text][vc_custom_heading text=\u00bbREDUCTORES\u00bb font_container=\u00bbtag:h4|text_align:center|color:%23ffffff\u00bb use_theme_fonts=\u00bbyes\u00bb css=\u00bb.vc_custom_1619466895572{margin-bottom: 40px !important;}\u00bb][vc_row_inner disable_element=\u00bbyes\u00bb][vc_column_inner width=\u00bb1\/2&#8243;][vc_single_image [&hellip;]<\/p>\n","protected":false},"author":1,"featured_media":0,"parent":2472,"menu_order":0,"comment_status":"closed","ping_status":"closed","template":"","meta":{"_joinchat":[]},"_links":{"self":[{"href":"https:\/\/crompion.com\/es\/wp-json\/wp\/v2\/pages\/3506"}],"collection":[{"href":"https:\/\/crompion.com\/es\/wp-json\/wp\/v2\/pages"}],"about":[{"href":"https:\/\/crompion.com\/es\/wp-json\/wp\/v2\/types\/page"}],"author":[{"embeddable":true,"href":"https:\/\/crompion.com\/es\/wp-json\/wp\/v2\/users\/1"}],"replies":[{"embeddable":true,"href":"https:\/\/crompion.com\/es\/wp-json\/wp\/v2\/comments?post=3506"}],"version-history":[{"count":4,"href":"https:\/\/crompion.com\/es\/wp-json\/wp\/v2\/pages\/3506\/revisions"}],"predecessor-version":[{"id":4211,"href":"https:\/\/crompion.com\/es\/wp-json\/wp\/v2\/pages\/3506\/revisions\/4211"}],"up":[{"embeddable":true,"href":"https:\/\/crompion.com\/es\/wp-json\/wp\/v2\/pages\/2472"}],"wp:attachment":[{"href":"https:\/\/crompion.com\/es\/wp-json\/wp\/v2\/media?parent=3506"}],"curies":[{"name":"wp","href":"https:\/\/api.w.org\/{rel}","templated":true}]}}