{"id":3309,"date":"2023-05-25T01:29:32","date_gmt":"2023-05-25T01:29:32","guid":{"rendered":"https:\/\/crompion.com\/?page_id=3309"},"modified":"2024-07-17T21:21:32","modified_gmt":"2024-07-17T21:21:32","slug":"balance-de-me-y-reportes-de-eficiencia","status":"publish","type":"page","link":"https:\/\/crompion.com\/es\/productos-de-crompion-international\/balance-de-me-y-reportes-de-eficiencia\/","title":{"rendered":"Balance de M&#038;E y Reportes de Eficiencia"},"content":{"rendered":"[vc_row css=\u00bb.vc_custom_1684971437612{padding-top: 90px !important;}\u00bb][vc_column width=\u00bb1\/2&#8243;][vc_column_text]\n<div class=\"wpb_text_column wpb_content_element \">\n<div class=\"wpb_wrapper\">\n<p>Podemos calcular el\u00a0<strong>Balance de Materia y Energ\u00eda (M&amp;E)<\/strong>\u00a0de su f\u00e1brica con m\u00faltiples escenarios de operaci\u00f3n, incluyendo expansi\u00f3n y dise\u00f1o. Podemos realizar un chequeo cruzado de su reporte de f\u00e1brica y proveer mejores perspectivas de la eficiencia de su f\u00e1brica, validar que tiene los datos m\u00e1s precisos y mejorar sus resultados.<\/p>\n<p><strong>\u00a1Estos reportes son como tener un consultor interno!<\/strong>\u00a0\u00bfQu\u00e9 tan eficiente es el desempe\u00f1o de su f\u00e1brica? Es algunas de las preguntas estos reportes pueden responder.<\/p>\n<p>El\u00a0<strong>Dr. Harold Birkett<\/strong>\u00a0desarroll\u00f3 este software que ha sido utilizado miles de veces en cientos de f\u00e1bricas a nivel mundial. El Dr. Birkett revisa personalmente cada reporte para garantizar resultados de alta calidad.<\/p>\n<\/div>\n<\/div>\n[\/vc_column_text][\/vc_column][vc_column width=\u00bb1\/2&#8243;][vc_single_image image=\u00bb3311&#8243; img_size=\u00bbfull\u00bb][\/vc_column][\/vc_row][vc_row][vc_column][vc_custom_heading text=\u00bbServicio de Software\u00bb use_theme_fonts=\u00bbyes\u00bb][vc_row_inner][vc_column_inner width=\u00bb1\/4&#8243;][\/vc_column_inner][vc_column_inner width=\u00bb3\/4&#8243;][vc_column_text]\n<h3>Reporte de Balance de M&amp;E<\/h3>\n<ul>\n<li>Obtenga balances de M&amp;E para su operaci\u00f3n actual, planeada o expansi\u00f3n de toda su f\u00e1brica.<\/li>\n<li>Detecte \u00e1reas con deficiencias o redundancias.<\/li>\n<li>Mejore el consumo de vapor de su f\u00e1brica.<\/li>\n<li>Obtenga la eficiencia de sus calderas*, vapor disponible a partir de bagazo.<\/li>\n<li>Analice la capacidad de su f\u00e1brica para una futura expansi\u00f3n.<\/li>\n<li>Nuestro software tiene incorporado veinte esquemas de cocimiento diferentes.<\/li>\n<li>Economice costos en la compra de equipos con el tama\u00f1o adecuado.<\/li>\n<\/ul>\n[\/vc_column_text][\/vc_column_inner][\/vc_row_inner][vc_row_inner css=\u00bb.vc_custom_1684976776628{padding-top: 90px !important;}\u00bb][vc_column_inner width=\u00bb1\/4&#8243;][\/vc_column_inner][vc_column_inner width=\u00bb3\/4&#8243;][vc_column_text]\n<h3>Reporte de Eficiencia de F\u00e1brica<\/h3>\n<ul>\n<li>Recalculamos el reporte de su f\u00e1brica con el objetivo de detectar posibles errores.<\/li>\n<li>Corremos c\u00e1lculos para verificar si los datos suministrados son te\u00f3ricamente posibles.<\/li>\n<li>Corremos c\u00e1lculos adicionales para proveer datos \u00fatiles de f\u00e1brica que permiten realizar mejoras operativas.<\/li>\n<li>Describimos que tan bien est\u00e1 funcionando cada etapa de la f\u00e1brica y recomendamos posibles mejoras.<\/li>\n<\/ul>\n[\/vc_column_text][\/vc_column_inner][\/vc_row_inner][vc_row_inner css=\u00bb.vc_custom_1684976826244{padding-top: 90px !important;padding-bottom: 90px !important;}\u00bb][vc_column_inner width=\u00bb1\/4&#8243;][vc_column_text]\n<h3 class=\"vc_custom_heading\">Sobre el Profesor Harold Birkett, Ph.D<\/h3>\n[\/vc_column_text][\/vc_column_inner][vc_column_inner width=\u00bb3\/4&#8243;][vc_column_text]Cuenta con m\u00e1s de 60 a\u00f1os de experiencia en az\u00facar, etanol y subproductos de az\u00facar. Tiene un B.S., M.S. y Ph.D. en Ingenier\u00eda Qu\u00edmica. El Dr. Birkett es Profesor Asociado en Ingenier\u00eda Azucarera en el Audubon Sugar Institute de Louisiana State University. Tambi\u00e9n fue gerente de procesos en Ingenios Azucareros y plantas de Etanol en Guyana y los Estados Unidos. Trabaj\u00f3 en Schaffer &amp; Associates durante m\u00e1s de 40 a\u00f1os en diferentes proyectos por todo el mundo. Es miembro y ex presidente de la Sociedad Americana de Tecn\u00f3logos de la Ca\u00f1a de Az\u00facar y autor de m\u00e1s de 50 publicaciones.[\/vc_column_text][\/vc_column_inner][\/vc_row_inner][\/vc_column][\/vc_row]\n","protected":false},"excerpt":{"rendered":"<p>[vc_row css=\u00bb.vc_custom_1684971437612{padding-top: 90px !important;}\u00bb][vc_column width=\u00bb1\/2&#8243;][vc_column_text] Podemos calcular el\u00a0Balance de Materia y Energ\u00eda (M&amp;E)\u00a0de su f\u00e1brica con m\u00faltiples escenarios de operaci\u00f3n, incluyendo expansi\u00f3n y dise\u00f1o. Podemos realizar un chequeo cruzado de su reporte de f\u00e1brica y proveer mejores perspectivas de la eficiencia de su f\u00e1brica, validar que tiene los datos m\u00e1s precisos y mejorar sus resultados. [&hellip;]<\/p>\n","protected":false},"author":1,"featured_media":0,"parent":2472,"menu_order":0,"comment_status":"closed","ping_status":"closed","template":"","meta":{"_joinchat":[]},"_links":{"self":[{"href":"https:\/\/crompion.com\/es\/wp-json\/wp\/v2\/pages\/3309"}],"collection":[{"href":"https:\/\/crompion.com\/es\/wp-json\/wp\/v2\/pages"}],"about":[{"href":"https:\/\/crompion.com\/es\/wp-json\/wp\/v2\/types\/page"}],"author":[{"embeddable":true,"href":"https:\/\/crompion.com\/es\/wp-json\/wp\/v2\/users\/1"}],"replies":[{"embeddable":true,"href":"https:\/\/crompion.com\/es\/wp-json\/wp\/v2\/comments?post=3309"}],"version-history":[{"count":5,"href":"https:\/\/crompion.com\/es\/wp-json\/wp\/v2\/pages\/3309\/revisions"}],"predecessor-version":[{"id":4037,"href":"https:\/\/crompion.com\/es\/wp-json\/wp\/v2\/pages\/3309\/revisions\/4037"}],"up":[{"embeddable":true,"href":"https:\/\/crompion.com\/es\/wp-json\/wp\/v2\/pages\/2472"}],"wp:attachment":[{"href":"https:\/\/crompion.com\/es\/wp-json\/wp\/v2\/media?parent=3309"}],"curies":[{"name":"wp","href":"https:\/\/api.w.org\/{rel}","templated":true}]}}