{"id":3288,"date":"2023-05-25T00:54:27","date_gmt":"2023-05-25T00:54:27","guid":{"rendered":"https:\/\/crompion.com\/?page_id=3288"},"modified":"2023-11-21T20:19:47","modified_gmt":"2023-11-21T20:19:47","slug":"diseno-ingenieria-y-suministro","status":"publish","type":"page","link":"https:\/\/crompion.com\/es\/productos-de-crompion-international\/diseno-ingenieria-y-suministro\/","title":{"rendered":"Dise\u00f1o, Ingenier\u00eda y Suministro"},"content":{"rendered":"[vc_row css=\u00bb.vc_custom_1684971437612{padding-top: 90px !important;}\u00bb][vc_column width=\u00bb1\/2&#8243;][vc_column_text]La ingenier\u00eda confiable es el coraz\u00f3n de cualquier proyecto, en Crompion International nos enorgullecemos especialmente de la calidad que brindamos. Ofrecemos soluciones completas de ingenier\u00eda y tecnolog\u00eda en las siguientes categor\u00edas para ingenios azucareros, refiner\u00edas y plantas de etanol:<\/p>\n<ul>\n<li>Ingenier\u00eda de procesos y plantas<\/li>\n<li>Expansi\u00f3n de f\u00e1brica<\/li>\n<li>Mejora de procesos<\/li>\n<li>Nuevas tecnolog\u00edas de clarificaci\u00f3n<\/li>\n<li>Gesti\u00f3n de vapor y cogeneraci\u00f3n<\/li>\n<li>Plantas de tratamiento de agua y aguas residuales<\/li>\n<li>Control de poluci\u00f3n del aire<\/li>\n<li>Servicios de instrumentaci\u00f3n y control<\/li>\n<\/ul>\n[\/vc_column_text][\/vc_column][vc_column width=\u00bb1\/2&#8243;][vc_single_image image=\u00bb3293&#8243; img_size=\u00bbfull\u00bb][\/vc_column][\/vc_row][vc_row][vc_column][vc_row_inner][vc_column_inner width=\u00bb1\/4&#8243;][vc_column_text]\n<h5 class=\"vc_custom_heading\" style=\"text-align: right;\">Dise\u00f1o de Procesos<\/h5>\n[\/vc_column_text][\/vc_column_inner][vc_column_inner width=\u00bb3\/4&#8243;][vc_column_text]Podemos dise\u00f1ar o mejorar el proceso actual de su ingenio azucarero, refiner\u00eda, planta de etanol e instalaciones de cogeneraci\u00f3n. Nuestro dise\u00f1o incluye una amplia lista de herramientas tales como balances de M&amp;E, diagramas de flujo de proceso (PFD), diagramas de tuber\u00edas e instrumentaci\u00f3n (P&amp;ID), isom\u00e9tricos de tuber\u00edas, an\u00e1lisis de equipos a trav\u00e9s de din\u00e1mica de fluidos computacional (CFD), an\u00e1lisis de riesgos de proyectos y hoja de datos de equipos.[\/vc_column_text][\/vc_column_inner][\/vc_row_inner][vc_row_inner][vc_column_inner width=\u00bb1\/4&#8243;][vc_column_text]\n<h5 class=\"vc_custom_heading\" style=\"text-align: right;\">Dise\u00f1o de Equipos<\/h5>\n[\/vc_column_text][\/vc_column_inner][vc_column_inner width=\u00bb3\/4&#8243;][vc_column_text]\n<div class=\"wpb_text_column wpb_content_element \">\n<div class=\"wpb_wrapper\">\n<p>Utilizando altas habilidades de dise\u00f1o y aplicando lo \u00faltimo en mejoras tecnol\u00f3gicas, podemos dise\u00f1ar la mayor\u00eda de los equipos de procesamiento de az\u00facar. Nuestros ingenieros de dise\u00f1o tienen m\u00e1s de 20 a\u00f1os de experiencia en el dise\u00f1o personalizado de equipos. Adem\u00e1s, con nuestro v\u00ednculo con Louisiana State University, utilizamos algunas de las supercomputadoras m\u00e1s potentes disponibles para evaluar dise\u00f1os utilizando Din\u00e1mica Computacional de Fluidos (CFD). Utilizamos solo el software m\u00e1s avanzado en nuestros dise\u00f1os. Finalmente, nuestro equipo est\u00e1 listo para ser desplegado en su f\u00e1brica para ayudarlo en el comisionamiento y puesta en marcha de nuestros equipos.<\/p>\n<p>Consulte el cuadro al final de esta p\u00e1gina para conocer m\u00e1s sobre nuestros servicios de dise\u00f1o de equipos y alcances de proyecto.<\/p>\n<\/div>\n<\/div>\n[\/vc_column_text][\/vc_column_inner][\/vc_row_inner][vc_row_inner][vc_column_inner width=\u00bb1\/4&#8243;][vc_column_text]\n<h5 class=\"vc_custom_heading\" style=\"text-align: right;\">Control y Automatizaci\u00f3n<\/h5>\n[\/vc_column_text][\/vc_column_inner][vc_column_inner width=\u00bb3\/4&#8243;][vc_column_text]\n<div class=\"wpb_text_column wpb_content_element \">\n<div class=\"wpb_wrapper\">\n<p>Contamos con ingenieros de automatizaci\u00f3n experimentados que pueden ayudar desde el ensamblaje del PLC, el ajuste del bucle de control y el desarrollo de estrategias de control y de la Interfaz hombre-m\u00e1quina (HMI). Podemos ser su socio estrat\u00e9gico de automatizaci\u00f3n para cada etapa de su f\u00e1brica. Podemos trabajar en cualquier plataforma, por ejemplo, Siemens, Rockwell, Honeywell o Experion.<\/p>\n<\/div>\n<\/div>\n[\/vc_column_text][\/vc_column_inner][\/vc_row_inner][vc_row_inner][vc_column_inner width=\u00bb1\/4&#8243;][vc_column_text]\n<h5 class=\"vc_custom_heading\" style=\"text-align: right;\">Dise\u00f1o Estructural<\/h5>\n[\/vc_column_text][\/vc_column_inner][vc_column_inner width=\u00bb3\/4&#8243;][vc_column_text]Nuestro equipo de ingenieros civiles puede ayudarlo con el dise\u00f1o y desarrollo de estructuras en acero, concreto reforzado y otros tipos de estructuras. Tambi\u00e9n podemos ayudarlo con el dise\u00f1o de los cimientos necesarios para cualquier construcci\u00f3n de su f\u00e1brica o instalaci\u00f3n.[\/vc_column_text][\/vc_column_inner][\/vc_row_inner][vc_row_inner][vc_column_inner width=\u00bb1\/4&#8243;][vc_column_text]\n<h5 class=\"vc_custom_heading\" style=\"text-align: right;\">Supervisi\u00f3n de Construcci\u00f3n<\/h5>\n[\/vc_column_text][\/vc_column_inner][vc_column_inner width=\u00bb3\/4&#8243;][vc_column_text]Nuestro equipo de ingenieros puede proporcionar supervisi\u00f3n de la construcci\u00f3n en relaci\u00f3n con la modificaci\u00f3n, expansi\u00f3n, modernizaci\u00f3n y montaje de instalaciones nuevas y existentes. Nuestra experiencia de supervisi\u00f3n de construcciones tiene m\u00e1s de 40 a\u00f1os en ingenios y plantas industriales.[\/vc_column_text][\/vc_column_inner][\/vc_row_inner][vc_row_inner][vc_column_inner width=\u00bb1\/4&#8243;][vc_column_text]\n<h5 class=\"vc_custom_heading\" style=\"text-align: right;\">Selecci\u00f3n de Aceros<\/h5>\n[\/vc_column_text][\/vc_column_inner][vc_column_inner width=\u00bb3\/4&#8243;][vc_column_text]Podemos seleccionar y recomendar los mejores materiales para garantizar que el equipo alcance su mayor vida \u00fatil con el menor tiempo perdido posible. Crompion International posee dise\u00f1os exclusivos y patentes sobre aplicaciones de materiales, que son, por mucho, las mejores soluciones contra el desgaste en la industria azucarera.[\/vc_column_text][\/vc_column_inner][\/vc_row_inner][vc_row_inner][vc_column_inner width=\u00bb1\/4&#8243;][vc_column_text]\n<h5 class=\"vc_custom_heading\" style=\"text-align: right;\">Suministro de Equipo<\/h5>\n[\/vc_column_text][\/vc_column_inner][vc_column_inner width=\u00bb3\/4&#8243;][vc_column_text]Crompion International es un reconocido proveedor de soluciones integrales de suministro de equipos para la industria azucarera. Con a\u00f1os de experiencia y conocimientos en el campo, nos especializamos en el dise\u00f1o y la ingenier\u00eda de equipos de \u00faltima generaci\u00f3n adaptados espec\u00edficamente para la industria azucarera. Nuestro portafolio incluye soluciones innovadoras en preparaci\u00f3n de ca\u00f1a, extracci\u00f3n de jugo, clarificaci\u00f3n, calentamiento y evaporaci\u00f3n, cristalizaci\u00f3n, secado y sistemas de manejo de az\u00facar. Con nuestro compromiso con la excelencia, Crompion International suministra equipos de vanguardia y proporciona una asistencia al cliente excepcional, garantizando la perfecta integraci\u00f3n de nuestras soluciones en las instalaciones de procesamiento de az\u00facar existentes. Al asociarse con Crompion International, los productores de az\u00facar pueden optimizar sus operaciones, mejorar la productividad y alcanzar los m\u00e1s altos est\u00e1ndares de calidad en la industria azucarera.[\/vc_column_text][\/vc_column_inner][\/vc_row_inner][\/vc_column][\/vc_row][vc_row][vc_column][vc_custom_heading text=\u00bbAlcance de los Servicios\u00bb use_theme_fonts=\u00bbyes\u00bb][vc_column_text]\n<table id=\"theTable\" class=\"table\">\n<tbody>\n<tr>\n<td bgcolor=\"#C9C9C9\" width=\"233\">\u00c1rea<\/td>\n<td bgcolor=\"#C9C9C9\" width=\"534\">Servicios<\/td>\n<td bgcolor=\"#C9C9C9\" width=\"221\">Alcance<\/td>\n<\/tr>\n<tr>\n<td bgcolor=\"#DDDDDD\"><strong>Preparaci\u00f3n<\/strong><\/td>\n<td bgcolor=\"#DDDDDD\">Conductor Cush Cush<\/td>\n<td bgcolor=\"#DDDDDD\">Ingenier\u00eda y Suministro<\/td>\n<\/tr>\n<tr>\n<td bgcolor=\"#EFEFEF\"><\/td>\n<td bgcolor=\"#DDDDDD\">Conductor de Ca\u00f1a<\/td>\n<td bgcolor=\"#DDDDDD\">Ingenier\u00eda y Suministro<\/td>\n<\/tr>\n<tr>\n<td bgcolor=\"#EFEFEF\"><\/td>\n<td bgcolor=\"#DDDDDD\">Mesa de Ca\u00f1a<\/td>\n<td bgcolor=\"#DDDDDD\">Ingenier\u00eda y Suministro<\/td>\n<\/tr>\n<tr>\n<td bgcolor=\"#EFEFEF\"><\/td>\n<td bgcolor=\"#DDDDDD\">Bateadores<\/td>\n<td bgcolor=\"#DDDDDD\">Ingenier\u00eda y Suministro<\/td>\n<\/tr>\n<tr>\n<td bgcolor=\"#EFEFEF\"><\/td>\n<td bgcolor=\"#DDDDDD\">Cuchillas<\/td>\n<td bgcolor=\"#DDDDDD\">Ingenier\u00eda y Suministro<\/td>\n<\/tr>\n<tr>\n<td bgcolor=\"#EFEFEF\"><\/td>\n<td bgcolor=\"#DDDDDD\">Niveladoras<\/td>\n<td bgcolor=\"#DDDDDD\">Ingenier\u00eda y Suministro<\/td>\n<\/tr>\n<tr>\n<td bgcolor=\"#EFEFEF\"><\/td>\n<td bgcolor=\"#DDDDDD\">Electroimanes<\/td>\n<td bgcolor=\"#DDDDDD\">Ingenier\u00eda y Suministro<\/td>\n<\/tr>\n<tr>\n<td bgcolor=\"#EFEFEF\"><\/td>\n<td bgcolor=\"#DDDDDD\">Desfibradora<\/td>\n<td bgcolor=\"#DDDDDD\">Ingenier\u00eda y Suministro<\/td>\n<\/tr>\n<tr>\n<td bgcolor=\"#DDDDDD\"><strong>Extracci\u00f3n<\/strong><\/td>\n<td bgcolor=\"#DDDDDD\">Difusores<\/td>\n<td bgcolor=\"#DDDDDD\">Ingenier\u00eda y Suministro<\/td>\n<\/tr>\n<tr>\n<td bgcolor=\"#EFEFEF\"><\/td>\n<td bgcolor=\"#DDDDDD\">Conductor Intermedio de Ca\u00f1a<\/td>\n<td bgcolor=\"#DDDDDD\">Ingenier\u00eda y Suministro<\/td>\n<\/tr>\n<tr>\n<td bgcolor=\"#EFEFEF\"><\/td>\n<td bgcolor=\"#DDDDDD\">Chute Donelly<\/td>\n<td bgcolor=\"#DDDDDD\">Ingenier\u00eda y Suministro<\/td>\n<\/tr>\n<tr>\n<td bgcolor=\"#EFEFEF\"><\/td>\n<td bgcolor=\"#DDDDDD\">Sistemas de Imbibici\u00f3n<\/td>\n<td bgcolor=\"#DDDDDD\">Ingenier\u00eda y Suministro<\/td>\n<\/tr>\n<tr>\n<td bgcolor=\"#EFEFEF\"><\/td>\n<td bgcolor=\"#DDDDDD\">Molinos<\/td>\n<td bgcolor=\"#DDDDDD\">Ingenier\u00eda y Suministro<\/td>\n<\/tr>\n<tr>\n<td bgcolor=\"#EFEFEF\"><\/td>\n<td bgcolor=\"#DDDDDD\">Mazas para Molino<\/td>\n<td bgcolor=\"#DDDDDD\">Ingenier\u00eda y Suministro<\/td>\n<\/tr>\n<tr>\n<td bgcolor=\"#EFEFEF\"><\/td>\n<td bgcolor=\"#DDDDDD\">Transmisiones para Molino<\/td>\n<td bgcolor=\"#DDDDDD\">Ingenier\u00eda y Suministro<\/td>\n<\/tr>\n<tr>\n<td bgcolor=\"#EFEFEF\"><\/td>\n<td bgcolor=\"#DDDDDD\">Acople de Eslinga<\/td>\n<td bgcolor=\"#DDDDDD\">Ingenier\u00eda y Suministro<\/td>\n<\/tr>\n<tr>\n<td bgcolor=\"#EFEFEF\"><\/td>\n<td bgcolor=\"#DDDDDD\">Mallas Rotatorias\/ Filtro Trommel<\/td>\n<td bgcolor=\"#DDDDDD\">Ingenier\u00eda y Suministro<\/td>\n<\/tr>\n<tr>\n<td bgcolor=\"#DDDDDD\"><strong>Tratamiento de Jugo<\/strong><\/td>\n<td bgcolor=\"#DDDDDD\">Agitadores y Reductores<\/td>\n<td bgcolor=\"#DDDDDD\">Ingenier\u00eda y Suministro<\/td>\n<\/tr>\n<tr>\n<td bgcolor=\"#EFEFEF\"><\/td>\n<td bgcolor=\"#DDDDDD\">Cicl\u00f3n para Bagacillo<\/td>\n<td bgcolor=\"#DDDDDD\">Ingenier\u00eda y Suministro<\/td>\n<\/tr>\n<tr>\n<td bgcolor=\"#EFEFEF\"><\/td>\n<td bgcolor=\"#DDDDDD\">Servicios de Clarificaci\u00f3n<\/td>\n<td bgcolor=\"#DDDDDD\">Consultor\u00eda<\/td>\n<\/tr>\n<tr>\n<td bgcolor=\"#EFEFEF\"><\/td>\n<td bgcolor=\"#DDDDDD\">Mallas DSM<\/td>\n<td bgcolor=\"#DDDDDD\">Ingenier\u00eda y Suministro<\/td>\n<\/tr>\n<tr>\n<td bgcolor=\"#EFEFEF\"><\/td>\n<td bgcolor=\"#DDDDDD\">Sistema de Preparaci\u00f3n de Floculante<\/td>\n<td bgcolor=\"#DDDDDD\">Ingenier\u00eda y Suministro<\/td>\n<\/tr>\n<tr>\n<td bgcolor=\"#EFEFEF\"><\/td>\n<td bgcolor=\"#DDDDDD\">Eyectores<\/td>\n<td bgcolor=\"#DDDDDD\">Ingenier\u00eda y Suministro<\/td>\n<\/tr>\n<tr>\n<td bgcolor=\"#EFEFEF\"><\/td>\n<td bgcolor=\"#DDDDDD\">Sistemas de Encalado<\/td>\n<td bgcolor=\"#DDDDDD\">Ingenier\u00eda y Suministro<\/td>\n<\/tr>\n<tr>\n<td bgcolor=\"#EFEFEF\"><\/td>\n<td bgcolor=\"#DDDDDD\">Clarificador de Jugo\/Clarificador LLT<\/td>\n<td bgcolor=\"#DDDDDD\">Ingenier\u00eda y Suministro<\/td>\n<\/tr>\n<tr>\n<td bgcolor=\"#EFEFEF\"><\/td>\n<td bgcolor=\"#DDDDDD\">Filtro de Lodo\/ Filtros de Banda<\/td>\n<td bgcolor=\"#DDDDDD\">Ingenier\u00eda y Suministro<\/td>\n<\/tr>\n<tr>\n<td bgcolor=\"#EFEFEF\"><\/td>\n<td bgcolor=\"#DDDDDD\">Raspador de Lodos<\/td>\n<td bgcolor=\"#DDDDDD\">Ingenier\u00eda y Suministro<\/td>\n<\/tr>\n<tr>\n<td bgcolor=\"#EFEFEF\"><\/td>\n<td bgcolor=\"#DDDDDD\">Intercambiadores de Carcasa y Tubos<\/td>\n<td bgcolor=\"#DDDDDD\">Ingenier\u00eda y Suministro<\/td>\n<\/tr>\n<tr>\n<td bgcolor=\"#EFEFEF\"><\/td>\n<td bgcolor=\"#DDDDDD\">Sulfitaci\u00f3n L\u00edquida<\/td>\n<td bgcolor=\"#DDDDDD\">Ingenier\u00eda y Suministro<\/td>\n<\/tr>\n<tr>\n<td bgcolor=\"#EFEFEF\"><\/td>\n<td bgcolor=\"#DDDDDD\">Mejoramiento de Color en Az\u00facar<\/td>\n<td bgcolor=\"#DDDDDD\">Ingenier\u00eda y Suministro<\/td>\n<\/tr>\n<tr>\n<td bgcolor=\"#EFEFEF\"><\/td>\n<td bgcolor=\"#DDDDDD\">Clarificador de Meladura<\/td>\n<td bgcolor=\"#DDDDDD\">Ingenier\u00eda y Suministro<\/td>\n<\/tr>\n<tr>\n<td bgcolor=\"#DDDDDD\"><strong>Evaporaci\u00f3n<\/strong><\/td>\n<td bgcolor=\"#DDDDDD\">Pre-Evaporador<\/td>\n<td bgcolor=\"#DDDDDD\">Ingenier\u00eda y Suministro<\/td>\n<\/tr>\n<tr>\n<td bgcolor=\"#EFEFEF\"><\/td>\n<td bgcolor=\"#DDDDDD\">Condensador<\/td>\n<td bgcolor=\"#DDDDDD\">Ingenier\u00eda y Suministro<\/td>\n<\/tr>\n<tr>\n<td bgcolor=\"#EFEFEF\"><\/td>\n<td bgcolor=\"#DDDDDD\">Separador de Arrastre<\/td>\n<td bgcolor=\"#DDDDDD\">Ingenier\u00eda y Suministro\/td&gt;<\/td>\n<\/tr>\n<tr>\n<td bgcolor=\"#EFEFEF\"><\/td>\n<td bgcolor=\"#DDDDDD\">Evaporador Tipo Rober<\/td>\n<td bgcolor=\"#DDDDDD\">Ingenier\u00eda y Suministro<\/td>\n<\/tr>\n<tr>\n<td bgcolor=\"#DDDDDD\"><strong>Cristalizaci\u00f3n\/Az\u00facar<\/strong><\/td>\n<td bgcolor=\"#DDDDDD\">Tacho Continuo<\/td>\n<td bgcolor=\"#DDDDDD\">Ingenier\u00eda y Suministro<\/td>\n<\/tr>\n<tr>\n<td bgcolor=\"#EFEFEF\"><\/td>\n<td bgcolor=\"#DDDDDD\">Tacho al Vac\u00edo<\/td>\n<td bgcolor=\"#DDDDDD\">Ingenier\u00eda y Suministro<\/td>\n<\/tr>\n<tr>\n<td bgcolor=\"#EFEFEF\"><\/td>\n<td bgcolor=\"#DDDDDD\">Cristalizador Horizontal<\/td>\n<td bgcolor=\"#DDDDDD\">Ingenier\u00eda y Suministro<\/td>\n<\/tr>\n<tr>\n<td bgcolor=\"#EFEFEF\"><\/td>\n<td bgcolor=\"#DDDDDD\">Cristalizador Vertical<\/td>\n<td bgcolor=\"#DDDDDD\">Ingenier\u00eda y Suministro<\/td>\n<\/tr>\n<tr>\n<td bgcolor=\"#EFEFEF\"><\/td>\n<td bgcolor=\"#DDDDDD\">Sellos Mec\u00e1nicos Rotativos<\/td>\n<td bgcolor=\"#DDDDDD\">Ingenier\u00eda y Suministro<\/td>\n<\/tr>\n<tr>\n<td bgcolor=\"#EFEFEF\"><\/td>\n<td bgcolor=\"#DDDDDD\">Reductores de Velocidad para Cristalizadores<\/td>\n<td bgcolor=\"#DDDDDD\">Ingenier\u00eda y Suministro<\/td>\n<\/tr>\n<tr>\n<td bgcolor=\"#EFEFEF\"><\/td>\n<td bgcolor=\"#DDDDDD\">Mezcladores de Magma<\/td>\n<td bgcolor=\"#DDDDDD\">Ingenier\u00eda y Suministro<\/td>\n<\/tr>\n<tr>\n<td bgcolor=\"#EFEFEF\"><\/td>\n<td bgcolor=\"#DDDDDD\">Recibidores de Magma<\/td>\n<td bgcolor=\"#DDDDDD\">Ingenier\u00eda y Suministro<\/td>\n<\/tr>\n<tr>\n<td bgcolor=\"#EFEFEF\"><\/td>\n<td bgcolor=\"#DDDDDD\">Recibidores de Masa<\/td>\n<td bgcolor=\"#DDDDDD\">Ingenier\u00eda y Suministro<\/td>\n<\/tr>\n<tr>\n<td bgcolor=\"#EFEFEF\"><\/td>\n<td bgcolor=\"#DDDDDD\">Conductor Tipo Sinfin<\/td>\n<td bgcolor=\"#DDDDDD\">Ingenier\u00eda y Suministro<\/td>\n<\/tr>\n<tr>\n<td bgcolor=\"#EFEFEF\"><\/td>\n<td bgcolor=\"#DDDDDD\">Recibidor de Semilla<\/td>\n<td bgcolor=\"#DDDDDD\">Ingenier\u00eda y Suministro<\/td>\n<\/tr>\n<tr>\n<td bgcolor=\"#EFEFEF\"><\/td>\n<td bgcolor=\"#DDDDDD\">Centr\u00edfugas(Batch y Continuas)<\/td>\n<td bgcolor=\"#DDDDDD\">Ingenier\u00eda y Suministro<\/td>\n<\/tr>\n<tr>\n<td bgcolor=\"#EFEFEF\"><\/td>\n<td bgcolor=\"#DDDDDD\">Conductor de Az\u00facar<\/td>\n<td bgcolor=\"#DDDDDD\">Ingenier\u00eda y Suministro<\/td>\n<\/tr>\n<tr>\n<td bgcolor=\"#DDDDDD\"><strong>Cogeneraci\u00f3n\/Calderas<\/strong><\/td>\n<td bgcolor=\"#DDDDDD\">Calderas de Bagazo<\/td>\n<td bgcolor=\"#DDDDDD\">Ingenier\u00eda y Suministro<\/td>\n<\/tr>\n<tr>\n<td bgcolor=\"#EFEFEF\"><\/td>\n<td bgcolor=\"#DDDDDD\">Chimeneas<\/td>\n<td bgcolor=\"#DDDDDD\">Ingenier\u00eda y Suministro<\/td>\n<\/tr>\n<tr>\n<td bgcolor=\"#EFEFEF\"><\/td>\n<td bgcolor=\"#DDDDDD\">Desaireador<\/td>\n<td bgcolor=\"#DDDDDD\">Ingenier\u00eda y Suministro<\/td>\n<\/tr>\n<tr>\n<td bgcolor=\"#EFEFEF\"><\/td>\n<td bgcolor=\"#DDDDDD\">Atemperador<\/td>\n<td bgcolor=\"#DDDDDD\">Ingenier\u00eda y Suministro<\/td>\n<\/tr>\n<tr>\n<td bgcolor=\"#EFEFEF\"><\/td>\n<td bgcolor=\"#DDDDDD\">Generadores<\/td>\n<td bgcolor=\"#DDDDDD\">Ingenier\u00eda y Suministro<\/td>\n<\/tr>\n<tr>\n<td bgcolor=\"#EFEFEF\"><\/td>\n<td bgcolor=\"#DDDDDD\">Turbinas de Vapor<\/td>\n<td bgcolor=\"#DDDDDD\">Ingenier\u00eda y Suministro<\/td>\n<\/tr>\n<tr>\n<td bgcolor=\"#DDDDDD\"><strong>Servicios<\/strong><\/td>\n<td bgcolor=\"#DDDDDD\">Compresor de Aire<\/td>\n<td bgcolor=\"#DDDDDD\">Ingenier\u00eda y Suministro<\/td>\n<\/tr>\n<tr>\n<td bgcolor=\"#EFEFEF\"><\/td>\n<td bgcolor=\"#DDDDDD\">Torres de Enfriamiento<\/td>\n<td bgcolor=\"#DDDDDD\">Ingenier\u00eda y Suministro<\/td>\n<\/tr>\n<tr>\n<td bgcolor=\"#EFEFEF\"><\/td>\n<td bgcolor=\"#DDDDDD\">Plantas de Tratamiento de Aguas Residuales<\/td>\n<td bgcolor=\"#DDDDDD\">Ingenier\u00eda y Suministro<\/td>\n<\/tr>\n<tr>\n<td bgcolor=\"#EFEFEF\"><\/td>\n<td bgcolor=\"#DDDDDD\">Sistemas de Tratamiento de Agua<\/td>\n<td bgcolor=\"#DDDDDD\">Ingenier\u00eda y Suministro<\/td>\n<\/tr>\n<tr>\n<td bgcolor=\"#DDDDDD\"><strong>Intrumentaci\u00f3n y Control<\/strong><\/td>\n<td bgcolor=\"#DDDDDD\">Selecci\u00f3n de Instrumentaci\u00f3n<\/td>\n<td bgcolor=\"#DDDDDD\">Ingenier\u00eda y Suministro<\/td>\n<\/tr>\n<tr>\n<td bgcolor=\"#EFEFEF\"><\/td>\n<td bgcolor=\"#DDDDDD\">Desarrollo de Planes Maestros de Automatizaci\u00f3n<\/td>\n<td bgcolor=\"#DDDDDD\">Consultor\u00eda<\/td>\n<\/tr>\n<tr>\n<td bgcolor=\"#EFEFEF\"><\/td>\n<td bgcolor=\"#DDDDDD\">Desarrollo de Sistemas de Control Siemens, Rockwell, Experion<\/td>\n<td bgcolor=\"#DDDDDD\">Ingenier\u00eda y Suministro<\/td>\n<\/tr>\n<tr>\n<td bgcolor=\"#EFEFEF\"><\/td>\n<td bgcolor=\"#DDDDDD\">Desarrollo de la Interfaz Hombre-M\u00e1quina (HMI)<\/td>\n<td bgcolor=\"#DDDDDD\">Ingenier\u00eda y Suministro<\/td>\n<\/tr>\n<tr>\n<td bgcolor=\"#EFEFEF\"><\/td>\n<td bgcolor=\"#DDDDDD\">Desarrollo de Diagramas de Tuber\u00eda e Instrumentaci\u00f3n (P&amp;ID)<\/td>\n<td bgcolor=\"#DDDDDD\">Ingenier\u00eda y Suministro<\/td>\n<\/tr>\n<tr>\n<td bgcolor=\"#DDDDDD\"><strong>General<\/strong><\/td>\n<td bgcolor=\"#DDDDDD\">Tanques Atmosf\u00e9ricos<\/td>\n<td bgcolor=\"#DDDDDD\">Ingenier\u00eda y Suministro<\/td>\n<\/tr>\n<tr>\n<td bgcolor=\"#EFEFEF\"><\/td>\n<td bgcolor=\"#DDDDDD\">Motores El\u00e9ctricos<\/td>\n<td bgcolor=\"#DDDDDD\">Ingenier\u00eda y Suministro<\/td>\n<\/tr>\n<tr>\n<td bgcolor=\"#EFEFEF\"><\/td>\n<td bgcolor=\"#DDDDDD\">Calentadores de Placas<\/td>\n<td bgcolor=\"#DDDDDD\">Ingenier\u00eda y Suministro<\/td>\n<\/tr>\n<tr>\n<td bgcolor=\"#EFEFEF\"><\/td>\n<td bgcolor=\"#DDDDDD\">Tanques a Presi\u00f3n<\/td>\n<td bgcolor=\"#DDDDDD\">Ingenier\u00eda y Suministro<\/td>\n<\/tr>\n<tr>\n<td bgcolor=\"#EFEFEF\"><\/td>\n<td bgcolor=\"#DDDDDD\">Bombas<\/td>\n<td bgcolor=\"#DDDDDD\">Ingenier\u00eda y Suministro<\/td>\n<\/tr>\n<tr>\n<td bgcolor=\"#EFEFEF\"><\/td>\n<td bgcolor=\"#DDDDDD\">Reductores de Velocidad\/ Cajas Reductoras<\/td>\n<td bgcolor=\"#DDDDDD\">Ingenier\u00eda y Suministro<\/td>\n<\/tr>\n<tr>\n<td bgcolor=\"#DDDDDD\"><strong>Ingenier\u00eda<\/strong><\/td>\n<td bgcolor=\"#DDDDDD\">Servicios de Consultor\u00eda en Mejoramiento de Procesos<\/td>\n<td bgcolor=\"#DDDDDD\">Consultor\u00eda<\/td>\n<\/tr>\n<tr>\n<td bgcolor=\"#EFEFEF\"><\/td>\n<td bgcolor=\"#DDDDDD\">Dise\u00f1o y Optimizaci\u00f3n de Proceso en la Casa de Calderas<\/td>\n<td bgcolor=\"#DDDDDD\">Consultor\u00eda<\/td>\n<\/tr>\n<tr>\n<td bgcolor=\"#EFEFEF\"><\/td>\n<td bgcolor=\"#DDDDDD\">Balances de Materia y Energ\u00eda<\/td>\n<td bgcolor=\"#DDDDDD\">Consultor\u00eda<\/td>\n<\/tr>\n<tr>\n<td bgcolor=\"#EFEFEF\"><\/td>\n<td bgcolor=\"#DDDDDD\">Desarrollo de Isom\u00e9tricos de Tuber\u00eda y Arreglos Generales de F\u00e1brica<\/td>\n<td bgcolor=\"#DDDDDD\">Ingenier\u00eda<\/td>\n<\/tr>\n<tr>\n<td bgcolor=\"#EFEFEF\"><\/td>\n<td bgcolor=\"#DDDDDD\">Cimentaciones<\/td>\n<td bgcolor=\"#DDDDDD\">Ingenier\u00eda<\/td>\n<\/tr>\n<tr>\n<td bgcolor=\"#EFEFEF\"><\/td>\n<td bgcolor=\"#DDDDDD\">Estructuras de Soporte<\/td>\n<td bgcolor=\"#DDDDDD\">Ingenier\u00eda<\/td>\n<\/tr>\n<\/tbody>\n<\/table>\n[\/vc_column_text][\/vc_column][\/vc_row]\n","protected":false},"excerpt":{"rendered":"<p>[vc_row css=\u00bb.vc_custom_1684971437612{padding-top: 90px !important;}\u00bb][vc_column width=\u00bb1\/2&#8243;][vc_column_text]La ingenier\u00eda confiable es el coraz\u00f3n de cualquier proyecto, en Crompion International nos enorgullecemos especialmente de la calidad que brindamos. Ofrecemos soluciones completas de ingenier\u00eda y tecnolog\u00eda en las siguientes categor\u00edas para ingenios azucareros, refiner\u00edas y plantas de etanol: Ingenier\u00eda de procesos y plantas Expansi\u00f3n de f\u00e1brica Mejora de procesos Nuevas [&hellip;]<\/p>\n","protected":false},"author":1,"featured_media":0,"parent":2472,"menu_order":0,"comment_status":"closed","ping_status":"closed","template":"","meta":{"_joinchat":[]},"_links":{"self":[{"href":"https:\/\/crompion.com\/es\/wp-json\/wp\/v2\/pages\/3288"}],"collection":[{"href":"https:\/\/crompion.com\/es\/wp-json\/wp\/v2\/pages"}],"about":[{"href":"https:\/\/crompion.com\/es\/wp-json\/wp\/v2\/types\/page"}],"author":[{"embeddable":true,"href":"https:\/\/crompion.com\/es\/wp-json\/wp\/v2\/users\/1"}],"replies":[{"embeddable":true,"href":"https:\/\/crompion.com\/es\/wp-json\/wp\/v2\/comments?post=3288"}],"version-history":[{"count":8,"href":"https:\/\/crompion.com\/es\/wp-json\/wp\/v2\/pages\/3288\/revisions"}],"predecessor-version":[{"id":3744,"href":"https:\/\/crompion.com\/es\/wp-json\/wp\/v2\/pages\/3288\/revisions\/3744"}],"up":[{"embeddable":true,"href":"https:\/\/crompion.com\/es\/wp-json\/wp\/v2\/pages\/2472"}],"wp:attachment":[{"href":"https:\/\/crompion.com\/es\/wp-json\/wp\/v2\/media?parent=3288"}],"curies":[{"name":"wp","href":"https:\/\/api.w.org\/{rel}","templated":true}]}}