{"id":2785,"date":"2021-07-27T18:18:04","date_gmt":"2021-07-27T18:18:04","guid":{"rendered":"https:\/\/crompion.com\/?page_id=2785"},"modified":"2021-07-27T19:04:02","modified_gmt":"2021-07-27T19:04:02","slug":"aparatos-contra-incendios","status":"publish","type":"page","link":"https:\/\/crompion.com\/es\/industrias\/aparatos-contra-incendios\/","title":{"rendered":"Aparatos Contra Incendios"},"content":{"rendered":"[vc_row][vc_column][vc_empty_space height=\u00bb82px\u00bb][vc_column_text]<img loading=\"lazy\" class=\"size-medium wp-image-1061 alignright\" src=\"https:\/\/crompion.com\/wp-content\/uploads\/2020\/05\/i-Fire-Apparatus-300x300.jpg\" alt=\"\" width=\"300\" height=\"300\" srcset=\"https:\/\/crompion.com\/wp-content\/uploads\/2020\/05\/i-Fire-Apparatus-300x300.jpg 300w, https:\/\/crompion.com\/wp-content\/uploads\/2020\/05\/i-Fire-Apparatus-150x150.jpg 150w, https:\/\/crompion.com\/wp-content\/uploads\/2020\/05\/i-Fire-Apparatus.jpg 390w\" sizes=\"(max-width: 300px) 100vw, 300px\" \/><\/p>\n<div class=\"wpb_text_column wpb_content_element \">\n<div class=\"wpb_wrapper\">\n<p>Bien adaptados para hacer frente a entornos corrosivos y abrasivos desafiantes, los aceros inoxidables especiales Cromgard de Crompion International tienen una historia de rendimiento superior en la industria de aparatos contra incendios.<\/p>\n<p>Los aceros inoxidables de pr\u00f3xima generaci\u00f3n de bajo costo, Cromgard C12 y C20-1 proporcionan resistencia, resistencia a la corrosi\u00f3n y a la abrasi\u00f3n, durabilidad y bajo mantenimiento, as\u00ed como una buena soldabilidad y formabilidad, lo que los hace capaces de fabricarse mediante t\u00e9cnicas convencionales. Utilizados con \u00e9xito por varios fabricantes de aparatos contra incendios a gran escala, Cromgard C12 y C20-1 demuestran su val\u00eda para aplicaciones de cabina, chasis y carrocer\u00eda. Debido a una mayor resistencia sobre el 304SS y el aluminio convencional, Cromgard C12 y C20-1 permiten la capacidad de especificar un calibre m\u00e1s delgado y crear un veh\u00edculo m\u00e1s ligero. Cromgard C12 es una excelente opci\u00f3n para reemplazar el acero al carbono recubierto u otros aceros inoxidables donde la pintura ser\u00eda un requisito. Si la est\u00e9tica es importante, Cromgard C20-1 es muy adecuado para reemplazar 304\/304L. Adem\u00e1s de suministrar nuestra hoja, placa y productos tubulares, proporcionamos piezas y ensamblajes fabricados con especificaciones predeterminadas y los enviamos listos para usar.<\/p>\n<\/div>\n<\/div>\n[\/vc_column_text][vc_empty_space][\/vc_column][\/vc_row][vc_row css=\u00bb.vc_custom_1588717236156{padding-top: 60px !important;padding-bottom: 60px !important;background-color: #ededed !important;}\u00bb][vc_column]<div class=\"templatera_shortcode\"><section data-vc-full-width=\"true\" data-vc-full-width-init=\"false\" class=\"wpb_row vc_row-fluid vc_custom_1588961076243 vc_row-has-fill vc_row-full-width\"><div class=\"vc_row\"><div class=\"wpb_column vc_column_container vc_col-sm-12\"><div class=\"vc_column-inner\"><div class=\"wpb_wrapper\">\n\t<div class=\"wpb_text_column wpb_content_element  vc_custom_1627339054412\" >\n\t\t<div class=\"wpb_wrapper\">\n\t\t\t<p class=\"subtitle\">NUESTRA ESPECIALIDAD<\/p>\n<h2>Soluciones perfectas para cualquier industria<\/h2>\n\n\t\t<\/div>\n\t<\/div>\n<!-- start Overlay Hover Carousel -->\n\t\t<link id='owl-carousel-css' href='https:\/\/crompion.com\/wp-content\/plugins\/unlimited-addons-for-wpbakery-page-builder\/assets_libraries\/owl-carousel\/assets\/owl.carousel.css' type='text\/css' rel='stylesheet' >\n\t\t<link id='uc_ac_assets_file_uc_overlay_hover_carousel_css_4622-css' href='https:\/\/crompion.com\/wp-content\/uploads\/ac_assets\/uc_overlay_hover_carousel\/uc_overlay_hover_carousel.css' type='text\/css' rel='stylesheet' >\n\t\t<link id='uc_ac_assets_file_owl_carousel_css_4112-css' href='https:\/\/crompion.com\/wp-content\/uploads\/ac_assets\/uc_overlay_hover_carousel\/owl.carousel.css' type='text\/css' rel='stylesheet' >\n\n\t\t\t<style type=\"text\/css\">\/* addon: Overlay Hover Carousel *\/\n\n.uc_overlay_hover_carousel .uc_overlay_hover_carousel_container_holder .uc_overlay_hover_carousel_content .uc_elegant_content_box{}\n\n.uc_overlay_hover_carousel .owl-dot {\n    display: inline-block;\n    margin: 0 2px;\n}\n.uc_overlay_hover_carousel .owl-dot {\n    background: #FF8B00 none repeat scroll 0 0;\n    border-radius: 50%;\n    box-sizing: border-box;\n   \n    transform: scale(1);\n    transform-origin: 50% 50% 0;\n    transition: all 0.25s ease-out 0s;\n    width: 6px;\n    height:6px;\n  margin:4px 10px!important;\n}\n.uc_overlay_hover_carousel .owl-dot.active,.uc_overlay_hover_carousel .owl-dot:hover {\n    background: #6A6C71 none repeat scroll 0 0;\n    transform: scale(1);\n    transition: all 0.25s ease-out 0s;\n  height:14px;\n  width: 14px;\n  margin:0 6px!important;\n}\n\n<\/style>\n\n\t\t\t<div class=\"uc_overlay_hover_carousel\">\n        <div class=\"uc_carousel owl-carousel\"><div class=\"uc_overlay_hover_carousel_container_holder\">\n                <div class=\"uc_overlay_hover_carousel_placeholder\" style=\"background:#1d2d3a;\">\n                    <img src=\"https:\/\/crompion.com\/wp-content\/uploads\/2020\/05\/i-coal.jpg\" alt=\"\">\n                <\/div>\n                \n\t\t\t\t<div class=\"uc_overlay_hover_carousel_content\">\n                \t<div class=\"uc_elegant_content_box\">\n                        <h2 style=\"color:#ffffff;\">Industria del Carb\u00f3n<\/h2>\n                        <div class=\"uc_paragraph\" style=\"color:#ffffff;\">Bien adaptados para resistir entornos desafiantes, corrosivos y abrasivos, los aceros inoxidables Cromgard de Crompion International tienen un historial de desempe\u00f1o superior en la industria del carb\u00f3n.\n                        <\/div>\n                        <div class=\"uc_more_btn\">\n                        \t<a class=\"uc_more_btn\" style=\"background:#ffffff; color:#FF8B00;\" href=\"https:\/\/crompion.com\/es\/industrias\/carbon\/\">Conozca m\u00e1s<\/a>\n                        <\/div>\n                    <\/div>\n                <\/div>\n            <\/div>\n<div class=\"uc_overlay_hover_carousel_container_holder\">\n                <div class=\"uc_overlay_hover_carousel_placeholder\" style=\"background:#1d2d3a;\">\n                    <img src=\"https:\/\/crompion.com\/wp-content\/uploads\/2020\/05\/i-Salt-Spreader.jpg\" alt=\"\">\n                <\/div>\n                \n\t\t\t\t<div class=\"uc_overlay_hover_carousel_content\">\n                \t<div class=\"uc_elegant_content_box\">\n                        <h2 style=\"color:#ffffff;\"><span  >Esparcidor de sal<\/span><\/h2>\n                        <div class=\"uc_paragraph\" style=\"color:#ffffff;\"><span  >El acero inoxidable especial Cromgard de Crompion International es muy adecuado para resistir entornos desafiantes, corrosivos y abrasivos.<\/span>\n                        <\/div>\n                        <div class=\"uc_more_btn\">\n                        \t<a class=\"uc_more_btn\" style=\"background:#ffffff; color:#FF8B00;\" href=\"https:\/\/crompion.com\/es\/industrias\/esparcidor-de-sal\/\"><span  >Conozca m\u00e1s<\/span><\/a>\n                        <\/div>\n                    <\/div>\n                <\/div>\n            <\/div>\n<div class=\"uc_overlay_hover_carousel_container_holder\">\n                <div class=\"uc_overlay_hover_carousel_placeholder\" style=\"background:#1d2d3a;\">\n                    <img src=\"https:\/\/crompion.com\/wp-content\/uploads\/2020\/05\/i-Fire-Apparatus.jpg\" alt=\"\">\n                <\/div>\n                \n\t\t\t\t<div class=\"uc_overlay_hover_carousel_content\">\n                \t<div class=\"uc_elegant_content_box\">\n                        <h2 style=\"color:#ffffff;\"><span  >M\u00e1quinas contra Incendios<\/span><\/h2>\n                        <div class=\"uc_paragraph\" style=\"color:#ffffff;\"><span  >Muy adecuados para resistir entornos corrosivos y abrasivos desafiantes, los aceros inoxidables especiales Cromgard de Crompion International tienen un historial de rendimiento superior en la industria de aparatos contra incendios.<\/span>\n                        <\/div>\n                        <div class=\"uc_more_btn\">\n                        \t<a class=\"uc_more_btn\" style=\"background:#ffffff; color:#FF8B00;\" href=\"https:\/\/crompion.com\/es\/industrias\/aparatos-contra-incendios\/\"><span  >Conozca m\u00e1s<\/span><\/a>\n                        <\/div>\n                    <\/div>\n                <\/div>\n            <\/div>\n<div class=\"uc_overlay_hover_carousel_container_holder\">\n                <div class=\"uc_overlay_hover_carousel_placeholder\" style=\"background:#1d2d3a;\">\n                    <img src=\"https:\/\/crompion.com\/wp-content\/uploads\/2020\/05\/i-Bus-Coach.jpg\" alt=\"\">\n                <\/div>\n                \n\t\t\t\t<div class=\"uc_overlay_hover_carousel_content\">\n                \t<div class=\"uc_elegant_content_box\">\n                        <h2 style=\"color:#ffffff;\"><span  >Autob\u00fas y autocar<\/span><\/h2>\n                        <div class=\"uc_paragraph\" style=\"color:#ffffff;\"><span  >Muy adecuados para resistir entornos corrosivos y abrasivos desafiantes, los aceros inoxidables especiales Cromgard de Crompion International tienen un historial de rendimiento superior en la industria de autobuses y autocares.<\/span>\n                        <\/div>\n                        <div class=\"uc_more_btn\">\n                        \t<a class=\"uc_more_btn\" style=\"background:#ffffff; color:#FF8B00;\" href=\"https:\/\/crompion.com\/es\/industrias\/autobus-y-autocar\/\"><span  >Conozca m\u00e1s<\/span><\/a>\n                        <\/div>\n                    <\/div>\n                <\/div>\n            <\/div>\n<div class=\"uc_overlay_hover_carousel_container_holder\">\n                <div class=\"uc_overlay_hover_carousel_placeholder\" style=\"background:#1d2d3a;\">\n                    <img src=\"https:\/\/crompion.com\/wp-content\/uploads\/2020\/05\/i-Pulp-Paper.jpg\" alt=\"\">\n                <\/div>\n                \n\t\t\t\t<div class=\"uc_overlay_hover_carousel_content\">\n                \t<div class=\"uc_elegant_content_box\">\n                        <h2 style=\"color:#ffffff;\"><span  >Pulpa & Papel<\/span><\/h2>\n                        <div class=\"uc_paragraph\" style=\"color:#ffffff;\"><span  >\u00bfSe est\u00e1 quedando sin dinero para seguir inspeccionando y reparando tanques de acero corro\u00eddos, pilas, pilotes, accesorios clarificadores, torres de blanqueo, campanas transportadoras, tolvas de cenizas y similares?<\/span>\n                        <\/div>\n                        <div class=\"uc_more_btn\">\n                        \t<a class=\"uc_more_btn\" style=\"background:#ffffff; color:#FF8B00;\" href=\"https:\/\/crompion.com\/es\/industrias\/pulpa-y-papel\/\"><span  >Conozca m\u00e1s<\/span><\/a>\n                        <\/div>\n                    <\/div>\n                <\/div>\n            <\/div>\n<div class=\"uc_overlay_hover_carousel_container_holder\">\n                <div class=\"uc_overlay_hover_carousel_placeholder\" style=\"background:#1d2d3a;\">\n                    <img src=\"https:\/\/crompion.com\/wp-content\/uploads\/2020\/05\/i-Mining.jpg\" alt=\"\">\n                <\/div>\n                \n\t\t\t\t<div class=\"uc_overlay_hover_carousel_content\">\n                \t<div class=\"uc_elegant_content_box\">\n                        <h2 style=\"color:#ffffff;\"><span  >Miner\u00eda<\/span><\/h2>\n                        <div class=\"uc_paragraph\" style=\"color:#ffffff;\"><span  >El acero inoxidable especial Cromgard de Crompion International es muy adecuado para resistir entornos desafiantes, corrosivos y abrasivos.<\/span>\n                        <\/div>\n                        <div class=\"uc_more_btn\">\n                        \t<a class=\"uc_more_btn\" style=\"background:#ffffff; color:#FF8B00;\" href=\"https:\/\/crompion.com\/es\/industrias\/mineria\/\"><span  >Conozca m\u00e1s<\/span><\/a>\n                        <\/div>\n                    <\/div>\n                <\/div>\n            <\/div>\n<div class=\"uc_overlay_hover_carousel_container_holder\">\n                <div class=\"uc_overlay_hover_carousel_placeholder\" style=\"background:#1d2d3a;\">\n                    <img src=\"https:\/\/crompion.com\/wp-content\/uploads\/2020\/05\/i-Sugarcane.jpg\" alt=\"\">\n                <\/div>\n                \n\t\t\t\t<div class=\"uc_overlay_hover_carousel_content\">\n                \t<div class=\"uc_elegant_content_box\">\n                        <h2 style=\"color:#ffffff;\"><span  >Ca\u00f1a de az\u00facar<\/span><\/h2>\n                        <div class=\"uc_paragraph\" style=\"color:#ffffff;\"><span  >El acero inoxidable especial Cromgard de Crompion International es muy adecuado para resistir entornos desafiantes, corrosivos y abrasivos.<\/span>\n                        <\/div>\n                        <div class=\"uc_more_btn\">\n                        \t<a class=\"uc_more_btn\" style=\"background:#ffffff; color:#FF8B00;\" href=\"https:\/\/crompion.com\/es\/industrias\/cana-de-azucar\/\"><span  >Conozca m\u00e1s<\/span><\/a>\n                        <\/div>\n                    <\/div>\n                <\/div>\n            <\/div>\n<div class=\"uc_overlay_hover_carousel_container_holder\">\n                <div class=\"uc_overlay_hover_carousel_placeholder\" style=\"background:#1d2d3a;\">\n                    <img src=\"https:\/\/crompion.com\/wp-content\/uploads\/2020\/05\/i-SugarBeet.jpg\" alt=\"\">\n                <\/div>\n                \n\t\t\t\t<div class=\"uc_overlay_hover_carousel_content\">\n                \t<div class=\"uc_elegant_content_box\">\n                        <h2 style=\"color:#ffffff;\"><span  >Remolacha azucarera<\/span><\/h2>\n                        <div class=\"uc_paragraph\" style=\"color:#ffffff;\"><span  >Bien adaptado para resistir entornos desafiantes, corrosivos y abrasivos, el acero inoxidable especial Cromgard de Crompion International tiene una larga historia de desempe\u00f1o superior en la industria de la remolacha azucarera.<\/span>\n                        <\/div>\n                        <div class=\"uc_more_btn\">\n                        \t<a class=\"uc_more_btn\" style=\"background:#ffffff; color:#FF8B00;\" href=\"https:\/\/crompion.com\/es\/industrias\/remolacha-azucarera\/\"><span  >Conozca m\u00e1s<\/span><\/a>\n                        <\/div>\n                    <\/div>\n                <\/div>\n            <\/div>\n<div class=\"uc_overlay_hover_carousel_container_holder\">\n                <div class=\"uc_overlay_hover_carousel_placeholder\" style=\"background:#1d2d3a;\">\n                    <img src=\"https:\/\/crompion.com\/wp-content\/uploads\/2020\/05\/i-Sweeper.jpg\" alt=\"\">\n                <\/div>\n                \n\t\t\t\t<div class=\"uc_overlay_hover_carousel_content\">\n                \t<div class=\"uc_elegant_content_box\">\n                        <h2 style=\"color:#ffffff;\"><span  >Barrendera<\/span><\/h2>\n                        <div class=\"uc_paragraph\" style=\"color:#ffffff;\"><span  >El acero inoxidable especial Cromgard de Crompion International es muy adecuado para resistir entornos desafiantes, corrosivos y abrasivos.<\/span>\n                        <\/div>\n                        <div class=\"uc_more_btn\">\n                        \t<a class=\"uc_more_btn\" style=\"background:#ffffff; color:#FF8B00;\" href=\"https:\/\/crompion.com\/es\/industrias\/barrendero\/\"><span  >Conozca m\u00e1s<\/span><\/a>\n                        <\/div>\n                    <\/div>\n                <\/div>\n            <\/div>\n<div class=\"uc_overlay_hover_carousel_container_holder\">\n                <div class=\"uc_overlay_hover_carousel_placeholder\" style=\"background:#1d2d3a;\">\n                    <img src=\"https:\/\/crompion.com\/wp-content\/uploads\/2020\/05\/i-Ethanol-Biofuel.jpg\" alt=\"\">\n                <\/div>\n                \n\t\t\t\t<div class=\"uc_overlay_hover_carousel_content\">\n                \t<div class=\"uc_elegant_content_box\">\n                        <h2 style=\"color:#ffffff;\"><span  >Etanol y biocombustible<\/span><\/h2>\n                        <div class=\"uc_paragraph\" style=\"color:#ffffff;\"><span  >El acero inoxidable especial Cromgard de Crompion International es muy adecuado para resistir entornos desafiantes, corrosivos y abrasivos.<\/span>\n                        <\/div>\n                        <div class=\"uc_more_btn\">\n                        \t<a class=\"uc_more_btn\" style=\"background:#ffffff; color:#FF8B00;\" href=\"https:\/\/crompion.com\/es\/industrias\/etanol-y-biocombustible\/\"><span  >Conozca m\u00e1s<\/span><\/a>\n                        <\/div>\n                    <\/div>\n                <\/div>\n            <\/div>\n\n      \t<\/div>\n\t<\/div>\n\t\t\t<!-- end Overlay Hover Carousel --><\/div><\/div><\/div><\/div><\/section><div class=\"vc_row-full-width vc_clearfix\"><\/div><\/div>[\/vc_column][\/vc_row][vc_row css=\u00bb.vc_custom_1588718601103{padding-top: 30px !important;padding-bottom: 30px !important;background-color: #eaeaea !important;}\u00bb][vc_column width=\u00bb1\/2&#8243;][vc_single_image image=\u00bb1073&#8243; img_size=\u00bbfull\u00bb alignment=\u00bbcenter\u00bb onclick=\u00bbcustom_link\u00bb img_link_target=\u00bb_blank\u00bb link=\u00bbhttp:\/\/www.astm.org\/index.shtml\u00bb][\/vc_column][vc_column width=\u00bb1\/2&#8243;][vc_single_image image=\u00bb1076&#8243; img_size=\u00bbfull\u00bb alignment=\u00bbcenter\u00bb onclick=\u00bbcustom_link\u00bb img_link_target=\u00bb_blank\u00bb link=\u00bbhttp:\/\/www.nfpa.org\/\u00bb][\/vc_column][\/vc_row]\n","protected":false},"excerpt":{"rendered":"Bien adaptados para hacer frente a entornos corrosivos y abrasivos desafiantes, los aceros inoxidables especiales Cromgard de Crompion International tienen una historia de rendimiento superior en la industria de aparatos contra incendios. Los aceros inoxidables de pr\u00f3xima generaci\u00f3n de bajo costo, Cromgard C12 y C20-1 proporcionan resistencia, resistencia a la corrosi\u00f3n y a la abrasi\u00f3n, [...]","protected":false},"author":1,"featured_media":0,"parent":2771,"menu_order":0,"comment_status":"closed","ping_status":"closed","template":"","meta":{"_joinchat":[]},"_links":{"self":[{"href":"https:\/\/crompion.com\/es\/wp-json\/wp\/v2\/pages\/2785"}],"collection":[{"href":"https:\/\/crompion.com\/es\/wp-json\/wp\/v2\/pages"}],"about":[{"href":"https:\/\/crompion.com\/es\/wp-json\/wp\/v2\/types\/page"}],"author":[{"embeddable":true,"href":"https:\/\/crompion.com\/es\/wp-json\/wp\/v2\/users\/1"}],"replies":[{"embeddable":true,"href":"https:\/\/crompion.com\/es\/wp-json\/wp\/v2\/comments?post=2785"}],"version-history":[{"count":4,"href":"https:\/\/crompion.com\/es\/wp-json\/wp\/v2\/pages\/2785\/revisions"}],"predecessor-version":[{"id":2831,"href":"https:\/\/crompion.com\/es\/wp-json\/wp\/v2\/pages\/2785\/revisions\/2831"}],"up":[{"embeddable":true,"href":"https:\/\/crompion.com\/es\/wp-json\/wp\/v2\/pages\/2771"}],"wp:attachment":[{"href":"https:\/\/crompion.com\/es\/wp-json\/wp\/v2\/media?parent=2785"}],"curies":[{"name":"wp","href":"https:\/\/api.w.org\/{rel}","templated":true}]}}