{"id":2754,"date":"2021-07-27T15:46:55","date_gmt":"2021-07-27T15:46:55","guid":{"rendered":"https:\/\/crompion.com\/?page_id=2754"},"modified":"2023-11-21T20:04:49","modified_gmt":"2023-11-21T20:04:49","slug":"servicios-a-solicitud","status":"publish","type":"page","link":"https:\/\/crompion.com\/es\/ingenieria\/servicios-a-solicitud\/","title":{"rendered":"Servicios a solicitud"},"content":{"rendered":"[vc_row][vc_column][vc_empty_space height=\u00bb82px\u00bb][vc_column_text]<strong>Permita que nuestro equipo t\u00e9cnico trabaje con usted en los servicios que su negocio necesita pero que no se enumeran anteriormente.<\/strong><\/p>\n<p>Si usted tiene una pregunta \u00fanica con respecto a nuestro producto, por favor h\u00e1ganoslo saber. Incluso si est\u00e1 buscando informaci\u00f3n que puede no pertenecer directamente a Cromgard\u00ae Stainless Steel, no tenga miedo de preguntar. Nuestro equipo t\u00e9cnico est\u00e1 formado por veteranos experimentados que han pasado a\u00f1os en el sector de la fabricaci\u00f3n industrial y pueden ser capaces de ayudarle o al menos se\u00f1alarle en la direcci\u00f3n correcta.<\/p>\n<p>Recuerde, estamos aqu\u00ed para ayudar de cualquier manera posible.[\/vc_column_text][\/vc_column][\/vc_row]\n","protected":false},"excerpt":{"rendered":"<p>[vc_row][vc_column][vc_empty_space height=\u00bb82px\u00bb][vc_column_text]Permita que nuestro equipo t\u00e9cnico trabaje con usted en los servicios que su negocio necesita pero que no se enumeran anteriormente. Si usted tiene una pregunta \u00fanica con respecto a nuestro producto, por favor h\u00e1ganoslo saber. Incluso si est\u00e1 buscando informaci\u00f3n que puede no pertenecer directamente a Cromgard\u00ae Stainless Steel, no tenga miedo de [&hellip;]<\/p>\n","protected":false},"author":1,"featured_media":0,"parent":2542,"menu_order":0,"comment_status":"closed","ping_status":"closed","template":"","meta":{"_joinchat":[]},"_links":{"self":[{"href":"https:\/\/crompion.com\/es\/wp-json\/wp\/v2\/pages\/2754"}],"collection":[{"href":"https:\/\/crompion.com\/es\/wp-json\/wp\/v2\/pages"}],"about":[{"href":"https:\/\/crompion.com\/es\/wp-json\/wp\/v2\/types\/page"}],"author":[{"embeddable":true,"href":"https:\/\/crompion.com\/es\/wp-json\/wp\/v2\/users\/1"}],"replies":[{"embeddable":true,"href":"https:\/\/crompion.com\/es\/wp-json\/wp\/v2\/comments?post=2754"}],"version-history":[{"count":2,"href":"https:\/\/crompion.com\/es\/wp-json\/wp\/v2\/pages\/2754\/revisions"}],"predecessor-version":[{"id":3724,"href":"https:\/\/crompion.com\/es\/wp-json\/wp\/v2\/pages\/2754\/revisions\/3724"}],"up":[{"embeddable":true,"href":"https:\/\/crompion.com\/es\/wp-json\/wp\/v2\/pages\/2542"}],"wp:attachment":[{"href":"https:\/\/crompion.com\/es\/wp-json\/wp\/v2\/media?parent=2754"}],"curies":[{"name":"wp","href":"https:\/\/api.w.org\/{rel}","templated":true}]}}