{"id":2748,"date":"2021-07-27T15:40:16","date_gmt":"2021-07-27T15:40:16","guid":{"rendered":"https:\/\/crompion.com\/?page_id=2748"},"modified":"2021-07-27T15:41:50","modified_gmt":"2021-07-27T15:41:50","slug":"schaffer-sugar-services","status":"publish","type":"page","link":"https:\/\/crompion.com\/es\/ingenieria\/schaffer-sugar-services\/","title":{"rendered":"Schaffer Sugar Services"},"content":{"rendered":"[vc_row][vc_column][vc_empty_space height=\u00bb82px\u00bb][vc_column_text]<img loading=\"lazy\" class=\"size-medium wp-image-1316 alignright\" src=\"https:\/\/crompion.com\/wp-content\/uploads\/2020\/05\/logoschaffersugar-300x85.png\" alt=\"\" width=\"300\" height=\"85\" srcset=\"https:\/\/crompion.com\/wp-content\/uploads\/2020\/05\/logoschaffersugar-300x85.png 300w, https:\/\/crompion.com\/wp-content\/uploads\/2020\/05\/logoschaffersugar.png 302w\" sizes=\"(max-width: 300px) 100vw, 300px\" \/><\/p>\n<div class=\"wpb_text_column wpb_content_element \">\n<div class=\"wpb_wrapper\">\n<p>Schaffer Sugar Services, Inc. junto con su empresa matriz Crompion International y socios globales, ha ofrecido servicios de consultor\u00eda y soluciones llave en mano a la industria azucarera desde el a\u00f1o 2000.<\/p>\n<p>Especializada en dise\u00f1o de plantas y equipos, ingenier\u00eda, consultor\u00eda y estudios de eficiencia, Schaffer Sugar Services, Inc. est\u00e1 dirigida por un equipo altamente informado con d\u00e9cadas de experiencia t\u00e9cnica y metal\u00fargica.<\/p>\n<\/div>\n<\/div>\n<div class=\"wpb_text_column wpb_content_element \">\n<div class=\"wpb_wrapper\">\n<p>Se ofrecen servicios de dise\u00f1o e ingenier\u00eda de procesos para la modificaci\u00f3n, expansi\u00f3n y evaluaci\u00f3n de instalaciones nuevas y existentes de az\u00facar, etanol y cogen. Mantenemos los derechos exclusivos del software material y de balance energ\u00e9tico (M&amp;E Balance), as\u00ed como la ingenier\u00eda para interpretar los resultados con el fin de maximizar el dise\u00f1o y la eficiencia operativa.<\/p>\n<\/div>\n<\/div>\n<div class=\"wpb_text_column wpb_content_element \">\n<div class=\"wpb_wrapper\">\n<p>Nuestro equipo de ingenier\u00eda es responsable del dise\u00f1o del Clarificador Crompion LLT. Para obtener m\u00e1s informaci\u00f3n o para citar, haga clic en el siguiente bot\u00f3n:<\/p>\n<\/div>\n<\/div>\n[\/vc_column_text]\n    <div class=\"\">\n        <a class=\"btn    \" href=\"https:\/\/crompion.com\/contact\/\" style=\"\">Cont\u00e1ctenos<\/a>\n    <\/div>\n\n    [vc_empty_space][vc_custom_heading text=\u00bbM\u00e1s informaci\u00f3n:\u00bb font_container=\u00bbtag:h4|text_align:left\u00bb use_theme_fonts=\u00bbyes\u00bb css=\u00bb.vc_custom_1627400507259{margin-bottom: 40px !important;}\u00bb]\n    <div class=\"\">\n        <a class=\"btn btn-large   \" href=\"https:\/\/www.schaffersugar.com\/\" style=\"color:#ffffff;\">Visite el sitio web Schaffer Sugar Services<\/a>\n    <\/div>\n\n    [vc_empty_space][\/vc_column][\/vc_row]\n","protected":false},"excerpt":{"rendered":"<p>[vc_row][vc_column][vc_empty_space height=\u00bb82px\u00bb][vc_column_text] Schaffer Sugar Services, Inc. junto con su empresa matriz Crompion International y socios globales, ha ofrecido servicios de consultor\u00eda y soluciones llave en mano a la industria azucarera desde el a\u00f1o 2000. Especializada en dise\u00f1o de plantas y equipos, ingenier\u00eda, consultor\u00eda y estudios de eficiencia, Schaffer Sugar Services, Inc. est\u00e1 dirigida por un [&hellip;]<\/p>\n","protected":false},"author":1,"featured_media":0,"parent":2542,"menu_order":0,"comment_status":"closed","ping_status":"closed","template":"","meta":{"_joinchat":[]},"_links":{"self":[{"href":"https:\/\/crompion.com\/es\/wp-json\/wp\/v2\/pages\/2748"}],"collection":[{"href":"https:\/\/crompion.com\/es\/wp-json\/wp\/v2\/pages"}],"about":[{"href":"https:\/\/crompion.com\/es\/wp-json\/wp\/v2\/types\/page"}],"author":[{"embeddable":true,"href":"https:\/\/crompion.com\/es\/wp-json\/wp\/v2\/users\/1"}],"replies":[{"embeddable":true,"href":"https:\/\/crompion.com\/es\/wp-json\/wp\/v2\/comments?post=2748"}],"version-history":[{"count":2,"href":"https:\/\/crompion.com\/es\/wp-json\/wp\/v2\/pages\/2748\/revisions"}],"predecessor-version":[{"id":2752,"href":"https:\/\/crompion.com\/es\/wp-json\/wp\/v2\/pages\/2748\/revisions\/2752"}],"up":[{"embeddable":true,"href":"https:\/\/crompion.com\/es\/wp-json\/wp\/v2\/pages\/2542"}],"wp:attachment":[{"href":"https:\/\/crompion.com\/es\/wp-json\/wp\/v2\/media?parent=2748"}],"curies":[{"name":"wp","href":"https:\/\/api.w.org\/{rel}","templated":true}]}}