{"id":2734,"date":"2021-07-27T15:20:28","date_gmt":"2021-07-27T15:20:28","guid":{"rendered":"https:\/\/crompion.com\/?page_id=2734"},"modified":"2023-11-21T20:04:04","modified_gmt":"2023-11-21T20:04:04","slug":"soporte-metalurgico-tecnico","status":"publish","type":"page","link":"https:\/\/crompion.com\/es\/ingenieria\/soporte-metalurgico-tecnico\/","title":{"rendered":"Soporte metal\u00fargico\/t\u00e9cnico"},"content":{"rendered":"[vc_row][vc_column][vc_empty_space height=\u00bb82px\u00bb][vc_custom_heading text=\u00bbEl equipo de soporte de ingenier\u00eda de Crompion International y nuestros socios metal\u00fargicos pueden desarrollar soluciones adaptadas a las necesidades espec\u00edficas del cliente.\u00bb font_container=\u00bbtag:h4|text_align:left\u00bb use_theme_fonts=\u00bbyes\u00bb css=\u00bb.vc_custom_1627399273060{margin-bottom: 40px !important;}\u00bb][vc_column_text]Crompion International cuenta con un equipo t\u00e9cnico con el conocimiento y la experiencia para garantizar que nuestros productos Cromgard\u00ae funcionen al m\u00e1s alto nivel en su proceso de fabricaci\u00f3n. Contamos con ingenieros de metal internos que est\u00e1n disponibles para manejar consultas y ofrecer soluciones potenciales para nuestros clientes. Tambi\u00e9n tenemos soporte de ingenier\u00eda aplicada para ayudar en la revisi\u00f3n de dise\u00f1os e ideas de fabricaci\u00f3n para reducir los costos y el tiempo de entrega.<\/p>\n<p>Por favor, ponga a nuestro equipo a trabajar para usted para que su empresa pueda disfrutar del m\u00e1ximo beneficio de nuestros productos.[\/vc_column_text][\/vc_column][\/vc_row]\n","protected":false},"excerpt":{"rendered":"<p>[vc_row][vc_column][vc_empty_space height=\u00bb82px\u00bb][vc_custom_heading text=\u00bbEl equipo de soporte de ingenier\u00eda de Crompion International y nuestros socios metal\u00fargicos pueden desarrollar soluciones adaptadas a las necesidades espec\u00edficas del cliente.\u00bb font_container=\u00bbtag:h4|text_align:left\u00bb use_theme_fonts=\u00bbyes\u00bb css=\u00bb.vc_custom_1627399273060{margin-bottom: 40px !important;}\u00bb][vc_column_text]Crompion International cuenta con un equipo t\u00e9cnico con el conocimiento y la experiencia para garantizar que nuestros productos Cromgard\u00ae funcionen al m\u00e1s alto nivel en su [&hellip;]<\/p>\n","protected":false},"author":1,"featured_media":0,"parent":2542,"menu_order":0,"comment_status":"closed","ping_status":"closed","template":"","meta":{"_joinchat":[]},"_links":{"self":[{"href":"https:\/\/crompion.com\/es\/wp-json\/wp\/v2\/pages\/2734"}],"collection":[{"href":"https:\/\/crompion.com\/es\/wp-json\/wp\/v2\/pages"}],"about":[{"href":"https:\/\/crompion.com\/es\/wp-json\/wp\/v2\/types\/page"}],"author":[{"embeddable":true,"href":"https:\/\/crompion.com\/es\/wp-json\/wp\/v2\/users\/1"}],"replies":[{"embeddable":true,"href":"https:\/\/crompion.com\/es\/wp-json\/wp\/v2\/comments?post=2734"}],"version-history":[{"count":4,"href":"https:\/\/crompion.com\/es\/wp-json\/wp\/v2\/pages\/2734\/revisions"}],"predecessor-version":[{"id":3723,"href":"https:\/\/crompion.com\/es\/wp-json\/wp\/v2\/pages\/2734\/revisions\/3723"}],"up":[{"embeddable":true,"href":"https:\/\/crompion.com\/es\/wp-json\/wp\/v2\/pages\/2542"}],"wp:attachment":[{"href":"https:\/\/crompion.com\/es\/wp-json\/wp\/v2\/media?parent=2734"}],"curies":[{"name":"wp","href":"https:\/\/api.w.org\/{rel}","templated":true}]}}