{"id":2637,"date":"2021-07-27T00:54:20","date_gmt":"2021-07-27T00:54:20","guid":{"rendered":"https:\/\/crompion.com\/?page_id=2637"},"modified":"2023-11-21T20:05:38","modified_gmt":"2023-11-21T20:05:38","slug":"procesando-metal","status":"publish","type":"page","link":"https:\/\/crompion.com\/es\/materiales-de-acero\/procesando-metal\/","title":{"rendered":"Procesando Metal"},"content":{"rendered":"[vc_row][vc_column][vc_empty_space height=\u00bb82px\u00bb][vc_custom_heading text=\u00bbProcesamiento de Bobinas\u00bb font_container=\u00bbtag:h4|text_align:left\u00bb use_theme_fonts=\u00bbyes\u00bb css=\u00bb.vc_custom_1630099006187{margin-bottom: 40px !important;}\u00bb][vc_column_text]Si la planitud es fundamental en su proceso de fabricaci\u00f3n, Crompion International ofrece servicios de nivelaci\u00f3n de estiramiento y nivelaci\u00f3n de precisi\u00f3n para eliminar la tensi\u00f3n inherente que se produce durante la fabricaci\u00f3n de acero.\u00a0Los clientes de Crompion International que utilizan nuestros servicios de nivelaci\u00f3n de alta calidad ven una variedad de beneficios, que incluyen:<\/p>\n<ul>\n<li style=\"list-style-type: none;\">\n<ul>\n<li>Planicidad Extrema<\/li>\n<li>Mayor Rendimiento<\/li>\n<li>Mano de Obra Reducida<\/li>\n<li>Reducciones Dr\u00e1sticas en la Merma<\/li>\n<li>Rescate Placas que Ir\u00edan a Chatarra.<\/li>\n<\/ul>\n<\/li>\n<\/ul>\n<p><strong>Pulido<\/strong><strong>:<\/strong> Crompion International tambi\u00e9n puede ofrecer hojas pulidas para satisfacer sus necesidades. Todo bajo un mismo techo.<\/p>\n[\/vc_column_text][vc_custom_heading text=\u00bbFabricaci\u00f3n de piezas y componentes\u00bb font_container=\u00bbtag:h4|text_align:left\u00bb use_theme_fonts=\u00bbyes\u00bb css=\u00bb.vc_custom_1627347299973{margin-bottom: 40px !important;}\u00bb][vc_column_text]<strong>Podemos fabricar piezas y componentes de acero inoxidable llave en mano y enviarlos listos para usar.<\/strong><\/p>\n<p>Muchos de los procesos de fabricaci\u00f3n de nuestros clientes se benefician de tener piezas o componentes espec\u00edficos de acero inoxidable fabricados llave en mano y enviados listos para usar.<\/p>\n<div class=\"ulHeader\"><b>Brindamos servicios que pueden ayudar con lo siguiente:<\/b><\/div>\n<ul>\n<li>Reducir pasos en el proceso de fabricaci\u00f3n<\/li>\n<li>Elimina la necesidad de enviar el producto a varios fabricantes.<\/li>\n<li>Reduzca varias \u00f3rdenes de compra<\/li>\n<li>Ahorre dinero y semanas en el plazo de entrega<\/li>\n<li>Reducir los costos de transporte\/manipulaci\u00f3n<\/li>\n<\/ul>\n<p>P\u00f3ngase en contacto con uno de los miembros de nuestro equipo de ingenier\u00eda para descubrir c\u00f3mo podemos asociarnos con usted para desarrollar piezas listas para ensamblar en su proceso de fabricaci\u00f3n.[\/vc_column_text][\/vc_column][\/vc_row]\n","protected":false},"excerpt":{"rendered":"<p>[vc_row][vc_column][vc_empty_space height=\u00bb82px\u00bb][vc_custom_heading text=\u00bbProcesamiento de Bobinas\u00bb font_container=\u00bbtag:h4|text_align:left\u00bb use_theme_fonts=\u00bbyes\u00bb css=\u00bb.vc_custom_1630099006187{margin-bottom: 40px !important;}\u00bb][vc_column_text]Si la planitud es fundamental en su proceso de fabricaci\u00f3n, Crompion International ofrece servicios de nivelaci\u00f3n de estiramiento y nivelaci\u00f3n de precisi\u00f3n para eliminar la tensi\u00f3n inherente que se produce durante la fabricaci\u00f3n de acero.\u00a0Los clientes de Crompion International que utilizan nuestros servicios de nivelaci\u00f3n de [&hellip;]<\/p>\n","protected":false},"author":1,"featured_media":0,"parent":2583,"menu_order":0,"comment_status":"closed","ping_status":"closed","template":"","meta":{"_joinchat":[]},"_links":{"self":[{"href":"https:\/\/crompion.com\/es\/wp-json\/wp\/v2\/pages\/2637"}],"collection":[{"href":"https:\/\/crompion.com\/es\/wp-json\/wp\/v2\/pages"}],"about":[{"href":"https:\/\/crompion.com\/es\/wp-json\/wp\/v2\/types\/page"}],"author":[{"embeddable":true,"href":"https:\/\/crompion.com\/es\/wp-json\/wp\/v2\/users\/1"}],"replies":[{"embeddable":true,"href":"https:\/\/crompion.com\/es\/wp-json\/wp\/v2\/comments?post=2637"}],"version-history":[{"count":7,"href":"https:\/\/crompion.com\/es\/wp-json\/wp\/v2\/pages\/2637\/revisions"}],"predecessor-version":[{"id":3725,"href":"https:\/\/crompion.com\/es\/wp-json\/wp\/v2\/pages\/2637\/revisions\/3725"}],"up":[{"embeddable":true,"href":"https:\/\/crompion.com\/es\/wp-json\/wp\/v2\/pages\/2583"}],"wp:attachment":[{"href":"https:\/\/crompion.com\/es\/wp-json\/wp\/v2\/media?parent=2637"}],"curies":[{"name":"wp","href":"https:\/\/api.w.org\/{rel}","templated":true}]}}