{"id":2629,"date":"2021-07-27T00:48:14","date_gmt":"2021-07-27T00:48:14","guid":{"rendered":"https:\/\/crompion.com\/?page_id=2629"},"modified":"2025-02-18T19:21:17","modified_gmt":"2025-02-18T19:21:17","slug":"fundicion-y-forja","status":"publish","type":"page","link":"https:\/\/crompion.com\/es\/materiales-de-acero\/fundicion-y-forja\/","title":{"rendered":"Fundici\u00f3n y Forja"},"content":{"rendered":"[vc_row][vc_column][vc_empty_space height=\u00bb82px\u00bb][vc_custom_heading text=\u00bbSoluciones Avanzadas en Fundici\u00f3n Pesada por Crompion International\u00bb font_container=\u00bbtag:h4|text_align:left\u00bb use_theme_fonts=\u00bbyes\u00bb css=\u00bb.vc_custom_1739906401697{margin-bottom: 40px !important;}\u00bb][vc_row_inner][vc_column_inner width=\u00bb1\/2&#8243;][vc_column_text]En Crompion International, nos especializamos en ofrecer soluciones de fundici\u00f3n pesada de alta calidad para las industrias de Az\u00facar, Marina y Cemento en EE.UU. y M\u00e9xico. Nuestra experiencia en fabricaci\u00f3n avanzada garantiza un rendimiento superior, mayor durabilidad y eficiencia en cada componente que producimos.<\/p>\n<h4>Nuestros Productos Especializados:<\/h4>\n<ul>\n<li>Coronas de Molino \u2013 Dise\u00f1adas para ofrecer durabilidad excepcional y rendimiento \u00f3ptimo, capaces de resistir las exigencias de las operaciones industriales.<\/li>\n<li>Mazas \u2013 Ingenier\u00eda de precisi\u00f3n para mejorar la extracci\u00f3n de az\u00facar, aumentando la productividad y prolongando la vida \u00fatil del equipo.<\/li>\n<li>Raspadores \u2013 Fabricados para garantizar resistencia y eficiencia, manteniendo procesos de molienda limpios y efectivos.<\/li>\n<\/ul>\n[\/vc_column_text][\/vc_column_inner][vc_column_inner width=\u00bb1\/2&#8243;][vc_single_image image=\u00bb4176&#8243; img_size=\u00bbfull\u00bb][\/vc_column_inner][\/vc_row_inner][vc_row_inner][vc_column_inner][vc_column_text]Nuestras piezas de fundici\u00f3n pesada se fabrican utilizando tecnolog\u00eda de vanguardia y estrictos controles de calidad, asegurando fiabilidad y excelencia en cada producto.<\/p>\n<h4>\u00bfPor qu\u00e9 elegir Crompion?<\/h4>\n<p>Con una s\u00f3lida trayectoria en las industrias de Az\u00facar, Marina y Cemento, en Crompion International ofrecemos soluciones industriales innovadoras que optimizan la eficiencia operativa y extienden la vida \u00fatil del equipo. Nuestro compromiso con la calidad y la innovaci\u00f3n nos permite proporcionar componentes de alto rendimiento adaptados a sus necesidades.<\/p>\n<p>Para m\u00e1s informaci\u00f3n o para discutir c\u00f3mo estas soluciones de fundici\u00f3n pueden beneficiar sus operaciones, no dude en <strong><a href=\"https:\/\/crompion.com\/es\/contacto\/\">contactarnos<\/a><\/strong>.[\/vc_column_text][\/vc_column_inner][\/vc_row_inner][\/vc_column][\/vc_row][vc_row css=\u00bb.vc_custom_1588717236156{padding-top: 60px !important;padding-bottom: 60px !important;background-color: #ededed !important;}\u00bb][vc_column]<div class=\"templatera_shortcode\"><section data-vc-full-width=\"true\" data-vc-full-width-init=\"false\" class=\"wpb_row vc_row-fluid vc_custom_1588961076243 vc_row-has-fill vc_row-full-width\"><div class=\"vc_row\"><div class=\"wpb_column vc_column_container vc_col-sm-12\"><div class=\"vc_column-inner\"><div class=\"wpb_wrapper\">\n\t<div class=\"wpb_text_column wpb_content_element  vc_custom_1542186403106\" >\n\t\t<div class=\"wpb_wrapper\">\n\t\t\t<p class=\"subtitle\">OUR SPECIALIZATION<\/p>\n<h2>Perfect Solutions For Any Industrials<\/h2>\n\n\t\t<\/div>\n\t<\/div>\n<!-- start Overlay Hover Carousel -->\n\t\t<link id='owl-carousel-css' href='https:\/\/crompion.com\/wp-content\/plugins\/unlimited-addons-for-wpbakery-page-builder\/assets_libraries\/owl-carousel\/assets\/owl.carousel.css' type='text\/css' rel='stylesheet' >\n\t\t<link id='uc_ac_assets_file_uc_overlay_hover_carousel_css_4622-css' href='https:\/\/crompion.com\/wp-content\/uploads\/ac_assets\/uc_overlay_hover_carousel\/uc_overlay_hover_carousel.css' type='text\/css' rel='stylesheet' >\n\t\t<link id='uc_ac_assets_file_owl_carousel_css_4112-css' href='https:\/\/crompion.com\/wp-content\/uploads\/ac_assets\/uc_overlay_hover_carousel\/owl.carousel.css' type='text\/css' rel='stylesheet' >\n\n\t\t\t<style type=\"text\/css\">\/* addon: Overlay Hover Carousel *\/\n\n.uc_overlay_hover_carousel .uc_overlay_hover_carousel_container_holder .uc_overlay_hover_carousel_content .uc_elegant_content_box{}\n\n.uc_overlay_hover_carousel .owl-dot {\n    display: inline-block;\n    margin: 0 2px;\n}\n.uc_overlay_hover_carousel .owl-dot {\n    background: #FF8B00 none repeat scroll 0 0;\n    border-radius: 50%;\n    box-sizing: border-box;\n   \n    transform: scale(1);\n    transform-origin: 50% 50% 0;\n    transition: all 0.25s ease-out 0s;\n    width: 6px;\n    height:6px;\n  margin:4px 10px!important;\n}\n.uc_overlay_hover_carousel .owl-dot.active,.uc_overlay_hover_carousel .owl-dot:hover {\n    background: #6A6C71 none repeat scroll 0 0;\n    transform: scale(1);\n    transition: all 0.25s ease-out 0s;\n  height:14px;\n  width: 14px;\n  margin:0 6px!important;\n}\n\n<\/style>\n\n\t\t\t<div class=\"uc_overlay_hover_carousel\">\n        <div class=\"uc_carousel owl-carousel\"><div class=\"uc_overlay_hover_carousel_container_holder\">\n                <div class=\"uc_overlay_hover_carousel_placeholder\" style=\"background:#1d2d3a;\">\n                    <img src=\"https:\/\/crompion.com\/wp-content\/uploads\/2020\/05\/i-coal.jpg\" alt=\"\">\n                <\/div>\n                \n\t\t\t\t<div class=\"uc_overlay_hover_carousel_content\">\n                \t<div class=\"uc_elegant_content_box\">\n                        <h2 style=\"color:#ffffff;\">Coal<\/h2>\n                        <div class=\"uc_paragraph\" style=\"color:#ffffff;\">Well suited to stand up to challenging, corrosive and abrasive environments, Crompion International\u2019s Cromgard Stainless Steels have a history of superior performance in the coal industry.\n                        <\/div>\n                        <div class=\"uc_more_btn\">\n                        \t<a class=\"uc_more_btn\" style=\"background:#ffffff; color:#FF8B00;\" href=\"https:\/\/crompion.com\/industries\/coal\/\">Read More<\/a>\n                        <\/div>\n                    <\/div>\n                <\/div>\n            <\/div>\n<div class=\"uc_overlay_hover_carousel_container_holder\">\n                <div class=\"uc_overlay_hover_carousel_placeholder\" style=\"background:#1d2d3a;\">\n                    <img src=\"https:\/\/crompion.com\/wp-content\/uploads\/2020\/05\/i-Salt-Spreader.jpg\" alt=\"\">\n                <\/div>\n                \n\t\t\t\t<div class=\"uc_overlay_hover_carousel_content\">\n                \t<div class=\"uc_elegant_content_box\">\n                        <h2 style=\"color:#ffffff;\"><span  >Salt Spreader<\/span><\/h2>\n                        <div class=\"uc_paragraph\" style=\"color:#ffffff;\"><span  >Well suited to stand up to challenging, corrosive and abrasive environments, Crompion International\u2019s Cromgard Specialty Stainless Steels.<\/span>\n                        <\/div>\n                        <div class=\"uc_more_btn\">\n                        \t<a class=\"uc_more_btn\" style=\"background:#ffffff; color:#FF8B00;\" href=\"https:\/\/crompion.com\/industries\/salt-spreader\/\"><span  >Read More<\/span><\/a>\n                        <\/div>\n                    <\/div>\n                <\/div>\n            <\/div>\n<div class=\"uc_overlay_hover_carousel_container_holder\">\n                <div class=\"uc_overlay_hover_carousel_placeholder\" style=\"background:#1d2d3a;\">\n                    <img src=\"https:\/\/crompion.com\/wp-content\/uploads\/2020\/05\/i-Fire-Apparatus.jpg\" alt=\"\">\n                <\/div>\n                \n\t\t\t\t<div class=\"uc_overlay_hover_carousel_content\">\n                \t<div class=\"uc_elegant_content_box\">\n                        <h2 style=\"color:#ffffff;\"><span  >Fire Apparatus<\/span><\/h2>\n                        <div class=\"uc_paragraph\" style=\"color:#ffffff;\"><span  >Well suited to stand up to challenging corrosive and abrasive environments, Crompion International\u2019s Cromgard Specialty Stainless Steels have a history of superior performance in the fire apparatus industry.<\/span>\n                        <\/div>\n                        <div class=\"uc_more_btn\">\n                        \t<a class=\"uc_more_btn\" style=\"background:#ffffff; color:#FF8B00;\" href=\"https:\/\/crompion.com\/industries\/fire-apparatus\/\"><span  >Read More<\/span><\/a>\n                        <\/div>\n                    <\/div>\n                <\/div>\n            <\/div>\n<div class=\"uc_overlay_hover_carousel_container_holder\">\n                <div class=\"uc_overlay_hover_carousel_placeholder\" style=\"background:#1d2d3a;\">\n                    <img src=\"https:\/\/crompion.com\/wp-content\/uploads\/2020\/05\/i-Bus-Coach.jpg\" alt=\"\">\n                <\/div>\n                \n\t\t\t\t<div class=\"uc_overlay_hover_carousel_content\">\n                \t<div class=\"uc_elegant_content_box\">\n                        <h2 style=\"color:#ffffff;\"><span  >Bus & Coach<\/span><\/h2>\n                        <div class=\"uc_paragraph\" style=\"color:#ffffff;\"><span  >Well suited to stand up to challenging corrosive and abrasive environments, Crompion International\u2019s Cromgard Specialty Stainless Steels have a history of superior performance in the bus and coach industry.<\/span>\n                        <\/div>\n                        <div class=\"uc_more_btn\">\n                        \t<a class=\"uc_more_btn\" style=\"background:#ffffff; color:#FF8B00;\" href=\"https:\/\/crompion.com\/industries\/bus-coach\/\"><span  >Read More<\/span><\/a>\n                        <\/div>\n                    <\/div>\n                <\/div>\n            <\/div>\n<div class=\"uc_overlay_hover_carousel_container_holder\">\n                <div class=\"uc_overlay_hover_carousel_placeholder\" style=\"background:#1d2d3a;\">\n                    <img src=\"https:\/\/crompion.com\/wp-content\/uploads\/2020\/05\/i-Pulp-Paper.jpg\" alt=\"\">\n                <\/div>\n                \n\t\t\t\t<div class=\"uc_overlay_hover_carousel_content\">\n                \t<div class=\"uc_elegant_content_box\">\n                        <h2 style=\"color:#ffffff;\"><span  >Pulp & Paper<\/span><\/h2>\n                        <div class=\"uc_paragraph\" style=\"color:#ffffff;\"><span  >Running out of money to keep inspecting and repairing corroding steel tanks, stacks, pilings, clarifier hardware, bleach towers, conveyor hoods, ash hoppers and the like?<\/span>\n                        <\/div>\n                        <div class=\"uc_more_btn\">\n                        \t<a class=\"uc_more_btn\" style=\"background:#ffffff; color:#FF8B00;\" href=\"https:\/\/crompion.com\/industries\/pulp-paper\/\"><span  >Read More<\/span><\/a>\n                        <\/div>\n                    <\/div>\n                <\/div>\n            <\/div>\n<div class=\"uc_overlay_hover_carousel_container_holder\">\n                <div class=\"uc_overlay_hover_carousel_placeholder\" style=\"background:#1d2d3a;\">\n                    <img src=\"https:\/\/crompion.com\/wp-content\/uploads\/2020\/05\/i-Mining.jpg\" alt=\"\">\n                <\/div>\n                \n\t\t\t\t<div class=\"uc_overlay_hover_carousel_content\">\n                \t<div class=\"uc_elegant_content_box\">\n                        <h2 style=\"color:#ffffff;\"><span  >Mining<\/span><\/h2>\n                        <div class=\"uc_paragraph\" style=\"color:#ffffff;\"><span  >Well suited to stand up to challenging, corrosive and abrasive environments, Crompion International\u2019s Cromgard Specialty Stainless Steel<\/span>\n                        <\/div>\n                        <div class=\"uc_more_btn\">\n                        \t<a class=\"uc_more_btn\" style=\"background:#ffffff; color:#FF8B00;\" href=\"https:\/\/crompion.com\/industries\/mining\/\"><span  >Read More<\/span><\/a>\n                        <\/div>\n                    <\/div>\n                <\/div>\n            <\/div>\n<div class=\"uc_overlay_hover_carousel_container_holder\">\n                <div class=\"uc_overlay_hover_carousel_placeholder\" style=\"background:#1d2d3a;\">\n                    <img src=\"https:\/\/crompion.com\/wp-content\/uploads\/2020\/05\/i-Sugarcane.jpg\" alt=\"\">\n                <\/div>\n                \n\t\t\t\t<div class=\"uc_overlay_hover_carousel_content\">\n                \t<div class=\"uc_elegant_content_box\">\n                        <h2 style=\"color:#ffffff;\"><span  >Sugarcane<\/span><\/h2>\n                        <div class=\"uc_paragraph\" style=\"color:#ffffff;\"><span  >Well suited to stand up to challenging, corrosive and abrasive environments, Crompion International's Cromgard Specialty Stainless Steel.<\/span>\n                        <\/div>\n                        <div class=\"uc_more_btn\">\n                        \t<a class=\"uc_more_btn\" style=\"background:#ffffff; color:#FF8B00;\" href=\"https:\/\/crompion.com\/industries\/sugarcane\/\"><span  >Read More<\/span><\/a>\n                        <\/div>\n                    <\/div>\n                <\/div>\n            <\/div>\n<div class=\"uc_overlay_hover_carousel_container_holder\">\n                <div class=\"uc_overlay_hover_carousel_placeholder\" style=\"background:#1d2d3a;\">\n                    <img src=\"https:\/\/crompion.com\/wp-content\/uploads\/2020\/05\/i-SugarBeet.jpg\" alt=\"\">\n                <\/div>\n                \n\t\t\t\t<div class=\"uc_overlay_hover_carousel_content\">\n                \t<div class=\"uc_elegant_content_box\">\n                        <h2 style=\"color:#ffffff;\"><span  >Sugar Beet<\/span><\/h2>\n                        <div class=\"uc_paragraph\" style=\"color:#ffffff;\"><span  >Well suited to stand up to challenging, corrosive and abrasive environments, Crompion International\u2019s Cromgard Specialty Stainless Steel has a long history of superior performance in the sugar beet industry.<\/span>\n                        <\/div>\n                        <div class=\"uc_more_btn\">\n                        \t<a class=\"uc_more_btn\" style=\"background:#ffffff; color:#FF8B00;\" href=\"https:\/\/crompion.com\/industries\/sugar-beet\/\"><span  >Read More<\/span><\/a>\n                        <\/div>\n                    <\/div>\n                <\/div>\n            <\/div>\n<div class=\"uc_overlay_hover_carousel_container_holder\">\n                <div class=\"uc_overlay_hover_carousel_placeholder\" style=\"background:#1d2d3a;\">\n                    <img src=\"https:\/\/crompion.com\/wp-content\/uploads\/2020\/05\/i-Sweeper.jpg\" alt=\"\">\n                <\/div>\n                \n\t\t\t\t<div class=\"uc_overlay_hover_carousel_content\">\n                \t<div class=\"uc_elegant_content_box\">\n                        <h2 style=\"color:#ffffff;\"><span  >Sweeper<\/span><\/h2>\n                        <div class=\"uc_paragraph\" style=\"color:#ffffff;\"><span  >Well suited to stand up to challenging, corrosive and abrasive environments, Crompion International\u2019s Cromgard Specialty Stainless Steel<\/span>\n                        <\/div>\n                        <div class=\"uc_more_btn\">\n                        \t<a class=\"uc_more_btn\" style=\"background:#ffffff; color:#FF8B00;\" href=\"https:\/\/crompion.com\/industries\/sweeper\/\"><span  >Read More<\/span><\/a>\n                        <\/div>\n                    <\/div>\n                <\/div>\n            <\/div>\n<div class=\"uc_overlay_hover_carousel_container_holder\">\n                <div class=\"uc_overlay_hover_carousel_placeholder\" style=\"background:#1d2d3a;\">\n                    <img src=\"https:\/\/crompion.com\/wp-content\/uploads\/2020\/05\/i-Ethanol-Biofuel.jpg\" alt=\"\">\n                <\/div>\n                \n\t\t\t\t<div class=\"uc_overlay_hover_carousel_content\">\n                \t<div class=\"uc_elegant_content_box\">\n                        <h2 style=\"color:#ffffff;\"><span  >Ethanol & Biofuel<\/span><\/h2>\n                        <div class=\"uc_paragraph\" style=\"color:#ffffff;\"><span  >Well suited to stand up to challenging, corrosive and abrasive environments, Crompion International\u2019s Cromgard Specialty Stainless Steels<\/span>\n                        <\/div>\n                        <div class=\"uc_more_btn\">\n                        \t<a class=\"uc_more_btn\" style=\"background:#ffffff; color:#FF8B00;\" href=\"https:\/\/crompion.com\/industries\/ethanol-biofuel\/\"><span  >Read More<\/span><\/a>\n                        <\/div>\n                    <\/div>\n                <\/div>\n            <\/div>\n\n      \t<\/div>\n\t<\/div>\n\t\t\t<!-- end Overlay Hover Carousel --><\/div><\/div><\/div><\/div><\/section><div class=\"vc_row-full-width vc_clearfix\"><\/div><\/div>[\/vc_column][\/vc_row][vc_row css=\u00bb.vc_custom_1588718601103{padding-top: 30px !important;padding-bottom: 30px !important;background-color: #eaeaea !important;}\u00bb][vc_column width=\u00bb1\/2&#8243;][vc_single_image image=\u00bb1073&#8243; img_size=\u00bbfull\u00bb alignment=\u00bbcenter\u00bb onclick=\u00bbcustom_link\u00bb img_link_target=\u00bb_blank\u00bb link=\u00bbhttp:\/\/www.astm.org\/index.shtml\u00bb][\/vc_column][vc_column width=\u00bb1\/2&#8243;][vc_single_image image=\u00bb1076&#8243; img_size=\u00bbfull\u00bb alignment=\u00bbcenter\u00bb onclick=\u00bbcustom_link\u00bb img_link_target=\u00bb_blank\u00bb link=\u00bbhttp:\/\/www.nfpa.org\/\u00bb][\/vc_column][\/vc_row]\n","protected":false},"excerpt":{"rendered":"Soluciones Avanzadas en Fundici\u00f3n Pesada por Crompion International En Crompion International, nos especializamos en ofrecer soluciones de fundici\u00f3n pesada de alta calidad para las industrias de Az\u00facar, Marina y Cemento en EE.UU. y M\u00e9xico. Nuestra experiencia en fabricaci\u00f3n avanzada garantiza un rendimiento superior, mayor durabilidad y eficiencia en cada componente que producimos. Nuestros Productos Especializados: [...]","protected":false},"author":1,"featured_media":0,"parent":2583,"menu_order":0,"comment_status":"closed","ping_status":"closed","template":"","meta":{"_joinchat":[]},"_links":{"self":[{"href":"https:\/\/crompion.com\/es\/wp-json\/wp\/v2\/pages\/2629"}],"collection":[{"href":"https:\/\/crompion.com\/es\/wp-json\/wp\/v2\/pages"}],"about":[{"href":"https:\/\/crompion.com\/es\/wp-json\/wp\/v2\/types\/page"}],"author":[{"embeddable":true,"href":"https:\/\/crompion.com\/es\/wp-json\/wp\/v2\/users\/1"}],"replies":[{"embeddable":true,"href":"https:\/\/crompion.com\/es\/wp-json\/wp\/v2\/comments?post=2629"}],"version-history":[{"count":8,"href":"https:\/\/crompion.com\/es\/wp-json\/wp\/v2\/pages\/2629\/revisions"}],"predecessor-version":[{"id":4181,"href":"https:\/\/crompion.com\/es\/wp-json\/wp\/v2\/pages\/2629\/revisions\/4181"}],"up":[{"embeddable":true,"href":"https:\/\/crompion.com\/es\/wp-json\/wp\/v2\/pages\/2583"}],"wp:attachment":[{"href":"https:\/\/crompion.com\/es\/wp-json\/wp\/v2\/media?parent=2629"}],"curies":[{"name":"wp","href":"https:\/\/api.w.org\/{rel}","templated":true}]}}