{"id":2617,"date":"2021-07-27T00:11:59","date_gmt":"2021-07-27T00:11:59","guid":{"rendered":"https:\/\/crompion.com\/?page_id=2617"},"modified":"2021-08-27T20:23:56","modified_gmt":"2021-08-27T20:23:56","slug":"tuberia-y-tubo","status":"publish","type":"page","link":"https:\/\/crompion.com\/es\/materiales-de-acero\/tuberia-y-tubo\/","title":{"rendered":"Tuber\u00eda y Ductos"},"content":{"rendered":"[vc_row][vc_column][vc_empty_space height=\u00bb82px\u00bb][vc_custom_heading text=\u00bbTuber\u00eda Estructural Cromgard\u00ae C12 ASTM A554&#8243; font_container=\u00bbtag:h4|text_align:left\u00bb use_theme_fonts=\u00bbyes\u00bb css=\u00bb.vc_custom_1630094170396{margin-bottom: 40px !important;}\u00bb][vc_column_text]La tuber\u00eda estructural Cromgard\u00ae C12 A554 tiene un 85% l\u00edmite el\u00e1stico comparado con el 304L y no tiene paralelo para aplicaciones estructurales en comparaci\u00f3n con los aceros al carbono revestidos o los aceros inoxidables de la serie 300. La resistencia a la corrosi\u00f3n del Cromgard\u00ae C12 es similar a la del acero inoxidable Tipo 409. Est\u00e1 disponible en acabados HR y CR, y es sustancialmente m\u00e1s resistente a la corrosi\u00f3n que los aceros desgastados, pintados o galvanizados. Adem\u00e1s, la alta resistencia de Cromgard\u00ae permite opciones de dise\u00f1o de bajo peso. Su resistencia a la corrosi\u00f3n hacen que Cromgard\u00ae sea m\u00e1s rentable que otros aceros.<\/p>\n<p>Crompion International ofrece tuber\u00eda Cromgard\u00ae C12 que se corta, perfora, forma y suelda f\u00e1cilmente y se puede suministrar en varios tama\u00f1os.<\/p>\n<table border=\"0\" width=\"100%\" cellspacing=\"0\" cellpadding=\"0\" align=\"left\">\n<tbody>\n<tr>\n<td><b>Forma<\/b><\/td>\n<td><b>Tama\u00f1o<\/b><\/td>\n<td><b>Espesor de pared<\/b><\/td>\n<\/tr>\n<tr>\n<td>Cuadrado<\/td>\n<td>1\u2033 hasta 4\u2033<\/td>\n<td>1.0 mm hasta 6.35 mm<\/td>\n<\/tr>\n<tr>\n<td>Redondo<\/td>\n<td>1\/2\u2033 hasta 3&#8243;<\/td>\n<td>1.0 mm hasta 6.35 mm<\/td>\n<\/tr>\n<tr>\n<td>Rect\u00e1ngulo<\/td>\n<td>1\/2\u2033 x 1&#8243; hasta 3&#8243;x 5&#8243;<\/td>\n<td>1.0 mm hasta 6.35 mm<\/td>\n<\/tr>\n<\/tbody>\n<\/table>\n<p><strong>Los servicios de procesamiento incluyen<\/strong>\u00a0: corte recto, corte a inglete, doblado, desbarbado con brocha y biselado.\u00a0Contamos con un equipo interno de ingenieros que pueden ayudarlo con cualquier pregunta que pueda tener sobre c\u00f3mo nuestros tubos estructurales pueden mejorar su producto final.<\/p>\n<p>Para obtener m\u00e1s informaci\u00f3n sobre c\u00f3mo los productos Cromgard\u00ae pueden ayudar a mejorar su proceso de fabricaci\u00f3n general, reducir el mantenimiento y prolongar la vida \u00fatil de su equipo, comun\u00edquese con nosotros al 225-343-4219 y pregunte por un miembro de nuestro equipo de servicios t\u00e9cnicos.<\/p>\n<p><strong>Aplicaciones industriales<\/strong>\u00a0: La tuber\u00eda Cromgard\u00ae C12 A554 es el material \u00f3ptimo para estructuras y marcos y se usa com\u00fanmente en una variedad de industrias, que incluyen:<\/p>\n<p>Transporte: Autob\u00fas: Construcci\u00f3n de chasis y caja de bater\u00eda<\/p>\n<p>Aparato Contra Incendios: Construcci\u00f3n de cabina<\/p>\n<p>Vagones de Ferrocarril: Ensambles de riostra transversal[\/vc_column_text][vc_empty_space][vc_custom_heading text=\u00bbTubo de az\u00facar Cromgard\u00ae\u00bb font_container=\u00bbtag:h4|text_align:left\u00bb use_theme_fonts=\u00bbyes\u00bb css=\u00bb.vc_custom_1627344671389{margin-bottom: 40px !important;}\u00bb][vc_column_text]En muchas industrias, precalentar el aire de combusti\u00f3n a medida que ingresa a los quemadores es una pr\u00e1ctica com\u00fan para aumentar la eficiencia y la productividad.\u00a0Estos calentadores de aire a menudo est\u00e1n hechos de tubos de acero al carbono de paredes delgadas que promueven una buena transferencia de calor, pero generalmente presentan desgaste en el extremo caliente y corrosi\u00f3n en el extremo fr\u00edo durante los primeros meses de funcionamiento.\u00a0Este deterioro conduce a una reducci\u00f3n de la eficiencia y puede requerir el reemplazo de todo el tubo a pesar de que los da\u00f1os son solo en los extremos.\u00a0El reemplazo se realiza manualmente y en condiciones dif\u00edciles, lo que es costoso y conduce a un tiempo de inactividad significativo.<\/p>\n<p>El tubo de precalentador de aire Cromgard\u00ae de Crompion International no solo proporciona altos coeficientes de transferencia de calor, sino que tambi\u00e9n ofrece una alta resistencia a la corrosi\u00f3n y la abrasi\u00f3n para garantizar que dure a\u00f1os m\u00e1s que el acero al carbono.<\/p>\n<p>El tubo de evaporador Cromgard\u00ae serie C18 de Crompion International es perfecto para una variedad de aplicaciones de baja presi\u00f3n y temperatura elevada en una amplia gama de industrias. Este tubo se usa m\u00e1s com\u00fanmente para recipientes de vac\u00edo, tubos de intercambiadores de calor, tubos de evaporadores y tubos de calentadores. La resistencia superior de la tuber\u00eda y la resistencia a la corrosi\u00f3n\/abrasi\u00f3n supera sustancialmente a otros grados de acero de uso com\u00fan y es mucho m\u00e1s econ\u00f3mica que el cobre.<\/p>\n<p>Para obtener m\u00e1s informaci\u00f3n sobre c\u00f3mo los productos Cromgard\u00ae pueden ayudar a mejorar su proceso de fabricaci\u00f3n general, reducir el mantenimiento y prolongar la vida \u00fatil de su equipo, comun\u00edquese con nosotros al 225-343-4219 y pregunte por un miembro de nuestro equipo de servicios t\u00e9cnicos.<\/p>\n<p>LLos tubos Cromgard\u00ae con aplicaciones en la industria azucarera incluyen lo siguiente:<\/p>\n<ul>\n<li>Tubos Intercambiadores de calor<\/li>\n<li>Tubos para Evaporadores<\/li>\n<li>Tubos para Calentadores de Jugo<\/li>\n<\/ul>\n[\/vc_column_text][vc_column_text]\n<h4>Crompion puede suministrar tuber\u00edas en cualquier grado de acero, incluidos 304 y 316.<\/h4>\n[\/vc_column_text][\/vc_column][\/vc_row][vc_row css=\u00bb.vc_custom_1588717236156{padding-top: 60px !important;padding-bottom: 60px !important;background-color: #ededed !important;}\u00bb][vc_column]<div class=\"templatera_shortcode\"><section data-vc-full-width=\"true\" data-vc-full-width-init=\"false\" class=\"wpb_row vc_row-fluid vc_custom_1588961076243 vc_row-has-fill vc_row-full-width\"><div class=\"vc_row\"><div class=\"wpb_column vc_column_container vc_col-sm-12\"><div class=\"vc_column-inner\"><div class=\"wpb_wrapper\">\n\t<div class=\"wpb_text_column wpb_content_element  vc_custom_1627339054412\" >\n\t\t<div class=\"wpb_wrapper\">\n\t\t\t<p class=\"subtitle\">NUESTRA ESPECIALIDAD<\/p>\n<h2>Soluciones perfectas para cualquier industria<\/h2>\n\n\t\t<\/div>\n\t<\/div>\n<!-- start Overlay Hover Carousel -->\n\t\t<link id='owl-carousel-css' href='https:\/\/crompion.com\/wp-content\/plugins\/unlimited-addons-for-wpbakery-page-builder\/assets_libraries\/owl-carousel\/assets\/owl.carousel.css' type='text\/css' rel='stylesheet' >\n\t\t<link id='uc_ac_assets_file_uc_overlay_hover_carousel_css_4622-css' href='https:\/\/crompion.com\/wp-content\/uploads\/ac_assets\/uc_overlay_hover_carousel\/uc_overlay_hover_carousel.css' type='text\/css' rel='stylesheet' >\n\t\t<link id='uc_ac_assets_file_owl_carousel_css_4112-css' href='https:\/\/crompion.com\/wp-content\/uploads\/ac_assets\/uc_overlay_hover_carousel\/owl.carousel.css' type='text\/css' rel='stylesheet' >\n\n\t\t\t<style type=\"text\/css\">\/* addon: Overlay Hover Carousel *\/\n\n.uc_overlay_hover_carousel .uc_overlay_hover_carousel_container_holder .uc_overlay_hover_carousel_content .uc_elegant_content_box{}\n\n.uc_overlay_hover_carousel .owl-dot {\n    display: inline-block;\n    margin: 0 2px;\n}\n.uc_overlay_hover_carousel .owl-dot {\n    background: #FF8B00 none repeat scroll 0 0;\n    border-radius: 50%;\n    box-sizing: border-box;\n   \n    transform: scale(1);\n    transform-origin: 50% 50% 0;\n    transition: all 0.25s ease-out 0s;\n    width: 6px;\n    height:6px;\n  margin:4px 10px!important;\n}\n.uc_overlay_hover_carousel .owl-dot.active,.uc_overlay_hover_carousel .owl-dot:hover {\n    background: #6A6C71 none repeat scroll 0 0;\n    transform: scale(1);\n    transition: all 0.25s ease-out 0s;\n  height:14px;\n  width: 14px;\n  margin:0 6px!important;\n}\n\n<\/style>\n\n\t\t\t<div class=\"uc_overlay_hover_carousel\">\n        <div class=\"uc_carousel owl-carousel\"><div class=\"uc_overlay_hover_carousel_container_holder\">\n                <div class=\"uc_overlay_hover_carousel_placeholder\" style=\"background:#1d2d3a;\">\n                    <img src=\"https:\/\/crompion.com\/wp-content\/uploads\/2020\/05\/i-coal.jpg\" alt=\"\">\n                <\/div>\n                \n\t\t\t\t<div class=\"uc_overlay_hover_carousel_content\">\n                \t<div class=\"uc_elegant_content_box\">\n                        <h2 style=\"color:#ffffff;\">Industria del Carb\u00f3n<\/h2>\n                        <div class=\"uc_paragraph\" style=\"color:#ffffff;\">Bien adaptados para resistir entornos desafiantes, corrosivos y abrasivos, los aceros inoxidables Cromgard de Crompion International tienen un historial de desempe\u00f1o superior en la industria del carb\u00f3n.\n                        <\/div>\n                        <div class=\"uc_more_btn\">\n                        \t<a class=\"uc_more_btn\" style=\"background:#ffffff; color:#FF8B00;\" href=\"https:\/\/crompion.com\/es\/industrias\/carbon\/\">Conozca m\u00e1s<\/a>\n                        <\/div>\n                    <\/div>\n                <\/div>\n            <\/div>\n<div class=\"uc_overlay_hover_carousel_container_holder\">\n                <div class=\"uc_overlay_hover_carousel_placeholder\" style=\"background:#1d2d3a;\">\n                    <img src=\"https:\/\/crompion.com\/wp-content\/uploads\/2020\/05\/i-Salt-Spreader.jpg\" alt=\"\">\n                <\/div>\n                \n\t\t\t\t<div class=\"uc_overlay_hover_carousel_content\">\n                \t<div class=\"uc_elegant_content_box\">\n                        <h2 style=\"color:#ffffff;\"><span  >Esparcidor de sal<\/span><\/h2>\n                        <div class=\"uc_paragraph\" style=\"color:#ffffff;\"><span  >El acero inoxidable especial Cromgard de Crompion International es muy adecuado para resistir entornos desafiantes, corrosivos y abrasivos.<\/span>\n                        <\/div>\n                        <div class=\"uc_more_btn\">\n                        \t<a class=\"uc_more_btn\" style=\"background:#ffffff; color:#FF8B00;\" href=\"https:\/\/crompion.com\/es\/industrias\/esparcidor-de-sal\/\"><span  >Conozca m\u00e1s<\/span><\/a>\n                        <\/div>\n                    <\/div>\n                <\/div>\n            <\/div>\n<div class=\"uc_overlay_hover_carousel_container_holder\">\n                <div class=\"uc_overlay_hover_carousel_placeholder\" style=\"background:#1d2d3a;\">\n                    <img src=\"https:\/\/crompion.com\/wp-content\/uploads\/2020\/05\/i-Fire-Apparatus.jpg\" alt=\"\">\n                <\/div>\n                \n\t\t\t\t<div class=\"uc_overlay_hover_carousel_content\">\n                \t<div class=\"uc_elegant_content_box\">\n                        <h2 style=\"color:#ffffff;\"><span  >M\u00e1quinas contra Incendios<\/span><\/h2>\n                        <div class=\"uc_paragraph\" style=\"color:#ffffff;\"><span  >Muy adecuados para resistir entornos corrosivos y abrasivos desafiantes, los aceros inoxidables especiales Cromgard de Crompion International tienen un historial de rendimiento superior en la industria de aparatos contra incendios.<\/span>\n                        <\/div>\n                        <div class=\"uc_more_btn\">\n                        \t<a class=\"uc_more_btn\" style=\"background:#ffffff; color:#FF8B00;\" href=\"https:\/\/crompion.com\/es\/industrias\/aparatos-contra-incendios\/\"><span  >Conozca m\u00e1s<\/span><\/a>\n                        <\/div>\n                    <\/div>\n                <\/div>\n            <\/div>\n<div class=\"uc_overlay_hover_carousel_container_holder\">\n                <div class=\"uc_overlay_hover_carousel_placeholder\" style=\"background:#1d2d3a;\">\n                    <img src=\"https:\/\/crompion.com\/wp-content\/uploads\/2020\/05\/i-Bus-Coach.jpg\" alt=\"\">\n                <\/div>\n                \n\t\t\t\t<div class=\"uc_overlay_hover_carousel_content\">\n                \t<div class=\"uc_elegant_content_box\">\n                        <h2 style=\"color:#ffffff;\"><span  >Autob\u00fas y autocar<\/span><\/h2>\n                        <div class=\"uc_paragraph\" style=\"color:#ffffff;\"><span  >Muy adecuados para resistir entornos corrosivos y abrasivos desafiantes, los aceros inoxidables especiales Cromgard de Crompion International tienen un historial de rendimiento superior en la industria de autobuses y autocares.<\/span>\n                        <\/div>\n                        <div class=\"uc_more_btn\">\n                        \t<a class=\"uc_more_btn\" style=\"background:#ffffff; color:#FF8B00;\" href=\"https:\/\/crompion.com\/es\/industrias\/autobus-y-autocar\/\"><span  >Conozca m\u00e1s<\/span><\/a>\n                        <\/div>\n                    <\/div>\n                <\/div>\n            <\/div>\n<div class=\"uc_overlay_hover_carousel_container_holder\">\n                <div class=\"uc_overlay_hover_carousel_placeholder\" style=\"background:#1d2d3a;\">\n                    <img src=\"https:\/\/crompion.com\/wp-content\/uploads\/2020\/05\/i-Pulp-Paper.jpg\" alt=\"\">\n                <\/div>\n                \n\t\t\t\t<div class=\"uc_overlay_hover_carousel_content\">\n                \t<div class=\"uc_elegant_content_box\">\n                        <h2 style=\"color:#ffffff;\"><span  >Pulpa & Papel<\/span><\/h2>\n                        <div class=\"uc_paragraph\" style=\"color:#ffffff;\"><span  >\u00bfSe est\u00e1 quedando sin dinero para seguir inspeccionando y reparando tanques de acero corro\u00eddos, pilas, pilotes, accesorios clarificadores, torres de blanqueo, campanas transportadoras, tolvas de cenizas y similares?<\/span>\n                        <\/div>\n                        <div class=\"uc_more_btn\">\n                        \t<a class=\"uc_more_btn\" style=\"background:#ffffff; color:#FF8B00;\" href=\"https:\/\/crompion.com\/es\/industrias\/pulpa-y-papel\/\"><span  >Conozca m\u00e1s<\/span><\/a>\n                        <\/div>\n                    <\/div>\n                <\/div>\n            <\/div>\n<div class=\"uc_overlay_hover_carousel_container_holder\">\n                <div class=\"uc_overlay_hover_carousel_placeholder\" style=\"background:#1d2d3a;\">\n                    <img src=\"https:\/\/crompion.com\/wp-content\/uploads\/2020\/05\/i-Mining.jpg\" alt=\"\">\n                <\/div>\n                \n\t\t\t\t<div class=\"uc_overlay_hover_carousel_content\">\n                \t<div class=\"uc_elegant_content_box\">\n                        <h2 style=\"color:#ffffff;\"><span  >Miner\u00eda<\/span><\/h2>\n                        <div class=\"uc_paragraph\" style=\"color:#ffffff;\"><span  >El acero inoxidable especial Cromgard de Crompion International es muy adecuado para resistir entornos desafiantes, corrosivos y abrasivos.<\/span>\n                        <\/div>\n                        <div class=\"uc_more_btn\">\n                        \t<a class=\"uc_more_btn\" style=\"background:#ffffff; color:#FF8B00;\" href=\"https:\/\/crompion.com\/es\/industrias\/mineria\/\"><span  >Conozca m\u00e1s<\/span><\/a>\n                        <\/div>\n                    <\/div>\n                <\/div>\n            <\/div>\n<div class=\"uc_overlay_hover_carousel_container_holder\">\n                <div class=\"uc_overlay_hover_carousel_placeholder\" style=\"background:#1d2d3a;\">\n                    <img src=\"https:\/\/crompion.com\/wp-content\/uploads\/2020\/05\/i-Sugarcane.jpg\" alt=\"\">\n                <\/div>\n                \n\t\t\t\t<div class=\"uc_overlay_hover_carousel_content\">\n                \t<div class=\"uc_elegant_content_box\">\n                        <h2 style=\"color:#ffffff;\"><span  >Ca\u00f1a de az\u00facar<\/span><\/h2>\n                        <div class=\"uc_paragraph\" style=\"color:#ffffff;\"><span  >El acero inoxidable especial Cromgard de Crompion International es muy adecuado para resistir entornos desafiantes, corrosivos y abrasivos.<\/span>\n                        <\/div>\n                        <div class=\"uc_more_btn\">\n                        \t<a class=\"uc_more_btn\" style=\"background:#ffffff; color:#FF8B00;\" href=\"https:\/\/crompion.com\/es\/industrias\/cana-de-azucar\/\"><span  >Conozca m\u00e1s<\/span><\/a>\n                        <\/div>\n                    <\/div>\n                <\/div>\n            <\/div>\n<div class=\"uc_overlay_hover_carousel_container_holder\">\n                <div class=\"uc_overlay_hover_carousel_placeholder\" style=\"background:#1d2d3a;\">\n                    <img src=\"https:\/\/crompion.com\/wp-content\/uploads\/2020\/05\/i-SugarBeet.jpg\" alt=\"\">\n                <\/div>\n                \n\t\t\t\t<div class=\"uc_overlay_hover_carousel_content\">\n                \t<div class=\"uc_elegant_content_box\">\n                        <h2 style=\"color:#ffffff;\"><span  >Remolacha azucarera<\/span><\/h2>\n                        <div class=\"uc_paragraph\" style=\"color:#ffffff;\"><span  >Bien adaptado para resistir entornos desafiantes, corrosivos y abrasivos, el acero inoxidable especial Cromgard de Crompion International tiene una larga historia de desempe\u00f1o superior en la industria de la remolacha azucarera.<\/span>\n                        <\/div>\n                        <div class=\"uc_more_btn\">\n                        \t<a class=\"uc_more_btn\" style=\"background:#ffffff; color:#FF8B00;\" href=\"https:\/\/crompion.com\/es\/industrias\/remolacha-azucarera\/\"><span  >Conozca m\u00e1s<\/span><\/a>\n                        <\/div>\n                    <\/div>\n                <\/div>\n            <\/div>\n<div class=\"uc_overlay_hover_carousel_container_holder\">\n                <div class=\"uc_overlay_hover_carousel_placeholder\" style=\"background:#1d2d3a;\">\n                    <img src=\"https:\/\/crompion.com\/wp-content\/uploads\/2020\/05\/i-Sweeper.jpg\" alt=\"\">\n                <\/div>\n                \n\t\t\t\t<div class=\"uc_overlay_hover_carousel_content\">\n                \t<div class=\"uc_elegant_content_box\">\n                        <h2 style=\"color:#ffffff;\"><span  >Barrendera<\/span><\/h2>\n                        <div class=\"uc_paragraph\" style=\"color:#ffffff;\"><span  >El acero inoxidable especial Cromgard de Crompion International es muy adecuado para resistir entornos desafiantes, corrosivos y abrasivos.<\/span>\n                        <\/div>\n                        <div class=\"uc_more_btn\">\n                        \t<a class=\"uc_more_btn\" style=\"background:#ffffff; color:#FF8B00;\" href=\"https:\/\/crompion.com\/es\/industrias\/barrendero\/\"><span  >Conozca m\u00e1s<\/span><\/a>\n                        <\/div>\n                    <\/div>\n                <\/div>\n            <\/div>\n<div class=\"uc_overlay_hover_carousel_container_holder\">\n                <div class=\"uc_overlay_hover_carousel_placeholder\" style=\"background:#1d2d3a;\">\n                    <img src=\"https:\/\/crompion.com\/wp-content\/uploads\/2020\/05\/i-Ethanol-Biofuel.jpg\" alt=\"\">\n                <\/div>\n                \n\t\t\t\t<div class=\"uc_overlay_hover_carousel_content\">\n                \t<div class=\"uc_elegant_content_box\">\n                        <h2 style=\"color:#ffffff;\"><span  >Etanol y biocombustible<\/span><\/h2>\n                        <div class=\"uc_paragraph\" style=\"color:#ffffff;\"><span  >El acero inoxidable especial Cromgard de Crompion International es muy adecuado para resistir entornos desafiantes, corrosivos y abrasivos.<\/span>\n                        <\/div>\n                        <div class=\"uc_more_btn\">\n                        \t<a class=\"uc_more_btn\" style=\"background:#ffffff; color:#FF8B00;\" href=\"https:\/\/crompion.com\/es\/industrias\/etanol-y-biocombustible\/\"><span  >Conozca m\u00e1s<\/span><\/a>\n                        <\/div>\n                    <\/div>\n                <\/div>\n            <\/div>\n\n      \t<\/div>\n\t<\/div>\n\t\t\t<!-- end Overlay Hover Carousel --><\/div><\/div><\/div><\/div><\/section><div class=\"vc_row-full-width vc_clearfix\"><\/div><\/div>[\/vc_column][\/vc_row][vc_row css=\u00bb.vc_custom_1588718601103{padding-top: 30px !important;padding-bottom: 30px !important;background-color: #eaeaea !important;}\u00bb][vc_column width=\u00bb1\/2&#8243;][vc_single_image image=\u00bb1073&#8243; img_size=\u00bbfull\u00bb alignment=\u00bbcenter\u00bb onclick=\u00bbcustom_link\u00bb img_link_target=\u00bb_blank\u00bb link=\u00bbhttp:\/\/www.astm.org\/index.shtml\u00bb][\/vc_column][vc_column width=\u00bb1\/2&#8243;][vc_single_image image=\u00bb1076&#8243; img_size=\u00bbfull\u00bb alignment=\u00bbcenter\u00bb onclick=\u00bbcustom_link\u00bb img_link_target=\u00bb_blank\u00bb link=\u00bbhttp:\/\/www.nfpa.org\/\u00bb][\/vc_column][\/vc_row]\n","protected":false},"excerpt":{"rendered":"Tuber\u00eda Estructural Cromgard\u00ae C12 ASTM A554 La tuber\u00eda estructural Cromgard\u00ae C12 A554 tiene un 85% l\u00edmite el\u00e1stico comparado con el 304L y no tiene paralelo para aplicaciones estructurales en comparaci\u00f3n con los aceros al carbono revestidos o los aceros inoxidables de la serie 300. La resistencia a la corrosi\u00f3n del Cromgard\u00ae C12 es similar a [...]","protected":false},"author":1,"featured_media":0,"parent":2583,"menu_order":0,"comment_status":"closed","ping_status":"closed","template":"","meta":{"_joinchat":[]},"_links":{"self":[{"href":"https:\/\/crompion.com\/es\/wp-json\/wp\/v2\/pages\/2617"}],"collection":[{"href":"https:\/\/crompion.com\/es\/wp-json\/wp\/v2\/pages"}],"about":[{"href":"https:\/\/crompion.com\/es\/wp-json\/wp\/v2\/types\/page"}],"author":[{"embeddable":true,"href":"https:\/\/crompion.com\/es\/wp-json\/wp\/v2\/users\/1"}],"replies":[{"embeddable":true,"href":"https:\/\/crompion.com\/es\/wp-json\/wp\/v2\/comments?post=2617"}],"version-history":[{"count":12,"href":"https:\/\/crompion.com\/es\/wp-json\/wp\/v2\/pages\/2617\/revisions"}],"predecessor-version":[{"id":2885,"href":"https:\/\/crompion.com\/es\/wp-json\/wp\/v2\/pages\/2617\/revisions\/2885"}],"up":[{"embeddable":true,"href":"https:\/\/crompion.com\/es\/wp-json\/wp\/v2\/pages\/2583"}],"wp:attachment":[{"href":"https:\/\/crompion.com\/es\/wp-json\/wp\/v2\/media?parent=2617"}],"curies":[{"name":"wp","href":"https:\/\/api.w.org\/{rel}","templated":true}]}}