{"id":2583,"date":"2021-07-26T22:23:59","date_gmt":"2021-07-26T22:23:59","guid":{"rendered":"https:\/\/crompion.com\/?page_id=2583"},"modified":"2021-09-29T18:50:26","modified_gmt":"2021-09-29T18:50:26","slug":"materiales-de-acero","status":"publish","type":"page","link":"https:\/\/crompion.com\/es\/materiales-de-acero\/","title":{"rendered":"Materiales de acero"},"content":{"rendered":"[vc_row css=\u00bb.vc_custom_1588717169935{padding-top: 60px !important;padding-bottom: 60px !important;background-color: #ffffff !important;}\u00bb][vc_column][vc_column_text css=\u00bb.vc_custom_1627338295485{margin-bottom: 90px !important;}\u00bb]\n<p class=\"subtitle\">NUESTRAS CARACTER\u00cdSTICAS<\/p>\n<h2>Una elecci\u00f3n que marca la diferencia<\/h2>\n[\/vc_column_text][vc_row_inner equal_height=\u00bbyes\u00bb gap=\u00bb10&#8243;][vc_column_inner width=\u00bb1\/4&#8243;]\n    <div class=\"service-box text-center\">\n        <img src=\"https:\/\/crompion.com\/wp-content\/uploads\/2020\/04\/sheets-a.jpg\" alt=\"service\">        <div class=\"content-box\">\n            <h5>Hoja y placa de Cromgard<\/h5>\n            <p>Por lo general, nuestros clientes han acudido a nosotros en busca de ahorro de costos y ciclos de vida m\u00e1s largos para sus equipos.<\/p>\n                    <\/div>\n    <\/div>\n\n    \n    <div class=\"text-center\">\n        <a class=\"btn btn-large btn-dark  \" href=\"https:\/\/crompion.com\/es\/materiales-de-acero\/hoja-y-placa-de-cromgard\/\" style=\"\">Conozca m\u00e1s<\/a>\n    <\/div>\n\n    [\/vc_column_inner][vc_column_inner width=\u00bb1\/4&#8243;]\n    <div class=\"service-box text-center\">\n        <img src=\"https:\/\/crompion.com\/wp-content\/uploads\/2020\/05\/wearplate_product2a.jpg\" alt=\"service\">        <div class=\"content-box\">\n            <h5>Material no inoxidable<\/h5>\n            <p>Crompion International wear plate est\u00e1 dise\u00f1ado para funcionar en \u00e1reas donde la abrasi\u00f3n conduce a la p\u00e9rdida de material.<\/p>\n                    <\/div>\n    <\/div>\n\n    \n    <div class=\"text-center\">\n        <a class=\"btn btn-large btn-dark  \" href=\"https:\/\/crompion.com\/es\/materiales-de-acero\/material-no-inoxidable\/\" style=\"\">Conozca m\u00e1s<\/a>\n    <\/div>\n\n    [\/vc_column_inner][vc_column_inner width=\u00bb1\/4&#8243;]\n    <div class=\"service-box text-center\">\n        <img src=\"https:\/\/crompion.com\/wp-content\/uploads\/2020\/04\/tubing_nav-a.jpg\" alt=\"service\">        <div class=\"content-box\">\n            <h5>Tuber\u00eda<\/h5>\n            <p>En muchas industrias, el aire de combusti\u00f3n precalentado a medida que entra en los quemadores es una pr\u00e1ctica com\u00fan.<\/p>\n                    <\/div>\n    <\/div>\n\n    \n    <div class=\"text-center\">\n        <a class=\"btn btn-large btn-dark  \" href=\"https:\/\/crompion.com\/es\/materiales-de-acero\/tuberia-y-tubo\/\" style=\"\">Ver m\u00e1s<\/a>\n    <\/div>\n\n    [\/vc_column_inner][vc_column_inner width=\u00bb1\/4&#8243;]\n    <div class=\"service-box text-center\">\n        <img src=\"https:\/\/crompion.com\/wp-content\/uploads\/2020\/05\/industry-temp2.jpg\" alt=\"service\">        <div class=\"content-box\">\n            <h5>M\u00e1s grados de acero inoxidable<\/h5>\n            <p>Estos grados se pueden soldar muchas veces sin cambiar metal\u00fargicamente y no se endurecen.<\/p>\n                    <\/div>\n    <\/div>\n\n    \n    <div class=\"text-center\">\n        <a class=\"btn btn-large btn-dark  \" href=\"https:\/\/crompion.com\/es\/materiales-de-acero\/otros-grados-de-acero-inoxidable\/\" style=\"\">Ver m\u00e1s<\/a>\n    <\/div>\n\n    [\/vc_column_inner][\/vc_row_inner][\/vc_column][\/vc_row][vc_row css=\u00bb.vc_custom_1588717236156{padding-top: 60px !important;padding-bottom: 60px !important;background-color: #ededed !important;}\u00bb][vc_column][vc_column_text css=\u00bb.vc_custom_1627338424963{margin-bottom: 70px !important;}\u00bb]\n<p class=\"subtitle\">NUESTRA ESPECIALIDAD<\/p>\n<h2>Soluciones perfectas para cualquier industrial<\/h2>\n[\/vc_column_text][ucaddon_uc_overlay_hover_carousel uc_items_data=\u00bbJTVCJTdCJTIydGl0bGUlMjIlM0ElMjJDb2FsJTIyJTJDJTIyaW1hZ2UlMjIlM0ElMjJodHRwcyUzQSUyRiUyRnBpeG96enkuY29tJTJGY3JvbXBpb24xJTJGd3AtY29udGVudCUyRnVwbG9hZHMlMkYyMDIwJTJGMDUlMkZpLWNvYWwuanBnJTIyJTJDJTIyY29udGVudCUyMiUzQSUyMldlbGwlMjBzdWl0ZWQlMjB0byUyMHN0YW5kJTIwdXAlMjB0byUyMGNoYWxsZW5naW5nJTJDJTIwY29ycm9zaXZlJTIwYW5kJTIwYWJyYXNpdmUlMjBlbnZpcm9ubWVudHMlMkMlMjBDcm9tcGlvbiUyMEludGVybmF0aW9uYWwlRTIlODAlOTlzJTIwQ3JvbWdhcmQlMjBTdGFpbmxlc3MlMjBTdGVlbHMlMjBoYXZlJTIwYSUyMGhpc3RvcnklMjBvZiUyMHN1cGVyaW9yJTIwcGVyZm9ybWFuY2UlMjBpbiUyMHRoZSUyMGNvYWwlMjBpbmR1c3RyeS4lMjIlMkMlMjJidG5fdGV4dCUyMiUzQSUyMlJlYWQlMjBNb3JlJTIyJTJDJTIycHJpbWFyeV9jb2xvciUyMiUzQSUyMiUyM2ZmZmZmZiUyMiUyQyUyMmxpbmslMjIlM0ElMjJodHRwcyUzQSUyRiUyRnBpeG96enkuY29tJTJGY3JvbXBpb24xJTJGaW5kdXN0cmllcyUyRmNvYWwlMkYlMjIlN0QlMkMlN0IlMjJ0aXRsZSUyMiUzQSUyMlNhbHQlMjBTcHJlYWRlciUyMiUyQyUyMmltYWdlJTIyJTNBJTIyaHR0cHMlM0ElMkYlMkZwaXhvenp5LmNvbSUyRmNyb21waW9uMSUyRndwLWNvbnRlbnQlMkZ1cGxvYWRzJTJGMjAyMCUyRjA1JTJGaS1TYWx0LVNwcmVhZGVyLmpwZyUyMiUyQyUyMmNvbnRlbnQlMjIlM0ElMjJXZWxsJTIwc3VpdGVkJTIwdG8lMjBzdGFuZCUyMHVwJTIwdG8lMjBjaGFsbGVuZ2luZyUyQyUyMGNvcnJvc2l2ZSUyMGFuZCUyMGFicmFzaXZlJTIwZW52aXJvbm1lbnRzJTJDJTIwQ3JvbXBpb24lMjBJbnRlcm5hdGlvbmFsJUUyJTgwJTk5cyUyMENyb21nYXJkJTIwU3BlY2lhbHR5JTIwU3RhaW5sZXNzJTIwU3RlZWxzLiUyMiUyQyUyMmJ0bl90ZXh0JTIyJTNBJTIyUmVhZCUyME1vcmUlMjIlMkMlMjJwcmltYXJ5X2NvbG9yJTIyJTNBJTIyJTIzZmZmZmZmJTIyJTJDJTIybGluayUyMiUzQSUyMmh0dHBzJTNBJTJGJTJGcGl4b3p6eS5jb20lMkZjcm9tcGlvbjElMkZpbmR1c3RyaWVzJTJGc2FsdC1zcHJlYWRlciUyRiUyMiU3RCUyQyU3QiUyMnRpdGxlJTIyJTNBJTIyRmlyZSUyMEFwcGFyYXR1cyUyMiUyQyUyMmltYWdlJTIyJTNBJTIyd3AtY29udGVudCUyRnVwbG9hZHMlMkYyMDIwJTJGMDUlMkZpLUZpcmUtQXBwYXJhdHVzLmpwZyUyMiUyQyUyMmNvbnRlbnQlMjIlM0ElMjJXZWxsJTIwc3VpdGVkJTIwdG8lMjBzdGFuZCUyMHVwJTIwdG8lMjBjaGFsbGVuZ2luZyUyMGNvcnJvc2l2ZSUyMGFuZCUyMGFicmFzaXZlJTIwZW52aXJvbm1lbnRzJTJDJTIwQ3JvbXBpb24lMjBJbnRlcm5hdGlvbmFsJUUyJTgwJTk5cyUyMENyb21nYXJkJTIwU3BlY2lhbHR5JTIwU3RhaW5sZXNzJTIwU3RlZWxzJTIwaGF2ZSUyMGElMjBoaXN0b3J5JTIwb2YlMjBzdXBlcmlvciUyMHBlcmZvcm1hbmNlJTIwaW4lMjB0aGUlMjBmaXJlJTIwYXBwYXJhdHVzJTIwaW5kdXN0cnkuJTIyJTJDJTIyYnRuX3RleHQlMjIlM0ElMjJSZWFkJTIwTW9yZSUyMiUyQyUyMnByaW1hcnlfY29sb3IlMjIlM0ElMjIlMjNmZmZmZmYlMjIlMkMlMjJsaW5rJTIyJTNBJTIyaHR0cHMlM0ElMkYlMkZwaXhvenp5LmNvbSUyRmNyb21waW9uMSUyRmluZHVzdHJpZXMlMkZmaXJlLWFwcGFyYXR1cyUyRiUyMiU3RCUyQyU3QiUyMnRpdGxlJTIyJTNBJTIyQnVzJTIwJTI2JTIwQ29hY2glMjIlMkMlMjJpbWFnZSUyMiUzQSUyMmh0dHBzJTNBJTJGJTJGcGl4b3p6eS5jb20lMkZjcm9tcGlvbjElMkZ3cC1jb250ZW50JTJGdXBsb2FkcyUyRjIwMjAlMkYwNSUyRmktQnVzLUNvYWNoLmpwZyUyMiUyQyUyMmNvbnRlbnQlMjIlM0ElMjJXZWxsJTIwc3VpdGVkJTIwdG8lMjBzdGFuZCUyMHVwJTIwdG8lMjBjaGFsbGVuZ2luZyUyMGNvcnJvc2l2ZSUyMGFuZCUyMGFicmFzaXZlJTIwZW52aXJvbm1lbnRzJTJDJTIwQ3JvbXBpb24lMjBJbnRlcm5hdGlvbmFsJUUyJTgwJTk5cyUyMENyb21nYXJkJTIwU3BlY2lhbHR5JTIwU3RhaW5sZXNzJTIwU3RlZWxzJTIwaGF2ZSUyMGElMjBoaXN0b3J5JTIwb2YlMjBzdXBlcmlvciUyMHBlcmZvcm1hbmNlJTIwaW4lMjB0aGUlMjBidXMlMjBhbmQlMjBjb2FjaCUyMGluZHVzdHJ5LiUyMiUyQyUyMmJ0bl90ZXh0JTIyJTNBJTIyUmVhZCUyME1vcmUlMjIlMkMlMjJwcmltYXJ5X2NvbG9yJTIyJTNBJTIyJTIzZmZmZmZmJTIyJTJDJTIybGluayUyMiUzQSUyMmh0dHBzJTNBJTJGJTJGcGl4b3p6eS5jb20lMkZjcm9tcGlvbjElMkZpbmR1c3RyaWVzJTJGYnVzLWNvYWNoJTJGJTIyJTdEJTJDJTdCJTIydGl0bGUlMjIlM0ElMjJQdWxwJTIwJTI2JTIwUGFwZXIlMjIlMkMlMjJpbWFnZSUyMiUzQSUyMmh0dHBzJTNBJTJGJTJGcGl4b3p6eS5jb20lMkZjcm9tcGlvbjElMkZ3cC1jb250ZW50JTJGdXBsb2FkcyUyRjIwMjAlMkYwNSUyRmktUHVscC1QYXBlci5qcGclMjIlMkMlMjJjb250ZW50JTIyJTNBJTIyUnVubmluZyUyMG91dCUyMG9mJTIwbW9uZXklMjB0byUyMGtlZXAlMjBpbnNwZWN0aW5nJTIwYW5kJTIwcmVwYWlyaW5nJTIwY29ycm9kaW5nJTIwc3RlZWwlMjB0YW5rcyUyQyUyMHN0YWNrcyUyQyUyMHBpbGluZ3MlMkMlMjBjbGFyaWZpZXIlMjBoYXJkd2FyZSUyQyUyMGJsZWFjaCUyMHRvd2VycyUyQyUyMGNvbnZleW9yJTIwaG9vZHMlMkMlMjBhc2glMjBob3BwZXJzJTIwYW5kJTIwdGhlJTIwbGlrZSUzRiUyMiUyQyUyMmJ0bl90ZXh0JTIyJTNBJTIyUmVhZCUyME1vcmUlMjIlMkMlMjJwcmltYXJ5X2NvbG9yJTIyJTNBJTIyJTIzZmZmZmZmJTIyJTJDJTIybGluayUyMiUzQSUyMmh0dHBzJTNBJTJGJTJGcGl4b3p6eS5jb20lMkZjcm9tcGlvbjElMkZpbmR1c3RyaWVzJTJGcHVscC1wYXBlciUyRiUyMiU3RCUyQyU3QiUyMnRpdGxlJTIyJTNBJTIyTWluaW5nJTIyJTJDJTIyaW1hZ2UlMjIlM0ElMjJodHRwcyUzQSUyRiUyRnBpeG96enkuY29tJTJGY3JvbXBpb24xJTJGd3AtY29udGVudCUyRnVwbG9hZHMlMkYyMDIwJTJGMDUlMkZpLU1pbmluZy5qcGclMjIlMkMlMjJjb250ZW50JTIyJTNBJTIyV2VsbCUyMHN1aXRlZCUyMHRvJTIwc3RhbmQlMjB1cCUyMHRvJTIwY2hhbGxlbmdpbmclMkMlMjBjb3Jyb3NpdmUlMjBhbmQlMjBhYnJhc2l2ZSUyMGVudmlyb25tZW50cyUyQyUyMENyb21waW9uJTIwSW50ZXJuYXRpb25hbCVFMiU4MCU5OXMlMjBDcm9tZ2FyZCUyMFNwZWNpYWx0eSUyMFN0YWlubGVzcyUyMFN0ZWVsJTIyJTJDJTIyYnRuX3RleHQlMjIlM0ElMjJSZWFkJTIwTW9yZSUyMiUyQyUyMnByaW1hcnlfY29sb3IlMjIlM0ElMjIlMjNmZmZmZmYlMjIlMkMlMjJsaW5rJTIyJTNBJTIyaHR0cHMlM0ElMkYlMkZwaXhvenp5LmNvbSUyRmNyb21waW9uMSUyRmluZHVzdHJpZXMlMkZtaW5pbmclMkYlMjIlN0QlMkMlN0IlMjJ0aXRsZSUyMiUzQSUyMlN1Z2FyY2FuZSUyMiUyQyUyMmltYWdlJTIyJTNBJTIyaHR0cHMlM0ElMkYlMkZwaXhvenp5LmNvbSUyRmNyb21waW9uMSUyRndwLWNvbnRlbnQlMkZ1cGxvYWRzJTJGMjAyMCUyRjA1JTJGaS1TdWdhcmNhbmUuanBnJTIyJTJDJTIyY29udGVudCUyMiUzQSUyMldlbGwlMjBzdWl0ZWQlMjB0byUyMHN0YW5kJTIwdXAlMjB0byUyMGNoYWxsZW5naW5nJTJDJTIwY29ycm9zaXZlJTIwYW5kJTIwYWJyYXNpdmUlMjBlbnZpcm9ubWVudHMlMkMlMjBDcm9tcGlvbiUyMEludGVybmF0aW9uYWwlMjdzJTIwQ3JvbWdhcmQlMjBTcGVjaWFsdHklMjBTdGFpbmxlc3MlMjBTdGVlbC4lMjIlMkMlMjJidG5fdGV4dCUyMiUzQSUyMlJlYWQlMjBNb3JlJTIyJTJDJTIycHJpbWFyeV9jb2xvciUyMiUzQSUyMiUyM2ZmZmZmZiUyMiUyQyUyMmxpbmslMjIlM0ElMjJodHRwcyUzQSUyRiUyRnBpeG96enkuY29tJTJGY3JvbXBpb24xJTJGaW5kdXN0cmllcyUyRnN1Z2FyY2FuZSUyRiUyMiU3RCUyQyU3QiUyMnRpdGxlJTIyJTNBJTIyU3VnYXIlMjBCZWV0JTIyJTJDJTIyaW1hZ2UlMjIlM0ElMjJodHRwcyUzQSUyRiUyRnBpeG96enkuY29tJTJGY3JvbXBpb24xJTJGd3AtY29udGVudCUyRnVwbG9hZHMlMkYyMDIwJTJGMDUlMkZpLVN1Z2FyQmVldC5qcGclMjIlMkMlMjJjb250ZW50JTIyJTNBJTIyV2VsbCUyMHN1aXRlZCUyMHRvJTIwc3RhbmQlMjB1cCUyMHRvJTIwY2hhbGxlbmdpbmclMkMlMjBjb3Jyb3NpdmUlMjBhbmQlMjBhYnJhc2l2ZSUyMGVudmlyb25tZW50cyUyQyUyMENyb21waW9uJTIwSW50ZXJuYXRpb25hbCVFMiU4MCU5OXMlMjBDcm9tZ2FyZCUyMFNwZWNpYWx0eSUyMFN0YWlubGVzcyUyMFN0ZWVsJTIwaGFzJTIwYSUyMGxvbmclMjBoaXN0b3J5JTIwb2YlMjBzdXBlcmlvciUyMHBlcmZvcm1hbmNlJTIwaW4lMjB0aGUlMjBzdWdhciUyMGJlZXQlMjBpbmR1c3RyeS4lMjIlMkMlMjJidG5fdGV4dCUyMiUzQSUyMlJlYWQlMjBNb3JlJTIyJTJDJTIycHJpbWFyeV9jb2xvciUyMiUzQSUyMiUyM2ZmZmZmZiUyMiUyQyUyMmxpbmslMjIlM0ElMjJodHRwcyUzQSUyRiUyRnBpeG96enkuY29tJTJGY3JvbXBpb24xJTJGaW5kdXN0cmllcyUyRnN1Z2FyLWJlZXQlMkYlMjIlN0QlMkMlN0IlMjJ0aXRsZSUyMiUzQSUyMlN3ZWVwZXIlMjIlMkMlMjJpbWFnZSUyMiUzQSUyMmh0dHBzJTNBJTJGJTJGcGl4b3p6eS5jb20lMkZjcm9tcGlvbjElMkZ3cC1jb250ZW50JTJGdXBsb2FkcyUyRjIwMjAlMkYwNSUyRmktU3dlZXBlci5qcGclMjIlMkMlMjJjb250ZW50JTIyJTNBJTIyV2VsbCUyMHN1aXRlZCUyMHRvJTIwc3RhbmQlMjB1cCUyMHRvJTIwY2hhbGxlbmdpbmclMkMlMjBjb3Jyb3NpdmUlMjBhbmQlMjBhYnJhc2l2ZSUyMGVudmlyb25tZW50cyUyQyUyMENyb21waW9uJTIwSW50ZXJuYXRpb25hbCVFMiU4MCU5OXMlMjBDcm9tZ2FyZCUyMFNwZWNpYWx0eSUyMFN0YWlubGVzcyUyMFN0ZWVsJTIyJTJDJTIyYnRuX3RleHQlMjIlM0ElMjJSZWFkJTIwTW9yZSUyMiUyQyUyMnByaW1hcnlfY29sb3IlMjIlM0ElMjIlMjNmZmZmZmYlMjIlMkMlMjJsaW5rJTIyJTNBJTIyaHR0cHMlM0ElMkYlMkZwaXhvenp5LmNvbSUyRmNyb21waW9uMSUyRmluZHVzdHJpZXMlMkZzd2VlcGVyJTJGJTIyJTdEJTJDJTdCJTIydGl0bGUlMjIlM0ElMjJFdGhhbm9sJTIwJTI2JTIwQmlvZnVlbCUyMiUyQyUyMmltYWdlJTIyJTNBJTIyaHR0cHMlM0ElMkYlMkZwaXhvenp5LmNvbSUyRmNyb21waW9uMSUyRndwLWNvbnRlbnQlMkZ1cGxvYWRzJTJGMjAyMCUyRjA1JTJGaS1FdGhhbm9sLUJpb2Z1ZWwuanBnJTIyJTJDJTIyY29udGVudCUyMiUzQSUyMldlbGwlMjBzdWl0ZWQlMjB0byUyMHN0YW5kJTIwdXAlMjB0byUyMGNoYWxsZW5naW5nJTJDJTIwY29ycm9zaXZlJTIwYW5kJTIwYWJyYXNpdmUlMjBlbnZpcm9ubWVudHMlMkMlMjBDcm9tcGlvbiUyMEludGVybmF0aW9uYWwlRTIlODAlOTlzJTIwQ3JvbWdhcmQlMjBTcGVjaWFsdHklMjBTdGFpbmxlc3MlMjBTdGVlbHMlMjIlMkMlMjJidG5fdGV4dCUyMiUzQSUyMlJlYWQlMjBNb3JlJTIyJTJDJTIycHJpbWFyeV9jb2xvciUyMiUzQSUyMiUyM2ZmZmZmZiUyMiUyQyUyMmxpbmslMjIlM0ElMjJodHRwcyUzQSUyRiUyRnBpeG96enkuY29tJTJGY3JvbXBpb24xJTJGaW5kdXN0cmllcyUyRmV0aGFub2wtYmlvZnVlbCUyRiUyMiU3RCU1RA==\u00bb uc_fonts_data=\u00bbJTdCJTdE\u00bb][\/vc_column][\/vc_row][vc_row css=\u00bb.vc_custom_1588718601103{padding-top: 30px !important;padding-bottom: 30px !important;background-color: #eaeaea !important;}\u00bb][vc_column width=\u00bb1\/2&#8243;][vc_single_image image=\u00bb1073&#8243; img_size=\u00bbfull\u00bb alignment=\u00bbcenter\u00bb onclick=\u00bbcustom_link\u00bb img_link_target=\u00bb_blank\u00bb link=\u00bbhttp:\/\/www.astm.org\/index.shtml\u00bb][\/vc_column][vc_column width=\u00bb1\/2&#8243;][vc_single_image image=\u00bb1076&#8243; img_size=\u00bbfull\u00bb alignment=\u00bbcenter\u00bb onclick=\u00bbcustom_link\u00bb img_link_target=\u00bb_blank\u00bb link=\u00bbhttp:\/\/www.nfpa.org\/\u00bb][\/vc_column][\/vc_row]\n","protected":false},"excerpt":{"rendered":"<p>[vc_row css=\u00bb.vc_custom_1588717169935{padding-top: 60px !important;padding-bottom: 60px !important;background-color: #ffffff !important;}\u00bb][vc_column][vc_column_text css=\u00bb.vc_custom_1627338295485{margin-bottom: 90px !important;}\u00bb] NUESTRAS CARACTER\u00cdSTICAS Una elecci\u00f3n que marca la diferencia [\/vc_column_text][vc_row_inner equal_height=\u00bbyes\u00bb gap=\u00bb10&#8243;][vc_column_inner width=\u00bb1\/4&#8243;][\/vc_column_inner][vc_column_inner width=\u00bb1\/4&#8243;][\/vc_column_inner][vc_column_inner width=\u00bb1\/4&#8243;][\/vc_column_inner][vc_column_inner width=\u00bb1\/4&#8243;][\/vc_column_inner][\/vc_row_inner][\/vc_column][\/vc_row][vc_row css=\u00bb.vc_custom_1588717236156{padding-top: 60px !important;padding-bottom: 60px !important;background-color: #ededed !important;}\u00bb][vc_column][vc_column_text css=\u00bb.vc_custom_1627338424963{margin-bottom: 70px !important;}\u00bb] NUESTRA ESPECIALIDAD Soluciones perfectas para cualquier industrial [\/vc_column_text][ucaddon_uc_overlay_hover_carousel uc_items_data=\u00bbJTVCJTdCJTIydGl0bGUlMjIlM0ElMjJDb2FsJTIyJTJDJTIyaW1hZ2UlMjIlM0ElMjJodHRwcyUzQSUyRiUyRnBpeG96enkuY29tJTJGY3JvbXBpb24xJTJGd3AtY29udGVudCUyRnVwbG9hZHMlMkYyMDIwJTJGMDUlMkZpLWNvYWwuanBnJTIyJTJDJTIyY29udGVudCUyMiUzQSUyMldlbGwlMjBzdWl0ZWQlMjB0byUyMHN0YW5kJTIwdXAlMjB0byUyMGNoYWxsZW5naW5nJTJDJTIwY29ycm9zaXZlJTIwYW5kJTIwYWJyYXNpdmUlMjBlbnZpcm9ubWVudHMlMkMlMjBDcm9tcGlvbiUyMEludGVybmF0aW9uYWwlRTIlODAlOTlzJTIwQ3JvbWdhcmQlMjBTdGFpbmxlc3MlMjBTdGVlbHMlMjBoYXZlJTIwYSUyMGhpc3RvcnklMjBvZiUyMHN1cGVyaW9yJTIwcGVyZm9ybWFuY2UlMjBpbiUyMHRoZSUyMGNvYWwlMjBpbmR1c3RyeS4lMjIlMkMlMjJidG5fdGV4dCUyMiUzQSUyMlJlYWQlMjBNb3JlJTIyJTJDJTIycHJpbWFyeV9jb2xvciUyMiUzQSUyMiUyM2ZmZmZmZiUyMiUyQyUyMmxpbmslMjIlM0ElMjJodHRwcyUzQSUyRiUyRnBpeG96enkuY29tJTJGY3JvbXBpb24xJTJGaW5kdXN0cmllcyUyRmNvYWwlMkYlMjIlN0QlMkMlN0IlMjJ0aXRsZSUyMiUzQSUyMlNhbHQlMjBTcHJlYWRlciUyMiUyQyUyMmltYWdlJTIyJTNBJTIyaHR0cHMlM0ElMkYlMkZwaXhvenp5LmNvbSUyRmNyb21waW9uMSUyRndwLWNvbnRlbnQlMkZ1cGxvYWRzJTJGMjAyMCUyRjA1JTJGaS1TYWx0LVNwcmVhZGVyLmpwZyUyMiUyQyUyMmNvbnRlbnQlMjIlM0ElMjJXZWxsJTIwc3VpdGVkJTIwdG8lMjBzdGFuZCUyMHVwJTIwdG8lMjBjaGFsbGVuZ2luZyUyQyUyMGNvcnJvc2l2ZSUyMGFuZCUyMGFicmFzaXZlJTIwZW52aXJvbm1lbnRzJTJDJTIwQ3JvbXBpb24lMjBJbnRlcm5hdGlvbmFsJUUyJTgwJTk5cyUyMENyb21nYXJkJTIwU3BlY2lhbHR5JTIwU3RhaW5sZXNzJTIwU3RlZWxzLiUyMiUyQyUyMmJ0bl90ZXh0JTIyJTNBJTIyUmVhZCUyME1vcmUlMjIlMkMlMjJwcmltYXJ5X2NvbG9yJTIyJTNBJTIyJTIzZmZmZmZmJTIyJTJDJTIybGluayUyMiUzQSUyMmh0dHBzJTNBJTJGJTJGcGl4b3p6eS5jb20lMkZjcm9tcGlvbjElMkZpbmR1c3RyaWVzJTJGc2FsdC1zcHJlYWRlciUyRiUyMiU3RCUyQyU3QiUyMnRpdGxlJTIyJTNBJTIyRmlyZSUyMEFwcGFyYXR1cyUyMiUyQyUyMmltYWdlJTIyJTNBJTIyd3AtY29udGVudCUyRnVwbG9hZHMlMkYyMDIwJTJGMDUlMkZpLUZpcmUtQXBwYXJhdHVzLmpwZyUyMiUyQyUyMmNvbnRlbnQlMjIlM0ElMjJXZWxsJTIwc3VpdGVkJTIwdG8lMjBzdGFuZCUyMHVwJTIwdG8lMjBjaGFsbGVuZ2luZyUyMGNvcnJvc2l2ZSUyMGFuZCUyMGFicmFzaXZlJTIwZW52aXJvbm1lbnRzJTJDJTIwQ3JvbXBpb24lMjBJbnRlcm5hdGlvbmFsJUUyJTgwJTk5cyUyMENyb21nYXJkJTIwU3BlY2lhbHR5JTIwU3RhaW5sZXNzJTIwU3RlZWxzJTIwaGF2ZSUyMGElMjBoaXN0b3J5JTIwb2YlMjBzdXBlcmlvciUyMHBlcmZvcm1hbmNlJTIwaW4lMjB0aGUlMjBmaXJlJTIwYXBwYXJhdHVzJTIwaW5kdXN0cnkuJTIyJTJDJTIyYnRuX3RleHQlMjIlM0ElMjJSZWFkJTIwTW9yZSUyMiUyQyUyMnByaW1hcnlfY29sb3IlMjIlM0ElMjIlMjNmZmZmZmYlMjIlMkMlMjJsaW5rJTIyJTNBJTIyaHR0cHMlM0ElMkYlMkZwaXhvenp5LmNvbSUyRmNyb21waW9uMSUyRmluZHVzdHJpZXMlMkZmaXJlLWFwcGFyYXR1cyUyRiUyMiU3RCUyQyU3QiUyMnRpdGxlJTIyJTNBJTIyQnVzJTIwJTI2JTIwQ29hY2glMjIlMkMlMjJpbWFnZSUyMiUzQSUyMmh0dHBzJTNBJTJGJTJGcGl4b3p6eS5jb20lMkZjcm9tcGlvbjElMkZ3cC1jb250ZW50JTJGdXBsb2FkcyUyRjIwMjAlMkYwNSUyRmktQnVzLUNvYWNoLmpwZyUyMiUyQyUyMmNvbnRlbnQlMjIlM0ElMjJXZWxsJTIwc3VpdGVkJTIwdG8lMjBzdGFuZCUyMHVwJTIwdG8lMjBjaGFsbGVuZ2luZyUyMGNvcnJvc2l2ZSUyMGFuZCUyMGFicmFzaXZlJTIwZW52aXJvbm1lbnRzJTJDJTIwQ3JvbXBpb24lMjBJbnRlcm5hdGlvbmFsJUUyJTgwJTk5cyUyMENyb21nYXJkJTIwU3BlY2lhbHR5JTIwU3RhaW5sZXNzJTIwU3RlZWxzJTIwaGF2ZSUyMGElMjBoaXN0b3J5JTIwb2YlMjBzdXBlcmlvciUyMHBlcmZvcm1hbmNlJTIwaW4lMjB0aGUlMjBidXMlMjBhbmQlMjBjb2FjaCUyMGluZHVzdHJ5LiUyMiUyQyUyMmJ0bl90ZXh0JTIyJTNBJTIyUmVhZCUyME1vcmUlMjIlMkMlMjJwcmltYXJ5X2NvbG9yJTIyJTNBJTIyJTIzZmZmZmZmJTIyJTJDJTIybGluayUyMiUzQSUyMmh0dHBzJTNBJTJGJTJGcGl4b3p6eS5jb20lMkZjcm9tcGlvbjElMkZpbmR1c3RyaWVzJTJGYnVzLWNvYWNoJTJGJTIyJTdEJTJDJTdCJTIydGl0bGUlMjIlM0ElMjJQdWxwJTIwJTI2JTIwUGFwZXIlMjIlMkMlMjJpbWFnZSUyMiUzQSUyMmh0dHBzJTNBJTJGJTJGcGl4b3p6eS5jb20lMkZjcm9tcGlvbjElMkZ3cC1jb250ZW50JTJGdXBsb2FkcyUyRjIwMjAlMkYwNSUyRmktUHVscC1QYXBlci5qcGclMjIlMkMlMjJjb250ZW50JTIyJTNBJTIyUnVubmluZyUyMG91dCUyMG9mJTIwbW9uZXklMjB0byUyMGtlZXAlMjBpbnNwZWN0aW5nJTIwYW5kJTIwcmVwYWlyaW5nJTIwY29ycm9kaW5nJTIwc3RlZWwlMjB0YW5rcyUyQyUyMHN0YWNrcyUyQyUyMHBpbGluZ3MlMkMlMjBjbGFyaWZpZXIlMjBoYXJkd2FyZSUyQyUyMGJsZWFjaCUyMHRvd2VycyUyQyUyMGNvbnZleW9yJTIwaG9vZHMlMkMlMjBhc2glMjBob3BwZXJzJTIwYW5kJTIwdGhlJTIwbGlrZSUzRiUyMiUyQyUyMmJ0bl90ZXh0JTIyJTNBJTIyUmVhZCUyME1vcmUlMjIlMkMlMjJwcmltYXJ5X2NvbG9yJTIyJTNBJTIyJTIzZmZmZmZmJTIyJTJDJTIybGluayUyMiUzQSUyMmh0dHBzJTNBJTJGJTJGcGl4b3p6eS5jb20lMkZjcm9tcGlvbjElMkZpbmR1c3RyaWVzJTJGcHVscC1wYXBlciUyRiUyMiU3RCUyQyU3QiUyMnRpdGxlJTIyJTNBJTIyTWluaW5nJTIyJTJDJTIyaW1hZ2UlMjIlM0ElMjJodHRwcyUzQSUyRiUyRnBpeG96enkuY29tJTJGY3JvbXBpb24xJTJGd3AtY29udGVudCUyRnVwbG9hZHMlMkYyMDIwJTJGMDUlMkZpLU1pbmluZy5qcGclMjIlMkMlMjJjb250ZW50JTIyJTNBJTIyV2VsbCUyMHN1aXRlZCUyMHRvJTIwc3RhbmQlMjB1cCUyMHRvJTIwY2hhbGxlbmdpbmclMkMlMjBjb3Jyb3NpdmUlMjBhbmQlMjBhYnJhc2l2ZSUyMGVudmlyb25tZW50cyUyQyUyMENyb21waW9uJTIwSW50ZXJuYXRpb25hbCVFMiU4MCU5OXMlMjBDcm9tZ2FyZCUyMFNwZWNpYWx0eSUyMFN0YWlubGVzcyUyMFN0ZWVsJTIyJTJDJTIyYnRuX3RleHQlMjIlM0ElMjJSZWFkJTIwTW9yZSUyMiUyQyUyMnByaW1hcnlfY29sb3IlMjIlM0ElMjIlMjNmZmZmZmYlMjIlMkMlMjJsaW5rJTIyJTNBJTIyaHR0cHMlM0ElMkYlMkZwaXhvenp5LmNvbSUyRmNyb21waW9uMSUyRmluZHVzdHJpZXMlMkZtaW5pbmclMkYlMjIlN0QlMkMlN0IlMjJ0aXRsZSUyMiUzQSUyMlN1Z2FyY2FuZSUyMiUyQyUyMmltYWdlJTIyJTNBJTIyaHR0cHMlM0ElMkYlMkZwaXhvenp5LmNvbSUyRmNyb21waW9uMSUyRndwLWNvbnRlbnQlMkZ1cGxvYWRzJTJGMjAyMCUyRjA1JTJGaS1TdWdhcmNhbmUuanBnJTIyJTJDJTIyY29udGVudCUyMiUzQSUyMldlbGwlMjBzdWl0ZWQlMjB0byUyMHN0YW5kJTIwdXAlMjB0byUyMGNoYWxsZW5naW5nJTJDJTIwY29ycm9zaXZlJTIwYW5kJTIwYWJyYXNpdmUlMjBlbnZpcm9ubWVudHMlMkMlMjBDcm9tcGlvbiUyMEludGVybmF0aW9uYWwlMjdzJTIwQ3JvbWdhcmQlMjBTcGVjaWFsdHklMjBTdGFpbmxlc3MlMjBTdGVlbC4lMjIlMkMlMjJidG5fdGV4dCUyMiUzQSUyMlJlYWQlMjBNb3JlJTIyJTJDJTIycHJpbWFyeV9jb2xvciUyMiUzQSUyMiUyM2ZmZmZmZiUyMiUyQyUyMmxpbmslMjIlM0ElMjJodHRwcyUzQSUyRiUyRnBpeG96enkuY29tJTJGY3JvbXBpb24xJTJGaW5kdXN0cmllcyUyRnN1Z2FyY2FuZSUyRiUyMiU3RCUyQyU3QiUyMnRpdGxlJTIyJTNBJTIyU3VnYXIlMjBCZWV0JTIyJTJDJTIyaW1hZ2UlMjIlM0ElMjJodHRwcyUzQSUyRiUyRnBpeG96enkuY29tJTJGY3JvbXBpb24xJTJGd3AtY29udGVudCUyRnVwbG9hZHMlMkYyMDIwJTJGMDUlMkZpLVN1Z2FyQmVldC5qcGclMjIlMkMlMjJjb250ZW50JTIyJTNBJTIyV2VsbCUyMHN1aXRlZCUyMHRvJTIwc3RhbmQlMjB1cCUyMHRvJTIwY2hhbGxlbmdpbmclMkMlMjBjb3Jyb3NpdmUlMjBhbmQlMjBhYnJhc2l2ZSUyMGVudmlyb25tZW50cyUyQyUyMENyb21waW9uJTIwSW50ZXJuYXRpb25hbCVFMiU4MCU5OXMlMjBDcm9tZ2FyZCUyMFNwZWNpYWx0eSUyMFN0YWlubGVzcyUyMFN0ZWVsJTIwaGFzJTIwYSUyMGxvbmclMjBoaXN0b3J5JTIwb2YlMjBzdXBlcmlvciUyMHBlcmZvcm1hbmNlJTIwaW4lMjB0aGUlMjBzdWdhciUyMGJlZXQlMjBpbmR1c3RyeS4lMjIlMkMlMjJidG5fdGV4dCUyMiUzQSUyMlJlYWQlMjBNb3JlJTIyJTJDJTIycHJpbWFyeV9jb2xvciUyMiUzQSUyMiUyM2ZmZmZmZiUyMiUyQyUyMmxpbmslMjIlM0ElMjJodHRwcyUzQSUyRiUyRnBpeG96enkuY29tJTJGY3JvbXBpb24xJTJGaW5kdXN0cmllcyUyRnN1Z2FyLWJlZXQlMkYlMjIlN0QlMkMlN0IlMjJ0aXRsZSUyMiUzQSUyMlN3ZWVwZXIlMjIlMkMlMjJpbWFnZSUyMiUzQSUyMmh0dHBzJTNBJTJGJTJGcGl4b3p6eS5jb20lMkZjcm9tcGlvbjElMkZ3cC1jb250ZW50JTJGdXBsb2FkcyUyRjIwMjAlMkYwNSUyRmktU3dlZXBlci5qcGclMjIlMkMlMjJjb250ZW50JTIyJTNBJTIyV2VsbCUyMHN1aXRlZCUyMHRvJTIwc3RhbmQlMjB1cCUyMHRvJTIwY2hhbGxlbmdpbmclMkMlMjBjb3Jyb3NpdmUlMjBhbmQlMjBhYnJhc2l2ZSUyMGVudmlyb25tZW50cyUyQyUyMENyb21waW9uJTIwSW50ZXJuYXRpb25hbCVFMiU4MCU5OXMlMjBDcm9tZ2FyZCUyMFNwZWNpYWx0eSUyMFN0YWlubGVzcyUyMFN0ZWVsJTIyJTJDJTIyYnRuX3RleHQlMjIlM0ElMjJSZWFkJTIwTW9yZSUyMiUyQyUyMnByaW1hcnlfY29sb3IlMjIlM0ElMjIlMjNmZmZmZmYlMjIlMkMlMjJsaW5rJTIyJTNBJTIyaHR0cHMlM0ElMkYlMkZwaXhvenp5LmNvbSUyRmNyb21waW9uMSUyRmluZHVzdHJpZXMlMkZzd2VlcGVyJTJGJTIyJTdEJTJDJTdCJTIydGl0bGUlMjIlM0ElMjJFdGhhbm9sJTIwJTI2JTIwQmlvZnVlbCUyMiUyQyUyMmltYWdlJTIyJTNBJTIyaHR0cHMlM0ElMkYlMkZwaXhvenp5LmNvbSUyRmNyb21waW9uMSUyRndwLWNvbnRlbnQlMkZ1cGxvYWRzJTJGMjAyMCUyRjA1JTJGaS1FdGhhbm9sLUJpb2Z1ZWwuanBnJTIyJTJDJTIyY29udGVudCUyMiUzQSUyMldlbGwlMjBzdWl0ZWQlMjB0byUyMHN0YW5kJTIwdXAlMjB0byUyMGNoYWxsZW5naW5nJTJDJTIwY29ycm9zaXZlJTIwYW5kJTIwYWJyYXNpdmUlMjBlbnZpcm9ubWVudHMlMkMlMjBDcm9tcGlvbiUyMEludGVybmF0aW9uYWwlRTIlODAlOTlzJTIwQ3JvbWdhcmQlMjBTcGVjaWFsdHklMjBTdGFpbmxlc3MlMjBTdGVlbHMlMjIlMkMlMjJidG5fdGV4dCUyMiUzQSUyMlJlYWQlMjBNb3JlJTIyJTJDJTIycHJpbWFyeV9jb2xvciUyMiUzQSUyMiUyM2ZmZmZmZiUyMiUyQyUyMmxpbmslMjIlM0ElMjJodHRwcyUzQSUyRiUyRnBpeG96enkuY29tJTJGY3JvbXBpb24xJTJGaW5kdXN0cmllcyUyRmV0aGFub2wtYmlvZnVlbCUyRiUyMiU3RCU1RA==\u00bb uc_fonts_data=\u00bbJTdCJTdE\u00bb][\/vc_column][\/vc_row][vc_row css=\u00bb.vc_custom_1588718601103{padding-top: 30px !important;padding-bottom: 30px !important;background-color: #eaeaea !important;}\u00bb][vc_column width=\u00bb1\/2&#8243;][vc_single_image image=\u00bb1073&#8243; [&hellip;]<\/p>\n","protected":false},"author":1,"featured_media":0,"parent":0,"menu_order":0,"comment_status":"closed","ping_status":"closed","template":"","meta":{"_joinchat":[]},"_links":{"self":[{"href":"https:\/\/crompion.com\/es\/wp-json\/wp\/v2\/pages\/2583"}],"collection":[{"href":"https:\/\/crompion.com\/es\/wp-json\/wp\/v2\/pages"}],"about":[{"href":"https:\/\/crompion.com\/es\/wp-json\/wp\/v2\/types\/page"}],"author":[{"embeddable":true,"href":"https:\/\/crompion.com\/es\/wp-json\/wp\/v2\/users\/1"}],"replies":[{"embeddable":true,"href":"https:\/\/crompion.com\/es\/wp-json\/wp\/v2\/comments?post=2583"}],"version-history":[{"count":5,"href":"https:\/\/crompion.com\/es\/wp-json\/wp\/v2\/pages\/2583\/revisions"}],"predecessor-version":[{"id":2920,"href":"https:\/\/crompion.com\/es\/wp-json\/wp\/v2\/pages\/2583\/revisions\/2920"}],"wp:attachment":[{"href":"https:\/\/crompion.com\/es\/wp-json\/wp\/v2\/media?parent=2583"}],"curies":[{"name":"wp","href":"https:\/\/api.w.org\/{rel}","templated":true}]}}