{"id":2566,"date":"2021-07-26T21:44:16","date_gmt":"2021-07-26T21:44:16","guid":{"rendered":"https:\/\/crompion.com\/home-1\/"},"modified":"2024-12-06T20:02:57","modified_gmt":"2024-12-06T20:02:57","slug":"home-1","status":"publish","type":"page","link":"https:\/\/crompion.com\/es\/","title":{"rendered":"Home 1"},"content":{"rendered":"[vc_row full_width=\u00bbstretch_row_content_no_spaces\u00bb fullwidth=\u00bbtrue\u00bb][vc_column][rev_slider_vc alias=\u00bbhome-1-1&#8243;][\/vc_column][\/vc_row][vc_row equal_height=\u00bbyes\u00bb content_placement=\u00bbbottom\u00bb css=\u00bb.vc_custom_1542788180377{padding-top: 100px !important;padding-bottom: 100px !important;background-color: #f7f7f7 !important;}\u00bb][vc_column][vc_column_text css=\u00bb.vc_custom_1627507664747{margin-bottom: 30px !important;}\u00bb]\n<h2>Productos Destacados<\/h2>\n[\/vc_column_text][\/vc_column][\/vc_row][vc_row css=\u00bb.vc_custom_1607111172566{background-color: #f0f1f6 !important;}\u00bb][vc_column css=\u00bb.vc_custom_1600189370095{margin-top: -70px !important;}\u00bb el_class=\u00bb.topics\u00bb]\n    <div class=\"features-box col-md-3 \" style=\"background-image: url('https:\/\/crompion.com\/wp-content\/uploads\/2020\/11\/Belt-Iso.jpg');\">\n        <div class=\"content-box\">\n            <h5>Filtros Banda Crompion<\/h5>\n            <p>Filtros banda de alta eficiencia para reducir las p\u00e9rdidas de sacarosa en la industria azucarera.<\/p>\n            <a class=\"link-box\" href=\"https:\/\/crompion.com\/es\/productos-de-crompion-international\/filtros-banda-crompion\/\" target=\"_self\">Conozca m\u00e1s<\/a>        <\/div>\n    <\/div>\n\n    \n    <div class=\"features-box col-md-3 \" style=\"background-image: url('https:\/\/crompion.com\/wp-content\/uploads\/2020\/12\/20201217_LLT_Clarifier.jpeg');\">\n        <div class=\"content-box\">\n            <h5>Clarificador Crompion LLT<\/h5>\n            <p>Baja turbulencia, bajo tiempo de retenci\u00f3n, clarificador de baja turbiedad<\/p>\n            <a class=\"link-box\" href=\"https:\/\/crompion.com\/es\/productos-de-crompion-international\/clarificador-crompion-llt\/\" target=\"_self\">Conozca m\u00e1s<\/a>        <\/div>\n    <\/div>\n\n    \n    <div class=\"features-box col-md-3 \" style=\"background-image: url('https:\/\/crompion.com\/wp-content\/uploads\/2020\/09\/Cromgard-Sheet-and-Plate.jpg');\">\n        <div class=\"content-box\">\n            <h5>Placa y Rollos de Acero Cromgard<\/h5>\n            <p>Por lo general, nuestros clientes han acudido a nosotros en busca de ahorros\u00a0 en costos y ciclos de vida m\u00e1s largos para sus equipos. Hoy en d\u00eda, tenemos una gama de grados de aceros en nuestra familia Cromgard\u00ae que le proporciona opciones para maximizar el rendimiento en su industria.<\/p>\n            <a class=\"link-box\" href=\"https:\/\/crompion.com\/es\/materiales-de-acero\/hoja-y-placa-de-cromgard\/\" target=\"_self\">Conozca m\u00e1s<\/a>        <\/div>\n    <\/div>\n\n    [\/vc_column][\/vc_row][vc_row css=\u00bb.vc_custom_1542787015577{padding-top: 50px !important;background-color: #f0f1f6 !important;}\u00bb][vc_column offset=\u00bbvc_col-md-5&#8243;][vc_column_text css=\u00bb.vc_custom_1627508560386{margin-bottom: 27px !important;padding-top: 50px !important;}\u00bb]\n<p class=\"subtitle\">ACERCA DE CROMPION INTERNATIONAL<\/p>\n<h1>Un Proveedor de Soluciones de \u00daltima Generaci\u00f3n<\/h1>\n[\/vc_column_text][vc_column_text]\n<blockquote><p><span class=\"openQuote\">\u00ab<\/span>En Crompion International, desempe\u00f1amos un papel clave en el desarrollo de los productos de nuestros clientes\u00bb.<\/p><\/blockquote>\n[\/vc_column_text][\/vc_column][vc_column offset=\u00bbvc_col-md-offset-1 vc_col-md-6&#8243;][vc_empty_space height=\u00bb80px\u00bb][vc_single_image image=\u00bb987&#8243; img_size=\u00bbfull\u00bb alignment=\u00bbcenter\u00bb css=\u00bb.vc_custom_1587941831694{margin-bottom: 0px !important;}\u00bb][vc_empty_space height=\u00bb40px\u00bb]\n    <div class=\"text-center\">\n        <a class=\"btn btn-medium   \" href=\"https:\/\/crompion.com\/es\/acerca-de-crompion-international\/\" style=\"color:#ffffff;\">Acerca de Crompion International<\/a>\n    <\/div>\n\n    [\/vc_column][\/vc_row][vc_row equal_height=\u00bbyes\u00bb content_placement=\u00bbbottom\u00bb css=\u00bb.vc_custom_1542788180377{padding-top: 100px !important;padding-bottom: 100px !important;background-color: #f7f7f7 !important;}\u00bb][vc_column][vc_column_text css=\u00bb.vc_custom_1627508684287{margin-bottom: 30px !important;}\u00bb]\n<p class=\"subtitle\">Nuestra Especialidad<\/p>\n<h2>Soluciones de Materiales y Equipos para la Industria<\/h2>\n[\/vc_column_text][vc_row_inner][vc_column_inner][ucaddon_uc_bw_tabs heading_background_color=\u00bb#686C71&#8243; uc_items_data=\u00bbJTVCJTdCJTIydGl0bGUlMjIlM0ElMjJBVVRPQlVTJTIyJTJDJTIyaGVhZGluZ19jb2xvciUyMiUzQSUyMiUyM2IyYjViZSUyMiUyQyUyMmhlYWRpbmdfc2VwX2NvbG9yJTIyJTNBJTIyJTIzNTg1ZTY1JTIyJTJDJTIyY29udGVudCUyMiUzQSUyMiUzQ3AlMjBzdHlsZSUzRCU1QyUyMnRleHQtYWxpZ24lM0ElMjBsZWZ0JTNCJTVDJTIyJTNFJTNDc3Ryb25nJTNFQWNlcm8lMjB5JTIwbWF0ZXJpYWxlcyUzQyUyRnN0cm9uZyUzRSUzQSUyMENoYXBhJTIweSUyMHBsYWNhJTIwZGUlMjBhY2VybyUyMENyb21nYXJkJTJDJTIwb3Ryb3MlMjBhY2Vyb3MlMjBpbm94aWRhYmxlcyUyQyUyMG1hdGVyaWFsJTIwbm8lMjBpbm94aWRhYmxlJTJDJTIwdHViZXIlQzMlQURhJTNDYnIlMjAlMkYlM0UlM0NzdHJvbmclM0VTZXJ2aWNpb3MlM0MlMkZzdHJvbmclM0UlM0ElMjBQcm9jZXNhbWllbnRvJTIwZGUlMjByb2xsb3MlM0IlMjBTb2xkYWR1cmElMjB5JTIwZmFicmljYWNpJUMzJUIzbiUzQiUyMERpc2UlQzMlQjFvJTIwQ0FEJTNCJTIwU29wb3J0ZSUyMHQlQzMlQTljbmljbyUyRm1ldGFsJUMzJUJBcmdpY28lM0IlMjBTZXJ2aWNpb3MlMjBhJTIwc29saWNpdHVkLiUzQyUyRnAlM0UlMjIlMkMlMjJjb250ZW50X2NvbG9yJTIyJTNBJTIyJTIzNTg1YTYxJTIyJTJDJTIyaGVhZGluZ19hY3RpdmVfYW5nbGUlMjIlM0ElMjIlMjNmZmZmZmYlMjIlN0QlMkMlN0IlMjJ0aXRsZSUyMiUzQSUyMkNBUkIlQzMlOTNOJTIyJTJDJTIyaGVhZGluZ19jb2xvciUyMiUzQSUyMiUyM2IyYjViZSUyMiUyQyUyMmhlYWRpbmdfc2VwX2NvbG9yJTIyJTNBJTIyJTIzNTg1ZTY1JTIyJTJDJTIyY29udGVudCUyMiUzQSUyMiUzQ3AlMjBzdHlsZSUzRCU1QyUyMnRleHQtYWxpZ24lM0ElMjBsZWZ0JTNCJTVDJTIyJTNFJTNDc3Ryb25nJTNFQWNlcm8lMjB5JTIwbWF0ZXJpYWxlcyUzQyUyRnN0cm9uZyUzRSUzQSUyMGNoYXBhJTIweSUyMHBsYWNhJTIwZGUlMjBhY2VybyUyMENyb21nYXJkJTJDJTIwb3Ryb3MlMjBhY2Vyb3MlMjBpbm94aWRhYmxlcyUyQyUyMG1hdGVyaWFsJTIwbm8lMjBpbm94aWRhYmxlJTJDJTIwdHViZXIlQzMlQURhLiUzQyUyRnAlM0UlM0NwJTIwc3R5bGUlM0QlNUMlMjJ0ZXh0LWFsaWduJTNBJTIwbGVmdCUzQiU1QyUyMiUzRSUzQ3N0cm9uZyUzRUVxdWlwbyUzQyUyRnN0cm9uZyUzRSUzQSUyMHNlbGxvcyUyMG1lYyVDMyVBMW5pY29zJTJDJTIwZXF1aXBvJTIwZGUlMjB0cmFuc21pc2klQzMlQjNuJTIwZGUlMjBwb3RlbmNpYSUyQyUyMGVxdWlwbyUyMGRlJTIwbWFuaXB1bGFjaSVDMyVCM24lMjBkZSUyMG1hdGVyaWFsZXMuJTNDJTJGcCUzRSUzQ3AlMjBzdHlsZSUzRCU1QyUyMnRleHQtYWxpZ24lM0ElMjBsZWZ0JTNCJTVDJTIyJTNFJTNDc3Ryb25nJTNFU2VydmljaW9zJTNDJTJGc3Ryb25nJTNFJTNBJTIwUHJvY2VzYW1pZW50byUyMGRlJTIwcm9sbG9zJTNCJTIwU29sZGFkdXJhJTIweSUyMGZhYnJpY2FjaSVDMyVCM24lMkMlMjBEaXNlJUMzJUIxbyUyMENBRCUzQiUyMFNvcG9ydGUlMjB0JUMzJUE5Y25pY28lMkZtZXRhbCVDMyVCQXJnaWNvJTNCJTIwU2VydmljaW9zJTIwYSUyMHNvbGljaXR1ZC4lM0MlMkZwJTNFJTIyJTJDJTIyY29udGVudF9jb2xvciUyMiUzQSUyMiUyMzU4NWE2MSUyMiUyQyUyMmhlYWRpbmdfYWN0aXZlX2FuZ2xlJTIyJTNBJTIyJTIzZmZmZmZmJTIyJTdEJTJDJTdCJTIydGl0bGUlMjIlM0ElMjJFVEFOT0wlMjBZJTIwQklPQ09NQlVTVElCTEUlMjIlMkMlMjJoZWFkaW5nX2NvbG9yJTIyJTNBJTIyJTIzYjJiNWJlJTIyJTJDJTIyaGVhZGluZ19zZXBfY29sb3IlMjIlM0ElMjIlMjM1ODVlNjUlMjIlMkMlMjJjb250ZW50JTIyJTNBJTIyJTNDcCUyMHN0eWxlJTNEJTVDJTIydGV4dC1hbGlnbiUzQSUyMGxlZnQlM0IlNUMlMjIlM0UlM0NzdHJvbmclM0VBY2VybyUyMHklMjBtYXRlcmlhbGVzJTNDJTJGc3Ryb25nJTNFJTNBJTIwQ2hhcGElMjB5JTIwcGxhY2ElMjBkZSVDMiVBMCUyMGFjZXJvJTIwQ3JvbWdhcmQlMkMlMjBvdHJvcyUyMGFjZXJvcyUyMGlub3hpZGFibGVzJTJDJTIwbWF0ZXJpYWwlMjBubyUyMGlub3hpZGFibGUlMkMlMjB0dWJlciVDMyVBRGEuJTNDJTJGcCUzRSUzQ3AlMjBzdHlsZSUzRCU1QyUyMnRleHQtYWxpZ24lM0ElMjBsZWZ0JTNCJTVDJTIyJTNFJTNDc3Ryb25nJTNFRXF1aXBvJTNDJTJGc3Ryb25nJTNFJTNBJTIwU2VsbG9zJTIwbWVjJUMzJUExbmljb3MlMkMlMjBlcXVpcG8lMjBkZSUyMHRyYW5zbWlzaSVDMyVCM24lMjBkZSUyMHBvdGVuY2lhJTJDJTIwcGwlQzMlQTFzdGljb3MlMjBkZSUyMGluZ2VuaWVyJUMzJUFEYSUzQiUyMEVxdWlwbyUyMGRlJTIwbWFuZWpvJTIwZGUlMjBtYXRlcmlhbGVzJTNCJTIwQ2xhcmlmaWNhZG9yZXMlMjBMTFQlM0IlMjB2JUMzJUExbHZ1bGFzJTNCJTIwZWxlY3Ryb2RvcyUyMHklMjBhbGFtYnJlcyUyMGRlJTIwc29sZGFkdXJhJTIwZGUlMjByZXZlc3RpbWllbnRvJTIwZHVybyUzQiUyMGN1Y2hpbGxhcyUyMHBhcmElMjBjb3NlY2hhZG9yYXMlM0IlMjBjdWNoaWxsYXMlMjB5JTIwbWFydGlsbG9zJTIwcGFyYSUyMHByZXBhcmFjaSVDMyVCM24uLiUzQyUyRnAlM0UlM0NwJTIwc3R5bGUlM0QlNUMlMjJ0ZXh0LWFsaWduJTNBJTIwbGVmdCUzQiU1QyUyMiUzRSUzQ3N0cm9uZyUzRVNlcnZpY2lvcyUzQyUyRnN0cm9uZyUzRSUzQSUyMFByb2Nlc2FtaWVudG8lMjBkZSUyMHJvbGxvcyUzQiUyMHNvbGRhZHVyYSUyMHklMjBmYWJyaWNhY2klQzMlQjNuJTNCJTIwZGlzZSVDMyVCMW8lMjBDQUQlM0IlMjBTb3BvcnRlJTIwdCVDMyVBOWNuaWNvJTIwJTJGJTIwbWV0YWwlQzMlQkFyZ2ljbyUzQiUyMFNlcnZpY2lvcyUyMFNjaGFmZmVyJTIwU3VnYXIlM0IlMjBTZXJ2aWNpb3MlMjBhJTIwc29saWNpdHVkLiUzQyUyRnAlM0UlMjIlMkMlMjJjb250ZW50X2NvbG9yJTIyJTNBJTIyJTIzNTg1YTYxJTIyJTJDJTIyaGVhZGluZ19hY3RpdmVfYW5nbGUlMjIlM0ElMjIlMjNmZmZmZmYlMjIlN0QlMkMlN0IlMjJ0aXRsZSUyMiUzQSUyMkFQQVJBVE8lMjBDT05UUkElMjBJTkNFTkRJT1MlMjIlMkMlMjJoZWFkaW5nX2NvbG9yJTIyJTNBJTIyJTIzYjJiNWJlJTIyJTJDJTIyaGVhZGluZ19zZXBfY29sb3IlMjIlM0ElMjIlMjM1ODVlNjUlMjIlMkMlMjJjb250ZW50JTIyJTNBJTIyJTNDcCUyMHN0eWxlJTNEJTVDJTIydGV4dC1hbGlnbiUzQSUyMGxlZnQlM0IlNUMlMjIlM0UlM0NzdHJvbmclM0VBY2VybyUyMHklMjBtYXRlcmlhbGVzJTNDJTJGc3Ryb25nJTNFJTNBJTIwQ2hhcGElMjB5JTIwcGxhY2ElQzIlQTAlMjBkZSUyMGFjZXJvJTIwQ3JvbWdhcmQlMkMlMjBvdHJvcyUyMGFjZXJvcyUyMGlub3hpZGFibGVzJTJDJTIwbWF0ZXJpYWwlMjBubyUyMGlub3hpZGFibGUlM0IlMjB0dWJlciVDMyVBRGElM0MlMkZwJTNFJTNDcCUyMHN0eWxlJTNEJTVDJTIydGV4dC1hbGlnbiUzQSUyMGxlZnQlM0IlNUMlMjIlM0UlM0NzdHJvbmclM0VTZXJ2aWNpb3MlM0MlMkZzdHJvbmclM0UlM0ElMjBQcm9jZXNhbWllbnRvJTIwZGUlMjBib2JpbmFzJTNCJTIwc29sZGFkdXJhJTIweSUyMGZhYnJpY2FjaSVDMyVCM24lM0IlMjBEaXNlJUMzJUIxbyUyMENBRCUzQiUyMHNvcG9ydGUlMjB0JUMzJUE5Y25pY28lMkZtZXRhbCVDMyVCQXJnaWNvJTNCJTIwc2VydmljaW9zJTIwYSUyMHNvbGljaXR1ZCUzQyUyRnAlM0UlMjIlMkMlMjJjb250ZW50X2NvbG9yJTIyJTNBJTIyJTIzNTg1YTYxJTIyJTJDJTIyaGVhZGluZ19hY3RpdmVfYW5nbGUlMjIlM0ElMjIlMjNmZmZmZmYlMjIlN0QlMkMlN0IlMjJ0aXRsZSUyMiUzQSUyMk1JTkVSJUMzJThEQSUyMiUyQyUyMmhlYWRpbmdfY29sb3IlMjIlM0ElMjIlMjNiMmI1YmUlMjIlMkMlMjJoZWFkaW5nX3NlcF9jb2xvciUyMiUzQSUyMiUyMzU4NWU2NSUyMiUyQyUyMmNvbnRlbnQlMjIlM0ElMjIlM0NwJTIwc3R5bGUlM0QlNUMlMjJ0ZXh0LWFsaWduJTNBJTIwbGVmdCUzQiU1QyUyMiUzRSUzQ3N0cm9uZyUzRUFjZXJvJTIweSUyMG1hdGVyaWFsZXMlM0MlMkZzdHJvbmclM0UlM0ElMjBDaGFwYSUyMHklMjBwbGFjYSVDMiVBMCUyMGRlJTIwYWNlcm8lMjBDcm9tZ2FyZCUyQyUyMG90cm9zJTIwYWNlcm9zJTIwaW5veGlkYWJsZXMlMkMlMjBtYXRlcmlhbCUyMG5vJTIwaW5veGlkYWJsZSUzQiUyMHR1YmVyJUMzJUFEYS4lM0MlMkZwJTNFJTNDcCUyMHN0eWxlJTNEJTVDJTIydGV4dC1hbGlnbiUzQSUyMGxlZnQlM0IlNUMlMjIlM0UlM0NzdHJvbmclM0VFcXVpcG8lM0MlMkZzdHJvbmclM0UlM0ElMjBTZWxsb3MlMjBtZWMlQzMlQTFuaWNvcyUyQyUyMEVxdWlwbyUyMGRlJTIwdHJhbnNtaXNpJUMzJUIzbiUyMGRlJTIwcG90ZW5jaWElMkMlMjBwbCVDMyVBMXN0aWNvcyUyMGRlJTIwaW5nZW5pZXIlQzMlQURhJTNCJTIwZXF1aXBvJTIwcGFyYSUyMG1hbmVqbyUyMGRlJTIwbWF0ZXJpYWxlcy4lM0MlMkZwJTNFJTNDcCUyMHN0eWxlJTNEJTVDJTIydGV4dC1hbGlnbiUzQSUyMGxlZnQlM0IlNUMlMjIlM0UlM0NzdHJvbmclM0VTZXJ2aWNpb3MlM0MlMkZzdHJvbmclM0UlM0ElMjBQcm9jZXNhbWllbnRvJTIwZGUlMjBib2JpbmFzJTNCJTIwc29sZGFkdXJhJTIweSUyMGZhYnJpY2FjaSVDMyVCM24lM0IlMjBkaXNlJUMzJUIxbyUyMENBRCUzQiUyMHNvcG9ydGUlMjB0JUMzJUE5Y25pY28lMjBtZXRhbCVDMyVCQXJnaWNvJTNCJTIwU2VydmljaW9zJTIwYSUyMHNvbGljaXR1ZC4lM0MlMkZwJTNFJTIyJTJDJTIyY29udGVudF9jb2xvciUyMiUzQSUyMiUyMzU4NWE2MSUyMiUyQyUyMmhlYWRpbmdfYWN0aXZlX2FuZ2xlJTIyJTNBJTIyJTIzZmZmZmZmJTIyJTdEJTJDJTdCJTIydGl0bGUlMjIlM0ElMjJQVUxQQSUyMCUyNiUyMFBBUEVMJTIwJTIyJTJDJTIyaGVhZGluZ19jb2xvciUyMiUzQSUyMiUyM2IyYjViZSUyMiUyQyUyMmhlYWRpbmdfc2VwX2NvbG9yJTIyJTNBJTIyJTIzNTg1ZTY1JTIyJTJDJTIyY29udGVudCUyMiUzQSUyMiUzQ3AlMjBzdHlsZSUzRCU1QyUyMnRleHQtYWxpZ24lM0ElMjBsZWZ0JTNCJTVDJTIyJTNFJTNDc3Ryb25nJTNFQWNlcm9zJTIweSUyMG1hdGVyaWFsZXMlM0MlMkZzdHJvbmclM0UlM0ElMjBDaGFwYSUyMHklMjBwbGFjYSVDMiVBMCUyMGRlJTIwYWNlcm8lMjBDcm9tZ2FyZCUyQyUyMG90cm9zJTIwYWNlcm9zJTIwaW5veGlkYWJsZXMlMkMlMjBtYXRlcmlhbCUyMG5vJTIwaW5veGlkYWJsZSUyQyUyMHR1YmVyJUMzJUFEYS4lM0MlMkZwJTNFJTNDcCUyMHN0eWxlJTNEJTVDJTIydGV4dC1hbGlnbiUzQSUyMGxlZnQlM0IlNUMlMjIlM0UlM0NzdHJvbmclM0VFcXVpcG8lM0MlMkZzdHJvbmclM0UlM0ElMjBTZWxsb3MlMjBtZWMlQzMlQTFuaWNvcyUyQyUyMGVxdWlwbyUyMGRlJTIwdHJhbnNtaXNpJUMzJUIzbiUyMGRlJTIwcG90ZW5jaWElMkMlMjBwbCVDMyVBMXN0aWNvcyUyMGRlJTIwaW5nZW5pZXIlQzMlQURhJTJDJTIwbHVicmljYWNpJUMzJUIzbiUzQiUyMHYlQzMlQTFsdnVsYXMuJTNDJTJGcCUzRSUzQ3AlMjBzdHlsZSUzRCU1QyUyMnRleHQtYWxpZ24lM0ElMjBsZWZ0JTNCJTVDJTIyJTNFJTNDc3Ryb25nJTNFU2VydmljaW9zJTNDJTJGc3Ryb25nJTNFJTNBJTIwUHJvY2VzYW1pZW50byUyMGRlJTIwYm9iaW5hcyUzQiUyMHNvbGRhZHVyYSUyMHklMjBmYWJyaWNhY2klQzMlQjNuJTNCJTIwZGlzZSVDMyVCMW8lMjBDQUQlM0IlMjBzb3BvcnRlJTIwdCVDMyVBOWNuaWNvJTJGbWV0YWwlQzMlQkFyZ2ljbyUzQiUyMHNlcnZpY2lvcyUyMGElMjBwZWRpZG8uJTNDJTJGcCUzRSUyMiUyQyUyMmNvbnRlbnRfY29sb3IlMjIlM0ElMjIlMjM1ODVhNjElMjIlMkMlMjJoZWFkaW5nX2FjdGl2ZV9hbmdsZSUyMiUzQSUyMiUyM2ZmZmZmZiUyMiU3RCUyQyU3QiUyMnRpdGxlJTIyJTNBJTIyRVNQQVJDSURPUiUyMERFJTIwU0FMJTIyJTJDJTIyaGVhZGluZ19jb2xvciUyMiUzQSUyMiUyM2IyYjViZSUyMiUyQyUyMmhlYWRpbmdfc2VwX2NvbG9yJTIyJTNBJTIyJTIzNTg1ZTY1JTIyJTJDJTIyY29udGVudCUyMiUzQSUyMiUzQ3AlMjBzdHlsZSUzRCU1QyUyMnRleHQtYWxpZ24lM0ElMjBsZWZ0JTNCJTVDJTIyJTNFJTNDc3Ryb25nJTNFQWNlcm8lMjB5JTIwbWF0ZXJpYWxlcyUzQyUyRnN0cm9uZyUzRSUzQSUyMENoYXBhJTIweSUyMHBsYWNhJUMyJUEwJTIwZGUlMjBhY2VybyUyMENyb21nYXJkJTJDJTIwb3Ryb3MlMjBhY2Vyb3MlMjBpbm94aWRhYmxlcyUyQyUyMG1hdGVyaWFsJTIwbm8lMjBpbm94aWRhYmxlJTNCJTIwdHViZXIlQzMlQURhLiUzQyUyRnAlM0UlM0NwJTIwc3R5bGUlM0QlNUMlMjJ0ZXh0LWFsaWduJTNBJTIwbGVmdCUzQiU1QyUyMiUzRSUzQ3N0cm9uZyUzRVNlcnZpY2lvcyUzQyUyRnN0cm9uZyUzRSUzQSUyMFByb2Nlc2FtaWVudG8lMjBkZSUyMGJvYmluYXMlM0IlMjBzb2xkYWR1cmElMjB5JTIwZmFicmljYWNpJUMzJUIzbiUzQiUyMGRpc2UlQzMlQjFvJTIwQ0FEJTNCJTIwc29wb3J0ZSUyMHQlQzMlQTljbmljbyUyRm1ldGFsJUMzJUJBcmdpY28lM0IlMjBzZXJ2aWNpb3MlMjBhJTIwc29saWNpdHVkJTNDJTJGcCUzRSUyMiUyQyUyMmNvbnRlbnRfY29sb3IlMjIlM0ElMjIlMjM1ODVhNjElMjIlMkMlMjJoZWFkaW5nX2FjdGl2ZV9hbmdsZSUyMiUzQSUyMiUyM2ZmZmZmZiUyMiU3RCUyQyU3QiUyMnRpdGxlJTIyJTNBJTIyUkVNT0xBQ0hBJTIwQVpVQ0FSRVJBJTIyJTJDJTIyaGVhZGluZ19jb2xvciUyMiUzQSUyMiUyM2IyYjViZSUyMiUyQyUyMmhlYWRpbmdfc2VwX2NvbG9yJTIyJTNBJTIyJTIzNTg1ZTY1JTIyJTJDJTIyY29udGVudCUyMiUzQSUyMiUzQ3AlMjBzdHlsZSUzRCU1QyUyMnRleHQtYWxpZ24lM0ElMjBsZWZ0JTNCJTVDJTIyJTNFJTNDc3Ryb25nJTNFQWNlcm8lMjB5JTIwbWF0ZXJpYWxlcyUzQyUyRnN0cm9uZyUzRSUzQSUyMENoYXBhJTIweSUyMHBsYWNhJTIwZGUlMjBhY2VybyUyMENyb21nYXJkJTJDJTIwb3Ryb3MlMjBhY2Vyb3MlMjBpbm94aWRhYmxlcyUyQyUyMG1hdGVyaWFsJTIwbm8lMjBpbm94aWRhYmxlJTNCJTIwdHViZXIlQzMlQURhLiUzQyUyRnAlM0UlM0NwJTIwc3R5bGUlM0QlNUMlMjJ0ZXh0LWFsaWduJTNBJTIwbGVmdCUzQiU1QyUyMiUzRSUzQ3N0cm9uZyUzRVNlcnZpY2lvcyUzQyUyRnN0cm9uZyUzRSUzQSUyMFByb2Nlc2FtaWVudG8lMjBkZSUyMGJvYmluYXMlM0IlMjBzb2xkYWR1cmElMjB5JTIwZmFicmljYWNpJUMzJUIzbiUzQiUyMGRpc2UlQzMlQjFvJTIwQ0FEJTNCJTIwc29wb3J0ZSUyMHQlQzMlQTljbmljbyUyRm1ldGFsJUMzJUJBcmdpY28lM0IlMjBzZXJ2aWNpb3MlMjBhJTIwc29saWNpdHVkJTNDJTJGcCUzRSUyMiUyQyUyMmNvbnRlbnRfY29sb3IlMjIlM0ElMjIlMjM1ODVhNjElMjIlMkMlMjJoZWFkaW5nX2FjdGl2ZV9hbmdsZSUyMiUzQSUyMiUyM2ZmZmZmZiUyMiU3RCUyQyU3QiUyMnRpdGxlJTIyJTNBJTIyQ0ElQzMlOTFBJTIwREUlMjBBWiVDMyU5QUNBUiUyMiUyQyUyMmhlYWRpbmdfY29sb3IlMjIlM0ElMjIlMjNiMmI1YmUlMjIlMkMlMjJoZWFkaW5nX3NlcF9jb2xvciUyMiUzQSUyMiUyMzU4NWU2NSUyMiUyQyUyMmNvbnRlbnQlMjIlM0ElMjIlM0NwJTIwc3R5bGUlM0QlNUMlMjJ0ZXh0LWFsaWduJTNBJTIwbGVmdCUzQiU1QyUyMiUzRSUzQ3N0cm9uZyUzRUFjZXJvcyUyMHklMjBtYXRlcmlhbGVzJTNDJTJGc3Ryb25nJTNFJTNBJTIwTCVDMyVBMW1pbmFzJTIweSUyMHBsYWNhcyUyMGRlJTIwYWNlcm8lMjBDcm9tZ2FyZCUyQyUyME90cm9zJTIwYWNlcm9zJTIwaW5veGlkYWJsZXMlMkMlMjBtYXRlcmlhbCUyMG5vJTIwaW5veGlkYWJsZSUyQyUyMHR1YmVyJUMzJUFEYS4lM0MlMkZwJTNFJTNDcCUyMHN0eWxlJTNEJTVDJTIydGV4dC1hbGlnbiUzQSUyMGxlZnQlM0IlNUMlMjIlM0UlM0NzdHJvbmclM0VFcXVpcG8lM0MlMkZzdHJvbmclM0UlM0ElMjBTZWxsb3MlMjBtZWMlQzMlQTFuaWNvcyUyQyUyMGVxdWlwbyUyMGRlJTIwdHJhbnNtaXNpJUMzJUIzbiUyMGRlJTIwcG90ZW5jaWElMkMlMjBwbCVDMyVBMXN0aWNvcyUyMGRlJTIwaW5nZW5pZXIlQzMlQURhJTNCJUMyJUEwJTIwZXF1aXBvJTIwcGFyYSUyMG1hbmVqbyUyMGRlJTIwbWF0ZXJpYWxlcyUzQiUyMENsYXJpZmljYWRvcmVzJTIwTExUJTNCJTIwZmlsdHJvcyUyMGJhbmRhJTNCJTIwdiVDMyVBMWx2dWxhcyUzQiUyMGVsZWN0cm9kb3MlMjB5JTIwYWxhbWJyZXMlMjBkZSUyMHNvbGRhZHVyYSUyMHBhcmElMjByZXZlc3RpbWllbnRvJTIwZHVybyUzQiUyMEN1Y2hpbGxhcyUyMHBhcmElMjBjb3NlY2hhZG9yYXMlM0IlMjBNYXJ0aWxsb3MlMjB5JTIwQ3VjaGlsbGFzJTIwcGFyYSUyMHByZXBhcmFjaSVDMyVCM24lM0IlMjBiYXJyYSUyMHBsYW5hJTIwQVIlMjA1MDAlM0IlMjBidWplcyUzQiUyMGJhcnJhcyUyMGRlJTIwbml2ZWxhZG9yJTNCJTIwYnJpZGElMjBwYXJhJTIwbW9saW5vJTNCJUMyJUEwJTIwcmFzcGFkb3IlMjB5JTIwdmlyYWRvci4lM0MlMkZwJTNFJTNDcCUyMHN0eWxlJTNEJTVDJTIydGV4dC1hbGlnbiUzQSUyMGxlZnQlM0IlNUMlMjIlM0UlM0NzdHJvbmclM0VTZXJ2aWNpb3MlM0MlMkZzdHJvbmclM0UlM0ElMjBQcm9jZXNhbWllbnRvJTIwZGUlMjBib2JpbmFzJTNCJTIwU29sZGFkdXJhJTIweSUyMEZhYnJpY2FjaSVDMyVCM24lM0IlMjBEaXNlJUMzJUIxbyUyMENBRCUzQiUyMFNvcG9ydGUlMjB0JUMzJUE5Y25pY28lMkZtZXRhbCVDMyVCQXJnaWNvJTNCJTIwU2VydmljaW9zJTIwYSUyMHBlZGlkbyUzQiUyMFNlcnZpY2lvcyUyMEF6dWNhcmVyb3MlM0MlMkZwJTNFJTIyJTJDJTIyY29udGVudF9jb2xvciUyMiUzQSUyMiUyMzU4NWE2MSUyMiUyQyUyMmhlYWRpbmdfYWN0aXZlX2FuZ2xlJTIyJTNBJTIyJTIzZmZmZmZmJTIyJTdEJTJDJTdCJTIydGl0bGUlMjIlM0ElMjJCQVJSRURPUkFTJTIyJTJDJTIyaGVhZGluZ19jb2xvciUyMiUzQSUyMiUyM2IyYjViZSUyMiUyQyUyMmhlYWRpbmdfc2VwX2NvbG9yJTIyJTNBJTIyJTIzNTg1ZTY1JTIyJTJDJTIyY29udGVudCUyMiUzQSUyMiUzQ3AlMjBzdHlsZSUzRCU1QyUyMnRleHQtYWxpZ24lM0ElMjBsZWZ0JTNCJTVDJTIyJTNFJTNDc3Ryb25nJTNFQWNlcm8lMjB5JTIwbWF0ZXJpYWxlcyUzQyUyRnN0cm9uZyUzRSUzQSUyMGNoYXBhJTIweSUyMHBsYWNhJTIwYWNlcm8lMjBDcm9tZ2FyZCUyQyUyMG90cm9zJTIwYWNlcm9zJTIwaW5veGlkYWJsZXMlMkMlMjBtYXRlcmlhbCUyMG5vJTIwaW5veGlkYWJsZSUzQiUyMFR1YmVyJUMzJUFEYSUzQyUyRnAlM0UlM0NwJTIwc3R5bGUlM0QlNUMlMjJ0ZXh0LWFsaWduJTNBJTIwbGVmdCUzQiU1QyUyMiUzRSUzQ3N0cm9uZyUzRVNlcnZpY2lvcyUzQyUyRnN0cm9uZyUzRSUzQSUyMFByb2Nlc2FtaWVudG8lMjBkZSUyMGJvYmluYXMlM0IlMjBTb2xkYWR1cmElMjB5JTIwRmFicmljYWNpJUMzJUIzbiUzQiUyMERpc2UlQzMlQjFvJTIwQ0FEJTNCJTIwU29wb3J0ZSUyMHQlQzMlQTljbmljbyUyRm1ldGFsJUMzJUJBcmdpY28lM0IlMjBTZXJ2aWNpb3MlMjBhJTIwc29saWNpdHVkJTNDJTJGcCUzRSUyMiUyQyUyMmNvbnRlbnRfY29sb3IlMjIlM0ElMjIlMjM1ODVhNjElMjIlMkMlMjJoZWFkaW5nX2FjdGl2ZV9hbmdsZSUyMiUzQSUyMiUyM2ZmZmZmZiUyMiU3RCU1RA==\u00bb uc_fonts_data=\u00bbJTdCJTdE\u00bb][\/vc_column_inner][\/vc_row_inner][\/vc_column][\/vc_row][vc_row el_class=\u00bbbg-primary call-to-action\u00bb css=\u00bb.vc_custom_1542184444490{padding-top: 52px !important;padding-bottom: 52px !important;}\u00bb][vc_column offset=\u00bbvc_col-md-8&#8243;][vc_custom_heading text=\u00bbImpulsados por valores, cumpliendo con una visi\u00f3n.\u00bb font_container=\u00bbtag:h3|text_align:left|color:%23ffffff\u00bb use_theme_fonts=\u00bbyes\u00bb css=\u00bb.vc_custom_1627336641399{margin-top: 10px !important;margin-bottom: 0px !important;}\u00bb][\/vc_column][vc_column offset=\u00bbvc_col-md-4&#8243;]\n    <div class=\"text-right\">\n        <a class=\"btn btn-medium btn-light  \" href=\"https:\/\/crompion.com\/es\/acerca-de-crompion-international\/\" style=\"\">Conozca m\u00e1s<\/a>\n    <\/div>\n\n    [\/vc_column][\/vc_row][vc_row equal_height=\u00bbyes\u00bb content_placement=\u00bbbottom\u00bb css=\u00bb.vc_custom_1542788180377{padding-top: 100px !important;padding-bottom: 100px !important;background-color: #f7f7f7 !important;}\u00bb][vc_column][vc_column_text css=\u00bb.vc_custom_1669766965216{margin-bottom: 30px !important;}\u00bb]\n<h2>Art\u00edculos recientes<\/h2>\n[\/vc_column_text][vc_row_inner][vc_column_inner][vc_raw_html]JTVCZWxlbWVudG9yLXRlbXBsYXRlJTIwaWQlM0QlMjIzMDQ1JTIyJTVE[\/vc_raw_html][\/vc_column_inner][\/vc_row_inner][\/vc_column][\/vc_row]\n","protected":false},"excerpt":{"rendered":"<p>[vc_row full_width=\u00bbstretch_row_content_no_spaces\u00bb fullwidth=\u00bbtrue\u00bb][vc_column][rev_slider_vc alias=\u00bbhome-1-1&#8243;][\/vc_column][\/vc_row][vc_row equal_height=\u00bbyes\u00bb content_placement=\u00bbbottom\u00bb css=\u00bb.vc_custom_1542788180377{padding-top: 100px !important;padding-bottom: 100px !important;background-color: #f7f7f7 !important;}\u00bb][vc_column][vc_column_text css=\u00bb.vc_custom_1627507664747{margin-bottom: 30px !important;}\u00bb] Productos Destacados [\/vc_column_text][\/vc_column][\/vc_row][vc_row css=\u00bb.vc_custom_1607111172566{background-color: #f0f1f6 !important;}\u00bb][vc_column css=\u00bb.vc_custom_1600189370095{margin-top: -70px !important;}\u00bb el_class=\u00bb.topics\u00bb][\/vc_column][\/vc_row][vc_row css=\u00bb.vc_custom_1542787015577{padding-top: 50px !important;background-color: #f0f1f6 !important;}\u00bb][vc_column offset=\u00bbvc_col-md-5&#8243;][vc_column_text css=\u00bb.vc_custom_1627508560386{margin-bottom: 27px !important;padding-top: 50px !important;}\u00bb] ACERCA DE CROMPION INTERNATIONAL Un Proveedor de Soluciones de \u00daltima Generaci\u00f3n [\/vc_column_text][vc_column_text] \u00abEn Crompion International, desempe\u00f1amos un papel [&hellip;]<\/p>\n","protected":false},"author":1,"featured_media":0,"parent":0,"menu_order":0,"comment_status":"closed","ping_status":"closed","template":"","meta":{"_joinchat":{"message_text":"Hola, \u00bfC\u00f3mo te puedo ayudar?","message_send":"Hola, {SITE} necesito m\u00e1s informaci\u00f3n sobre Crompion {URL}"}},"_links":{"self":[{"href":"https:\/\/crompion.com\/es\/wp-json\/wp\/v2\/pages\/2566"}],"collection":[{"href":"https:\/\/crompion.com\/es\/wp-json\/wp\/v2\/pages"}],"about":[{"href":"https:\/\/crompion.com\/es\/wp-json\/wp\/v2\/types\/page"}],"author":[{"embeddable":true,"href":"https:\/\/crompion.com\/es\/wp-json\/wp\/v2\/users\/1"}],"replies":[{"embeddable":true,"href":"https:\/\/crompion.com\/es\/wp-json\/wp\/v2\/comments?post=2566"}],"version-history":[{"count":25,"href":"https:\/\/crompion.com\/es\/wp-json\/wp\/v2\/pages\/2566\/revisions"}],"predecessor-version":[{"id":3429,"href":"https:\/\/crompion.com\/es\/wp-json\/wp\/v2\/pages\/2566\/revisions\/3429"}],"wp:attachment":[{"href":"https:\/\/crompion.com\/es\/wp-json\/wp\/v2\/media?parent=2566"}],"curies":[{"name":"wp","href":"https:\/\/api.w.org\/{rel}","templated":true}]}}