{"id":2548,"date":"2021-06-15T00:27:40","date_gmt":"2021-06-15T00:27:40","guid":{"rendered":"https:\/\/crompion.com\/ingenieria\/fabricacion\/"},"modified":"2021-07-27T19:20:41","modified_gmt":"2021-07-27T19:20:41","slug":"fabricacion","status":"publish","type":"page","link":"https:\/\/crompion.com\/es\/ingenieria\/fabricacion\/","title":{"rendered":"Fabricaci\u00f3n"},"content":{"rendered":"[vc_row][vc_column][vc_empty_space height=\u00bb82px\u00bb][vc_custom_heading text=\u00bbNuestros socios externos pueden fabricar piezas y componentes de acero inoxidable llave en mano y enviarlos listos para usar.\u00bb font_container=\u00bbtag:h4|text_align:left\u00bb use_theme_fonts=\u00bbyes\u00bb css=\u00bb.vc_custom_1588875591331{margin-bottom: 40px !important;}\u00bb][vc_column_text]Muchos de los procesos de fabricaci\u00f3n de nuestros clientes se benefician de tener piezas o componentes espec\u00edficos de acero inoxidable fabricados llave en mano y enviados listos para usar.<\/p>\n<div class=\"ulHeader\"><b> Tenemos socios con servicios de valor agregado que pueden ayudar con lo siguiente: <\/b><\/div>\n<ul>\n<li>Reducir los pasos en el proceso de fabricaci\u00f3n<\/li>\n<li>Elimine la necesidad de enviar el producto a varios fabricantes<\/li>\n<li>Reduzca el uso de varias \u00f3rdenes de compra<\/li>\n<li>Ahorre dinero y semanas en el tiempo de espera<\/li>\n<li>Reducir los costos de transporte\/manipulaci\u00f3n<\/li>\n<\/ul>\n<p>P\u00f3ngase en contacto con uno de los miembros de nuestro equipo de ingenier\u00eda para descubrir c\u00f3mo podemos asociarnos con usted para desarrollar piezas listas para ensamblar en su proceso de fabricaci\u00f3n.[\/vc_column_text][vc_custom_heading text=\u00bbSoldadura\u00bb font_container=\u00bbtag:h4|text_align:left\u00bb use_theme_fonts=\u00bbyes\u00bb css=\u00bb.vc_custom_1588875622664{margin-bottom: 40px !important;}\u00bb][vc_column_text]Nuestros soldadores certificados tercerizados pueden soldar f\u00e1cilmente nuestros materiales seg\u00fan sus especificaciones exactas. En algunas industrias como la ferroviaria y del autob\u00fas, por ejemplo, la soldadura puede ser complicada y exige una precisi\u00f3n incre\u00edble. Crompion International utiliza soldadores de tercerizados certificados por AWS y ARI que nos permite soldar el material seg\u00fan sus especificaciones exactas.<\/p>\n<p>Los siguientes son los tipos de servicios de soldadura que pueden ofrecer nuestros socios externos:<\/p>\n<ul>\n<li>Arco met\u00e1lico manual (MMA o SMAW)<\/li>\n<li>Gas inerte de tungsteno (TIG o GTAW)<\/li>\n<li>Gas inerte met\u00e1lico (MIG o GMAW)<\/li>\n<li>Soldadura por arco con n\u00facleo de fundente (FCAW)<\/li>\n<li>Soldadura por arco de plasma (PAW)<\/li>\n<li>Soldadura por l\u00e1ser (CO2)<\/li>\n<\/ul>\n<p>Los socios externos de Crompion International pueden hacer que las piezas y componentes de acero inoxidable se fabriquen llave en mano y se env\u00eden listos para usar.[\/vc_column_text][\/vc_column][\/vc_row][vc_row css=\u00bb.vc_custom_1588717236156{padding-top: 60px !important;padding-bottom: 60px !important;background-color: #ededed !important;}\u00bb][vc_column]<div class=\"templatera_shortcode\"><section data-vc-full-width=\"true\" data-vc-full-width-init=\"false\" class=\"wpb_row vc_row-fluid vc_custom_1588961076243 vc_row-has-fill vc_row-full-width\"><div class=\"vc_row\"><div class=\"wpb_column vc_column_container vc_col-sm-12\"><div class=\"vc_column-inner\"><div class=\"wpb_wrapper\">\n\t<div class=\"wpb_text_column wpb_content_element  vc_custom_1627339054412\" >\n\t\t<div class=\"wpb_wrapper\">\n\t\t\t<p class=\"subtitle\">NUESTRA ESPECIALIDAD<\/p>\n<h2>Soluciones perfectas para cualquier industria<\/h2>\n\n\t\t<\/div>\n\t<\/div>\n<!-- start Overlay Hover Carousel -->\n\t\t<link id='owl-carousel-css' href='https:\/\/crompion.com\/wp-content\/plugins\/unlimited-addons-for-wpbakery-page-builder\/assets_libraries\/owl-carousel\/assets\/owl.carousel.css' type='text\/css' rel='stylesheet' >\n\t\t<link id='uc_ac_assets_file_uc_overlay_hover_carousel_css_4622-css' href='https:\/\/crompion.com\/wp-content\/uploads\/ac_assets\/uc_overlay_hover_carousel\/uc_overlay_hover_carousel.css' type='text\/css' rel='stylesheet' >\n\t\t<link id='uc_ac_assets_file_owl_carousel_css_4112-css' href='https:\/\/crompion.com\/wp-content\/uploads\/ac_assets\/uc_overlay_hover_carousel\/owl.carousel.css' type='text\/css' rel='stylesheet' >\n\n\t\t\t<style type=\"text\/css\">\/* addon: Overlay Hover Carousel *\/\n\n.uc_overlay_hover_carousel .uc_overlay_hover_carousel_container_holder .uc_overlay_hover_carousel_content .uc_elegant_content_box{}\n\n.uc_overlay_hover_carousel .owl-dot {\n    display: inline-block;\n    margin: 0 2px;\n}\n.uc_overlay_hover_carousel .owl-dot {\n    background: #FF8B00 none repeat scroll 0 0;\n    border-radius: 50%;\n    box-sizing: border-box;\n   \n    transform: scale(1);\n    transform-origin: 50% 50% 0;\n    transition: all 0.25s ease-out 0s;\n    width: 6px;\n    height:6px;\n  margin:4px 10px!important;\n}\n.uc_overlay_hover_carousel .owl-dot.active,.uc_overlay_hover_carousel .owl-dot:hover {\n    background: #6A6C71 none repeat scroll 0 0;\n    transform: scale(1);\n    transition: all 0.25s ease-out 0s;\n  height:14px;\n  width: 14px;\n  margin:0 6px!important;\n}\n\n<\/style>\n\n\t\t\t<div class=\"uc_overlay_hover_carousel\">\n        <div class=\"uc_carousel owl-carousel\"><div class=\"uc_overlay_hover_carousel_container_holder\">\n                <div class=\"uc_overlay_hover_carousel_placeholder\" style=\"background:#1d2d3a;\">\n                    <img src=\"https:\/\/crompion.com\/wp-content\/uploads\/2020\/05\/i-coal.jpg\" alt=\"\">\n                <\/div>\n                \n\t\t\t\t<div class=\"uc_overlay_hover_carousel_content\">\n                \t<div class=\"uc_elegant_content_box\">\n                        <h2 style=\"color:#ffffff;\">Industria del Carb\u00f3n<\/h2>\n                        <div class=\"uc_paragraph\" style=\"color:#ffffff;\">Bien adaptados para resistir entornos desafiantes, corrosivos y abrasivos, los aceros inoxidables Cromgard de Crompion International tienen un historial de desempe\u00f1o superior en la industria del carb\u00f3n.\n                        <\/div>\n                        <div class=\"uc_more_btn\">\n                        \t<a class=\"uc_more_btn\" style=\"background:#ffffff; color:#FF8B00;\" href=\"https:\/\/crompion.com\/es\/industrias\/carbon\/\">Conozca m\u00e1s<\/a>\n                        <\/div>\n                    <\/div>\n                <\/div>\n            <\/div>\n<div class=\"uc_overlay_hover_carousel_container_holder\">\n                <div class=\"uc_overlay_hover_carousel_placeholder\" style=\"background:#1d2d3a;\">\n                    <img src=\"https:\/\/crompion.com\/wp-content\/uploads\/2020\/05\/i-Salt-Spreader.jpg\" alt=\"\">\n                <\/div>\n                \n\t\t\t\t<div class=\"uc_overlay_hover_carousel_content\">\n                \t<div class=\"uc_elegant_content_box\">\n                        <h2 style=\"color:#ffffff;\"><span  >Esparcidor de sal<\/span><\/h2>\n                        <div class=\"uc_paragraph\" style=\"color:#ffffff;\"><span  >El acero inoxidable especial Cromgard de Crompion International es muy adecuado para resistir entornos desafiantes, corrosivos y abrasivos.<\/span>\n                        <\/div>\n                        <div class=\"uc_more_btn\">\n                        \t<a class=\"uc_more_btn\" style=\"background:#ffffff; color:#FF8B00;\" href=\"https:\/\/crompion.com\/es\/industrias\/esparcidor-de-sal\/\"><span  >Conozca m\u00e1s<\/span><\/a>\n                        <\/div>\n                    <\/div>\n                <\/div>\n            <\/div>\n<div class=\"uc_overlay_hover_carousel_container_holder\">\n                <div class=\"uc_overlay_hover_carousel_placeholder\" style=\"background:#1d2d3a;\">\n                    <img src=\"https:\/\/crompion.com\/wp-content\/uploads\/2020\/05\/i-Fire-Apparatus.jpg\" alt=\"\">\n                <\/div>\n                \n\t\t\t\t<div class=\"uc_overlay_hover_carousel_content\">\n                \t<div class=\"uc_elegant_content_box\">\n                        <h2 style=\"color:#ffffff;\"><span  >M\u00e1quinas contra Incendios<\/span><\/h2>\n                        <div class=\"uc_paragraph\" style=\"color:#ffffff;\"><span  >Muy adecuados para resistir entornos corrosivos y abrasivos desafiantes, los aceros inoxidables especiales Cromgard de Crompion International tienen un historial de rendimiento superior en la industria de aparatos contra incendios.<\/span>\n                        <\/div>\n                        <div class=\"uc_more_btn\">\n                        \t<a class=\"uc_more_btn\" style=\"background:#ffffff; color:#FF8B00;\" href=\"https:\/\/crompion.com\/es\/industrias\/aparatos-contra-incendios\/\"><span  >Conozca m\u00e1s<\/span><\/a>\n                        <\/div>\n                    <\/div>\n                <\/div>\n            <\/div>\n<div class=\"uc_overlay_hover_carousel_container_holder\">\n                <div class=\"uc_overlay_hover_carousel_placeholder\" style=\"background:#1d2d3a;\">\n                    <img src=\"https:\/\/crompion.com\/wp-content\/uploads\/2020\/05\/i-Bus-Coach.jpg\" alt=\"\">\n                <\/div>\n                \n\t\t\t\t<div class=\"uc_overlay_hover_carousel_content\">\n                \t<div class=\"uc_elegant_content_box\">\n                        <h2 style=\"color:#ffffff;\"><span  >Autob\u00fas y autocar<\/span><\/h2>\n                        <div class=\"uc_paragraph\" style=\"color:#ffffff;\"><span  >Muy adecuados para resistir entornos corrosivos y abrasivos desafiantes, los aceros inoxidables especiales Cromgard de Crompion International tienen un historial de rendimiento superior en la industria de autobuses y autocares.<\/span>\n                        <\/div>\n                        <div class=\"uc_more_btn\">\n                        \t<a class=\"uc_more_btn\" style=\"background:#ffffff; color:#FF8B00;\" href=\"https:\/\/crompion.com\/es\/industrias\/autobus-y-autocar\/\"><span  >Conozca m\u00e1s<\/span><\/a>\n                        <\/div>\n                    <\/div>\n                <\/div>\n            <\/div>\n<div class=\"uc_overlay_hover_carousel_container_holder\">\n                <div class=\"uc_overlay_hover_carousel_placeholder\" style=\"background:#1d2d3a;\">\n                    <img src=\"https:\/\/crompion.com\/wp-content\/uploads\/2020\/05\/i-Pulp-Paper.jpg\" alt=\"\">\n                <\/div>\n                \n\t\t\t\t<div class=\"uc_overlay_hover_carousel_content\">\n                \t<div class=\"uc_elegant_content_box\">\n                        <h2 style=\"color:#ffffff;\"><span  >Pulpa & Papel<\/span><\/h2>\n                        <div class=\"uc_paragraph\" style=\"color:#ffffff;\"><span  >\u00bfSe est\u00e1 quedando sin dinero para seguir inspeccionando y reparando tanques de acero corro\u00eddos, pilas, pilotes, accesorios clarificadores, torres de blanqueo, campanas transportadoras, tolvas de cenizas y similares?<\/span>\n                        <\/div>\n                        <div class=\"uc_more_btn\">\n                        \t<a class=\"uc_more_btn\" style=\"background:#ffffff; color:#FF8B00;\" href=\"https:\/\/crompion.com\/es\/industrias\/pulpa-y-papel\/\"><span  >Conozca m\u00e1s<\/span><\/a>\n                        <\/div>\n                    <\/div>\n                <\/div>\n            <\/div>\n<div class=\"uc_overlay_hover_carousel_container_holder\">\n                <div class=\"uc_overlay_hover_carousel_placeholder\" style=\"background:#1d2d3a;\">\n                    <img src=\"https:\/\/crompion.com\/wp-content\/uploads\/2020\/05\/i-Mining.jpg\" alt=\"\">\n                <\/div>\n                \n\t\t\t\t<div class=\"uc_overlay_hover_carousel_content\">\n                \t<div class=\"uc_elegant_content_box\">\n                        <h2 style=\"color:#ffffff;\"><span  >Miner\u00eda<\/span><\/h2>\n                        <div class=\"uc_paragraph\" style=\"color:#ffffff;\"><span  >El acero inoxidable especial Cromgard de Crompion International es muy adecuado para resistir entornos desafiantes, corrosivos y abrasivos.<\/span>\n                        <\/div>\n                        <div class=\"uc_more_btn\">\n                        \t<a class=\"uc_more_btn\" style=\"background:#ffffff; color:#FF8B00;\" href=\"https:\/\/crompion.com\/es\/industrias\/mineria\/\"><span  >Conozca m\u00e1s<\/span><\/a>\n                        <\/div>\n                    <\/div>\n                <\/div>\n            <\/div>\n<div class=\"uc_overlay_hover_carousel_container_holder\">\n                <div class=\"uc_overlay_hover_carousel_placeholder\" style=\"background:#1d2d3a;\">\n                    <img src=\"https:\/\/crompion.com\/wp-content\/uploads\/2020\/05\/i-Sugarcane.jpg\" alt=\"\">\n                <\/div>\n                \n\t\t\t\t<div class=\"uc_overlay_hover_carousel_content\">\n                \t<div class=\"uc_elegant_content_box\">\n                        <h2 style=\"color:#ffffff;\"><span  >Ca\u00f1a de az\u00facar<\/span><\/h2>\n                        <div class=\"uc_paragraph\" style=\"color:#ffffff;\"><span  >El acero inoxidable especial Cromgard de Crompion International es muy adecuado para resistir entornos desafiantes, corrosivos y abrasivos.<\/span>\n                        <\/div>\n                        <div class=\"uc_more_btn\">\n                        \t<a class=\"uc_more_btn\" style=\"background:#ffffff; color:#FF8B00;\" href=\"https:\/\/crompion.com\/es\/industrias\/cana-de-azucar\/\"><span  >Conozca m\u00e1s<\/span><\/a>\n                        <\/div>\n                    <\/div>\n                <\/div>\n            <\/div>\n<div class=\"uc_overlay_hover_carousel_container_holder\">\n                <div class=\"uc_overlay_hover_carousel_placeholder\" style=\"background:#1d2d3a;\">\n                    <img src=\"https:\/\/crompion.com\/wp-content\/uploads\/2020\/05\/i-SugarBeet.jpg\" alt=\"\">\n                <\/div>\n                \n\t\t\t\t<div class=\"uc_overlay_hover_carousel_content\">\n                \t<div class=\"uc_elegant_content_box\">\n                        <h2 style=\"color:#ffffff;\"><span  >Remolacha azucarera<\/span><\/h2>\n                        <div class=\"uc_paragraph\" style=\"color:#ffffff;\"><span  >Bien adaptado para resistir entornos desafiantes, corrosivos y abrasivos, el acero inoxidable especial Cromgard de Crompion International tiene una larga historia de desempe\u00f1o superior en la industria de la remolacha azucarera.<\/span>\n                        <\/div>\n                        <div class=\"uc_more_btn\">\n                        \t<a class=\"uc_more_btn\" style=\"background:#ffffff; color:#FF8B00;\" href=\"https:\/\/crompion.com\/es\/industrias\/remolacha-azucarera\/\"><span  >Conozca m\u00e1s<\/span><\/a>\n                        <\/div>\n                    <\/div>\n                <\/div>\n            <\/div>\n<div class=\"uc_overlay_hover_carousel_container_holder\">\n                <div class=\"uc_overlay_hover_carousel_placeholder\" style=\"background:#1d2d3a;\">\n                    <img src=\"https:\/\/crompion.com\/wp-content\/uploads\/2020\/05\/i-Sweeper.jpg\" alt=\"\">\n                <\/div>\n                \n\t\t\t\t<div class=\"uc_overlay_hover_carousel_content\">\n                \t<div class=\"uc_elegant_content_box\">\n                        <h2 style=\"color:#ffffff;\"><span  >Barrendera<\/span><\/h2>\n                        <div class=\"uc_paragraph\" style=\"color:#ffffff;\"><span  >El acero inoxidable especial Cromgard de Crompion International es muy adecuado para resistir entornos desafiantes, corrosivos y abrasivos.<\/span>\n                        <\/div>\n                        <div class=\"uc_more_btn\">\n                        \t<a class=\"uc_more_btn\" style=\"background:#ffffff; color:#FF8B00;\" href=\"https:\/\/crompion.com\/es\/industrias\/barrendero\/\"><span  >Conozca m\u00e1s<\/span><\/a>\n                        <\/div>\n                    <\/div>\n                <\/div>\n            <\/div>\n<div class=\"uc_overlay_hover_carousel_container_holder\">\n                <div class=\"uc_overlay_hover_carousel_placeholder\" style=\"background:#1d2d3a;\">\n                    <img src=\"https:\/\/crompion.com\/wp-content\/uploads\/2020\/05\/i-Ethanol-Biofuel.jpg\" alt=\"\">\n                <\/div>\n                \n\t\t\t\t<div class=\"uc_overlay_hover_carousel_content\">\n                \t<div class=\"uc_elegant_content_box\">\n                        <h2 style=\"color:#ffffff;\"><span  >Etanol y biocombustible<\/span><\/h2>\n                        <div class=\"uc_paragraph\" style=\"color:#ffffff;\"><span  >El acero inoxidable especial Cromgard de Crompion International es muy adecuado para resistir entornos desafiantes, corrosivos y abrasivos.<\/span>\n                        <\/div>\n                        <div class=\"uc_more_btn\">\n                        \t<a class=\"uc_more_btn\" style=\"background:#ffffff; color:#FF8B00;\" href=\"https:\/\/crompion.com\/es\/industrias\/etanol-y-biocombustible\/\"><span  >Conozca m\u00e1s<\/span><\/a>\n                        <\/div>\n                    <\/div>\n                <\/div>\n            <\/div>\n\n      \t<\/div>\n\t<\/div>\n\t\t\t<!-- end Overlay Hover Carousel --><\/div><\/div><\/div><\/div><\/section><div class=\"vc_row-full-width vc_clearfix\"><\/div><\/div>[\/vc_column][\/vc_row][vc_row css=\u00bb.vc_custom_1588718601103{padding-top: 30px !important;padding-bottom: 30px !important;background-color: #eaeaea !important;}\u00bb][vc_column width=\u00bb1\/2&#8243;][vc_single_image image=\u00bb1073&#8243; img_size=\u00bbfull\u00bb alignment=\u00bbcenter\u00bb onclick=\u00bbcustom_link\u00bb img_link_target=\u00bb_blank\u00bb link=\u00bbhttp:\/\/www.astm.org\/index.shtml\u00bb][\/vc_column][vc_column width=\u00bb1\/2&#8243;][vc_single_image image=\u00bb1076&#8243; img_size=\u00bbfull\u00bb alignment=\u00bbcenter\u00bb onclick=\u00bbcustom_link\u00bb img_link_target=\u00bb_blank\u00bb link=\u00bbhttp:\/\/www.nfpa.org\/\u00bb][\/vc_column][\/vc_row]\n","protected":false},"excerpt":{"rendered":"Nuestros socios externos pueden fabricar piezas y componentes de acero inoxidable llave en mano y enviarlos listos para usar. Muchos de los procesos de fabricaci\u00f3n de nuestros clientes se benefician de tener piezas o componentes espec\u00edficos de acero inoxidable fabricados llave en mano y enviados listos para usar. Tenemos socios con servicios de valor agregado [...]","protected":false},"author":1,"featured_media":0,"parent":2542,"menu_order":0,"comment_status":"closed","ping_status":"closed","template":"","meta":{"_joinchat":[]},"_links":{"self":[{"href":"https:\/\/crompion.com\/es\/wp-json\/wp\/v2\/pages\/2548"}],"collection":[{"href":"https:\/\/crompion.com\/es\/wp-json\/wp\/v2\/pages"}],"about":[{"href":"https:\/\/crompion.com\/es\/wp-json\/wp\/v2\/types\/page"}],"author":[{"embeddable":true,"href":"https:\/\/crompion.com\/es\/wp-json\/wp\/v2\/users\/1"}],"replies":[{"embeddable":true,"href":"https:\/\/crompion.com\/es\/wp-json\/wp\/v2\/comments?post=2548"}],"version-history":[{"count":4,"href":"https:\/\/crompion.com\/es\/wp-json\/wp\/v2\/pages\/2548\/revisions"}],"predecessor-version":[{"id":2838,"href":"https:\/\/crompion.com\/es\/wp-json\/wp\/v2\/pages\/2548\/revisions\/2838"}],"up":[{"embeddable":true,"href":"https:\/\/crompion.com\/es\/wp-json\/wp\/v2\/pages\/2542"}],"wp:attachment":[{"href":"https:\/\/crompion.com\/es\/wp-json\/wp\/v2\/media?parent=2548"}],"curies":[{"name":"wp","href":"https:\/\/api.w.org\/{rel}","templated":true}]}}