{"id":2545,"date":"2021-06-15T00:13:18","date_gmt":"2021-06-15T00:13:18","guid":{"rendered":"https:\/\/crompion.com\/ingenieria\/diseno-cad\/"},"modified":"2023-11-21T20:03:32","modified_gmt":"2023-11-21T20:03:32","slug":"diseno-cad","status":"publish","type":"page","link":"https:\/\/crompion.com\/es\/ingenieria\/diseno-cad\/","title":{"rendered":"Dise\u00f1o CAD"},"content":{"rendered":"[vc_row][vc_column][vc_empty_space height=\u00bb82px\u00bb][vc_custom_heading text=\u00bbEnv\u00ede sus datos CAD a nuestros t\u00e9cnicos para ahorrar tiempo, aumentar la precisi\u00f3n y mejorar la utilizaci\u00f3n del material.\u00bb font_container=\u00bbtag:h4|text_align:left\u00bb use_theme_fonts=\u00bbyes\u00bb css=\u00bb.vc_custom_1588878062199{margin-bottom: 40px !important;}\u00bb][vc_column_text]Crompion International ofrece capacidades de modelado CAD en 3D. Los clientes simplemente env\u00edan a nuestro equipo sus datos CAD, que pueden usarse para realizar estimaciones y programar; as\u00ed, ahorrando tiempo y aumentando la precisi\u00f3n. Si nuestros t\u00e9cnicos se involucran lo suficientemente temprano, a menudo podemos ofrecer sugerencias sobre formas de mejorar sus piezas utilizando acero inoxidable especial Cromgard\u00ae.<\/p>\n<p>Tenemos la capacidad de importar el modelo 3D de un cliente para desarrollar una simulaci\u00f3n por medio de elementos finitos (FEA).[\/vc_column_text][vc_custom_heading text=\u00bbCapacidades y Resultados:\u00bb font_container=\u00bbtag:h4|text_align:left\u00bb use_theme_fonts=\u00bbyes\u00bb css=\u00bb.vc_custom_1588878107840{margin-bottom: 40px !important;}\u00bb][vc_column_text]<strong> Apoyo con modelos 3D <\/strong><\/p>\n<p>Una vez que su modelo 3D se ingresa en nuestro programa FEA, realizamos un an\u00e1lisis, basado en los requisitos de \u00abcarga\u00bb de la aplicaci\u00f3n. Podemos estimar la carga seg\u00fan las propiedades del material de su especificaci\u00f3n de aleaci\u00f3n actual, y podemos verificar los diversos componentes de los ensamblajes para asegurarnos de que no haya interferencias o desalineaciones.<\/p>\n<p><strong> Resultados: <\/strong><\/p>\n<ul>\n<li>Identificaci\u00f3n de problemas de interferencia dimensional<\/li>\n<li>Confirmaci\u00f3n del ajuste y funci\u00f3n de todos los componentes<\/li>\n<li>Aclaraci\u00f3n del dise\u00f1o y la ubicaci\u00f3n de las juntas soldadas<\/li>\n<li>Recomendaciones sobre posibles mejoras:<\/li>\n<li>\u00d3ptimizaci\u00f3n\/Reducci\u00f3n del uso de material<\/li>\n<li>Tensiones \u00f3ptimas del material interno<\/li>\n<li>Identificaci\u00f3n de problemas y soluciones de ensamblaje<\/li>\n<\/ul>\n<p><strong> Programa de simulaci\u00f3n y FEA <\/strong><\/p>\n<p>Revisamos los modelos 3D para detectar posibles \u00e1reas de alta tensi\u00f3n donde la falla o el pandeo podr\u00edan da\u00f1ar las piezas o el ensamblaje. Tambi\u00e9n realizamos modificaciones a los requisitos de \u00abcarga\u00bb para garantizar que el an\u00e1lisis se acerque lo m\u00e1s posible a la aplicaci\u00f3n del mundo real. Para hacer recomendaciones sobre el uso del material, haremos modificaciones a las dimensiones param\u00e9tricas del modelo y determinaremos si es necesaria una aleaci\u00f3n diferente o una reducci\u00f3n de material.<\/p>\n<p><strong> Resultados: <\/strong><\/p>\n<ul>\n<li>Identificaci\u00f3n de \u00e1reas cr\u00edticas de estr\u00e9s dentro de la aplicaci\u00f3n<\/li>\n<li>Identificaci\u00f3n de ubicaciones de soldadura y efectos en el dise\u00f1o de juntas<\/li>\n<li>Recomendaci\u00f3n sobre opciones de ahorro de peso y material<\/li>\n<li>Recomendaci\u00f3n sobre las aleaciones \u00f3ptimas a utilizar<\/li>\n<li>Recomendaci\u00f3n sobre materiales alternativos, como Cromgard\u00ae, que se utilizar\u00e1n para proporcionar mayores capacidades de resistencia<\/li>\n<\/ul>\n[\/vc_column_text][\/vc_column][\/vc_row]\n","protected":false},"excerpt":{"rendered":"<p>[vc_row][vc_column][vc_empty_space height=\u00bb82px\u00bb][vc_custom_heading text=\u00bbEnv\u00ede sus datos CAD a nuestros t\u00e9cnicos para ahorrar tiempo, aumentar la precisi\u00f3n y mejorar la utilizaci\u00f3n del material.\u00bb font_container=\u00bbtag:h4|text_align:left\u00bb use_theme_fonts=\u00bbyes\u00bb css=\u00bb.vc_custom_1588878062199{margin-bottom: 40px !important;}\u00bb][vc_column_text]Crompion International ofrece capacidades de modelado CAD en 3D. Los clientes simplemente env\u00edan a nuestro equipo sus datos CAD, que pueden usarse para realizar estimaciones y programar; as\u00ed, ahorrando tiempo [&hellip;]<\/p>\n","protected":false},"author":1,"featured_media":0,"parent":2542,"menu_order":0,"comment_status":"closed","ping_status":"closed","template":"","meta":{"_joinchat":[]},"_links":{"self":[{"href":"https:\/\/crompion.com\/es\/wp-json\/wp\/v2\/pages\/2545"}],"collection":[{"href":"https:\/\/crompion.com\/es\/wp-json\/wp\/v2\/pages"}],"about":[{"href":"https:\/\/crompion.com\/es\/wp-json\/wp\/v2\/types\/page"}],"author":[{"embeddable":true,"href":"https:\/\/crompion.com\/es\/wp-json\/wp\/v2\/users\/1"}],"replies":[{"embeddable":true,"href":"https:\/\/crompion.com\/es\/wp-json\/wp\/v2\/comments?post=2545"}],"version-history":[{"count":5,"href":"https:\/\/crompion.com\/es\/wp-json\/wp\/v2\/pages\/2545\/revisions"}],"predecessor-version":[{"id":3722,"href":"https:\/\/crompion.com\/es\/wp-json\/wp\/v2\/pages\/2545\/revisions\/3722"}],"up":[{"embeddable":true,"href":"https:\/\/crompion.com\/es\/wp-json\/wp\/v2\/pages\/2542"}],"wp:attachment":[{"href":"https:\/\/crompion.com\/es\/wp-json\/wp\/v2\/media?parent=2545"}],"curies":[{"name":"wp","href":"https:\/\/api.w.org\/{rel}","templated":true}]}}