{"id":2536,"date":"2021-06-14T17:39:44","date_gmt":"2021-06-14T17:39:44","guid":{"rendered":"https:\/\/crompion.com\/productos-de-crompion-international\/clarificador-crompion-llt\/"},"modified":"2023-11-21T20:09:46","modified_gmt":"2023-11-21T20:09:46","slug":"clarificador-crompion-llt","status":"publish","type":"page","link":"https:\/\/crompion.com\/es\/productos-de-crompion-international\/clarificador-crompion-llt\/","title":{"rendered":"Clarificador Crompion LLT"},"content":{"rendered":"[vc_row][vc_column][vc_empty_space height=\u00bb82px\u00bb][vc_custom_heading text=\u00bbEl Clarificador Crompion LLT\u00bb font_container=\u00bbtag:h4|text_align:left\u00bb use_theme_fonts=\u00bbyes\u00bb css=\u00bb.vc_custom_1588812410480{margin-bottom: 40px !important;}\u00bb][vc_column_text]<img loading=\"lazy\" class=\"size-medium wp-image-1210 alignright\" src=\"https:\/\/crompion.com\/wp-content\/uploads\/2020\/05\/clarificaf-300x224.jpg\" alt=\"\" width=\"300\" height=\"224\" srcset=\"https:\/\/crompion.com\/wp-content\/uploads\/2020\/05\/clarificaf-300x224.jpg 300w, https:\/\/crompion.com\/wp-content\/uploads\/2020\/05\/clarificaf.jpg 640w\" sizes=\"(max-width: 300px) 100vw, 300px\" \/><\/p>\n<div class=\"wpb_text_column wpb_content_element \">\n<div class=\"wpb_wrapper\">\n<p>El clarificador Crompion LLT es un gran hito para la clarificaci\u00f3n del jugo de ca\u00f1a de az\u00facar. La caracter\u00edstica principal de nuestro clarificador es que utiliza dispositivos de reducci\u00f3n de turbulencia que eliminan los v\u00f3rtices turbulentos en el flujo, mejorando la operaci\u00f3n de clarificaci\u00f3n. Adem\u00e1s, el clarificador tiene un tanque de flash integrado, Flash Trough\u00ae, como lo llamamos, alrededor del cuerpo del equipo, que proporciona m\u00e1s \u00e1rea de desgasificaci\u00f3n en comparaci\u00f3n con un tanque de flash externo de capacidad equivalente, al tiempo que reduce la posibilidad de que entre aire de nuevo al jugo. Estas tecnolog\u00edas unidas permiten tiempos de retenci\u00f3n m\u00e1s cortos, reducen las p\u00e9rdidas de sacarosa y proporcionan un jugo de mayor calidad en comparaci\u00f3n con otros clarificadores disponibles en la industria.<\/p>\n<p>Para reducir los costos de mantenimiento y prolongar la vida \u00fatil del clarificador, recomendamos fabricar el equipo con acero inoxidable especial Cromgard de\u00a0<a href=\"http:\/\/crompion.com\/\" target=\"_blank\" rel=\"noopener noreferrer\">Crompion<\/a>.<\/div>\n<\/div>\n[\/vc_column_text]\n    <div class=\"text-center\">\n        <a class=\"btn  btn-dark  \" href=\"https:\/\/crompion.com\/es\/contacto\/\" style=\"\">Solicite una cotizaci\u00f3n<\/a>\n    <\/div>\n\n    [vc_empty_space][vc_custom_heading text=\u00bbBeneficios del Clarificador Crompion LLT\u00bb font_container=\u00bbtag:h4|text_align:left\u00bb use_theme_fonts=\u00bbyes\u00bb css=\u00bb.vc_custom_1588812589832{margin-bottom: 40px !important;}\u00bb][vc_column_text]\n<ul>\n<li>Mejore la calidad del jugo claro de su f\u00e1brica. Logre una turbiedad menor del jugo clarificado (hasta un 30% menos) en comparaci\u00f3n con cualquier otro clarificador.<\/li>\n<li>El bajo tiempo de retenci\u00f3n del clarificador Crompion LLT disminuye las p\u00e9rdidas de az\u00facar y el desarrollo de color en el jugo. Por lo tanto, mejorando sus rendimientos. Disminuya las p\u00e9rdidas de sacarosa de su f\u00e1brica al reducir la ca\u00edda de pureza entre el jugo de filtrado y clarificado (hasta 2.8 unidades).<\/li>\n<li>Aumente el rendimiento de la f\u00e1brica (hasta 14.2 lb\/T.C.).<\/li>\n<li>Reduzca las p\u00e9rdidas indeterminadas de su f\u00e1brica (hasta 6.4 lb\/T.C.).<\/li>\n<li>El clarificador usa menos acero en comparaci\u00f3n con un SRI-SRT (30% menos) o un DORR o GRAVER (60% menos), lo que reduce significativamente el costo CAPEX de implementar la tecnolog\u00eda.<\/li>\n<li>Aumente la capacidad de su f\u00e1brica. El clarificador Crompion LLT puede manejar cualquier molienda con los beneficios de la reducci\u00f3n de turbulencia.<\/li>\n<li>El clarificador Crompion LLT tiene un dise\u00f1o simple. Por lo tanto, el mantenimiento del clarificador LLT es mucho m\u00e1s f\u00e1cil en comparaci\u00f3n con otras tecnolog\u00edas.<\/li>\n<li>\u00bfAlta carga de lodo? \u00a1No hay problema! El clarificador Crompion LLT puede manejar altas cargas de lodo. Adem\u00e1s, proporciona lodo con gran consistencia y porosidad para mejorar el funcionamiento de los filtros. Disminuya la p\u00e9rdida de sacarosa en los filtros (hasta 1% de reducci\u00f3n de sacarosa en la torta del filtro).<\/li>\n<\/ul>\n[\/vc_column_text][vc_empty_space][vc_custom_heading text=\u00bb\u00bfQu\u00e9 significa esto para su balance final?\u00bb font_container=\u00bbtag:h4|text_align:left\u00bb use_theme_fonts=\u00bbyes\u00bb css=\u00bb.vc_custom_1630443557720{margin-bottom: 40px !important;}\u00bb][vc_column_text]Para una zafra de 1 mill\u00f3n de toneladas y un precio estimado de az\u00facar de 26 centavos por libra tenemos lo siguiente:[\/vc_column_text][\/vc_column][\/vc_row][vc_row css=\u00bb.vc_custom_1588867268393{margin-bottom: 0px !important;padding-top: 20px !important;padding-bottom: 20px !important;background-color: #dbdbdb !important;}\u00bb][vc_column width=\u00bb1\/4&#8243;]\n    <div class=\"icon-box text-center \">\n        <i class=\"fas fa-tint\"><\/i>                <div class=\"content-box\">\n            <h5>MENOR CA\u00cdDA DE PUREZA<\/h5>\n            <div class=\"box-header\"><span class=\"box-subtitle\">Cantidad Reducida con el Clarificador LLT: 2.8 Unidades<\/span><\/div>\n<div class=\"box-content\">\n<p><strong>Ahorros: $228,302.00<\/strong><\/div>\n                    <\/div>\n    <\/div>\n\n    [\/vc_column][vc_column width=\u00bb1\/4&#8243;]\n    <div class=\"icon-box text-center \">\n        <i class=\"fas fa-tint-slash\"><\/i>                <div class=\"content-box\">\n            <h5>P\u00c9RDIDAS INDETERMINADAS<\/h5>\n            <div class=\"box-header\">\n<div class=\"box-header\"><span class=\"box-subtitle\">Cantidad Reducida con el Clarificador LLT: 6.4 lb\/TC<\/span><\/div>\n<div class=\"box-content\">\n<p><strong>Ahorros: $1,664,000.00<\/strong><\/div>\n<\/div>\n                    <\/div>\n    <\/div>\n\n    [\/vc_column][vc_column width=\u00bb1\/4&#8243;]\n    <div class=\"icon-box text-center \">\n        <i class=\"fas fa-sort-amount-down\"><\/i>                <div class=\"content-box\">\n            <h5>MENOR POL<\/h5>\n            <div class=\"box-header\">\n<div class=\"box-header\"><span class=\"box-subtitle\">Cantidad Reducida con el Clarificador LLT: 1% en la Torta de Filtro<\/span><\/div>\n<div class=\"box-content\">\n<p><strong>Ahorros: $259,740.00<\/strong><\/div>\n<\/div>\n                    <\/div>\n    <\/div>\n\n    [\/vc_column][vc_column width=\u00bb1\/4&#8243;]\n    <div class=\"icon-box text-center \">\n        <i class=\"fas fa-sort-amount-up\"><\/i>                <div class=\"content-box\">\n            <h5>AUMENTO DE RENDIMIENTO<\/h5>\n            <div class=\"box-header\">\n<div class=\"box-header\">\n<div class=\"box-header\"><span class=\"box-subtitle\">Cantidad Reducida con el Clarificador LLT: 14.2 lb\/TC<\/span><\/div>\n<div class=\"box-content\">\n<p><strong>Ahorros: $3,692,000.00<\/strong><\/div>\n<\/div>\n<\/div>\n                    <\/div>\n    <\/div>\n\n    [\/vc_column][\/vc_row][vc_row css=\u00bb.vc_custom_1588813608970{padding-top: 60px !important;padding-bottom: 60px !important;background-color: #f2f2f2 !important;}\u00bb][vc_column width=\u00bb2\/3&#8243;][vc_custom_heading text=\u00bbDise\u00f1o del clarificador LLT\u00bb font_container=\u00bbtag:h4|text_align:left\u00bb use_theme_fonts=\u00bbyes\u00bb css=\u00bb.vc_custom_1588813247788{margin-bottom: 40px !important;}\u00bb][vc_column_text]\n<ol>\n<li>Al final de cada distribuidor de jugo, el Clarificador LLT tiene un dispositivo patentado de reducci\u00f3n de turbulencia (TRD) que cancela los v\u00f3rtices turbulentos. En otras palabras, \u00a1el Clarificador LLT no tiene los problemas asociados con la alta turbulencia como los otros clarificadores!<\/li>\n<li>Una red de tuber\u00edas de alimentaci\u00f3n de jugo introduce jugo a trav\u00e9s de una serie de v\u00edas hidr\u00e1ulicamente uniformes sobre toda la secci\u00f3n transversal del clarificador.<\/li>\n<li>Los canales de alimentaci\u00f3n est\u00e1n dise\u00f1ados para mantener el flujo relativamente alto para reducir el potencial de taponamiento e incrustaciones.<\/li>\n<li>Las canales de salida est\u00e1n ubicadas en parte superior del clarificador recibir el jugo clarificado.<\/li>\n<\/ol>\n[\/vc_column_text][vc_custom_heading text=\u00bbEl Flash Trough\u00ae\u00bb font_container=\u00bbtag:h4|text_align:left\u00bb use_theme_fonts=\u00bbyes\u00bb css=\u00bb.vc_custom_1588813334111{margin-bottom: 40px !important;}\u00bb][vc_column_text]\n<ol>\n<li>El clarificador Crompion LLT tiene la alternativa de integrar un Flash Trough\u00ae que elimina la necesidad de un tanque flash externo.<\/li>\n<li>\u00a0Este dise\u00f1o patentado proporciona un \u00e1rea de desgasificaci\u00f3n adicional en comparaci\u00f3n con un tanque flash de capacidad equivalente.<\/li>\n<li>\u00a0El Flash Trough\u00ae, ampl\u00eda los espacios de la f\u00e1brica al eliminar la necesidad de estructuras de soporte y cimientos. Tambi\u00e9n, requiere menos acero en comparaci\u00f3n con un tanque flash convencional.<\/li>\n<li>\u00a0Finalmente, el Flash Trough\u00ae elimina los problemas asociados con el mal posicionamiento del tanque de flash que conducen a problemas de desgasificaci\u00f3n y clarificaci\u00f3n deficiente.<\/li>\n<\/ol>\n[\/vc_column_text][\/vc_column][vc_column width=\u00bb1\/3&#8243;][vc_images_carousel images=\u00bb1221,1222&#8243; img_size=\u00bb450&#215;600&#8243; wrap=\u00bbyes\u00bb]\n    <div class=\"text-center\">\n        <a class=\"btn  btn-dark  \" href=\"https:\/\/crompion.com\/es\/contacto\/\" style=\"\">Solicite una cotizaci\u00f3n<\/a>\n    <\/div>\n\n    [\/vc_column][\/vc_row][vc_row parallax=\u00bbcontent-moving\u00bb parallax_image=\u00bb1231&#8243; css=\u00bb.vc_custom_1588814340044{padding-top: 60px !important;padding-bottom: 60px !important;background: #f2f2f2 url(https:\/\/crompion.com\/wp-content\/uploads\/2020\/05\/footer-bkg2.jpg?id=1231);background-position: center;background-repeat: no-repeat !important;background-size: cover !important;}\u00bb][vc_column width=\u00bb1\/2&#8243;][vc_custom_heading text=\u00bbAplicaciones\u00bb font_container=\u00bbtag:h4|text_align:left|color:%23ffffff\u00bb use_theme_fonts=\u00bbyes\u00bb css=\u00bb.vc_custom_1588813961331{margin-bottom: 40px !important;}\u00bb][vc_column_text]<span style=\"color: #f7f7f7;\">Hemos implementado con \u00e9xito el Clarificador Crompion LLT para las siguientes aplicaciones:<\/span><\/p>\n<ul>\n<li><span style=\"color: #f7f7f7;\">Clarificaci\u00f3n de jugo mezclado: podemos dise\u00f1ar un clarificador completamente nuevo para su f\u00e1brica o repotenciar el existente para clarificar el jugo mezclado.<\/span><\/li>\n<li><span style=\"color: #f7f7f7;\">Clarificaci\u00f3n del jugo filtrado: podemos dise\u00f1ar un clarificador de tiempo de retenci\u00f3n muy corto, cercano a 10 minutos, para clarificar el jugo filtrado y dirigir este flujo hacia los evaporadores, \u00a1eliminando la recirculaci\u00f3n del filtrado!<\/span><\/li>\n<li><span style=\"color: #f7f7f7;\">Producci\u00f3n de az\u00facar org\u00e1nica: \u00a1clarificar el jugo para la producci\u00f3n de az\u00facar org\u00e1nica puede ser todo un desaf\u00edo! Nuestra tecnolog\u00eda patentada de reducci\u00f3n de turbulencia puede minimizar las ineficiencias de los floculantes org\u00e1nicos que conducen a velocidades de sedimentaci\u00f3n muy bajas. Con menos recirculaciones internas, la eficiencia de nuestro clarificador no se ver\u00e1 tan afectada en comparaci\u00f3n con otras tecnolog\u00edas disponibles, \u00a1adem\u00e1s, se beneficiar\u00e1 de obtener siempre una menor turbidez del jugo!<\/span><\/li>\n<\/ul>\n[\/vc_column_text][vc_row_inner][vc_column_inner][vc_empty_space][vc_video link=\u00bbhttps:\/\/www.youtube.com\/watch?v=QtcgzLSsgXE\u00bb][\/vc_column_inner][\/vc_row_inner][\/vc_column][vc_column width=\u00bb1\/2&#8243;][vc_empty_space height=\u00bb62px\u00bb][vc_video link=\u00bbhttps:\/\/www.youtube.com\/watch?v=lNzaL-_RlBA\u00bb][vc_empty_space height=\u00bb82px\u00bb][vc_row_inner][vc_column_inner][vc_custom_heading text=\u00bbIngenios Azucareros con el Clarificador LLT\u00bb font_container=\u00bbtag:h4|text_align:left|color:%23ffffff\u00bb use_theme_fonts=\u00bbyes\u00bb css=\u00bb.vc_custom_1588814086582{margin-bottom: 40px !important;}\u00bb][vc_column_text]\n<ul>\n<li><span style=\"color: #f7f7f7;\">Ingenio Tulul\u00e1, Guatemala, Cento Am\u00e9rica<\/span><\/li>\n<li><span style=\"color: #f7f7f7;\">Ingenio La Caba\u00f1a, El Salvador, Centro Am\u00e9rica<\/span><\/li>\n<li><span style=\"color: #f7f7f7;\">Sterling Sugars, Lusiana, Norte Am\u00e9rica<\/span><\/li>\n<li><span style=\"color: #f7f7f7;\">Westfield Sugar Factory, Lusiana, Norte Am\u00e9rica<\/span><\/li>\n<li><span style=\"color: #f7f7f7;\">Lula Sugar Factory, Lusiana, Norte Am\u00e9rica<\/span><\/li>\n<li><span style=\"color: #f7f7f7;\">Andhra Sugars, India, Asia<\/span><\/li>\n<\/ul>\n<p><span style=\"color: #f7f7f7;\">El clarificador Crompion LLT ofrece un tiempo de retenci\u00f3n corto, la mejor calidad de jugo, menor p\u00e9rdida de sacarosa, menores costos de CAPEX y OPEX, un dise\u00f1o simple con m\u00e1ximo rendimiento, f\u00e1cil mantenimiento y limpieza. \u00a1Esto si es verdaderamente dulce!<br \/>\n<\/span>[\/vc_column_text][\/vc_column_inner][\/vc_row_inner][\/vc_column][\/vc_row][vc_row gap=\u00bb10&#8243; css=\u00bb.vc_custom_1588868680256{padding-top: 60px !important;padding-bottom: 60px !important;background-color: #ffac00 !important;}\u00bb][vc_column width=\u00bb1\/4&#8243;][vc_custom_heading text=\u00bbPara Mayor Informaci\u00f3n\u00bb font_container=\u00bbtag:h4|text_align:left|color:%23ffffff\u00bb use_theme_fonts=\u00bbyes\u00bb css=\u00bb.vc_custom_1588867766826{margin-bottom: 40px !important;}\u00bb][\/vc_column][vc_column width=\u00bb3\/4&#8243;][vc_row_inner][vc_column_inner width=\u00bb1\/2&#8243;]\n    <div class=\"text-center\">\n        <a class=\"btn btn-medium btn-dark  \" href=\"https:\/\/crompion.com\/wp-content\/uploads\/2020\/05\/201911_LLT_Clarifier_Whitepaper_Rev_0.pdf\" style=\"\">Descargue el art\u00edculo del Clarificador LLT (Ingl\u00e9s)<\/a>\n    <\/div>\n\n    [\/vc_column_inner][vc_column_inner width=\u00bb1\/2&#8243;]\n    <div class=\"text-center\">\n        <a class=\"btn btn-medium btn-dark  \" href=\"https:\/\/crompion.com\/wp-content\/uploads\/2020\/05\/flyer1SM.pdf\" style=\"\">Descargue el folleto del producto<\/a>\n    <\/div>\n\n    [\/vc_column_inner][\/vc_row_inner][\/vc_column][\/vc_row]\n","protected":false},"excerpt":{"rendered":"<p>[vc_row][vc_column][vc_empty_space height=\u00bb82px\u00bb][vc_custom_heading text=\u00bbEl Clarificador Crompion LLT\u00bb font_container=\u00bbtag:h4|text_align:left\u00bb use_theme_fonts=\u00bbyes\u00bb css=\u00bb.vc_custom_1588812410480{margin-bottom: 40px !important;}\u00bb][vc_column_text] El clarificador Crompion LLT es un gran hito para la clarificaci\u00f3n del jugo de ca\u00f1a de az\u00facar. La caracter\u00edstica principal de nuestro clarificador es que utiliza dispositivos de reducci\u00f3n de turbulencia que eliminan los v\u00f3rtices turbulentos en el flujo, mejorando la operaci\u00f3n de clarificaci\u00f3n. [&hellip;]<\/p>\n","protected":false},"author":1,"featured_media":2439,"parent":2472,"menu_order":0,"comment_status":"closed","ping_status":"closed","template":"","meta":{"_joinchat":[]},"_links":{"self":[{"href":"https:\/\/crompion.com\/es\/wp-json\/wp\/v2\/pages\/2536"}],"collection":[{"href":"https:\/\/crompion.com\/es\/wp-json\/wp\/v2\/pages"}],"about":[{"href":"https:\/\/crompion.com\/es\/wp-json\/wp\/v2\/types\/page"}],"author":[{"embeddable":true,"href":"https:\/\/crompion.com\/es\/wp-json\/wp\/v2\/users\/1"}],"replies":[{"embeddable":true,"href":"https:\/\/crompion.com\/es\/wp-json\/wp\/v2\/comments?post=2536"}],"version-history":[{"count":10,"href":"https:\/\/crompion.com\/es\/wp-json\/wp\/v2\/pages\/2536\/revisions"}],"predecessor-version":[{"id":3730,"href":"https:\/\/crompion.com\/es\/wp-json\/wp\/v2\/pages\/2536\/revisions\/3730"}],"up":[{"embeddable":true,"href":"https:\/\/crompion.com\/es\/wp-json\/wp\/v2\/pages\/2472"}],"wp:featuredmedia":[{"embeddable":true,"href":"https:\/\/crompion.com\/es\/wp-json\/wp\/v2\/media\/2439"}],"wp:attachment":[{"href":"https:\/\/crompion.com\/es\/wp-json\/wp\/v2\/media?parent=2536"}],"curies":[{"name":"wp","href":"https:\/\/api.w.org\/{rel}","templated":true}]}}