{"id":2532,"date":"2021-05-28T21:14:24","date_gmt":"2021-05-28T21:14:24","guid":{"rendered":"https:\/\/crompion.com\/productos-de-crompion-international\/base-para-martillos-de-desfibradoras\/"},"modified":"2021-05-28T21:14:24","modified_gmt":"2021-05-28T21:14:24","slug":"base-para-martillos-de-desfibradoras","status":"publish","type":"page","link":"https:\/\/crompion.com\/es\/productos-de-crompion-international\/base-para-martillos-de-desfibradoras\/","title":{"rendered":"Base para Martillos de Desfibradoras"},"content":{"rendered":"[vc_row css=\u00bb.vc_custom_1542188489306{padding-top: 70px !important;padding-bottom: 100px !important;}\u00bb][vc_column width=\u00bb1\/3&#8243; offset=\u00bbvc_col-md-4&#8243; el_class=\u00bblg-right40&#8243;][vc_wp_custommenu nav_menu=\u00bb38&#8243;][vc_column_text css=\u00bb.vc_custom_1588906540342{padding-top: 25px !important;padding-right: 28px !important;padding-bottom: 28px !important;padding-left: 28px !important;background-color: #f7f7f7 !important;}\u00bb el_class=\u00bbdownload-box\u00bb]\n<h4>Related Industries<\/h4>\n<p><i class=\"fas fa-industry\"><\/i>\u00a0<a href=\"https:\/\/crompion.com\/industries\/sugarcane\/\">Ca\u00f1a de Az\u00facar<\/a>[\/vc_column_text][\/vc_column][vc_column width=\u00bb2\/3&#8243; offset=\u00bbvc_col-md-8&#8243;][vc_custom_heading text=\u00bbBase para Martillos de Desfibradoras\u00bb font_container=\u00bbtag:h4|text_align:left\u00bb use_theme_fonts=\u00bbyes\u00bb css=\u00bb.vc_custom_1593535145875{margin-bottom: 40px !important;}\u00bb][vc_column_text]Las bases de los martillos de la desfibradora se utilizan en el proceso de preparaci\u00f3n de la ca\u00f1a de az\u00facar.<\/p>\n<p>Fabricamos nuestras bases de martillos con acero de alta resistencia capaz de manejar altos niveles de cargas c\u00edclicas, mitigando modos de falla como fractura durante la operaci\u00f3n.[\/vc_column_text][vc_column_text]\n<h4><img loading=\"lazy\" class=\"alignright wp-image-1640 size-full\" src=\"https:\/\/crompion.com\/wp-content\/uploads\/2020\/06\/Shredder-Hammers-Base.png\" alt=\"\" width=\"465\" height=\"255\" srcset=\"https:\/\/crompion.com\/wp-content\/uploads\/2020\/06\/Shredder-Hammers-Base.png 465w, https:\/\/crompion.com\/wp-content\/uploads\/2020\/06\/Shredder-Hammers-Base-300x165.png 300w\" sizes=\"(max-width: 465px) 100vw, 465px\" \/>Bases para Cuchillas<\/h4>\n<p><strong>Specifications<\/strong><\/p>\n<ul>\n<li>Acero de Alta Resistencia<\/li>\n<li>Barrenado en el Eje<\/li>\n<li>Opci\u00f3n de Buje Disponible<\/li>\n<li>Corte con Iserto<\/li>\n<\/ul>\n<p><strong>Beneficios<\/strong><\/p>\n<ul>\n<li>\n<p class=\"p1\">Econ\u00f3mico<\/p>\n<\/li>\n<li>\n<p class=\"p1\">Desempe\u00f1o Consistente<\/p>\n<\/li>\n<li>\n<p class=\"p1\">Ciclo de Vida Prolongado<\/p>\n<\/li>\n<li>\n<p class=\"p1\">Opci\u00f3n de Dise\u00f1o Personalizado Disponible<\/p>\n<\/li>\n<\/ul>\n[\/vc_column_text][vc_empty_space][\/vc_column][\/vc_row][vc_row css=\u00bb.vc_custom_1588717236156{padding-top: 60px !important;padding-bottom: 60px !important;background-color: #ededed !important;}\u00bb][vc_column][vc_column_text css=\u00bb.vc_custom_1542186403106{margin-bottom: 70px !important;}\u00bb]\n<p class=\"subtitle\">NUESTRA ESPECIALIZACION<\/p>\n<h2>Soluciones Perfectas para Cualquier Industria<\/h2>\n[\/vc_column_text][ucaddon_uc_overlay_hover_carousel uc_items_data=\u00bbJTVCJTdCJTIydGl0bGUlMjIlM0ElMjJDb2FsJTIyJTJDJTIyaW1hZ2UlMjIlM0ElMjJodHRwcyUzQSUyRiUyRnBpeG96enkuY29tJTJGY3JvbXBpb24xJTJGd3AtY29udGVudCUyRnVwbG9hZHMlMkYyMDIwJTJGMDUlMkZpLWNvYWwuanBnJTIyJTJDJTIyY29udGVudCUyMiUzQSUyMldlbGwlMjBzdWl0ZWQlMjB0byUyMHN0YW5kJTIwdXAlMjB0byUyMGNoYWxsZW5naW5nJTJDJTIwY29ycm9zaXZlJTIwYW5kJTIwYWJyYXNpdmUlMjBlbnZpcm9ubWVudHMlMkMlMjBDcm9tcGlvbiUyMEludGVybmF0aW9uYWwlRTIlODAlOTlzJTIwQ3JvbWdhcmQlMjBTdGFpbmxlc3MlMjBTdGVlbHMlMjBoYXZlJTIwYSUyMGhpc3RvcnklMjBvZiUyMHN1cGVyaW9yJTIwcGVyZm9ybWFuY2UlMjBpbiUyMHRoZSUyMGNvYWwlMjBpbmR1c3RyeS4lMjIlMkMlMjJidG5fdGV4dCUyMiUzQSUyMlJlYWQlMjBNb3JlJTIyJTJDJTIycHJpbWFyeV9jb2xvciUyMiUzQSUyMiUyM2ZmZmZmZiUyMiUyQyUyMmxpbmslMjIlM0ElMjJodHRwcyUzQSUyRiUyRnBpeG96enkuY29tJTJGY3JvbXBpb24xJTJGaW5kdXN0cmllcyUyRmNvYWwlMkYlMjIlN0QlMkMlN0IlMjJ0aXRsZSUyMiUzQSUyMlNhbHQlMjBTcHJlYWRlciUyMiUyQyUyMmltYWdlJTIyJTNBJTIyaHR0cHMlM0ElMkYlMkZwaXhvenp5LmNvbSUyRmNyb21waW9uMSUyRndwLWNvbnRlbnQlMkZ1cGxvYWRzJTJGMjAyMCUyRjA1JTJGaS1TYWx0LVNwcmVhZGVyLmpwZyUyMiUyQyUyMmNvbnRlbnQlMjIlM0ElMjJXZWxsJTIwc3VpdGVkJTIwdG8lMjBzdGFuZCUyMHVwJTIwdG8lMjBjaGFsbGVuZ2luZyUyQyUyMGNvcnJvc2l2ZSUyMGFuZCUyMGFicmFzaXZlJTIwZW52aXJvbm1lbnRzJTJDJTIwQ3JvbXBpb24lMjBJbnRlcm5hdGlvbmFsJUUyJTgwJTk5cyUyMENyb21nYXJkJTIwU3BlY2lhbHR5JTIwU3RhaW5sZXNzJTIwU3RlZWxzLiUyMiUyQyUyMmJ0bl90ZXh0JTIyJTNBJTIyUmVhZCUyME1vcmUlMjIlMkMlMjJwcmltYXJ5X2NvbG9yJTIyJTNBJTIyJTIzZmZmZmZmJTIyJTJDJTIybGluayUyMiUzQSUyMmh0dHBzJTNBJTJGJTJGcGl4b3p6eS5jb20lMkZjcm9tcGlvbjElMkZpbmR1c3RyaWVzJTJGc2FsdC1zcHJlYWRlciUyRiUyMiU3RCUyQyU3QiUyMnRpdGxlJTIyJTNBJTIyRmlyZSUyMEFwcGFyYXR1cyUyMiUyQyUyMmltYWdlJTIyJTNBJTIyd3AtY29udGVudCUyRnVwbG9hZHMlMkYyMDIwJTJGMDUlMkZpLUZpcmUtQXBwYXJhdHVzLmpwZyUyMiUyQyUyMmNvbnRlbnQlMjIlM0ElMjJXZWxsJTIwc3VpdGVkJTIwdG8lMjBzdGFuZCUyMHVwJTIwdG8lMjBjaGFsbGVuZ2luZyUyMGNvcnJvc2l2ZSUyMGFuZCUyMGFicmFzaXZlJTIwZW52aXJvbm1lbnRzJTJDJTIwQ3JvbXBpb24lMjBJbnRlcm5hdGlvbmFsJUUyJTgwJTk5cyUyMENyb21nYXJkJTIwU3BlY2lhbHR5JTIwU3RhaW5sZXNzJTIwU3RlZWxzJTIwaGF2ZSUyMGElMjBoaXN0b3J5JTIwb2YlMjBzdXBlcmlvciUyMHBlcmZvcm1hbmNlJTIwaW4lMjB0aGUlMjBmaXJlJTIwYXBwYXJhdHVzJTIwaW5kdXN0cnkuJTIyJTJDJTIyYnRuX3RleHQlMjIlM0ElMjJSZWFkJTIwTW9yZSUyMiUyQyUyMnByaW1hcnlfY29sb3IlMjIlM0ElMjIlMjNmZmZmZmYlMjIlMkMlMjJsaW5rJTIyJTNBJTIyaHR0cHMlM0ElMkYlMkZwaXhvenp5LmNvbSUyRmNyb21waW9uMSUyRmluZHVzdHJpZXMlMkZmaXJlLWFwcGFyYXR1cyUyRiUyMiU3RCUyQyU3QiUyMnRpdGxlJTIyJTNBJTIyQnVzJTIwJTI2JTIwQ29hY2glMjIlMkMlMjJpbWFnZSUyMiUzQSUyMmh0dHBzJTNBJTJGJTJGcGl4b3p6eS5jb20lMkZjcm9tcGlvbjElMkZ3cC1jb250ZW50JTJGdXBsb2FkcyUyRjIwMjAlMkYwNSUyRmktQnVzLUNvYWNoLmpwZyUyMiUyQyUyMmNvbnRlbnQlMjIlM0ElMjJXZWxsJTIwc3VpdGVkJTIwdG8lMjBzdGFuZCUyMHVwJTIwdG8lMjBjaGFsbGVuZ2luZyUyMGNvcnJvc2l2ZSUyMGFuZCUyMGFicmFzaXZlJTIwZW52aXJvbm1lbnRzJTJDJTIwQ3JvbXBpb24lMjBJbnRlcm5hdGlvbmFsJUUyJTgwJTk5cyUyMENyb21nYXJkJTIwU3BlY2lhbHR5JTIwU3RhaW5sZXNzJTIwU3RlZWxzJTIwaGF2ZSUyMGElMjBoaXN0b3J5JTIwb2YlMjBzdXBlcmlvciUyMHBlcmZvcm1hbmNlJTIwaW4lMjB0aGUlMjBidXMlMjBhbmQlMjBjb2FjaCUyMGluZHVzdHJ5LiUyMiUyQyUyMmJ0bl90ZXh0JTIyJTNBJTIyUmVhZCUyME1vcmUlMjIlMkMlMjJwcmltYXJ5X2NvbG9yJTIyJTNBJTIyJTIzZmZmZmZmJTIyJTJDJTIybGluayUyMiUzQSUyMmh0dHBzJTNBJTJGJTJGcGl4b3p6eS5jb20lMkZjcm9tcGlvbjElMkZpbmR1c3RyaWVzJTJGYnVzLWNvYWNoJTJGJTIyJTdEJTJDJTdCJTIydGl0bGUlMjIlM0ElMjJQdWxwJTIwJTI2JTIwUGFwZXIlMjIlMkMlMjJpbWFnZSUyMiUzQSUyMmh0dHBzJTNBJTJGJTJGcGl4b3p6eS5jb20lMkZjcm9tcGlvbjElMkZ3cC1jb250ZW50JTJGdXBsb2FkcyUyRjIwMjAlMkYwNSUyRmktUHVscC1QYXBlci5qcGclMjIlMkMlMjJjb250ZW50JTIyJTNBJTIyUnVubmluZyUyMG91dCUyMG9mJTIwbW9uZXklMjB0byUyMGtlZXAlMjBpbnNwZWN0aW5nJTIwYW5kJTIwcmVwYWlyaW5nJTIwY29ycm9kaW5nJTIwc3RlZWwlMjB0YW5rcyUyQyUyMHN0YWNrcyUyQyUyMHBpbGluZ3MlMkMlMjBjbGFyaWZpZXIlMjBoYXJkd2FyZSUyQyUyMGJsZWFjaCUyMHRvd2VycyUyQyUyMGNvbnZleW9yJTIwaG9vZHMlMkMlMjBhc2glMjBob3BwZXJzJTIwYW5kJTIwdGhlJTIwbGlrZSUzRiUyMiUyQyUyMmJ0bl90ZXh0JTIyJTNBJTIyUmVhZCUyME1vcmUlMjIlMkMlMjJwcmltYXJ5X2NvbG9yJTIyJTNBJTIyJTIzZmZmZmZmJTIyJTJDJTIybGluayUyMiUzQSUyMmh0dHBzJTNBJTJGJTJGcGl4b3p6eS5jb20lMkZjcm9tcGlvbjElMkZpbmR1c3RyaWVzJTJGcHVscC1wYXBlciUyRiUyMiU3RCUyQyU3QiUyMnRpdGxlJTIyJTNBJTIyTWluaW5nJTIyJTJDJTIyaW1hZ2UlMjIlM0ElMjJodHRwcyUzQSUyRiUyRnBpeG96enkuY29tJTJGY3JvbXBpb24xJTJGd3AtY29udGVudCUyRnVwbG9hZHMlMkYyMDIwJTJGMDUlMkZpLU1pbmluZy5qcGclMjIlMkMlMjJjb250ZW50JTIyJTNBJTIyV2VsbCUyMHN1aXRlZCUyMHRvJTIwc3RhbmQlMjB1cCUyMHRvJTIwY2hhbGxlbmdpbmclMkMlMjBjb3Jyb3NpdmUlMjBhbmQlMjBhYnJhc2l2ZSUyMGVudmlyb25tZW50cyUyQyUyMENyb21waW9uJTIwSW50ZXJuYXRpb25hbCVFMiU4MCU5OXMlMjBDcm9tZ2FyZCUyMFNwZWNpYWx0eSUyMFN0YWlubGVzcyUyMFN0ZWVsJTIyJTJDJTIyYnRuX3RleHQlMjIlM0ElMjJSZWFkJTIwTW9yZSUyMiUyQyUyMnByaW1hcnlfY29sb3IlMjIlM0ElMjIlMjNmZmZmZmYlMjIlMkMlMjJsaW5rJTIyJTNBJTIyaHR0cHMlM0ElMkYlMkZwaXhvenp5LmNvbSUyRmNyb21waW9uMSUyRmluZHVzdHJpZXMlMkZtaW5pbmclMkYlMjIlN0QlMkMlN0IlMjJ0aXRsZSUyMiUzQSUyMlN1Z2FyY2FuZSUyMiUyQyUyMmltYWdlJTIyJTNBJTIyaHR0cHMlM0ElMkYlMkZwaXhvenp5LmNvbSUyRmNyb21waW9uMSUyRndwLWNvbnRlbnQlMkZ1cGxvYWRzJTJGMjAyMCUyRjA1JTJGaS1TdWdhcmNhbmUuanBnJTIyJTJDJTIyY29udGVudCUyMiUzQSUyMldlbGwlMjBzdWl0ZWQlMjB0byUyMHN0YW5kJTIwdXAlMjB0byUyMGNoYWxsZW5naW5nJTJDJTIwY29ycm9zaXZlJTIwYW5kJTIwYWJyYXNpdmUlMjBlbnZpcm9ubWVudHMlMkMlMjBDcm9tcGlvbiUyMEludGVybmF0aW9uYWwlMjdzJTIwQ3JvbWdhcmQlMjBTcGVjaWFsdHklMjBTdGFpbmxlc3MlMjBTdGVlbC4lMjIlMkMlMjJidG5fdGV4dCUyMiUzQSUyMlJlYWQlMjBNb3JlJTIyJTJDJTIycHJpbWFyeV9jb2xvciUyMiUzQSUyMiUyM2ZmZmZmZiUyMiUyQyUyMmxpbmslMjIlM0ElMjJodHRwcyUzQSUyRiUyRnBpeG96enkuY29tJTJGY3JvbXBpb24xJTJGaW5kdXN0cmllcyUyRnN1Z2FyY2FuZSUyRiUyMiU3RCUyQyU3QiUyMnRpdGxlJTIyJTNBJTIyU3VnYXIlMjBCZWV0JTIyJTJDJTIyaW1hZ2UlMjIlM0ElMjJodHRwcyUzQSUyRiUyRnBpeG96enkuY29tJTJGY3JvbXBpb24xJTJGd3AtY29udGVudCUyRnVwbG9hZHMlMkYyMDIwJTJGMDUlMkZpLVN1Z2FyQmVldC5qcGclMjIlMkMlMjJjb250ZW50JTIyJTNBJTIyV2VsbCUyMHN1aXRlZCUyMHRvJTIwc3RhbmQlMjB1cCUyMHRvJTIwY2hhbGxlbmdpbmclMkMlMjBjb3Jyb3NpdmUlMjBhbmQlMjBhYnJhc2l2ZSUyMGVudmlyb25tZW50cyUyQyUyMENyb21waW9uJTIwSW50ZXJuYXRpb25hbCVFMiU4MCU5OXMlMjBDcm9tZ2FyZCUyMFNwZWNpYWx0eSUyMFN0YWlubGVzcyUyMFN0ZWVsJTIwaGFzJTIwYSUyMGxvbmclMjBoaXN0b3J5JTIwb2YlMjBzdXBlcmlvciUyMHBlcmZvcm1hbmNlJTIwaW4lMjB0aGUlMjBzdWdhciUyMGJlZXQlMjBpbmR1c3RyeS4lMjIlMkMlMjJidG5fdGV4dCUyMiUzQSUyMlJlYWQlMjBNb3JlJTIyJTJDJTIycHJpbWFyeV9jb2xvciUyMiUzQSUyMiUyM2ZmZmZmZiUyMiUyQyUyMmxpbmslMjIlM0ElMjJodHRwcyUzQSUyRiUyRnBpeG96enkuY29tJTJGY3JvbXBpb24xJTJGaW5kdXN0cmllcyUyRnN1Z2FyLWJlZXQlMkYlMjIlN0QlMkMlN0IlMjJ0aXRsZSUyMiUzQSUyMlN3ZWVwZXIlMjIlMkMlMjJpbWFnZSUyMiUzQSUyMmh0dHBzJTNBJTJGJTJGcGl4b3p6eS5jb20lMkZjcm9tcGlvbjElMkZ3cC1jb250ZW50JTJGdXBsb2FkcyUyRjIwMjAlMkYwNSUyRmktU3dlZXBlci5qcGclMjIlMkMlMjJjb250ZW50JTIyJTNBJTIyV2VsbCUyMHN1aXRlZCUyMHRvJTIwc3RhbmQlMjB1cCUyMHRvJTIwY2hhbGxlbmdpbmclMkMlMjBjb3Jyb3NpdmUlMjBhbmQlMjBhYnJhc2l2ZSUyMGVudmlyb25tZW50cyUyQyUyMENyb21waW9uJTIwSW50ZXJuYXRpb25hbCVFMiU4MCU5OXMlMjBDcm9tZ2FyZCUyMFNwZWNpYWx0eSUyMFN0YWlubGVzcyUyMFN0ZWVsJTIyJTJDJTIyYnRuX3RleHQlMjIlM0ElMjJSZWFkJTIwTW9yZSUyMiUyQyUyMnByaW1hcnlfY29sb3IlMjIlM0ElMjIlMjNmZmZmZmYlMjIlMkMlMjJsaW5rJTIyJTNBJTIyaHR0cHMlM0ElMkYlMkZwaXhvenp5LmNvbSUyRmNyb21waW9uMSUyRmluZHVzdHJpZXMlMkZzd2VlcGVyJTJGJTIyJTdEJTJDJTdCJTIydGl0bGUlMjIlM0ElMjJFdGhhbm9sJTIwJTI2JTIwQmlvZnVlbCUyMiUyQyUyMmltYWdlJTIyJTNBJTIyaHR0cHMlM0ElMkYlMkZwaXhvenp5LmNvbSUyRmNyb21waW9uMSUyRndwLWNvbnRlbnQlMkZ1cGxvYWRzJTJGMjAyMCUyRjA1JTJGaS1FdGhhbm9sLUJpb2Z1ZWwuanBnJTIyJTJDJTIyY29udGVudCUyMiUzQSUyMldlbGwlMjBzdWl0ZWQlMjB0byUyMHN0YW5kJTIwdXAlMjB0byUyMGNoYWxsZW5naW5nJTJDJTIwY29ycm9zaXZlJTIwYW5kJTIwYWJyYXNpdmUlMjBlbnZpcm9ubWVudHMlMkMlMjBDcm9tcGlvbiUyMEludGVybmF0aW9uYWwlRTIlODAlOTlzJTIwQ3JvbWdhcmQlMjBTcGVjaWFsdHklMjBTdGFpbmxlc3MlMjBTdGVlbHMlMjIlMkMlMjJidG5fdGV4dCUyMiUzQSUyMlJlYWQlMjBNb3JlJTIyJTJDJTIycHJpbWFyeV9jb2xvciUyMiUzQSUyMiUyM2ZmZmZmZiUyMiUyQyUyMmxpbmslMjIlM0ElMjJodHRwcyUzQSUyRiUyRnBpeG96enkuY29tJTJGY3JvbXBpb24xJTJGaW5kdXN0cmllcyUyRmV0aGFub2wtYmlvZnVlbCUyRiUyMiU3RCU1RA==\u00bb uc_fonts_data=\u00bbJTdCJTdE\u00bb][\/vc_column][\/vc_row][vc_row css=\u00bb.vc_custom_1588718601103{padding-top: 30px !important;padding-bottom: 30px !important;background-color: #eaeaea !important;}\u00bb][vc_column width=\u00bb1\/2&#8243;][vc_single_image image=\u00bb1073&#8243; img_size=\u00bbfull\u00bb alignment=\u00bbcenter\u00bb onclick=\u00bbcustom_link\u00bb img_link_target=\u00bb_blank\u00bb link=\u00bbhttp:\/\/www.astm.org\/index.shtml\u00bb][\/vc_column][vc_column width=\u00bb1\/2&#8243;][vc_single_image image=\u00bb1076&#8243; img_size=\u00bbfull\u00bb alignment=\u00bbcenter\u00bb onclick=\u00bbcustom_link\u00bb img_link_target=\u00bb_blank\u00bb link=\u00bbhttp:\/\/www.nfpa.org\/\u00bb][\/vc_column][\/vc_row]\n","protected":false},"excerpt":{"rendered":"<p>[vc_row css=\u00bb.vc_custom_1542188489306{padding-top: 70px !important;padding-bottom: 100px !important;}\u00bb][vc_column width=\u00bb1\/3&#8243; offset=\u00bbvc_col-md-4&#8243; el_class=\u00bblg-right40&#8243;][vc_wp_custommenu nav_menu=\u00bb38&#8243;][vc_column_text css=\u00bb.vc_custom_1588906540342{padding-top: 25px !important;padding-right: 28px !important;padding-bottom: 28px !important;padding-left: 28px !important;background-color: #f7f7f7 !important;}\u00bb el_class=\u00bbdownload-box\u00bb] Related Industries \u00a0Ca\u00f1a de Az\u00facar[\/vc_column_text][\/vc_column][vc_column width=\u00bb2\/3&#8243; offset=\u00bbvc_col-md-8&#8243;][vc_custom_heading text=\u00bbBase para Martillos de Desfibradoras\u00bb font_container=\u00bbtag:h4|text_align:left\u00bb use_theme_fonts=\u00bbyes\u00bb css=\u00bb.vc_custom_1593535145875{margin-bottom: 40px !important;}\u00bb][vc_column_text]Las bases de los martillos de la desfibradora se utilizan en el proceso de preparaci\u00f3n de la [&hellip;]<\/p>\n","protected":false},"author":1,"featured_media":0,"parent":2472,"menu_order":0,"comment_status":"closed","ping_status":"closed","template":"","meta":{"_joinchat":[]},"_links":{"self":[{"href":"https:\/\/crompion.com\/es\/wp-json\/wp\/v2\/pages\/2532"}],"collection":[{"href":"https:\/\/crompion.com\/es\/wp-json\/wp\/v2\/pages"}],"about":[{"href":"https:\/\/crompion.com\/es\/wp-json\/wp\/v2\/types\/page"}],"author":[{"embeddable":true,"href":"https:\/\/crompion.com\/es\/wp-json\/wp\/v2\/users\/1"}],"replies":[{"embeddable":true,"href":"https:\/\/crompion.com\/es\/wp-json\/wp\/v2\/comments?post=2532"}],"version-history":[{"count":2,"href":"https:\/\/crompion.com\/es\/wp-json\/wp\/v2\/pages\/2532\/revisions"}],"predecessor-version":[{"id":2534,"href":"https:\/\/crompion.com\/es\/wp-json\/wp\/v2\/pages\/2532\/revisions\/2534"}],"up":[{"embeddable":true,"href":"https:\/\/crompion.com\/es\/wp-json\/wp\/v2\/pages\/2472"}],"wp:attachment":[{"href":"https:\/\/crompion.com\/es\/wp-json\/wp\/v2\/media?parent=2532"}],"curies":[{"name":"wp","href":"https:\/\/api.w.org\/{rel}","templated":true}]}}