{"id":2529,"date":"2021-05-28T20:57:59","date_gmt":"2021-05-28T20:57:59","guid":{"rendered":"https:\/\/crompion.com\/productos-de-crompion-international\/raspadores-y-viradores\/"},"modified":"2023-11-21T20:16:45","modified_gmt":"2023-11-21T20:16:45","slug":"raspadores-y-viradores","status":"publish","type":"page","link":"https:\/\/crompion.com\/es\/productos-de-crompion-international\/raspadores-y-viradores\/","title":{"rendered":"Raspadores y Viradores"},"content":{"rendered":"[vc_row][vc_column][vc_empty_space height=\u00bb82px\u00bb][vc_column_text]\n<p class=\"p1\"><strong><img loading=\"lazy\" class=\"size-medium wp-image-1880 alignright\" src=\"https:\/\/crompion.com\/wp-content\/uploads\/2020\/09\/Scrapers-300x229.jpg\" alt=\"\" width=\"300\" height=\"229\" srcset=\"https:\/\/crompion.com\/wp-content\/uploads\/2020\/09\/Scrapers-300x229.jpg 300w, https:\/\/crompion.com\/wp-content\/uploads\/2020\/09\/Scrapers.jpg 472w\" sizes=\"(max-width: 300px) 100vw, 300px\" \/>Especificaciones<\/strong><\/p>\n<ul>\n<li class=\"p1\">Mecanizado de alta precisi\u00f3n<\/li>\n<li class=\"p1\">Acero de alta resistencia<\/li>\n<li class=\"p1\">Formas, tama\u00f1os y materiales personalizables.<\/li>\n<\/ul>\n<p class=\"p1\"><strong>Beneficios<\/strong><\/p>\n<ul>\n<li>Econ\u00f3mico<\/li>\n<li>Alta resistencia a la abrasi\u00f3n<\/li>\n<li>Alta resistencia a la fatiga<\/li>\n<li>Alto l\u00edmite el\u00e1stico<\/li>\n<\/ul>\n[\/vc_column_text][vc_empty_space][\/vc_column][\/vc_row]\n","protected":false},"excerpt":{"rendered":"<p>[vc_row][vc_column][vc_empty_space height=\u00bb82px\u00bb][vc_column_text] Especificaciones Mecanizado de alta precisi\u00f3n Acero de alta resistencia Formas, tama\u00f1os y materiales personalizables. Beneficios Econ\u00f3mico Alta resistencia a la abrasi\u00f3n Alta resistencia a la fatiga Alto l\u00edmite el\u00e1stico [\/vc_column_text][vc_empty_space][\/vc_column][\/vc_row]<\/p>\n","protected":false},"author":1,"featured_media":0,"parent":2472,"menu_order":0,"comment_status":"closed","ping_status":"closed","template":"","meta":{"_joinchat":[]},"_links":{"self":[{"href":"https:\/\/crompion.com\/es\/wp-json\/wp\/v2\/pages\/2529"}],"collection":[{"href":"https:\/\/crompion.com\/es\/wp-json\/wp\/v2\/pages"}],"about":[{"href":"https:\/\/crompion.com\/es\/wp-json\/wp\/v2\/types\/page"}],"author":[{"embeddable":true,"href":"https:\/\/crompion.com\/es\/wp-json\/wp\/v2\/users\/1"}],"replies":[{"embeddable":true,"href":"https:\/\/crompion.com\/es\/wp-json\/wp\/v2\/comments?post=2529"}],"version-history":[{"count":6,"href":"https:\/\/crompion.com\/es\/wp-json\/wp\/v2\/pages\/2529\/revisions"}],"predecessor-version":[{"id":3740,"href":"https:\/\/crompion.com\/es\/wp-json\/wp\/v2\/pages\/2529\/revisions\/3740"}],"up":[{"embeddable":true,"href":"https:\/\/crompion.com\/es\/wp-json\/wp\/v2\/pages\/2472"}],"wp:attachment":[{"href":"https:\/\/crompion.com\/es\/wp-json\/wp\/v2\/media?parent=2529"}],"curies":[{"name":"wp","href":"https:\/\/api.w.org\/{rel}","templated":true}]}}