{"id":2521,"date":"2021-05-13T22:29:41","date_gmt":"2021-05-13T22:29:41","guid":{"rendered":"https:\/\/crompion.com\/productos-de-crompion-international\/pins\/"},"modified":"2023-11-21T20:18:19","modified_gmt":"2023-11-21T20:18:19","slug":"pins","status":"publish","type":"page","link":"https:\/\/crompion.com\/es\/productos-de-crompion-international\/pins\/","title":{"rendered":"Pins"},"content":{"rendered":"[vc_row][vc_column][vc_empty_space height=\u00bb82px\u00bb][vc_column_text]\n<p class=\"p1\"><strong><img loading=\"lazy\" class=\"size-medium wp-image-1874 alignright\" src=\"https:\/\/crompion.com\/wp-content\/uploads\/2020\/09\/pins-300x150.jpg\" alt=\"\" width=\"300\" height=\"150\" srcset=\"https:\/\/crompion.com\/wp-content\/uploads\/2020\/09\/pins-300x150.jpg 300w, https:\/\/crompion.com\/wp-content\/uploads\/2020\/09\/pins.jpg 411w\" sizes=\"(max-width: 300px) 100vw, 300px\" \/>Especificaciones<\/strong><\/p>\n<ul>\n<li class=\"p1\">Dureza Superficial Alta<\/li>\n<li class=\"p1\">Material de Alta Resistencia<\/li>\n<li class=\"p1\">Alta Resistencia a la Fatiga<\/li>\n<li class=\"p1\">Tama\u00f1os Personalizables<\/li>\n<\/ul>\n<p class=\"p1\"><strong>Beneficios<\/strong><\/p>\n<ul>\n<li>Costo Efectiva<\/li>\n<li>Buena resistencia a la corrosi\u00f3n<\/li>\n<li>Buena resistencia a la abrasi\u00f3n<\/li>\n<li>Muy buena resistencia al impacto<\/li>\n<\/ul>\n[\/vc_column_text][vc_empty_space][\/vc_column][\/vc_row]\n","protected":false},"excerpt":{"rendered":"<p>[vc_row][vc_column][vc_empty_space height=\u00bb82px\u00bb][vc_column_text] Especificaciones Dureza Superficial Alta Material de Alta Resistencia Alta Resistencia a la Fatiga Tama\u00f1os Personalizables Beneficios Costo Efectiva Buena resistencia a la corrosi\u00f3n Buena resistencia a la abrasi\u00f3n Muy buena resistencia al impacto [\/vc_column_text][vc_empty_space][\/vc_column][\/vc_row]<\/p>\n","protected":false},"author":1,"featured_media":0,"parent":2472,"menu_order":0,"comment_status":"closed","ping_status":"closed","template":"","meta":{"_joinchat":[]},"_links":{"self":[{"href":"https:\/\/crompion.com\/es\/wp-json\/wp\/v2\/pages\/2521"}],"collection":[{"href":"https:\/\/crompion.com\/es\/wp-json\/wp\/v2\/pages"}],"about":[{"href":"https:\/\/crompion.com\/es\/wp-json\/wp\/v2\/types\/page"}],"author":[{"embeddable":true,"href":"https:\/\/crompion.com\/es\/wp-json\/wp\/v2\/users\/1"}],"replies":[{"embeddable":true,"href":"https:\/\/crompion.com\/es\/wp-json\/wp\/v2\/comments?post=2521"}],"version-history":[{"count":5,"href":"https:\/\/crompion.com\/es\/wp-json\/wp\/v2\/pages\/2521\/revisions"}],"predecessor-version":[{"id":3742,"href":"https:\/\/crompion.com\/es\/wp-json\/wp\/v2\/pages\/2521\/revisions\/3742"}],"up":[{"embeddable":true,"href":"https:\/\/crompion.com\/es\/wp-json\/wp\/v2\/pages\/2472"}],"wp:attachment":[{"href":"https:\/\/crompion.com\/es\/wp-json\/wp\/v2\/media?parent=2521"}],"curies":[{"name":"wp","href":"https:\/\/api.w.org\/{rel}","templated":true}]}}