{"id":2515,"date":"2021-05-13T22:05:49","date_gmt":"2021-05-13T22:05:49","guid":{"rendered":"https:\/\/crompion.com\/productos-de-crompion-international\/flanges-para-molinos-premium\/"},"modified":"2023-11-21T20:13:20","modified_gmt":"2023-11-21T20:13:20","slug":"flanges-para-molinos-premium","status":"publish","type":"page","link":"https:\/\/crompion.com\/es\/productos-de-crompion-international\/flanges-para-molinos-premium\/","title":{"rendered":"Flanges para Molinos (Premium)"},"content":{"rendered":"[vc_row][vc_column][vc_empty_space height=\u00bb82px\u00bb][vc_column_text]\n<p class=\"p1\"><img loading=\"lazy\" class=\"size-medium wp-image-1866 alignright\" src=\"https:\/\/crompion.com\/wp-content\/uploads\/2020\/09\/Mill-Flanges-300x164.jpg\" alt=\"\" width=\"300\" height=\"164\" srcset=\"https:\/\/crompion.com\/wp-content\/uploads\/2020\/09\/Mill-Flanges-300x164.jpg 300w, https:\/\/crompion.com\/wp-content\/uploads\/2020\/09\/Mill-Flanges.jpg 409w\" sizes=\"(max-width: 300px) 100vw, 300px\" \/><strong>Especificaciones<\/strong><\/p>\n<ul>\n<li class=\"p1\">Resistente a la Abrasi\u00f3n<\/li>\n<li class=\"p1\">Alta Dureza<\/li>\n<\/ul>\n<p class=\"p1\"><strong>Beneficios<\/strong><\/p>\n<ul>\n<li>Costo Efectivos<\/li>\n<li>Amplio Ciclo de Vida<\/li>\n<li>Alta Resistencia al Desgaste<\/li>\n<li>Opci\u00f3n de Dise\u00f1o Personalizado Disponibles<\/li>\n<\/ul>\n[\/vc_column_text][vc_empty_space][\/vc_column][\/vc_row]\n","protected":false},"excerpt":{"rendered":"<p>[vc_row][vc_column][vc_empty_space height=\u00bb82px\u00bb][vc_column_text] Especificaciones Resistente a la Abrasi\u00f3n Alta Dureza Beneficios Costo Efectivos Amplio Ciclo de Vida Alta Resistencia al Desgaste Opci\u00f3n de Dise\u00f1o Personalizado Disponibles [\/vc_column_text][vc_empty_space][\/vc_column][\/vc_row]<\/p>\n","protected":false},"author":1,"featured_media":0,"parent":2472,"menu_order":0,"comment_status":"closed","ping_status":"closed","template":"","meta":{"_joinchat":[]},"_links":{"self":[{"href":"https:\/\/crompion.com\/es\/wp-json\/wp\/v2\/pages\/2515"}],"collection":[{"href":"https:\/\/crompion.com\/es\/wp-json\/wp\/v2\/pages"}],"about":[{"href":"https:\/\/crompion.com\/es\/wp-json\/wp\/v2\/types\/page"}],"author":[{"embeddable":true,"href":"https:\/\/crompion.com\/es\/wp-json\/wp\/v2\/users\/1"}],"replies":[{"embeddable":true,"href":"https:\/\/crompion.com\/es\/wp-json\/wp\/v2\/comments?post=2515"}],"version-history":[{"count":4,"href":"https:\/\/crompion.com\/es\/wp-json\/wp\/v2\/pages\/2515\/revisions"}],"predecessor-version":[{"id":3735,"href":"https:\/\/crompion.com\/es\/wp-json\/wp\/v2\/pages\/2515\/revisions\/3735"}],"up":[{"embeddable":true,"href":"https:\/\/crompion.com\/es\/wp-json\/wp\/v2\/pages\/2472"}],"wp:attachment":[{"href":"https:\/\/crompion.com\/es\/wp-json\/wp\/v2\/media?parent=2515"}],"curies":[{"name":"wp","href":"https:\/\/api.w.org\/{rel}","templated":true}]}}