{"id":2512,"date":"2021-05-13T22:01:30","date_gmt":"2021-05-13T22:01:30","guid":{"rendered":"https:\/\/crompion.com\/productos-de-crompion-international\/sellos-mecanicos\/"},"modified":"2023-11-21T20:10:33","modified_gmt":"2023-11-21T20:10:33","slug":"sellos-mecanicos","status":"publish","type":"page","link":"https:\/\/crompion.com\/es\/productos-de-crompion-international\/sellos-mecanicos\/","title":{"rendered":"Sellos Mec\u00e1nicos"},"content":{"rendered":"[vc_row css=\u00bb.vc_custom_1686576742441{padding-top: 60px !important;}\u00bb][vc_column][vc_single_image image=\u00bb3359&#8243; img_size=\u00bbfull\u00bb alignment=\u00bbcenter\u00bb][vc_column_text]Los sellos est\u00e1n dise\u00f1ados para sellar polvo, lodos o materiales a granel en equipos de procesamiento. Se utilizan para reducir la perdida de producto, reducci\u00f3n de fricci\u00f3n que evita el desgaste del eje (ocasionando perdida de potencia y de vida \u00fatil de la maquina) , solucionar problemas de limpieza evitar el tiempo de inactividad de los rodamientos y equipos en las exigentes plantas de procesamiento industrial de la actualidad. Contamos con un cat\u00e1logo amplio para poder satisfacer la necesidad seg\u00fan el proceso en el cual se tiene el problema.[\/vc_column_text][\/vc_column][\/vc_row][vc_row][vc_column width=\u00bb1\/2&#8243;][vc_column_text]<strong>Especificaciones<\/strong>:<\/p>\n<ul>\n<li>Las partes internas de silicona y PTFE son adecuadas hasta 425 \u00b0F; son posibles aplicaciones a temperaturas m\u00e1s altas.<\/li>\n<li>Hasta 28&#8243; de vac\u00edo.<\/li>\n<li>Hasta 45 psi de presi\u00f3n de funcionamiento.<\/li>\n<li>Sellar mediante purga con 5 a 7 psi de aire por encima de la presi\u00f3n de la vasija de funcionamiento para un rendimiento \u00f3ptimo.<\/li>\n<li>La velocidad de flujo t\u00edpica es inferior a 1 cfm con el regulador de aire ajustado a 5 psi.<\/li>\n<li>Velocidad de superficie m\u00e1xima: aproximadamente 270 ft\/min (eje de 5&#8243; a 200 rpm, algunas aplicaciones llegan a 400 rpm).<\/li>\n<li>Dise\u00f1ado para manejar hasta \u00bc\u00bb [6.35 mm] de desalineaci\u00f3n del eje sin perder el sellado en el eje.<\/li>\n<li>Productos de sellado certificados por el USDA y la FDA.<\/li>\n<\/ul>\n<p><strong>Beneficios<\/strong>:<\/p>\n<ul>\n<li>Prevenci\u00f3n de fugas: Elimina eficazmente las fugas, evitando la p\u00e9rdida de productos, minimizando el tiempo de inactividad y reduciendo el riesgo de costosos da\u00f1os en el equipo.<\/li>\n<li>Eficiencia mejorada: Optimiza la eficiencia del proceso, permitiendo operaciones m\u00e1s suaves, aumentando la productividad y reduciendo el consumo de energ\u00eda.<\/li>\n<li>Vida \u00fatil prolongada del equipo: Protege el equipo contra el desgaste, la corrosi\u00f3n y los da\u00f1os, prolongando la vida \u00fatil de mezcladoras y otros componentes de maquinaria.<\/li>\n<li>Prevenci\u00f3n de fallos en rodamientos y equipos: Protege cajas de engranajes, rodamientos y ejes contra fallos, ahorr\u00e1ndote tiempo y costos asociados con reparaciones y reemplazos.<\/li>\n<li>Menor mantenimiento: Dise\u00f1ado para soportar hasta \u00bc\u00bb [6.35 mm] de desalineaci\u00f3n del eje sin perder el sellado en el eje.<\/li>\n<li>Reparable: F\u00e1cil reparaci\u00f3n y mantenimiento, lo que te permite extender su vida \u00fatil y minimizar el tiempo de inactividad.<\/li>\n<li>Fabricado en los Estados Unidos: Fabricado en los Estados Unidos, garantizando los m\u00e1s altos est\u00e1ndares de calidad.<\/li>\n<\/ul>\n[\/vc_column_text][\/vc_column][vc_column width=\u00bb1\/2&#8243; css=\u00bb.vc_custom_1686578108337{padding-top: 60px !important;}\u00bb][vc_single_image image=\u00bb3348&#8243; img_size=\u00bbfull\u00bb alignment=\u00bbcenter\u00bb css=\u00bb.vc_custom_1686578211434{padding-top: 30px !important;padding-bottom: 30px !important;}\u00bb][vc_single_image image=\u00bb3352&#8243; img_size=\u00bbfull\u00bb alignment=\u00bbcenter\u00bb][\/vc_column][\/vc_row][vc_row gap=\u00bb10&#8243; full_height=\u00bbyes\u00bb css=\u00bb.vc_custom_1686578014238{padding-top: 60px !important;padding-bottom: 60px !important;background-color: #ededed !important;}\u00bb][vc_column width=\u00bb1\/3&#8243;][vc_icon icon_fontawesome=\u00bbfas fa-dollar-sign\u00bb color=\u00bbcustom\u00bb background_style=\u00bbrounded\u00bb background_color=\u00bbwhite\u00bb size=\u00bblg\u00bb align=\u00bbcenter\u00bb custom_color=\u00bb#f27c37&#8243;][vc_custom_heading text=\u00bbAhorre Costos\u00bb font_container=\u00bbtag:h4|text_align:center\u00bb use_theme_fonts=\u00bbyes\u00bb][vc_column_text]\n<p style=\"text-align: center;\">Elimine el desperdicio, tiempo perdido, da\u00f1o prematuro de rodamientos, y da\u00f1os al eje que generan una muy buena tasa de retorno.<\/p>\n[\/vc_column_text][\/vc_column][vc_column width=\u00bb1\/3&#8243;][vc_icon icon_fontawesome=\u00bbfas fa-check\u00bb color=\u00bbcustom\u00bb background_style=\u00bbrounded\u00bb background_color=\u00bbwhite\u00bb size=\u00bblg\u00bb align=\u00bbcenter\u00bb custom_color=\u00bb#f27c37&#8243;][vc_custom_heading text=\u00bbAprobados por el FDA\u00bb font_container=\u00bbtag:h4|text_align:center\u00bb use_theme_fonts=\u00bbyes\u00bb][vc_column_text]\n<p style=\"text-align: center;\">Todas las partes con las que se fabrican los sellos est\u00e1n aprobadas por el FDA para tener contacto con productos alimenticios.<\/p>\n[\/vc_column_text][\/vc_column][vc_column width=\u00bb1\/3&#8243;][vc_icon icon_fontawesome=\u00bbfas fa-thumbs-up\u00bb color=\u00bbcustom\u00bb background_style=\u00bbrounded\u00bb background_color=\u00bbwhite\u00bb size=\u00bblg\u00bb align=\u00bbcenter\u00bb custom_color=\u00bb#f27c37&#8243;][vc_custom_heading text=\u00bbSin da\u00f1o a sus ejes\u00bb font_container=\u00bbtag:h4|text_align:center\u00bb use_theme_fonts=\u00bbyes\u00bb][vc_column_text]\n<p style=\"text-align: center;\">El dise\u00f1o \u00fanico elimina la posibilidad de da\u00f1ar el eje rotativo con si ocurre con sellos de empaque y labios.<\/p>\n[\/vc_column_text][\/vc_column][\/vc_row][vc_row gap=\u00bb10&#8243; full_height=\u00bbyes\u00bb css=\u00bb.vc_custom_1686578582900{margin-bottom: 90px !important;padding-bottom: 60px !important;background-color: #ededed !important;}\u00bb][vc_column width=\u00bb1\/3&#8243;][vc_icon icon_fontawesome=\u00bbfas fa-grip-lines\u00bb color=\u00bbcustom\u00bb background_style=\u00bbrounded\u00bb background_color=\u00bbwhite\u00bb size=\u00bblg\u00bb align=\u00bbcenter\u00bb custom_color=\u00bb#f27c37&#8243;][vc_custom_heading text=\u00bbDesalineaci\u00f3n\u00bb font_container=\u00bbtag:h4|text_align:center\u00bb use_theme_fonts=\u00bbyes\u00bb][vc_column_text]\n<p style=\"text-align: center;\">Puede manejar hasta 1\/4&#8243; [6.35mm] de desalineamiento del eje son perder capacidad de sellado.<\/p>\n[\/vc_column_text][\/vc_column][vc_column width=\u00bb1\/3&#8243;][vc_icon icon_fontawesome=\u00bbfas fa-briefcase-medical\u00bb color=\u00bbcustom\u00bb background_style=\u00bbrounded\u00bb background_color=\u00bbwhite\u00bb size=\u00bblg\u00bb align=\u00bbcenter\u00bb custom_color=\u00bb#f27c37&#8243;][vc_custom_heading text=\u00bbSalud y seguridad\u00bb font_container=\u00bbtag:h4|text_align:center\u00bb use_theme_fonts=\u00bbyes\u00bb][vc_column_text]\n<p style=\"text-align: center;\">Previene fugas de materiales particulados que pueden crear ambientes peligrosos de trabajo o explosiones.<\/p>\n[\/vc_column_text][\/vc_column][vc_column width=\u00bb1\/3&#8243;][vc_icon icon_fontawesome=\u00bbfas fa-tools\u00bb color=\u00bbcustom\u00bb background_style=\u00bbrounded\u00bb background_color=\u00bbwhite\u00bb size=\u00bblg\u00bb align=\u00bbcenter\u00bb custom_color=\u00bb#f27c37&#8243;][vc_custom_heading text=\u00bbReparable\u00bb font_container=\u00bbtag:h4|text_align:center\u00bb use_theme_fonts=\u00bbyes\u00bb][vc_column_text]\n<p style=\"text-align: center;\">Los sellos son completamente reparables con los kits de bajo costo.<\/p>\n[\/vc_column_text][\/vc_column][\/vc_row][vc_row][vc_column width=\u00bb1\/2&#8243;][vc_custom_heading text=\u00bbEjemplo de sellos con fugas:\u00bb font_container=\u00bbtag:h4|text_align:center\u00bb use_theme_fonts=\u00bbyes\u00bb][vc_single_image image=\u00bb3398&#8243; img_size=\u00bbfull\u00bb][\/vc_column][vc_column width=\u00bb1\/2&#8243;][vc_custom_heading text=\u00bbResultados con los sellos Crompion:\u00bb font_container=\u00bbtag:h4|text_align:center\u00bb use_theme_fonts=\u00bbyes\u00bb][vc_single_image image=\u00bb3400&#8243; img_size=\u00bbfull\u00bb][\/vc_column][\/vc_row][vc_row][vc_column][vc_custom_heading text=\u00bbAntes y despu\u00e9s:\u00bb font_container=\u00bbtag:h4|text_align:center\u00bb use_theme_fonts=\u00bbyes\u00bb][vc_single_image image=\u00bb3403&#8243; img_size=\u00bbfull\u00bb][vc_single_image image=\u00bb3405&#8243; img_size=\u00bbfull\u00bb][\/vc_column][\/vc_row][vc_row][vc_column][vc_custom_heading text=\u00bbOperaci\u00f3n del sello mec\u00e1nico:\u00bb font_container=\u00bbtag:h4|text_align:center\u00bb use_theme_fonts=\u00bbyes\u00bb][vc_video link=\u00bbhttps:\/\/youtu.be\/BUkvszTTubs\u00bb][\/vc_column][\/vc_row]\n","protected":false},"excerpt":{"rendered":"<p>[vc_row css=\u00bb.vc_custom_1686576742441{padding-top: 60px !important;}\u00bb][vc_column][vc_single_image image=\u00bb3359&#8243; img_size=\u00bbfull\u00bb alignment=\u00bbcenter\u00bb][vc_column_text]Los sellos est\u00e1n dise\u00f1ados para sellar polvo, lodos o materiales a granel en equipos de procesamiento. Se utilizan para reducir la perdida de producto, reducci\u00f3n de fricci\u00f3n que evita el desgaste del eje (ocasionando perdida de potencia y de vida \u00fatil de la maquina) , solucionar problemas de limpieza [&hellip;]<\/p>\n","protected":false},"author":1,"featured_media":0,"parent":2472,"menu_order":0,"comment_status":"closed","ping_status":"closed","template":"","meta":{"_joinchat":[]},"_links":{"self":[{"href":"https:\/\/crompion.com\/es\/wp-json\/wp\/v2\/pages\/2512"}],"collection":[{"href":"https:\/\/crompion.com\/es\/wp-json\/wp\/v2\/pages"}],"about":[{"href":"https:\/\/crompion.com\/es\/wp-json\/wp\/v2\/types\/page"}],"author":[{"embeddable":true,"href":"https:\/\/crompion.com\/es\/wp-json\/wp\/v2\/users\/1"}],"replies":[{"embeddable":true,"href":"https:\/\/crompion.com\/es\/wp-json\/wp\/v2\/comments?post=2512"}],"version-history":[{"count":11,"href":"https:\/\/crompion.com\/es\/wp-json\/wp\/v2\/pages\/2512\/revisions"}],"predecessor-version":[{"id":3731,"href":"https:\/\/crompion.com\/es\/wp-json\/wp\/v2\/pages\/2512\/revisions\/3731"}],"up":[{"embeddable":true,"href":"https:\/\/crompion.com\/es\/wp-json\/wp\/v2\/pages\/2472"}],"wp:attachment":[{"href":"https:\/\/crompion.com\/es\/wp-json\/wp\/v2\/media?parent=2512"}],"curies":[{"name":"wp","href":"https:\/\/api.w.org\/{rel}","templated":true}]}}