{"id":2509,"date":"2021-05-13T20:19:28","date_gmt":"2021-05-13T20:19:28","guid":{"rendered":"https:\/\/crompion.com\/productos-de-crompion-international\/productos-lubeless\/"},"modified":"2023-11-21T20:06:48","modified_gmt":"2023-11-21T20:06:48","slug":"productos-lubeless","status":"publish","type":"page","link":"https:\/\/crompion.com\/es\/productos-de-crompion-international\/productos-lubeless\/","title":{"rendered":"Productos Lubeless"},"content":{"rendered":"[vc_row css=\u00bb.vc_custom_1542188489306{padding-top: 70px !important;padding-bottom: 100px !important;}\u00bb][vc_column width=\u00bb1\/3&#8243; offset=\u00bbvc_col-md-4&#8243; el_class=\u00bblg-right40&#8243;][vc_column_text css=\u00bb.vc_custom_1700597199162{padding-top: 25px !important;padding-right: 28px !important;padding-bottom: 28px !important;padding-left: 28px !important;background-color: #f7f7f7 !important;}\u00bb el_class=\u00bbdownload-box\u00bb]\n<h4>Industrias Relacionadas<\/h4>\n<p><a href=\"http:\/\/www.crompion.com\">Cemento<\/a><\/p>\n<p><a href=\"https:\/\/crompion.com\/industries\/ethanol-biofuel\/\">Etanol &amp; Biocombustibles<\/a><\/p>\n<p><a href=\"https:\/\/crompion.com\/industries\/mining\/\">Miner\u00eda<\/a><\/p>\n<p><a href=\"https:\/\/crompion.com\/industries\/pulp-paper\/\">Pulpa &amp; Papel<\/a><\/p>\n<p><a href=\"https:\/\/crompion.com\/industries\/sugar-beet\/\">Remolacha Azucarera<\/a><\/p>\n<p><a href=\"https:\/\/crompion.com\/industries\/sugarcane\/\">Ca\u00f1a de Az\u00facar<\/a>[\/vc_column_text][\/vc_column][vc_column width=\u00bb2\/3&#8243; offset=\u00bbvc_col-md-8&#8243;][vc_row_inner][vc_column_inner][vc_column_text]\n<p id=\"h.p_42J5QZtcIMOd\" class=\"zfr3Q\">Es un nuevo desarrollo de Crompion y consiste en un material polim\u00e9rico flexible de alta resistencia que puede reemplazar varias partes de los equipos rotarios en su industria.<\/p>\n<p id=\"h.p_wSYAmpO82KWx\" class=\"zfr3Q\">Estos productos no necesitan lubricantes para su funcionamiento, lo que reduce los costos de mantenimiento y evita la contaminaci\u00f3n cruzada con sus flujos de proceso.<\/p>\n<p id=\"h.p_nZPrY5eY2KWz\" class=\"zfr3Q\">Adem\u00e1s, estos productos minimizan el desgaste de su valioso equipo, reducen la vibraci\u00f3n y el ruido.<\/p>\n<p id=\"h.p_bwg5OoCy2KWz\" class=\"zfr3Q\">Estos productos son innovadores y tenemos toda la ingenier\u00eda, las herramientas inform\u00e1ticas y el talento humano para respaldar la preventa, el soporte t\u00e9cnico y la confiabilidad de nuestros productos.<\/p>\n[\/vc_column_text][\/vc_column_inner][\/vc_row_inner][vc_row_inner][vc_column_inner width=\u00bb1\/3&#8243;][vc_single_image image=\u00bb1797&#8243; img_size=\u00bbfull\u00bb]\n    <div class=\"text-center\">\n        <a class=\"btn btn-large   \" href=\"#roller\" style=\"\">Lubeless Roller<\/a>\n    <\/div>\n\n    [\/vc_column_inner][vc_column_inner width=\u00bb1\/3&#8243;][vc_single_image image=\u00bb1798&#8243; img_size=\u00bbfull\u00bb]\n    <div class=\"text-center\">\n        <a class=\"btn btn-large   \" href=\"#pinions\" style=\"\">Lubeless Pinions<\/a>\n    <\/div>\n\n    [\/vc_column_inner][vc_column_inner width=\u00bb1\/3&#8243;][vc_single_image image=\u00bb1799&#8243; img_size=\u00bbfull\u00bb]\n    <div class=\"text-center\">\n        <a class=\"btn btn-large   \" href=\"#worm\" style=\"\">Lubeless Worm Gears<\/a>\n    <\/div>\n\n    [\/vc_column_inner][\/vc_row_inner][vc_row_inner][vc_column_inner][vc_empty_space][vc_custom_heading text=\u00bb\u00bfQu\u00e9 son los productos lubeless?\u00bb font_container=\u00bbtag:h3|text_align:center\u00bb use_theme_fonts=\u00bbyes\u00bb][\/vc_column_inner][\/vc_row_inner][vc_row_inner][vc_column_inner][ucaddon_uc_default_tabs uc_items_data=\u00bbJTVCJTdCJTIydGl0bGUlMjIlM0ElMjJCZW5lZml0cyUyMiUyQyUyMmhlYWRpbmdfY29sb3IlMjIlM0ElMjIlMjNiMmI1YmUlMjIlMkMlMjJoZWFkaW5nX2ljb24lMjIlM0ElMjJmYSUyMGZhLWNoZWNrJTIyJTJDJTIyY29udGVudCUyMiUzQSUyMiUzQ3VsJTNFJTNDbGklM0VMdWJyaWNhdGlvbiUyMEZyZWUlM0MlMkZsaSUzRSUzQ2xpJTNFUmVkdWNlJTIwV2VhciUyMGFuZCUyMFRlYXIlM0MlMkZsaSUzRSUzQ2xpJTNFTWluaW1pemUlMjBWaWJyYXRpb24lM0MlMkZsaSUzRSUzQ2xpJTNFQWJhdGUlMjBOb2lzZSUzQyUyRmxpJTNFJTNDbGklM0VIaWdoJTIwUHJvZHVjdCUyMExpZmVzcGFuJTNDJTJGbGklM0UlM0NsaSUzRVJlZHVjZSUyME1haW50ZW5hbmNlJTIwQ29zdHMlM0MlMkZsaSUzRSUzQ2xpJTNFUmVsaWFiaWxpdHklM0MlMkZsaSUzRSUzQ2xpJTNFQXZvaWQlMjBDcm9zcy1jb250YW1pbmF0aW9uJTIwd2l0aCUyMHlvdXIlMjBQcm9kdWN0cyUzQyUyRmxpJTNFJTNDJTJGdWwlM0UlMjIlMkMlMjJjb250ZW50X2NvbG9yJTIyJTNBJTIyJTIzNTg1YTYxJTIyJTJDJTIyaGVhZGluZ19ib3JkZXJfY29sb3IlMjIlM0ElMjIlMjNkZGRkZGQlMjIlN0QlMkMlN0IlMjJ0aXRsZSUyMiUzQSUyMlNvbWUlMjBBcHBsaWNhdGlvbnMlMjIlMkMlMjJoZWFkaW5nX2NvbG9yJTIyJTNBJTIyJTIzYjJiNWJlJTIyJTJDJTIyaGVhZGluZ19pY29uJTIyJTNBJTIyZmElMjBmYS1jb2dzJTIyJTJDJTIyY29udGVudCUyMiUzQSUyMiUzQ3VsJTIwY2xhc3MlM0QlNUMlMjJuOEgwOGMlMjBVVk5LUiU1QyUyMiUzRSUzQ2xpJTIwaWQlM0QlNUMlMjJoLnBfQTdMbHdnaVZKbHlZJTVDJTIyJTIwY2xhc3MlM0QlNUMlMjJUWVI4NmQlMjB6ZnIzUSU1QyUyMiUzRVJvdGF0aW5nJTIwRHJ5ZXJzJTNDJTJGbGklM0UlM0NsaSUyMGlkJTNEJTVDJTIyaC5wX0xhT2xpUVppSm8zTCU1QyUyMiUyMGNsYXNzJTNEJTVDJTIyVFlSODZkJTIwemZyM1ElNUMlMjIlM0VSb3RhcnklMjBTY3JlZW5zJTNDJTJGbGklM0UlM0NsaSUyMGlkJTNEJTVDJTIyaC5wX3BoNDEwbjRUSnFSYiU1QyUyMiUyMGNsYXNzJTNEJTVDJTIyVFlSODZkJTIwemZyM1ElNUMlMjIlM0VSb3RhcnklMjBWYWN1dW0lMjBGaWx0ZXJzJTNDJTJGbGklM0UlM0NsaSUyMGlkJTNEJTVDJTIyaC5wX09jRWhtQzlhSnNDaiU1QyUyMiUyMGNsYXNzJTNEJTVDJTIyVFlSODZkJTIwemZyM1ElNUMlMjIlM0VDbGFyaWZpZXIlMjBCcmlkZ2UlM0MlMkZsaSUzRSUzQ2xpJTIwaWQlM0QlNUMlMjJoLnBfWTFKMmdza3lKdHFLJTVDJTIyJTIwY2xhc3MlM0QlNUMlMjJUWVI4NmQlMjB6ZnIzUSU1QyUyMiUzRUNyeXN0YWxsaXplcnMlM0MlMkZsaSUzRSUzQ2xpJTIwaWQlM0QlNUMlMjJoLnBfTF90Y3N3bmlKdndUJTVDJTIyJTIwY2xhc3MlM0QlNUMlMjJUWVI4NmQlMjB6ZnIzUSU1QyUyMiUzRU1peGVycyUzQyUyRmxpJTNFJTNDJTJGdWwlM0UlMjIlMkMlMjJjb250ZW50X2NvbG9yJTIyJTNBJTIyJTIzNTg1YTYxJTIyJTJDJTIyaGVhZGluZ19ib3JkZXJfY29sb3IlMjIlM0ElMjIlMjNkZGRkZGQlMjIlN0QlMkMlN0IlMjJ0aXRsZSUyMiUzQSUyMkluZHVzdHJpZXMlMjBXZSUyMFNlcnZlJTIyJTJDJTIyaGVhZGluZ19jb2xvciUyMiUzQSUyMiUyM2IyYjViZSUyMiUyQyUyMmhlYWRpbmdfaWNvbiUyMiUzQSUyMmZhJTIwZmEtd3JlbmNoJTIyJTJDJTIyY29udGVudCUyMiUzQSUyMiUzQ3VsJTIwY2xhc3MlM0QlNUMlMjJuOEgwOGMlMjBVVk5LUiU1QyUyMiUzRSUzQ2xpJTIwaWQlM0QlNUMlMjJoLnBfNERubGswMmdKQVBhJTVDJTIyJTIwY2xhc3MlM0QlNUMlMjJUWVI4NmQlMjB6ZnIzUSU1QyUyMiUzRVJhdyUyMFN1Z2FyJTIwSW5kdXN0cnklM0MlMkZsaSUzRSUzQ2xpJTIwaWQlM0QlNUMlMjJoLnBfa0FKRzZnNWxKS2pMJTVDJTIyJTIwY2xhc3MlM0QlNUMlMjJUWVI4NmQlMjB6ZnIzUSU1QyUyMiUzRVN1Z2FyJTIwUmVmaW5lcmllcyUzQyUyRmxpJTNFJTNDbGklMjBpZCUzRCU1QyUyMmgucF9MSjZ0VUhKVEpON2MlNUMlMjIlMjBjbGFzcyUzRCU1QyUyMlRZUjg2ZCUyMHpmcjNRJTVDJTIyJTNFUHVscCUyMGFuZCUyMFBhcGVyJTNDJTJGbGklM0UlM0NsaSUyMGlkJTNEJTVDJTIyaC5wX3pNVnp0YTZ5SlBiYiU1QyUyMiUyMGNsYXNzJTNEJTVDJTIyVFlSODZkJTIwemZyM1ElNUMlMjIlM0VXYXRlciUyMFRyZWF0bWVudCUzQyUyRmxpJTNFJTNDbGklMjBpZCUzRCU1QyUyMmgucF9CODV6V1NOSEpRZ2olNUMlMjIlMjBjbGFzcyUzRCU1QyUyMlRZUjg2ZCUyMHpmcjNRJTVDJTIyJTNFV2FzdGV3YXRlciUyMFRyZWF0bWVudCUzQyUyRmxpJTNFJTNDbGklMjBpZCUzRCU1QyUyMmgucF9QTXpXT2dDakpTUmolNUMlMjIlMjBjbGFzcyUzRCU1QyUyMlRZUjg2ZCUyMHpmcjNRJTVDJTIyJTNFQ2VtZW50JTIwYW5kJTIwTWluaW5nJTNDJTJGbGklM0UlM0MlMkZ1bCUzRSUyMiUyQyUyMmNvbnRlbnRfY29sb3IlMjIlM0ElMjIlMjM1ODVhNjElMjIlMkMlMjJoZWFkaW5nX2JvcmRlcl9jb2xvciUyMiUzQSUyMiUyM2RkZGRkZCUyMiU3RCU1RA==\u00bb uc_fonts_data=\u00bbJTdCJTdE\u00bb][\/vc_column_inner][\/vc_row_inner][vc_row_inner el_id=\u00bbroller\u00bb][vc_column_inner][vc_empty_space height=\u00bb140px\u00bb][vc_custom_heading text=\u00bbRuedas Lubeless\u00bb font_container=\u00bbtag:h3|text_align:left\u00bb use_theme_fonts=\u00bbyes\u00bb][vc_column_text]\n<section id=\"h.p_Q94LeEfNHyz7\" class=\"yaqOZd lQAHbd\">\n<div class=\"mYVXT\">\n<div class=\"LS81yb VICjCf\" tabindex=\"-1\">\n<div class=\"hJDwNd-AhqUyc-uQSCkd purZT-AhqUyc-II5mzb pSzOP-AhqUyc-qWD73c JNdkSc\">\n<div class=\"JNdkSc-SmKAyb\">\n<div class=\"oKdM2c\">\n<div id=\"h.p_YIcxL8PTHyz1\" class=\"hJDwNd-AhqUyc-uQSCkd jXK9ad D2fZ2 OjCsFc wHaque GNzUNc\">\n<h3 class=\"TyBUR CJIdie\">\u00bfQu\u00e9 es una Rueda Lubeless?<\/h3>\n<\/div>\n<\/div>\n<\/div>\n<\/div>\n<\/div>\n<\/div>\n<\/section>\n<section id=\"h.p_OZN8orI6IMOe\" class=\"yaqOZd\">\n<div class=\"mYVXT\">\n<div class=\"LS81yb VICjCf\" tabindex=\"-1\">\n<div class=\"hJDwNd-AhqUyc-uQSCkd purZT-AhqUyc-II5mzb pSzOP-AhqUyc-qWD73c JNdkSc\">\n<div class=\"JNdkSc-SmKAyb\">\n<div class=\"oKdM2c\">\n<div id=\"h.p_i8N5c6brIMOb\" class=\"hJDwNd-AhqUyc-uQSCkd jXK9ad D2fZ2 OjCsFc wHaque GNzUNc\">\n<div class=\"jXK9ad-SmKAyb\">\n<div class=\"tyJCtd mGzaTb baZpAe\">\n<ul class=\"n8H08c UVNKR\">\n<li id=\"h.p_42J5QZtcIMOd\" class=\"TYR86d zfr3Q\">Es un nuevo desarrollo que Crompion est\u00e1 ofreciendo para reemplazar las ruedas en secadoras de az\u00facar, mallas rotativas y filtros rotatorios.<\/li>\n<li id=\"h.p_H99aaNWu6OWD\" class=\"TYR86d zfr3Q\">Fabricamos la Rueda Lubeless con un n\u00facleo interno hecho de acero de alta resistencia. El n\u00facleo de ingenier\u00eda externa es un pol\u00edmero flexible, pero altamente resistente.<\/li>\n<\/ul>\n<p><strong>Beneficios de la Rueda Lubeless<\/strong><\/p>\n<ul class=\"n8H08c UVNKR\">\n<li id=\"h.p_-w5nBS3KMS_h\" class=\"TYR86d zfr3Q\">Reduce significativamente la vibraci\u00f3n en la estructura de la secadora de az\u00facar y su estructura de soporte<\/li>\n<li id=\"h.p_r3b7G25M68U0\" class=\"TYR86d zfr3Q\">Reduce el riesgo de fractura del cuerpo de la secadora.<\/li>\n<li id=\"h.p_rSe8sf-c68U0\" class=\"TYR86d zfr3Q\">Se detiene el avance de fracturas existentes.<\/li>\n<li id=\"h.p_KQM26mjT68U1\" class=\"TYR86d zfr3Q\">Detiene el desgaste del anillo de conducci\u00f3n de la secadora y reduce la posibilidad de reemplazo, ya que la Rueda Lubeless absorbe cualquier deformaci\u00f3n del anillo de conducci\u00f3n.<\/li>\n<li id=\"h.p_Cn8cex0K68U2\" class=\"TYR86d zfr3Q\">La Rueda Lubeless amortigua cualquier impacto durante las operaciones de arranque y apagado de la secadora.<\/li>\n<li id=\"h.p_m-42USYs68U2\" class=\"TYR86d zfr3Q\">Reduce significativamente el ruido de funcionamiento de la secadora.<\/li>\n<li id=\"h.p_xyaTGkYs68U2\" class=\"TYR86d zfr3Q\">La Rueda Lubeless no requiere lubricaci\u00f3n, lo que reduce los costos de mantenimiento y la contaminaci\u00f3n cruzada con el az\u00facar.<\/li>\n<li id=\"h.p_Eecr2zb468U3\" class=\"TYR86d zfr3Q\">La Rueda Lubeless tiene una alta resistencia a la compresi\u00f3n, m\u00ednimo desgaste, alta resistencia al impacto y desgaste por fatiga.<\/li>\n<\/ul>\n<p><strong>Proceso de Desarrollo<\/strong><\/p>\n<ul class=\"n8H08c UVNKR\">\n<li id=\"h.p_kYL-Xut_NEN3\" class=\"TYR86d zfr3Q\">Ninguno de nuestros rodillos se dise\u00f1a igual.<\/li>\n<li id=\"h.p_GEur4ejf8PIQ\" class=\"TYR86d zfr3Q\">Desarrollamos un software que calcula el dise\u00f1o de la Rueda Lubeless para cada aplicaci\u00f3n en funci\u00f3n de las necesidades y especificaciones del cliente.<\/li>\n<li id=\"h.p_cQos-qMV8PIR\" class=\"TYR86d zfr3Q\">Proporcionamos con cada propuesta de ingenier\u00eda una copia del informe de salida del software que garantiza la idoneidad de la aplicaci\u00f3n y el soporte de ingenier\u00eda para nuestros clientes.<\/li>\n<\/ul>\n<p><strong>Operaci\u00f3n<\/strong><\/p>\n<ul class=\"n8H08c UVNKR\">\n<li id=\"h.p_P13W07o6NxiG\" class=\"TYR86d zfr3Q\">La imagen que se muestra a continuaci\u00f3n muestra un rodillo Lubeless hecho de nuestro pol\u00edmero \u00fanico.<\/li>\n<li id=\"h.p_PIGI5uDp8yHl\" class=\"TYR86d zfr3Q\">\u00a1Esta Rueda Lubeless lleva funcionando casi 3 a\u00f1os!<\/li>\n<li id=\"h.p_qHl7BQ0D8yHm\" class=\"TYR86d zfr3Q\">El factor de servicio (F.S) calculado por nuestro software fue 1.5, que era adecuado para la aplicaci\u00f3n.<\/li>\n<li id=\"h.p_aGvlQjsK8yHm\" class=\"TYR86d zfr3Q\">El F.S es una medida de la capacidad de sobrecarga peri\u00f3dica a la cual la rueda puede operar sin da\u00f1os.<\/li>\n<\/ul>\n<p>Para ver el funcionamiento de las Ruedas Lubeless, haga clic en los videos a continuaci\u00f3n. Los videos muestran el funcionamiento de la Rueda Lubeless grabado a su velocidad normal y en c\u00e1mara lenta. \u00a1Esta Rueda Lubeless ha estado operando por tres a\u00f1os y contando!<\/p>\n<\/div>\n<\/div>\n<\/div>\n<\/div>\n<\/div>\n<\/div>\n<\/div>\n<\/div>\n<\/section>\n[\/vc_column_text][\/vc_column_inner][\/vc_row_inner][vc_row_inner][vc_column_inner width=\u00bb1\/2&#8243;][vc_video link=\u00bbhttps:\/\/www.youtube.com\/watch?v=Zz4SPplmnXI\u00bb][\/vc_column_inner][vc_column_inner width=\u00bb1\/2&#8243;][vc_video link=\u00bbhttps:\/\/www.youtube.com\/watch?v=nTnzOYjt9U8&#8243;][\/vc_column_inner][\/vc_row_inner][vc_row_inner][vc_column_inner width=\u00bb1\/2&#8243;][vc_video link=\u00bbhttps:\/\/www.youtube.com\/watch?v=1TRAQtYdHTs\u00bb][\/vc_column_inner][vc_column_inner width=\u00bb1\/2&#8243;][vc_video link=\u00bbhttps:\/\/www.youtube.com\/watch?v=mwQkUQqHA-w\u00bb][\/vc_column_inner][\/vc_row_inner][vc_custom_heading text=\u00bbGaleria de Im\u00e1genes\u00bb font_container=\u00bbtag:h3|text_align:left\u00bb use_theme_fonts=\u00bbyes\u00bb][vc_row_inner][vc_column_inner width=\u00bb1\/2&#8243;][vc_images_carousel images=\u00bb1819,1818,1817,1816,1815,1814,1813,1812,1811&#8243; img_size=\u00bb372&#215;208&#8243; autoplay=\u00bbyes\u00bb wrap=\u00bbyes\u00bb][\/vc_column_inner][vc_column_inner width=\u00bb1\/2&#8243;][vc_images_carousel images=\u00bb1827,1828,1829,1830&#8243; img_size=\u00bb372&#215;208&#8243; autoplay=\u00bbyes\u00bb wrap=\u00bbyes\u00bb][\/vc_column_inner][\/vc_row_inner][vc_empty_space height=\u00bb240px\u00bb][vc_row_inner el_id=\u00bbpinions\u00bb][vc_column_inner][vc_custom_heading text=\u00bbPi\u00f1ones Lubeless\u00bb font_container=\u00bbtag:h3|text_align:left\u00bb use_theme_fonts=\u00bbyes\u00bb][vc_column_text]\n<figure id=\"attachment_1836\" aria-describedby=\"caption-attachment-1836\" style=\"width: 433px\" class=\"wp-caption alignright\"><img loading=\"lazy\" class=\"wp-image-1836 size-full\" src=\"https:\/\/crompion.com\/wp-content\/uploads\/2020\/09\/software.jpg\" alt=\"Lubeless Pinion Software Output\" width=\"433\" height=\"359\" srcset=\"https:\/\/crompion.com\/wp-content\/uploads\/2020\/09\/software.jpg 433w, https:\/\/crompion.com\/wp-content\/uploads\/2020\/09\/software-300x249.jpg 300w\" sizes=\"(max-width: 433px) 100vw, 433px\" \/><figcaption id=\"caption-attachment-1836\" class=\"wp-caption-text\">Salida de Nuestro Software<\/figcaption><\/figure>\n<section id=\"h.p_Q94LeEfNHyz7\" class=\"yaqOZd lQAHbd\">\n<div class=\"mYVXT\">\n<div class=\"LS81yb VICjCf\" tabindex=\"-1\">\n<div class=\"hJDwNd-AhqUyc-uQSCkd purZT-AhqUyc-II5mzb pSzOP-AhqUyc-qWD73c JNdkSc\">\n<div class=\"JNdkSc-SmKAyb\">\n<div class=\"oKdM2c\">\n<div id=\"h.p_YIcxL8PTHyz1\" class=\"hJDwNd-AhqUyc-uQSCkd jXK9ad D2fZ2 OjCsFc wHaque GNzUNc\">\n<h3 class=\"TyBUR CJIdie\">\u00bfQu\u00e9 es el Pi\u00f1\u00f3n Lubeless?<\/h3>\n<\/div>\n<\/div>\n<\/div>\n<\/div>\n<\/div>\n<\/div>\n<\/section>\n<section id=\"h.p_OZN8orI6IMOe\" class=\"yaqOZd\">\n<div class=\"mYVXT\">\n<div class=\"LS81yb VICjCf\" tabindex=\"-1\">\n<div class=\"hJDwNd-AhqUyc-uQSCkd purZT-AhqUyc-II5mzb pSzOP-AhqUyc-qWD73c JNdkSc\">\n<div class=\"JNdkSc-SmKAyb\">\n<div class=\"oKdM2c\">\n<div id=\"h.p_i8N5c6brIMOb\" class=\"hJDwNd-AhqUyc-uQSCkd jXK9ad D2fZ2 OjCsFc wHaque GNzUNc\">\n<div class=\"jXK9ad-SmKAyb\">\n<div class=\"tyJCtd mGzaTb baZpAe\">\n<ul class=\"n8H08c UVNKR\">\n<li id=\"h.p_42J5QZtcIMOd\" class=\"TYR86d zfr3Q\">Es un nuevo desarrollo que Crompion est\u00e1 ofreciendo para reemplazar los pi\u00f1ones en secadoras y otros equipos de su f\u00e1brica.<\/li>\n<li id=\"h.p_rWvxYZGbT-eq\" class=\"TYR86d zfr3Q\">Fabricamos el Pi\u00f1\u00f3n Lubeless a partir de un material polim\u00e9rico flexible, pero altamente resistente.<\/li>\n<\/ul>\n<\/div>\n<\/div>\n<\/div>\n<\/div>\n<\/div>\n<\/div>\n<\/div>\n<\/div>\n<\/section>\n<h5>Beneficios del Pi\u00f1\u00f3n Lubeless<\/h5>\n<ul>\n<li id=\"h.p_-w5nBS3KMS_h\" class=\"TYR86d zfr3Q\">Detiene el desgaste de los dientes de la corona de la secadora.<\/li>\n<li id=\"h.p_HO2vqqWhUfT9\" class=\"TYR86d zfr3Q\">Elimina los golpeteos, impactos y las vibraciones generadas por el desgaste de los dientes de la corona al engranar con los dientes del pi\u00f1\u00f3n.<\/li>\n<li id=\"h.p_DD5WdgOAUfT-\" class=\"TYR86d zfr3Q\">El Pi\u00f1\u00f3n Lubeless amortigua cualquier impacto durante las operaciones de arranque y apagado de la secadora.<\/li>\n<li id=\"h.p_MO6E2SxNUfT_\" class=\"TYR86d zfr3Q\">El Pi\u00f1\u00f3n Lubeless elimina la necesidad de lubricantes, reduciendo los costos de mantenimiento y la contaminaci\u00f3n cruzada con sus productos.<\/li>\n<li id=\"h.p_sPXq5BarUfT_\" class=\"TYR86d zfr3Q\">Como no se requiere lubricaci\u00f3n, aumenta significativamente la limpieza y el aspecto de la secadora.<\/li>\n<\/ul>\n<h5>Proceso de Desarrollo<\/h5>\n<ul>\n<li id=\"h.p_kYL-Xut_NEN3\" class=\"TYR86d zfr3Q\">Desarrollamos un software que calcula el dise\u00f1o del Pi\u00f1\u00f3n Lubeless para cada aplicaci\u00f3n en funci\u00f3n de las necesidades y especificaciones del cliente.<\/li>\n<li id=\"h.p_8eG4YFAYb-C-\" class=\"TYR86d zfr3Q\">Proporcionamos con cada propuesta de ingenier\u00eda una copia del informe de salida del software que garantiza el desempe\u00f1o del producto en cada aplicaci\u00f3n y el soporte de ingenier\u00eda para nuestros clientes.<\/li>\n<\/ul>\n[\/vc_column_text][vc_empty_space height=\u00bb240px\u00bb][\/vc_column_inner][\/vc_row_inner][vc_row_inner el_id=\u00bbworm\u00bb][vc_column_inner][vc_custom_heading text=\u00bbSinfines Lubeless\u00bb font_container=\u00bbtag:h3|text_align:left\u00bb use_theme_fonts=\u00bbyes\u00bb][vc_column_text]<span style=\"color: #0a0f2b; font-size: 18px; font-weight: 600;\"><img loading=\"lazy\" class=\"size-medium wp-image-1846 alignright\" src=\"https:\/\/crompion.com\/wp-content\/uploads\/2020\/09\/wormGear-450x485-1-278x300.jpg\" alt=\"\" width=\"278\" height=\"300\" srcset=\"https:\/\/crompion.com\/wp-content\/uploads\/2020\/09\/wormGear-450x485-1-278x300.jpg 278w, https:\/\/crompion.com\/wp-content\/uploads\/2020\/09\/wormGear-450x485-1.jpg 450w\" sizes=\"(max-width: 278px) 100vw, 278px\" \/>Beneficios de los Sinfines Lubeless<\/span><\/p>\n<ul>\n<li id=\"h.p_-w5nBS3KMS_h\" class=\"TYR86d zfr3Q\">Detiene el desgaste de los dientes de la rueda dentada en los cristalizadores.<\/li>\n<li id=\"h.p_TYFeV858d_4d\" class=\"TYR86d zfr3Q\">El Sinf\u00edn Lubeless elimina la necesidad de lubricantes, reduciendo los costos de mantenimiento y la contaminaci\u00f3n cruzada con la masa cocida.<\/li>\n<li id=\"h.p_iyQqcGaGd_4g\" class=\"TYR86d zfr3Q\">Como no se requiere lubricaci\u00f3n, aumenta significativamente la limpieza y el aspecto del cristalizador.<\/li>\n<\/ul>\n[\/vc_column_text][\/vc_column_inner][\/vc_row_inner][vc_row_inner][vc_column_inner width=\u00bb1\/2&#8243;][vc_column_text]\n<p class=\"TyBUR\"><strong>Vaya de esto:<\/strong><\/p>\n[\/vc_column_text][vc_video link=\u00bbhttps:\/\/www.youtube.com\/watch?v=Xa0Noc-R_6U\u00bb][\/vc_column_inner][vc_column_inner width=\u00bb1\/2&#8243;][vc_column_text]\n<p class=\"TyBUR\"><strong>A esto:<\/strong><\/p>\n[\/vc_column_text][vc_video link=\u00bbhttps:\/\/www.youtube.com\/watch?v=mgc0NdYyx5A\u00bb][\/vc_column_inner][\/vc_row_inner][\/vc_column][\/vc_row]\n","protected":false},"excerpt":{"rendered":"<p>[vc_row css=\u00bb.vc_custom_1542188489306{padding-top: 70px !important;padding-bottom: 100px !important;}\u00bb][vc_column width=\u00bb1\/3&#8243; offset=\u00bbvc_col-md-4&#8243; el_class=\u00bblg-right40&#8243;][vc_column_text css=\u00bb.vc_custom_1700597199162{padding-top: 25px !important;padding-right: 28px !important;padding-bottom: 28px !important;padding-left: 28px !important;background-color: #f7f7f7 !important;}\u00bb el_class=\u00bbdownload-box\u00bb] Industrias Relacionadas Cemento Etanol &amp; Biocombustibles Miner\u00eda Pulpa &amp; Papel Remolacha Azucarera Ca\u00f1a de Az\u00facar[\/vc_column_text][\/vc_column][vc_column width=\u00bb2\/3&#8243; offset=\u00bbvc_col-md-8&#8243;][vc_row_inner][vc_column_inner][vc_column_text] Es un nuevo desarrollo de Crompion y consiste en un material polim\u00e9rico flexible de alta resistencia que [&hellip;]<\/p>\n","protected":false},"author":1,"featured_media":0,"parent":2472,"menu_order":0,"comment_status":"closed","ping_status":"closed","template":"","meta":{"_joinchat":[]},"_links":{"self":[{"href":"https:\/\/crompion.com\/es\/wp-json\/wp\/v2\/pages\/2509"}],"collection":[{"href":"https:\/\/crompion.com\/es\/wp-json\/wp\/v2\/pages"}],"about":[{"href":"https:\/\/crompion.com\/es\/wp-json\/wp\/v2\/types\/page"}],"author":[{"embeddable":true,"href":"https:\/\/crompion.com\/es\/wp-json\/wp\/v2\/users\/1"}],"replies":[{"embeddable":true,"href":"https:\/\/crompion.com\/es\/wp-json\/wp\/v2\/comments?post=2509"}],"version-history":[{"count":5,"href":"https:\/\/crompion.com\/es\/wp-json\/wp\/v2\/pages\/2509\/revisions"}],"predecessor-version":[{"id":3726,"href":"https:\/\/crompion.com\/es\/wp-json\/wp\/v2\/pages\/2509\/revisions\/3726"}],"up":[{"embeddable":true,"href":"https:\/\/crompion.com\/es\/wp-json\/wp\/v2\/pages\/2472"}],"wp:attachment":[{"href":"https:\/\/crompion.com\/es\/wp-json\/wp\/v2\/media?parent=2509"}],"curies":[{"name":"wp","href":"https:\/\/api.w.org\/{rel}","templated":true}]}}