{"id":2506,"date":"2021-05-13T18:21:54","date_gmt":"2021-05-13T18:21:54","guid":{"rendered":"https:\/\/crompion.com\/productos-de-crompion-international\/tumbadores\/"},"modified":"2023-11-21T20:13:55","modified_gmt":"2023-11-21T20:13:55","slug":"tumbadores","status":"publish","type":"page","link":"https:\/\/crompion.com\/es\/productos-de-crompion-international\/tumbadores\/","title":{"rendered":"Tumbadores"},"content":{"rendered":"[vc_row][vc_column][vc_empty_space height=\u00bb82px\u00bb][vc_column_text]Los tumbadores est\u00e1n ubicadas en la parte superior de los discos giratorios que sostienen las cuchillas de corte de base, guiando los tallos de la ca\u00f1a hacia los rodillos de alimentaci\u00f3n durante el proceso de corte.<\/p>\n<p>Fabricamos nuestros tumbadores en acero especial de alta aleaci\u00f3n con excelente resistencia a la abrasi\u00f3n y al impacto, extendiendo su ciclo de vida durante la operaci\u00f3n.[\/vc_column_text][vc_column_text]<img loading=\"lazy\" class=\"alignright wp-image-1662 size-full\" src=\"https:\/\/crompion.com\/wp-content\/uploads\/2020\/06\/Kicker-Barsn.png\" alt=\"\" width=\"465\" height=\"255\" srcset=\"https:\/\/crompion.com\/wp-content\/uploads\/2020\/06\/Kicker-Barsn.png 465w, https:\/\/crompion.com\/wp-content\/uploads\/2020\/06\/Kicker-Barsn-300x165.png 300w\" sizes=\"(max-width: 465px) 100vw, 465px\" \/><strong>Especificaciones<\/strong><\/p>\n<ul>\n<li>\n<p class=\"p1\">Alta Dureza<\/p>\n<\/li>\n<li>\n<p class=\"p1\">Material de Alta Resistencia<\/p>\n<\/li>\n<li>\n<p class=\"p1\">Tama\u00f1o Personalizable<\/p>\n<\/li>\n<\/ul>\n<p><strong>Beneficios<\/strong><\/p>\n<ul>\n<li>\n<p class=\"p1\">Costo-Efectiva<\/p>\n<\/li>\n<li>\n<p class=\"p1\">Excelente Resistencia a la Abrasi\u00f3n<\/p>\n<\/li>\n<li>\n<p class=\"p1\">Muy Buena Tenacidad al Impacto<\/p>\n<\/li>\n<li>\n<p class=\"p1\">Ciclo de Vida m\u00e1s Largo<\/p>\n<\/li>\n<\/ul>\n[\/vc_column_text][vc_empty_space][\/vc_column][\/vc_row]\n","protected":false},"excerpt":{"rendered":"<p>[vc_row][vc_column][vc_empty_space height=\u00bb82px\u00bb][vc_column_text]Los tumbadores est\u00e1n ubicadas en la parte superior de los discos giratorios que sostienen las cuchillas de corte de base, guiando los tallos de la ca\u00f1a hacia los rodillos de alimentaci\u00f3n durante el proceso de corte. Fabricamos nuestros tumbadores en acero especial de alta aleaci\u00f3n con excelente resistencia a la abrasi\u00f3n y al impacto, [&hellip;]<\/p>\n","protected":false},"author":1,"featured_media":0,"parent":2472,"menu_order":0,"comment_status":"closed","ping_status":"closed","template":"","meta":{"_joinchat":[]},"_links":{"self":[{"href":"https:\/\/crompion.com\/es\/wp-json\/wp\/v2\/pages\/2506"}],"collection":[{"href":"https:\/\/crompion.com\/es\/wp-json\/wp\/v2\/pages"}],"about":[{"href":"https:\/\/crompion.com\/es\/wp-json\/wp\/v2\/types\/page"}],"author":[{"embeddable":true,"href":"https:\/\/crompion.com\/es\/wp-json\/wp\/v2\/users\/1"}],"replies":[{"embeddable":true,"href":"https:\/\/crompion.com\/es\/wp-json\/wp\/v2\/comments?post=2506"}],"version-history":[{"count":5,"href":"https:\/\/crompion.com\/es\/wp-json\/wp\/v2\/pages\/2506\/revisions"}],"predecessor-version":[{"id":3736,"href":"https:\/\/crompion.com\/es\/wp-json\/wp\/v2\/pages\/2506\/revisions\/3736"}],"up":[{"embeddable":true,"href":"https:\/\/crompion.com\/es\/wp-json\/wp\/v2\/pages\/2472"}],"wp:attachment":[{"href":"https:\/\/crompion.com\/es\/wp-json\/wp\/v2\/media?parent=2506"}],"curies":[{"name":"wp","href":"https:\/\/api.w.org\/{rel}","templated":true}]}}