{"id":2503,"date":"2021-05-13T17:21:57","date_gmt":"2021-05-13T17:21:57","guid":{"rendered":"https:\/\/crompion.com\/productos-de-crompion-international\/cuchillas-para-cosechadora\/"},"modified":"2023-11-21T20:11:47","modified_gmt":"2023-11-21T20:11:47","slug":"cuchillas-para-cosechadora","status":"publish","type":"page","link":"https:\/\/crompion.com\/es\/productos-de-crompion-international\/cuchillas-para-cosechadora\/","title":{"rendered":"Cuchillas para Cosechadora"},"content":{"rendered":"[vc_row][vc_column][vc_empty_space height=\u00bb82px\u00bb][vc_custom_heading text=\u00bbCuchillas Cortadoras de Base\u00bb font_container=\u00bbtag:h4|text_align:left\u00bb use_theme_fonts=\u00bbyes\u00bb css=\u00bb.vc_custom_1593534211866{margin-bottom: 40px !important;}\u00bb][vc_column_text]Dise\u00f1amos nuestras cuchillas para cortar el tallo de la ca\u00f1a de az\u00facar lo m\u00e1s cerca posible del suelo. Las cuchillas de corte van montadas en el cortador de base de la cosechadora, retirando el tallo de la ca\u00f1a del campo mediante corte por impacto. Durante el funcionamiento, las cuchillas de la cosechadora son propensas a las arenas abrasivas, las rocas y otros desechos.<\/p>\n<p>En Crompion International, fabricamos cuchillas para cosechadoras con acero de alta resistencia, excelente resistencia a la abrasi\u00f3n y tenacidad al impacto, lo que reduce la p\u00e9rdida de material durante la operaci\u00f3n.[\/vc_column_text][vc_custom_heading text=\u00bbCuchilla Cortadora de Base Insertek (Dise\u00f1o Propietario)\u00bb font_container=\u00bbtag:h4|text_align:left\u00bb use_theme_fonts=\u00bbyes\u00bb css=\u00bb.vc_custom_1630445040190{margin-bottom: 40px !important;}\u00bb][vc_column_text]<strong><img loading=\"lazy\" class=\"size-medium wp-image-1157 alignright\" src=\"https:\/\/crompion.com\/wp-content\/uploads\/2020\/05\/Harvester-Base-cutter-blades-sm-300x268.jpg\" alt=\"\" width=\"300\" height=\"268\" srcset=\"https:\/\/crompion.com\/wp-content\/uploads\/2020\/05\/Harvester-Base-cutter-blades-sm-300x268.jpg 300w, https:\/\/crompion.com\/wp-content\/uploads\/2020\/05\/Harvester-Base-cutter-blades-sm.jpg 482w\" sizes=\"(max-width: 300px) 100vw, 300px\" \/>Especificaciones :<\/strong><\/p>\n<ul>\n<li>PRN #12<\/li>\n<li>85% mayor fuerza de rendimiento que 304L SS<\/li>\n<\/ul>\n<p><strong>Beneficios:<\/strong><\/p>\n<ul>\n<li>Resistente a la corrosi\u00f3n<\/li>\n<li>Resistente a la abrasi\u00f3n<\/li>\n<li>Mayor vida \u00fatil para los equipos de azucareros<\/li>\n<\/ul>\n[\/vc_column_text][vc_empty_space][vc_custom_heading text=\u00bbCuchilla Cortadora de Base Insertek (Dise\u00f1o Propietario)\u00bb font_container=\u00bbtag:h4|text_align:left\u00bb use_theme_fonts=\u00bbyes\u00bb css=\u00bb.vc_custom_1630445050257{margin-bottom: 40px !important;}\u00bb][vc_column_text]<strong>Especificaciones:<\/strong><\/p>\n<ul>\n<li>Montaje en base de acero de alta resistencia<\/li>\n<li>Inserto de alta resistencia a la abrasi\u00f3n<\/li>\n<li>Dise\u00f1o innovador<\/li>\n<\/ul>\n<p><strong>Beneficios:<\/strong><\/p>\n<ul>\n<li>Costo-Efectiva<\/li>\n<li>Puntas Reversibles y Reutilizables<\/li>\n<li>Tiempo de vida hasta 8 veces mayor<\/li>\n<li>Productividad incrementada<\/li>\n<li>Reducci\u00f3n de tiempo de perdido y mano de obra<\/li>\n<li>Corte de mayor calidad<\/li>\n<\/ul>\n[\/vc_column_text]\n    <div class=\"\">\n        <a class=\"btn btn-medium btn-dark btn-border \" href=\"https:\/\/crompion.com\/wp-content\/uploads\/2020\/05\/Crompion-Insertek-Harvester-Blades-Flyer.pdf\" style=\"\">Descargue un folleto imprimible de la cortadora base de la cosechadora Insertek (PDF)<\/a>\n    <\/div>\n\n    [vc_empty_space][vc_custom_heading text=\u00bbCuchillas Cortadoras de Base para Cosechadora (Dise\u00f1o Premium)\u00bb font_container=\u00bbtag:h4|text_align:left\u00bb use_theme_fonts=\u00bbyes\u00bb css=\u00bb.vc_custom_1588799776041{margin-bottom: 40px !important;}\u00bb][vc_column_text]<strong>Especificaciones:<\/strong><\/p>\n<ul>\n<li>Cuchillas cortadoras de base de 6 agujeros<\/li>\n<li>Acero de alta resistencia<\/li>\n<\/ul>\n<div>\n<p><strong>Beneficios:<\/strong><\/p>\n<ul>\n<li>Costo-efectivas<\/li>\n<li>Tratadas t\u00e9rmicamente<\/li>\n<li>Dureza de alto impacto<\/li>\n<li>Corte de alta calidad<\/li>\n<\/ul>\n<\/div>\n[\/vc_column_text]\n    <div class=\"\">\n        <a class=\"btn btn-medium btn-dark btn-border \" href=\"https:\/\/crompion.com\/wp-content\/uploads\/2020\/05\/Crompion-Standard-Harvester-Blades-Flyer.pdf\" style=\"\">Descargue un folleto imprimible de la hoja del cortador base de la cosechadora (PDF)<\/a>\n    <\/div>\n\n    [vc_empty_space][\/vc_column][\/vc_row]\n","protected":false},"excerpt":{"rendered":"<p>[vc_row][vc_column][vc_empty_space height=\u00bb82px\u00bb][vc_custom_heading text=\u00bbCuchillas Cortadoras de Base\u00bb font_container=\u00bbtag:h4|text_align:left\u00bb use_theme_fonts=\u00bbyes\u00bb css=\u00bb.vc_custom_1593534211866{margin-bottom: 40px !important;}\u00bb][vc_column_text]Dise\u00f1amos nuestras cuchillas para cortar el tallo de la ca\u00f1a de az\u00facar lo m\u00e1s cerca posible del suelo. Las cuchillas de corte van montadas en el cortador de base de la cosechadora, retirando el tallo de la ca\u00f1a del campo mediante corte por impacto. Durante [&hellip;]<\/p>\n","protected":false},"author":1,"featured_media":0,"parent":2472,"menu_order":0,"comment_status":"closed","ping_status":"closed","template":"","meta":{"_joinchat":[]},"_links":{"self":[{"href":"https:\/\/crompion.com\/es\/wp-json\/wp\/v2\/pages\/2503"}],"collection":[{"href":"https:\/\/crompion.com\/es\/wp-json\/wp\/v2\/pages"}],"about":[{"href":"https:\/\/crompion.com\/es\/wp-json\/wp\/v2\/types\/page"}],"author":[{"embeddable":true,"href":"https:\/\/crompion.com\/es\/wp-json\/wp\/v2\/users\/1"}],"replies":[{"embeddable":true,"href":"https:\/\/crompion.com\/es\/wp-json\/wp\/v2\/comments?post=2503"}],"version-history":[{"count":9,"href":"https:\/\/crompion.com\/es\/wp-json\/wp\/v2\/pages\/2503\/revisions"}],"predecessor-version":[{"id":3733,"href":"https:\/\/crompion.com\/es\/wp-json\/wp\/v2\/pages\/2503\/revisions\/3733"}],"up":[{"embeddable":true,"href":"https:\/\/crompion.com\/es\/wp-json\/wp\/v2\/pages\/2472"}],"wp:attachment":[{"href":"https:\/\/crompion.com\/es\/wp-json\/wp\/v2\/media?parent=2503"}],"curies":[{"name":"wp","href":"https:\/\/api.w.org\/{rel}","templated":true}]}}