{"id":2500,"date":"2021-05-13T16:20:02","date_gmt":"2021-05-13T16:20:02","guid":{"rendered":"https:\/\/crompion.com\/productos-de-crompion-international\/alambres-y-electrodos-para-revestimiento-duro\/"},"modified":"2023-11-21T20:19:04","modified_gmt":"2023-11-21T20:19:04","slug":"alambres-y-electrodos-para-revestimiento-duro","status":"publish","type":"page","link":"https:\/\/crompion.com\/es\/productos-de-crompion-international\/alambres-y-electrodos-para-revestimiento-duro\/","title":{"rendered":"Alambres y Electrodos para Revestimiento Duro"},"content":{"rendered":"[vc_row][vc_column][vc_empty_space height=\u00bb82px\u00bb][vc_column_text]Las f\u00e1bricas utilizan el revestimiento duro para mejorar las propiedades de la superficie de los equipos industriales mediante la deposici\u00f3n de una aleaci\u00f3n de alto consumo.<\/p>\n<p>En la industria azucarera, las aplicaciones de revestimiento duro incluyen cuchillas para ca\u00f1a, martillos, mazas de molino, calderas y Mesas de Lavado. Este proceso mejora las propiedades de resistencia a la abrasi\u00f3n y al desgaste de los equipos, extendiendo su ciclo de vida.<\/p>\n<p>Crompion International ofrece una amplia gama de materiales de revestimiento duro aplicables a trav\u00e9s de procesos de soldadura manuales, semiautom\u00e1ticos y autom\u00e1ticos.[\/vc_column_text][vc_column_text]<img loading=\"lazy\" class=\"alignright wp-image-1654\" src=\"https:\/\/crompion.com\/wp-content\/uploads\/2020\/06\/Hardfacing.jpg\" alt=\"\" width=\"345\" height=\"345\" \/><strong>Especificaciones<\/strong><\/p>\n<ul>\n<li>\n<p class=\"p1\">Alta dureza del dep\u00f3sito de soldadura (59-63 HRC)<\/p>\n<\/li>\n<\/ul>\n<p><strong>Beneficios<\/strong><\/p>\n<ul>\n<li>\n<p class=\"p1\">Econ\u00f3mica<\/p>\n<\/li>\n<li>\n<p class=\"p1\">Excelente resistencia a la abrasi\u00f3n.<\/p>\n<\/li>\n<li>\n<p class=\"p1\">Buena fuerza al impacto<\/p>\n<\/li>\n<li>\n<p class=\"p1\">Muy buena fuerza de uni\u00f3n<\/p>\n<\/li>\n<\/ul>\n[\/vc_column_text][vc_empty_space][\/vc_column][\/vc_row]\n","protected":false},"excerpt":{"rendered":"<p>[vc_row][vc_column][vc_empty_space height=\u00bb82px\u00bb][vc_column_text]Las f\u00e1bricas utilizan el revestimiento duro para mejorar las propiedades de la superficie de los equipos industriales mediante la deposici\u00f3n de una aleaci\u00f3n de alto consumo. En la industria azucarera, las aplicaciones de revestimiento duro incluyen cuchillas para ca\u00f1a, martillos, mazas de molino, calderas y Mesas de Lavado. Este proceso mejora las propiedades de [&hellip;]<\/p>\n","protected":false},"author":1,"featured_media":0,"parent":2472,"menu_order":0,"comment_status":"closed","ping_status":"closed","template":"","meta":{"_joinchat":[]},"_links":{"self":[{"href":"https:\/\/crompion.com\/es\/wp-json\/wp\/v2\/pages\/2500"}],"collection":[{"href":"https:\/\/crompion.com\/es\/wp-json\/wp\/v2\/pages"}],"about":[{"href":"https:\/\/crompion.com\/es\/wp-json\/wp\/v2\/types\/page"}],"author":[{"embeddable":true,"href":"https:\/\/crompion.com\/es\/wp-json\/wp\/v2\/users\/1"}],"replies":[{"embeddable":true,"href":"https:\/\/crompion.com\/es\/wp-json\/wp\/v2\/comments?post=2500"}],"version-history":[{"count":5,"href":"https:\/\/crompion.com\/es\/wp-json\/wp\/v2\/pages\/2500\/revisions"}],"predecessor-version":[{"id":3743,"href":"https:\/\/crompion.com\/es\/wp-json\/wp\/v2\/pages\/2500\/revisions\/3743"}],"up":[{"embeddable":true,"href":"https:\/\/crompion.com\/es\/wp-json\/wp\/v2\/pages\/2472"}],"wp:attachment":[{"href":"https:\/\/crompion.com\/es\/wp-json\/wp\/v2\/media?parent=2500"}],"curies":[{"name":"wp","href":"https:\/\/api.w.org\/{rel}","templated":true}]}}