{"id":2493,"date":"2020-11-19T16:46:47","date_gmt":"2020-11-19T16:46:47","guid":{"rendered":"https:\/\/crompion.com\/productos-de-crompion-international\/filtros-banda-crompion\/"},"modified":"2023-11-21T20:11:13","modified_gmt":"2023-11-21T20:11:13","slug":"crompion-belt-filters","status":"publish","type":"page","link":"https:\/\/crompion.com\/es\/productos-de-crompion-international\/crompion-belt-filters\/","title":{"rendered":"Filtros Banda Crompion"},"content":{"rendered":"[vc_row css=\u00bb.vc_custom_1648150925351{padding-top: 60px !important;padding-bottom: 60px !important;}\u00bb][vc_column][vc_custom_heading text=\u00bbFiltros Banda Crompion\u00bb font_container=\u00bbtag:h4|text_align:left\u00bb use_theme_fonts=\u00bbyes\u00bb][vc_single_image image=\u00bb3217&#8243; img_size=\u00bblarge\u00bb][vc_column_text]\n<p align=\"justify\">Estos innovadores filtros est\u00e1n dise\u00f1ados para proporcionar un rendimiento de filtraci\u00f3n superior y m\u00e1xima eficiencia para la industria de la ca\u00f1a de az\u00facar.\u00a0En Crompion International, entendemos los desaf\u00edos \u00fanicos de los productores de ca\u00f1a de az\u00facar, desde los altos caudales y concentraciones de s\u00f3lidos\u00a0hasta los entornos operativos hostiles. Es por eso que hemos desarrollado los Filtros de Banda Crompion, una soluci\u00f3n de filtraci\u00f3n de vanguardia construida para durar.<\/p>\n[\/vc_column_text][vc_custom_heading text=\u00bbVentajas\u00bb font_container=\u00bbtag:h4|text_align:left\u00bb use_theme_fonts=\u00bbyes\u00bb][vc_column_text]\n<ul>\n<li>Sistema de Alta eficiencia<\/li>\n<li>Gran calidad, construida para durar<\/li>\n<li>Bajo costo operativo<\/li>\n<li>Bajo requerimiento de mantenimiento<\/li>\n<li>Mayores ahorros de az\u00facar comparado con los filtros rotatorios<\/li>\n<li>Asistencia y soporte en sitio para garantizar la mejor eficiencia operativa<\/li>\n<\/ul>\n[\/vc_column_text][\/vc_column][\/vc_row][vc_row][vc_column width=\u00bb1\/2&#8243;][vc_column_text]\n<p align=\"justify\">Nuestros filtros cuentan con una una banda\u00a0continua autolimpiable que elimina de manera eficiente los s\u00f3lidos del flujo de jugo filtrado.\u00a0Esto garantiza que el jugo est\u00e9 libre de contaminantes e impurezas, mejorando la calidad del producto y reduciendo el tiempo de perdido.<\/p>\n[\/vc_column_text][vc_row_inner][vc_column_inner][vc_column_text]\n<p align=\"justify\">Pero los filtros de banda Crompion ofrecen m\u00e1s que un rendimiento de filtraci\u00f3n excepcional. Tambi\u00e9n son incre\u00edblemente duraderos y resistentes a la corrosi\u00f3n, gracias a nuestro material de acero. Esto garantiza que nuestros filtros seguir\u00e1n rindiendo al m\u00e1ximo, incluso en los entornos de procesamiento de ca\u00f1a de az\u00facar m\u00e1s exigentes.<\/p>\n[\/vc_column_text][\/vc_column_inner][\/vc_row_inner][\/vc_column][vc_column width=\u00bb1\/2&#8243;][vc_custom_heading text=\u00bbNuestro Filtro en Operaci\u00f3n\u00bb font_container=\u00bbtag:h4|text_align:left\u00bb use_theme_fonts=\u00bbyes\u00bb][vc_single_image image=\u00bb3219&#8243; img_size=\u00bbmedium\u00bb][\/vc_column][\/vc_row][vc_row][vc_column][vc_column_text]\n<p align=\"justify\">En Crompion International, estamos comprometidos a brindar productos y servicios de la m\u00e1s alta calidad a nuestros clientes en la industria de la ca\u00f1a de az\u00facar. Es por eso que respaldamos nuestros filtros de banda Crompion con una garant\u00eda integral y un equipo de expertos que siempre est\u00e1 disponible para responder sus preguntas y brindarle asistencia.<\/p>\n[\/vc_column_text][\/vc_column][\/vc_row][vc_row][vc_column][vc_custom_heading text=\u00bbCalidad del Jugo Filtrado con el Filtro Banda Crompion\u00bb font_container=\u00bbtag:h4|text_align:left\u00bb use_theme_fonts=\u00bbyes\u00bb css=\u00bb.vc_custom_1682454602536{margin-bottom: 40px !important;}\u00bb][vc_single_image image=\u00bb2981&#8243; img_size=\u00bbmedium\u00bb][vc_custom_heading text=\u00bbCalidad de Jugo con un Filtro Competidor\u00bb font_container=\u00bbtag:h4|text_align:left\u00bb use_theme_fonts=\u00bbyes\u00bb][vc_single_image image=\u00bb2983&#8243; img_size=\u00bbmedium\u00bb][\/vc_column][\/vc_row][vc_row][vc_column][vc_custom_heading text=\u00bbModelo 3D del Filtro Banda Crompion\u00bb font_container=\u00bbtag:h4|text_align:left\u00bb use_theme_fonts=\u00bbyes\u00bb][vc_single_image image=\u00bb3221&#8243; img_size=\u00bbfull\u00bb][\/vc_column][\/vc_row][vc_row][vc_column][vc_custom_heading text=\u00bbVea nuestro video!\u00bb font_container=\u00bbtag:h4|text_align:left\u00bb use_theme_fonts=\u00bbyes\u00bb][vc_video link=\u00bbhttps:\/\/youtu.be\/0n1T_NoKAgQ\u00bb][\/vc_column][\/vc_row][vc_section][\/vc_section]\n","protected":false},"excerpt":{"rendered":"<p>[vc_row css=\u00bb.vc_custom_1648150925351{padding-top: 60px !important;padding-bottom: 60px !important;}\u00bb][vc_column][vc_custom_heading text=\u00bbFiltros Banda Crompion\u00bb font_container=\u00bbtag:h4|text_align:left\u00bb use_theme_fonts=\u00bbyes\u00bb][vc_single_image image=\u00bb3217&#8243; img_size=\u00bblarge\u00bb][vc_column_text] Estos innovadores filtros est\u00e1n dise\u00f1ados para proporcionar un rendimiento de filtraci\u00f3n superior y m\u00e1xima eficiencia para la industria de la ca\u00f1a de az\u00facar.\u00a0En Crompion International, entendemos los desaf\u00edos \u00fanicos de los productores de ca\u00f1a de az\u00facar, desde los altos caudales y concentraciones [&hellip;]<\/p>\n","protected":false},"author":1,"featured_media":0,"parent":2472,"menu_order":0,"comment_status":"closed","ping_status":"closed","template":"","meta":{"_joinchat":[]},"_links":{"self":[{"href":"https:\/\/crompion.com\/es\/wp-json\/wp\/v2\/pages\/2493"}],"collection":[{"href":"https:\/\/crompion.com\/es\/wp-json\/wp\/v2\/pages"}],"about":[{"href":"https:\/\/crompion.com\/es\/wp-json\/wp\/v2\/types\/page"}],"author":[{"embeddable":true,"href":"https:\/\/crompion.com\/es\/wp-json\/wp\/v2\/users\/1"}],"replies":[{"embeddable":true,"href":"https:\/\/crompion.com\/es\/wp-json\/wp\/v2\/comments?post=2493"}],"version-history":[{"count":10,"href":"https:\/\/crompion.com\/es\/wp-json\/wp\/v2\/pages\/2493\/revisions"}],"predecessor-version":[{"id":3732,"href":"https:\/\/crompion.com\/es\/wp-json\/wp\/v2\/pages\/2493\/revisions\/3732"}],"up":[{"embeddable":true,"href":"https:\/\/crompion.com\/es\/wp-json\/wp\/v2\/pages\/2472"}],"wp:attachment":[{"href":"https:\/\/crompion.com\/es\/wp-json\/wp\/v2\/media?parent=2493"}],"curies":[{"name":"wp","href":"https:\/\/api.w.org\/{rel}","templated":true}]}}