{"id":2487,"date":"2021-05-07T19:46:48","date_gmt":"2021-05-07T19:46:48","guid":{"rendered":"https:\/\/crompion.com\/productos-de-crompion-international\/cuchillos-de-cana-y-trituradora\/"},"modified":"2023-11-21T20:12:29","modified_gmt":"2023-11-21T20:12:29","slug":"cuchillos-de-cana-y-trituradora","status":"publish","type":"page","link":"https:\/\/crompion.com\/es\/productos-de-crompion-international\/cuchillos-de-cana-y-trituradora\/","title":{"rendered":"Cuchillos de Ca\u00f1a y Trituradora"},"content":{"rendered":"[vc_row][vc_column][vc_empty_space height=\u00bb82px\u00bb][vc_custom_heading text=\u00bbBases de Cuchillo de Ca\u00f1a\u00bb font_container=\u00bbtag:h4|text_align:left\u00bb use_theme_fonts=\u00bbyes\u00bb css=\u00bb.vc_custom_1593534308056{margin-bottom: 40px !important;}\u00bb][vc_column_text]Las cuchillas de ca\u00f1a se utilizan en el proceso de fabricaci\u00f3n para preparar la ca\u00f1a de az\u00facar para el proceso de molienda.<\/p>\n<p>En Crompion International, fabricamos nuestras cuchillas de ca\u00f1a con acero de alta resistencia capaz de manejar altos niveles de cargas c\u00edclicas, mitigando modos de falla como fractura y deformaci\u00f3n durante la operaci\u00f3n.<\/p>\n[\/vc_column_text][vc_column_text]\n<h4><img loading=\"lazy\" class=\"size-medium wp-image-1159 alignright\" src=\"https:\/\/crompion.com\/wp-content\/uploads\/2020\/05\/cane-knife-tips-sm-300x268.jpg\" alt=\"\" width=\"300\" height=\"268\" srcset=\"https:\/\/crompion.com\/wp-content\/uploads\/2020\/05\/cane-knife-tips-sm-300x268.jpg 300w, https:\/\/crompion.com\/wp-content\/uploads\/2020\/05\/cane-knife-tips-sm.jpg 482w\" sizes=\"(max-width: 300px) 100vw, 300px\" \/>Bases de Cuchilla de Ca\u00f1a<\/h4>\n<p><strong>Especificaciones<\/strong><\/p>\n<ul>\n<li>Acero de alta resistencia<\/li>\n<li>Corte con Inserto<\/li>\n<li>Agujero en el eje<\/li>\n<\/ul>\n<p><strong>Beneficios<\/strong><\/p>\n<ul>\n<li>Econ\u00f3mico<\/li>\n<li>Rendimiento Consistente<\/li>\n<li>Ciclo de Vida Prolongado<\/li>\n<li>Opci\u00f3n de Dise\u00f1o Personalizado Disponible<\/li>\n<\/ul>\n[\/vc_column_text][vc_empty_space][vc_custom_heading text=\u00bbPuntas de Cuchillo de Ca\u00f1a (Exclusivo de CromWear)\u00bb font_container=\u00bbtag:h4|text_align:left\u00bb use_theme_fonts=\u00bbyes\u00bb css=\u00bb.vc_custom_1593534463752{margin-bottom: 40px !important;}\u00bb][vc_column_text]Las f\u00e1bricas utilizan las puntas como accesorios a las bases de las cuchillas de ca\u00f1a para extender su ciclo de vida. Las puntas se fijan a las bases mediante soldadura para evitar cualquier separaci\u00f3n durante el funcionamiento del equipo.<\/p>\n<p>Fabricamos nuestras puntas de cuchillas de ca\u00f1a de un compuesto bimet\u00e1lico que proporciona una excelente resistencia a la abrasi\u00f3n y al impacto. El material compuesto consiste en una fundici\u00f3n de hierro con alto contenido de cromo, adherida a una placa de respaldo de acero dulce. La porci\u00f3n con alto contenido de cromo resiste una alta abrasi\u00f3n y un alto impacto, mientras que la placa de respaldo de acero dulce permite una soldadura suave a la base.[\/vc_column_text][vc_column_text]<strong>Especificaciones<\/strong><\/p>\n<ul>\n<li>Dureza 63 HRC +<\/li>\n<li>Dureza de Alto Impacto<\/li>\n<\/ul>\n<p><strong>Beneficios<\/strong><\/p>\n<ul>\n<li>Econ\u00f3mico<\/li>\n<li>Excelente Resistencia a la Abrasi\u00f3n<\/li>\n<li>Mejor Fuerza de Uni\u00f3n<\/li>\n<\/ul>\n[\/vc_column_text][vc_empty_space][vc_custom_heading text=\u00bbSistema de Cuchillos de Ca\u00f1a InsertekTM (Exclusivo)\u00bb font_container=\u00bbtag:h4|text_align:left\u00bb use_theme_fonts=\u00bbyes\u00bb css=\u00bb.vc_custom_1588811728424{margin-bottom: 40px !important;}\u00bb][vc_column_text]<strong>Especificaciones<\/strong><\/p>\n<ul>\n<li>Punta Reversible Insertable<\/li>\n<li>Base Reutilizable<\/li>\n<li>Resistencia al Desgaste Mejorada<\/li>\n<li>55-60 HRC<\/li>\n<\/ul>\n<p><strong>Beneficios<\/strong><\/p>\n<ul>\n<li>No se Necesita Soldadura<\/li>\n<li>Uso \u00d3ptimo de la Punta<\/li>\n<\/ul>\n[\/vc_column_text][vc_custom_heading text=\u00bbBase para Martillos de Desfibradoras\u00bb font_container=\u00bbtag:h4|text_align:left\u00bb use_theme_fonts=\u00bbyes\u00bb css=\u00bb.vc_custom_1593535145875{margin-bottom: 40px !important;}\u00bb][vc_column_text]Las bases de los martillos de la desfibradora se utilizan en el proceso de preparaci\u00f3n de la ca\u00f1a de az\u00facar.<\/p>\n<p>Fabricamos nuestras bases de martillos con acero de alta resistencia capaz de manejar altos niveles de cargas c\u00edclicas, mitigando modos de falla como fractura durante la operaci\u00f3n.[\/vc_column_text][vc_column_text]\n<h4><img loading=\"lazy\" class=\"alignright wp-image-1640 size-full\" src=\"https:\/\/crompion.com\/wp-content\/uploads\/2020\/06\/Shredder-Hammers-Base.png\" alt=\"\" width=\"465\" height=\"255\" srcset=\"https:\/\/crompion.com\/wp-content\/uploads\/2020\/06\/Shredder-Hammers-Base.png 465w, https:\/\/crompion.com\/wp-content\/uploads\/2020\/06\/Shredder-Hammers-Base-300x165.png 300w\" sizes=\"(max-width: 465px) 100vw, 465px\" \/>Bases para Cuchillas de Ca\u00f1a<\/h4>\n<p><strong>Especificaciones<\/strong><\/p>\n<ul>\n<li>Acero de Alta Resistencia<\/li>\n<li>Barreno en el Eje<\/li>\n<li>Opci\u00f3n con Buje Disponible<\/li>\n<li>Corte con Insertos<\/li>\n<\/ul>\n<p><strong>Beneficios<\/strong><\/p>\n<ul>\n<li>\n<p class=\"p1\">Econ\u00f3mica<\/p>\n<\/li>\n<li>\n<p class=\"p1\">Desempe\u00f1o Consistente<\/p>\n<\/li>\n<li>\n<p class=\"p1\">Ciclo de Vida Amplio<\/p>\n<\/li>\n<li>\n<p class=\"p1\">Dise\u00f1o Personalizado Disponible<\/p>\n<\/li>\n<\/ul>\n[\/vc_column_text][vc_empty_space][vc_custom_heading text=\u00bbPuntas para Martillos\u00bb font_container=\u00bbtag:h4|text_align:left\u00bb use_theme_fonts=\u00bbyes\u00bb css=\u00bb.vc_custom_1593536475456{margin-bottom: 40px !important;}\u00bb][vc_column_text]Las f\u00e1bricas utilizan las puntas de los martillos como accesorios a las bases de los cuchillas de ca\u00f1a para extender su ciclo de vida. Las puntas se fijan a las bases mediante pernos para evitar cualquier separaci\u00f3n durante el funcionamiento del equipo.<\/p>\n<p>Fabricamos las puntas de nuestros martillos de un compuesto bimet\u00e1lico que proporciona una excelente resistencia a la abrasi\u00f3n y al impacto. El material compuesto consiste en una fundici\u00f3n de hierro con alto contenido de cromo, adherida a una placa de respaldo de acero dulce. La porci\u00f3n con alto contenido de cromo resiste alta abrasi\u00f3n y alto impacto, mientras que la placa de respaldo de acero dulce est\u00e1 roscada para ayudar a atornillar el perno.[\/vc_column_text][vc_column_text]\n<h4><img loading=\"lazy\" class=\"wp-image-1646 size-full alignright\" src=\"https:\/\/crompion.com\/wp-content\/uploads\/2020\/06\/Hammer-Tip.jpg\" alt=\"\" width=\"267\" height=\"181\" \/><\/h4>\n<p class=\"p1\"><strong>Punta de Martillo <\/strong><strong>(Exclusivo CromWear)<\/strong><\/p>\n<p><strong>Especificaciones<\/strong><\/p>\n<ul>\n<li>\n<p class=\"p1\">Dureza 63 HRC +<\/p>\n<\/li>\n<li>\n<p class=\"p1\">Alta Resistencia al Impacto<\/p>\n<\/li>\n<\/ul>\n<p><strong>Beneficios<\/strong><\/p>\n<ul>\n<li>\n<p class=\"p1\">Econ\u00f3mica<\/p>\n<\/li>\n<li>\n<p class=\"p1\">Excelente Resistencia a la Abrasi\u00f3n<\/p>\n<\/li>\n<li>\n<p class=\"p1\">Mejor fuerza de uni\u00f3n<\/p>\n<\/li>\n<\/ul>\n[\/vc_column_text][vc_empty_space][\/vc_column][\/vc_row]\n","protected":false},"excerpt":{"rendered":"<p>[vc_row][vc_column][vc_empty_space height=\u00bb82px\u00bb][vc_custom_heading text=\u00bbBases de Cuchillo de Ca\u00f1a\u00bb font_container=\u00bbtag:h4|text_align:left\u00bb use_theme_fonts=\u00bbyes\u00bb css=\u00bb.vc_custom_1593534308056{margin-bottom: 40px !important;}\u00bb][vc_column_text]Las cuchillas de ca\u00f1a se utilizan en el proceso de fabricaci\u00f3n para preparar la ca\u00f1a de az\u00facar para el proceso de molienda. En Crompion International, fabricamos nuestras cuchillas de ca\u00f1a con acero de alta resistencia capaz de manejar altos niveles de cargas c\u00edclicas, mitigando [&hellip;]<\/p>\n","protected":false},"author":1,"featured_media":0,"parent":2472,"menu_order":0,"comment_status":"closed","ping_status":"closed","template":"","meta":{"_joinchat":[]},"_links":{"self":[{"href":"https:\/\/crompion.com\/es\/wp-json\/wp\/v2\/pages\/2487"}],"collection":[{"href":"https:\/\/crompion.com\/es\/wp-json\/wp\/v2\/pages"}],"about":[{"href":"https:\/\/crompion.com\/es\/wp-json\/wp\/v2\/types\/page"}],"author":[{"embeddable":true,"href":"https:\/\/crompion.com\/es\/wp-json\/wp\/v2\/users\/1"}],"replies":[{"embeddable":true,"href":"https:\/\/crompion.com\/es\/wp-json\/wp\/v2\/comments?post=2487"}],"version-history":[{"count":8,"href":"https:\/\/crompion.com\/es\/wp-json\/wp\/v2\/pages\/2487\/revisions"}],"predecessor-version":[{"id":3734,"href":"https:\/\/crompion.com\/es\/wp-json\/wp\/v2\/pages\/2487\/revisions\/3734"}],"up":[{"embeddable":true,"href":"https:\/\/crompion.com\/es\/wp-json\/wp\/v2\/pages\/2472"}],"wp:attachment":[{"href":"https:\/\/crompion.com\/es\/wp-json\/wp\/v2\/media?parent=2487"}],"curies":[{"name":"wp","href":"https:\/\/api.w.org\/{rel}","templated":true}]}}