{"id":2478,"date":"2021-04-26T21:44:26","date_gmt":"2021-04-26T21:44:26","guid":{"rendered":"https:\/\/crompion.com\/productos-de-crompion-international\/bujes\/"},"modified":"2023-11-21T20:14:22","modified_gmt":"2023-11-21T20:14:22","slug":"bujes","status":"publish","type":"page","link":"https:\/\/crompion.com\/es\/productos-de-crompion-international\/bujes\/","title":{"rendered":"Bujes"},"content":{"rendered":"[vc_row][vc_column][vc_empty_space height=\u00bb82px\u00bb][vc_column_text]<img loading=\"lazy\" class=\"size-medium wp-image-1169 alignright\" src=\"https:\/\/crompion.com\/wp-content\/uploads\/2020\/05\/bushing_product-300x268.jpg\" alt=\"\" width=\"300\" height=\"268\" srcset=\"https:\/\/crompion.com\/wp-content\/uploads\/2020\/05\/bushing_product-300x268.jpg 300w, https:\/\/crompion.com\/wp-content\/uploads\/2020\/05\/bushing_product.jpg 482w\" sizes=\"(max-width: 300px) 100vw, 300px\" \/>Caracter\u00edsticas de los Bujes Crompion:<\/p>\n<ul>\n<li>Resistencia a la abrasi\u00f3n superior<\/li>\n<li>Resistencia a la corrosi\u00f3n mejorada<\/li>\n<li>Materiales y tama\u00f1os personalizables<\/li>\n<\/ul>\n[\/vc_column_text][vc_empty_space][\/vc_column][\/vc_row]\n","protected":false},"excerpt":{"rendered":"<p>[vc_row][vc_column][vc_empty_space height=\u00bb82px\u00bb][vc_column_text]Caracter\u00edsticas de los Bujes Crompion: Resistencia a la abrasi\u00f3n superior Resistencia a la corrosi\u00f3n mejorada Materiales y tama\u00f1os personalizables [\/vc_column_text][vc_empty_space][\/vc_column][\/vc_row]<\/p>\n","protected":false},"author":1,"featured_media":0,"parent":2472,"menu_order":0,"comment_status":"closed","ping_status":"closed","template":"","meta":{"_joinchat":[]},"_links":{"self":[{"href":"https:\/\/crompion.com\/es\/wp-json\/wp\/v2\/pages\/2478"}],"collection":[{"href":"https:\/\/crompion.com\/es\/wp-json\/wp\/v2\/pages"}],"about":[{"href":"https:\/\/crompion.com\/es\/wp-json\/wp\/v2\/types\/page"}],"author":[{"embeddable":true,"href":"https:\/\/crompion.com\/es\/wp-json\/wp\/v2\/users\/1"}],"replies":[{"embeddable":true,"href":"https:\/\/crompion.com\/es\/wp-json\/wp\/v2\/comments?post=2478"}],"version-history":[{"count":5,"href":"https:\/\/crompion.com\/es\/wp-json\/wp\/v2\/pages\/2478\/revisions"}],"predecessor-version":[{"id":3737,"href":"https:\/\/crompion.com\/es\/wp-json\/wp\/v2\/pages\/2478\/revisions\/3737"}],"up":[{"embeddable":true,"href":"https:\/\/crompion.com\/es\/wp-json\/wp\/v2\/pages\/2472"}],"wp:attachment":[{"href":"https:\/\/crompion.com\/es\/wp-json\/wp\/v2\/media?parent=2478"}],"curies":[{"name":"wp","href":"https:\/\/api.w.org\/{rel}","templated":true}]}}