{"id":2475,"date":"2021-04-26T21:08:02","date_gmt":"2021-04-26T21:08:02","guid":{"rendered":"https:\/\/crompion.com\/productos-de-crompion-international\/placas-de-desgaste-ar\/"},"modified":"2023-11-21T20:17:28","modified_gmt":"2023-11-21T20:17:28","slug":"placas-de-desgaste-ar","status":"publish","type":"page","link":"https:\/\/crompion.com\/es\/productos-de-crompion-international\/placas-de-desgaste-ar\/","title":{"rendered":"Placas de Desgaste AR"},"content":{"rendered":"[vc_row][vc_column][vc_empty_space height=\u00bb82px\u00bb][vc_column_text]Las placas AR (resistentes a la abrasi\u00f3n) pertenecen a la categor\u00eda de aleaciones con alto contenido de carbono y proporcionan propiedades de alta dureza y tenacidad en comparaci\u00f3n con el acero al carbono normal.<\/p>\n<p>Las placas Crompion Quench y Tempered Through-Hardened brindan una excelente protecci\u00f3n en \u00e1reas donde la abrasi\u00f3n es una preocupaci\u00f3n mientras mantienen una buena conformabilidad.<\/p>\n<p>Las placas Crompion AR vienen en 3 configuraciones, AR400, AR450 y AR500, donde el n\u00famero especifica el n\u00famero de dureza Brinell (BHN).<\/p>\n<p>Adem\u00e1s, Crompion puede fabricar piezas personalizadas utilizando placas AR para aplicaciones seleccionadas.[\/vc_column_text][vc_column_text]<img loading=\"lazy\" class=\"wp-image-1668 size-medium alignright\" src=\"https:\/\/crompion.com\/wp-content\/uploads\/2020\/06\/AR-500-Flat-Bar-300x165.png\" alt=\"\" width=\"300\" height=\"165\" srcset=\"https:\/\/crompion.com\/wp-content\/uploads\/2020\/06\/AR-500-Flat-Bar-300x165.png 300w, https:\/\/crompion.com\/wp-content\/uploads\/2020\/06\/AR-500-Flat-Bar.png 465w\" sizes=\"(max-width: 300px) 100vw, 300px\" \/><strong>Especificaciones<\/strong><\/p>\n<ul>\n<li>\n<p class=\"p1\">Alta Dureza\u00a0 \u00a0 \u00a0(50-55HRC)<\/p>\n<\/li>\n<li>\n<p class=\"p1\">Resistencia a la Abrasi\u00f3n<\/p>\n<\/li>\n<\/ul>\n<p><strong>Beneficios<\/strong><\/p>\n<ul>\n<li>\n<p class=\"p1\">Efectiva en Costos<\/p>\n<\/li>\n<li>\n<p class=\"p1\">Alta Resistencia al Desgaste<\/p>\n<\/li>\n<li>\n<p class=\"p1\">Tama\u00f1os y Espesores Personalizables<\/p>\n<\/li>\n<\/ul>\n[\/vc_column_text][vc_empty_space][\/vc_column][\/vc_row]\n","protected":false},"excerpt":{"rendered":"<p>[vc_row][vc_column][vc_empty_space height=\u00bb82px\u00bb][vc_column_text]Las placas AR (resistentes a la abrasi\u00f3n) pertenecen a la categor\u00eda de aleaciones con alto contenido de carbono y proporcionan propiedades de alta dureza y tenacidad en comparaci\u00f3n con el acero al carbono normal. Las placas Crompion Quench y Tempered Through-Hardened brindan una excelente protecci\u00f3n en \u00e1reas donde la abrasi\u00f3n es una preocupaci\u00f3n mientras [&hellip;]<\/p>\n","protected":false},"author":1,"featured_media":0,"parent":2472,"menu_order":0,"comment_status":"closed","ping_status":"closed","template":"","meta":{"_joinchat":[]},"_links":{"self":[{"href":"https:\/\/crompion.com\/es\/wp-json\/wp\/v2\/pages\/2475"}],"collection":[{"href":"https:\/\/crompion.com\/es\/wp-json\/wp\/v2\/pages"}],"about":[{"href":"https:\/\/crompion.com\/es\/wp-json\/wp\/v2\/types\/page"}],"author":[{"embeddable":true,"href":"https:\/\/crompion.com\/es\/wp-json\/wp\/v2\/users\/1"}],"replies":[{"embeddable":true,"href":"https:\/\/crompion.com\/es\/wp-json\/wp\/v2\/comments?post=2475"}],"version-history":[{"count":5,"href":"https:\/\/crompion.com\/es\/wp-json\/wp\/v2\/pages\/2475\/revisions"}],"predecessor-version":[{"id":3741,"href":"https:\/\/crompion.com\/es\/wp-json\/wp\/v2\/pages\/2475\/revisions\/3741"}],"up":[{"embeddable":true,"href":"https:\/\/crompion.com\/es\/wp-json\/wp\/v2\/pages\/2472"}],"wp:attachment":[{"href":"https:\/\/crompion.com\/es\/wp-json\/wp\/v2\/media?parent=2475"}],"curies":[{"name":"wp","href":"https:\/\/api.w.org\/{rel}","templated":true}]}}