{"id":2455,"date":"2021-03-17T20:51:17","date_gmt":"2021-03-17T20:51:17","guid":{"rendered":"https:\/\/crompion.com\/acerca-de-crompion-international\/"},"modified":"2021-07-28T22:53:59","modified_gmt":"2021-07-28T22:53:59","slug":"acerca-de-crompion-international","status":"publish","type":"page","link":"https:\/\/crompion.com\/es\/acerca-de-crompion-international\/","title":{"rendered":"Acerca de Crompion International"},"content":{"rendered":"[vc_row css=\u00bb.vc_custom_1541576403059{padding-top: 100px !important;padding-bottom: 100px !important;}\u00bb][vc_column offset=\u00bbvc_col-md-6&#8243;][vc_empty_space][vc_custom_heading text=\u00bb\u00abEn Crompion International, desempe\u00f1amos un papel clave en el desarrollo de los productos de nuestros clientes\u00ab.\u00bb font_container=\u00bbtag:p|font_size:48px|text_align:left|color:%230a0f2b|line_height:48px\u00bb google_fonts=\u00bbfont_family:Roboto%3A100%2C100italic%2C300%2C300italic%2Cregular%2Citalic%2C500%2C500italic%2C700%2C700italic%2C900%2C900italic|font_style:300%20light%20regular%3A300%3Anormal\u00bb css=\u00bb.vc_custom_1627511488679{margin-bottom: 50px !important;}\u00bb][\/vc_column][vc_column offset=\u00bbvc_col-md-6&#8243;][vc_row_inner][vc_column_inner][vc_separator][vc_column_text]Somos ingenieros metal\u00fargicos, ingenieros mec\u00e1nicos y especialistas que trabajamos para brindar soluciones a las industrias de transporte, manejo de materiales, miner\u00eda, agroindustria y procesos.<\/p>\n<p>Estamos ubicados en Louisiana, operamos a nivel mundial, y brindamos servicios de consultor\u00eda de aceros especiales, ingenier\u00eda y productos industriales a una amplia gama de industrias. A trav\u00e9s de tecnolog\u00edas patentadas y especialistas propios, nos hemos establecido como una fuerza innovadora que ayuda a evolucionar los sectores a los que servimos.[\/vc_column_text][vc_separator][\/vc_column_inner][\/vc_row_inner][\/vc_column][\/vc_row][vc_row gap=\u00bb35&#8243; equal_height=\u00bbyes\u00bb css=\u00bb.vc_custom_1588886827206{padding-top: 100px !important;padding-bottom: 80px !important;background: #efefef url(https:\/\/crompion.com\/wp-content\/uploads\/2020\/05\/footer-bkg2.jpg?id=1231) !important;background-position: center !important;background-repeat: no-repeat !important;background-size: cover !important;}\u00bb][vc_column width=\u00bb1\/2&#8243;]\n    <div class=\"icon-box  \">\n        <i class=\"flaticon-result\"><\/i>                <div class=\"content-box\">\n            <h5>Nuestra Misi\u00f3n<\/h5>\n            <p>Desarrollar y proporcionar aceros inoxidables especiales y productos industriales especiales que mejoren el desempe\u00f1o de nuestros clientes globales.<\/p>\n                    <\/div>\n    <\/div>\n\n    \n    <div class=\"icon-box  \">\n        <i class=\"flaticon-rocket-ship\"><\/i>                <div class=\"content-box\">\n            <h5>Nuestra Promesa<\/h5>\n            <p>Crompion International ayuda a los clientes a identificar c\u00f3mo el acero inoxidable especializado y sus productos industriales pueden mejorar la confiabilidad, eficiencia y rentabilidad de las operaciones. Prometemos brindarles a nuestros clientes soluciones t\u00e9cnicas, experiencia y lo mejor en servicio y soporte para ayudar a hacer crecer su negocio.<\/p>\n                    <\/div>\n    <\/div>\n\n    [\/vc_column][vc_column width=\u00bb1\/2&#8243;]\n    <div class=\"icon-box  \">\n        <i class=\"flaticon-jigsaw\"><\/i>                <div class=\"content-box\">\n            <h5>Nuestra Visi\u00f3n<\/h5>\n            <p>\u00abSer un l\u00edder progresivo de tecnolog\u00edas y materiales de vanguardia para promover las industrias y comunidades globales a las que servimos.\u00bb<\/p>\n                    <\/div>\n    <\/div>\n\n    \n    <div class=\"icon-box  \">\n        <i class=\"flaticon-gears-1\"><\/i>                <div class=\"content-box\">\n            <h5>Nuestra Cultura<\/h5>\n            <p>Los l\u00edderes de Crompion International han creado una cultura interna \u00fanica. estamos en nuestro mejor momento cuando nos enfrentamos al desaf\u00edo de desarrollar soluciones personalizadas para nuestros clientes. Nuestro pensamiento innovador, liderazgo en I + D y pasi\u00f3n por el \u00e9xito del cliente nos distinguen de nuestros competidores. Crompion International trabaja con sus clientes para encontrar la combinaci\u00f3n m\u00e1s eficaz de productos y servicios para satisfacer sus necesidades operativas y lograr sus objetivos estrat\u00e9gicos.<\/p>\n                    <\/div>\n    <\/div>\n\n    [\/vc_column][\/vc_row][vc_row css=\u00bb.vc_custom_1542017343532{padding-top: 100px !important;padding-bottom: 80px !important;background-color: #f7f7f7 !important;}\u00bb][vc_column width=\u00bb1\/3&#8243;][vc_custom_heading text=\u00bbNuestros valores\u00bb font_container=\u00bbtag:h3|text_align:left\u00bb use_theme_fonts=\u00bbyes\u00bb css=\u00bb.vc_custom_1588885405452{margin-top: 10px !important;margin-bottom: 0px !important;}\u00bb][vc_empty_space][vc_separator][vc_column_text]Crompion International atrae, desarrolla y retiene a un equipo de calidad para nuestro negocio, desafiando a nuestro personal, demostrando una actitud de \u201cpuedo hacerlo\u201d y fomentando un entorno de colaboraci\u00f3n y apoyo mutuo. Promovemos el desarrollo de una cultura interna comprometida con brindar a los clientes una plataforma con soluciones innovadoras.[\/vc_column_text][vc_separator][\/vc_column][vc_column width=\u00bb2\/3&#8243;][vc_row_inner gap=\u00bb30&#8243;][vc_column_inner width=\u00bb1\/2&#8243;][vc_column_text]<strong>Creaci\u00f3n de Valor para el Cliente<\/strong><\/p>\n<p>Crompion International apoya a los clientes para que logren un alto rendimiento siendo receptivos, relevantes y entregando un alto valor de manera constante.[\/vc_column_text][\/vc_column_inner][vc_column_inner width=\u00bb1\/2&#8243;][vc_column_text]<strong>Red Global \u00danica<\/strong><\/p>\n<p>Crompion International se compromete a aprovechar el poder del conocimiento global, las relaciones, la colaboraci\u00f3n y el aprendizaje para brindar un servicio excepcional a los clientes y construir su ventaja comparativa donde quiera que hagan negocios.[\/vc_column_text][\/vc_column_inner][\/vc_row_inner][vc_row_inner gap=\u00bb35&#8243;][vc_column_inner width=\u00bb1\/2&#8243;][vc_column_text]<strong>Integridad<\/strong><\/p>\n<p>Crompion International est\u00e1 comprometido con la honestidad y la \u00e9tica. Inspiramos confianza diciendo lo que queremos decir, haciendo coincidir nuestros comportamientos con nuestras palabras y asumiendo la responsabilidad de nuestras acciones.[\/vc_column_text][\/vc_column_inner][vc_column_inner width=\u00bb1\/2&#8243;][vc_column_text]<strong>Confiabilidad<\/strong><\/p>\n<p>La promesa de Crompion International es ofrecer un nivel de calidad superior a nuestros clientes. Nuestros clientes pueden estar seguros de que les entregaremos los mejores productos, servicios y soluciones para optimizar su negocio.[\/vc_column_text][\/vc_column_inner][\/vc_row_inner][\/vc_column][\/vc_row][vc_row gap=\u00bb35&#8243; equal_height=\u00bbyes\u00bb css=\u00bb.vc_custom_1588886827206{padding-top: 100px !important;padding-bottom: 80px !important;background: #efefef url(https:\/\/crompion.com\/wp-content\/uploads\/2020\/05\/footer-bkg2.jpg?id=1231) !important;background-position: center !important;background-repeat: no-repeat !important;background-size: cover !important;}\u00bb][vc_column width=\u00bb1\/2&#8243;][vc_custom_heading text=\u00bbNuestra historia\u00bb font_container=\u00bbtag:h1|text_align:left|color:%23ffffff\u00bb use_theme_fonts=\u00bbyes\u00bb][vc_custom_heading text=\u00bbCrompion International comenz\u00f3 en el a\u00f1o 2000 como American Utility Metals, un distribuidor de un solo grado de acero inoxidable especial.\u00bb font_container=\u00bbtag:h3|text_align:left|color:%23ff823a\u00bb use_theme_fonts=\u00bbyes\u00bb][\/vc_column][vc_column width=\u00bb1\/2&#8243;][vc_column_text]<span style=\"color: #ffffff;\">El Sr. Schaffer comenz\u00f3 suministrando acero inoxidable especial para la industria azucarera. Este producto, por sus propiedades inherentes de resistencia estructural, permiti\u00f3 que la compa\u00f1\u00eda creciera hasta suministrar el material para autobuses y otras industrias relacionadas con el transporte. En 2012, la compa\u00f1\u00eda inici\u00f3 una gran transformaci\u00f3n para apoyar a sus clientes con una variedad m\u00e1s amplia de productos y servicios premium dise\u00f1ados para satisfacer las necesidades de nuestros clientes.<\/span><\/p>\n<p><span style=\"color: #ffffff;\">Respaldamos nuestros productos de alta calidad con una experiencia y un conocimiento internos insuperables. Desde nuestros ingenieros t\u00e9cnicos y especialistas de la industria que trabajan individualmente con los clientes para desarrollar soluciones adaptadas a aplicaciones espec\u00edficas, hasta nuestro equipo de servicio y ventas, tenemos los recursos para garantizar la entrega de bienes y servicios de clase mundial.<\/span><\/p>\n<p><span style=\"color: #ffffff;\">Nos comprometemos a garantizar que el inventario est\u00e9 en stock, que los servicios se realicen seg\u00fan las especificaciones exactas y que los pedidos lleguen a tiempo. Los procesos s\u00f3lidos y eficaces de Crompion nos permiten cumplir nuestras promesas y satisfacer constantemente a nuestros clientes.<\/span>[\/vc_column_text][\/vc_column][\/vc_row][vc_row gap=\u00bb35&#8243; equal_height=\u00bbyes\u00bb css=\u00bb.vc_custom_1588886827206{padding-top: 100px !important;padding-bottom: 80px !important;background: #efefef url(https:\/\/crompion.com\/wp-content\/uploads\/2020\/05\/footer-bkg2.jpg?id=1231) !important;background-position: center !important;background-repeat: no-repeat !important;background-size: cover !important;}\u00bb][vc_column][vc_tta_accordion style=\u00bbmodern\u00bb shape=\u00bbsquare\u00bb active_section=\u00bb1&#8243;][vc_tta_section title=\u00bbGeorge M. Schaffer &#8211; Presidente\u00bb tab_id=\u00bb1599067004831-5ed7d3fb-f572&#8243;][vc_column_text]Graduado de LSU, el Sr. Schaffer comenz\u00f3 a desarrollar su experiencia desde el principio, trabajando con su padre y adquiriendo conocimientos y habilidades en las industrias del az\u00facar, la fabricaci\u00f3n de acero y la ingenier\u00eda. Posteriormente trabaj\u00f3 en proyectos de agricultura, financiamiento, consultor\u00eda agroindustrial, ingenier\u00eda y apoyo a la gesti\u00f3n de proyectos en pa\u00edses de todo el mundo. En 1997, entr\u00f3 en el negocio por su cuenta en ingenier\u00eda, agricultura y ventas de acero inoxidable especial. En 2000, fund\u00f3 una sociedad para iniciar American Utility Metals. La empresa se convirti\u00f3 en uno de los l\u00edderes mundiales en soluciones de acero inoxidable especial y pas\u00f3 a llamarse Crompion International en 2012 para cubrir una serie de esfuerzos de diversificaci\u00f3n. Como presidente de Crompion International, el Sr. Schaffer participa en los esfuerzos financieros, operativos y de marketing de la empresa, as\u00ed como en las ventas para las industrias azucareras de Estados Unidos, Am\u00e9rica Latina y el Caribe. El Sr. Schaffer habla espa\u00f1ol con fluidez y mantiene intereses agr\u00edcolas y azucareros en los EE. UU. y en el extranjero. El Sr. Schaffer es miembro del World Trade Center, Sociedad Estadounidense de Tecn\u00f3logos de la Ca\u00f1a de Az\u00facar, y participa activamente en la comunidad de Baton Rouge, habiendo sido miembro de la junta de varias organizaciones comunitarias. El Sr. Schaffer est\u00e1 casado y es padre de dos hijos.[\/vc_column_text][\/vc_tta_section][vc_tta_section title=\u00bbBIO AMPLIADA \/ George M. Schaffer\u00bb tab_id=\u00bb1599067004856-f39ae322-f573&#8243;][vc_column_text]George Schaffer creci\u00f3 rodeado de l\u00edderes empresariales, mientras disfrutaba de la experiencia agr\u00edcola y comercial de su familia. Su abuelo trabaj\u00f3 duro y eventualmente se convirti\u00f3 en propietario de m\u00faltiples negocios, incluida una operaci\u00f3n de comercio de oro, tiendas de productos secos, hoteles y m\u00e1s, as\u00ed como alcalde de la ciudad durante casi 20 a\u00f1os. Uno de los t\u00edos de Mr. Schaffer fue vicepresidente de Honduras y es propietario de una exitosa empresa de ingenier\u00eda y construcci\u00f3n. Sus lecciones m\u00e1s valiosas vinieron tanto de su abuelo como de su padre, un coronel de la fuerza a\u00e9rea condecorado e ingeniero y empresario multinacional. De hecho, el padre de Mr. Schaffer se propuso exponer a su hijo, incluso a una edad temprana, a todos los aspectos de sus negocios, desde el dise\u00f1o y la gesti\u00f3n de proyectos de las f\u00e1bricas de az\u00facar hasta su negocio de fabricaci\u00f3n de acero (SS&amp;S Fabricators).\u00a0 Reconocido en la industria azucarera y sectores comerciales relacionados con la agricultura, el padre de George, el coronel Francis C. Schaffer era conocido por su trabajo con el Audubon Sugar Institute, donde trabaj\u00f3 junto a profesores de LSU, desarroll\u00f3 patentes innovadoras y lanz\u00f3 una exitosa empresa de transferencia de tecnolog\u00eda.<\/p>\n<p>Una de las exposiciones m\u00e1s importantes que sent\u00f3 las bases para las futuras habilidades comerciales de George fue el desarrollo de <a href=\"http:\/\/www.kenanasugarcompany.com\/\">Kenana Sugar<\/a> una de las f\u00e1bricas de az\u00facar integradas m\u00e1s grandes del mundo. George viv\u00eda con su familia en esa hacienda azucarera de 95.000 acres en el desierto de Sud\u00e1n, donde su padre era ingeniero de dise\u00f1o y gesti\u00f3n de proyectos. George observ\u00f3 el desarrollo, la planificaci\u00f3n, la construcci\u00f3n y la puesta en marcha de la f\u00e1brica de az\u00facar y la hacienda, que en un momento incluy\u00f3 a miles de trabajadores calificados y no calificados de muchas nacionalidades y creencias. El sitio cre\u00f3 una comunidad de m\u00e1s de 100,000 personas donde una vez solo hubo una peque\u00f1a aldea en el desierto y enfrent\u00f3 los desaf\u00edos de la mayor\u00eda de las ciudades, como transporte, educaci\u00f3n, atenci\u00f3n m\u00e9dica, suministros de alimentos, vivienda, electricidad y m\u00e1s. Lo que muchos dec\u00edan que era \u00abimposible\u00bb, George fue testigo de primera mano, hecho posible por la fuerza de voluntad y la gesti\u00f3n del equipo.<\/p>\n<p>Las habilidades empresariales b\u00e1sicas que aprendi\u00f3 George Schaffer se equilibraron con las habilidades para la vida que le ense\u00f1aron su padre, su abuelo y muchos otros hombres honestos e inteligentes, as\u00ed como una madre y una abuela que se preocupaban mucho. Tambi\u00e9n aprendi\u00f3 sobre c\u00f3mo operar empresas comerciales de la manera m\u00e1s directa posible y c\u00f3mo proteger los derechos de las personas al mismo tiempo que respeta y cuida a los menos privilegiados.<\/p>\n<p>En la actualidad, el Sr. Schaffer es propietario de varias empresas, incluidas Crompion International y <a href=\"https:\/\/schaffersugar.com\/\">Schaffer Sugar Services<\/a>. Tambi\u00e9n tiene intereses agr\u00edcolas en \u00e1reas desde el sur de Luisiana hasta la cuenca del Caribe. Sus viajes de negocios y reuniones abarcan desde Am\u00e9rica del Norte hasta Am\u00e9rica del Sur, Europa y \u00c1frica, y tiene experiencia trabajando y comerciando con m\u00e1s de 20 pa\u00edses.[\/vc_column_text][\/vc_tta_section][\/vc_tta_accordion][\/vc_column][\/vc_row][vc_row gap=\u00bb35&#8243; equal_height=\u00bbyes\u00bb css=\u00bb.vc_custom_1588886827206{padding-top: 100px !important;padding-bottom: 80px !important;background: #efefef url(https:\/\/crompion.com\/wp-content\/uploads\/2020\/05\/footer-bkg2.jpg?id=1231) !important;background-position: center !important;background-repeat: no-repeat !important;background-size: cover !important;}\u00bb][vc_column width=\u00bb1\/3&#8243;][vc_custom_heading text=\u00bbMensaje de nuestro presidente\u00bb font_container=\u00bbtag:h2|text_align:right|color:%23ff9c3a\u00bb use_theme_fonts=\u00bbyes\u00bb][\/vc_column][vc_column width=\u00bb2\/3&#8243;][vc_column_text]<span style=\"color: #ffffff;\">Durante muchos a\u00f1os, nuestra empresa ha suministrado y distribuido acero inoxidable de alto rendimiento a una amplia gama de industrias. Durante este tiempo, hemos ayudado a nuestros clientes a dise\u00f1ar mejores productos y a llevar al mercado nuevas tecnolog\u00edas de acero.<\/span><\/p>\n<p><span style=\"color: #ffffff;\"> Hemos evolucionado hasta convertirnos en una empresa que va m\u00e1s all\u00e1 de las soluciones materiales para brindar nuevas tecnolog\u00edas y soluciones a las industrias a las que prestamos servicios. <\/span><\/p>\n<p><span style=\"color: #ffffff;\"> En <b> Crompion International <\/b>, nuestro pensamiento innovador, nuestro liderazgo en I + D y nuestra pasi\u00f3n por el bienestar de los clientes y la comunidad nos distinguen de nuestros competidores.\u00a0<\/span><\/p>\n<p><span style=\"color: #ffffff;\"> Si tiene alguna pregunta o inquietud que le gustar\u00eda se\u00f1alarme, no dude en comunicarse conmigo. <\/span><\/p>\n<p><span style=\"color: #ffffff;\"> Esperamos poder servir a nuestros clientes e industrias con innovaciones interesantes y altos est\u00e1ndares en valores y atenci\u00f3n al cliente. <\/span><\/p>\n<p><span style=\"color: #ffffff;\"> Atentamente, <\/span><\/p>\n<p><span style=\"color: #ffffff;\"> George M. Schaffer <\/span>[\/vc_column_text][\/vc_column][\/vc_row]\n","protected":false},"excerpt":{"rendered":"<p>[vc_row css=\u00bb.vc_custom_1541576403059{padding-top: 100px !important;padding-bottom: 100px !important;}\u00bb][vc_column offset=\u00bbvc_col-md-6&#8243;][vc_empty_space][vc_custom_heading text=\u00bb\u00abEn Crompion International, desempe\u00f1amos un papel clave en el desarrollo de los productos de nuestros clientes\u00ab.\u00bb font_container=\u00bbtag:p|font_size:48px|text_align:left|color:%230a0f2b|line_height:48px\u00bb google_fonts=\u00bbfont_family:Roboto%3A100%2C100italic%2C300%2C300italic%2Cregular%2Citalic%2C500%2C500italic%2C700%2C700italic%2C900%2C900italic|font_style:300%20light%20regular%3A300%3Anormal\u00bb css=\u00bb.vc_custom_1627511488679{margin-bottom: 50px !important;}\u00bb][\/vc_column][vc_column offset=\u00bbvc_col-md-6&#8243;][vc_row_inner][vc_column_inner][vc_separator][vc_column_text]Somos ingenieros metal\u00fargicos, ingenieros mec\u00e1nicos y especialistas que trabajamos para brindar soluciones a las industrias de transporte, manejo de materiales, miner\u00eda, agroindustria y procesos. Estamos ubicados en [&hellip;]<\/p>\n","protected":false},"author":1,"featured_media":0,"parent":0,"menu_order":0,"comment_status":"closed","ping_status":"closed","template":"","meta":{"_joinchat":[]},"_links":{"self":[{"href":"https:\/\/crompion.com\/es\/wp-json\/wp\/v2\/pages\/2455"}],"collection":[{"href":"https:\/\/crompion.com\/es\/wp-json\/wp\/v2\/pages"}],"about":[{"href":"https:\/\/crompion.com\/es\/wp-json\/wp\/v2\/types\/page"}],"author":[{"embeddable":true,"href":"https:\/\/crompion.com\/es\/wp-json\/wp\/v2\/users\/1"}],"replies":[{"embeddable":true,"href":"https:\/\/crompion.com\/es\/wp-json\/wp\/v2\/comments?post=2455"}],"version-history":[{"count":11,"href":"https:\/\/crompion.com\/es\/wp-json\/wp\/v2\/pages\/2455\/revisions"}],"predecessor-version":[{"id":2857,"href":"https:\/\/crompion.com\/es\/wp-json\/wp\/v2\/pages\/2455\/revisions\/2857"}],"wp:attachment":[{"href":"https:\/\/crompion.com\/es\/wp-json\/wp\/v2\/media?parent=2455"}],"curies":[{"name":"wp","href":"https:\/\/api.w.org\/{rel}","templated":true}]}}